{"id":10251,"date":"2025-11-14T07:10:55","date_gmt":"2025-11-14T07:10:55","guid":{"rendered":"https:\/\/chromeclair.com\/?post_type=product&#038;p=10251"},"modified":"2026-04-13T04:28:31","modified_gmt":"2026-04-13T04:28:31","slug":"hema-tpo-free-liquid-builder-gel-15ml","status":"publish","type":"product","link":"https:\/\/chromeclair.com\/fr\/product\/hema-tpo-free-liquid-builder-gel-15ml\/","title":{"rendered":"Gel de construction liquide sans HEMA ni TPO 15ML"},"content":{"rendered":"<p>Une approche douce de la construction professionnelle. <\/p>\n\n\n\n<p>Ce gel de construction liquide est rigoureusement formul\u00e9 sans HEMA ni TPO, offrant ainsi une solution hypoallerg\u00e9nique pour les clients sensibles. <\/p>\n\n\n\n<p>Son excellente propri\u00e9t\u00e9 autonivelante facilite l'application et permet d'obtenir un apex lisse et solide ainsi qu'une base impeccable pour la couleur qui s'enl\u00e8ve compl\u00e8tement par trempage.<\/p>","protected":false},"excerpt":{"rendered":"<p>Doit \u00eatre utilis\u00e9 avec une lampe UV ou une lampe LED<\/p>","protected":false},"featured_media":10714,"comment_status":"open","ping_status":"closed","template":"","meta":[],"product_brand":[162],"product_cat":[203],"product_tag":[],"class_list":{"0":"post-10251","1":"product","2":"type-product","3":"status-publish","4":"has-post-thumbnail","6":"product_brand-chromeclair","7":"product_cat-nail-extension-gel","9":"first","10":"instock","11":"shipping-taxable","12":"purchasable","13":"product-type-simple"},"yoast_head":"<!-- This site is optimized with the Yoast SEO plugin v27.4 - https:\/\/yoast.com\/product\/yoast-seo-wordpress\/ -->\n<title>HEMA &amp; TPO Free Liquid Builder Gel - Strong Nail Extension &amp; Leveling 15ML -CHROM\u00c9CLAIR<\/title>\n<meta name=\"description\" content=\"Build strength and perfect shape with safety. CHROM\u00c9CLAIR HEMA &amp; TPO Free Liquid Builder Gel is a self-leveling 15ML formula ideal for creating strong nail extensions and overlays. This soak-off gel provides exceptional adhesion to prevent lifting, offering a flexible yet durable foundation that protects and enhances natural nails.\" \/>\n<meta name=\"robots\" content=\"index, follow, max-snippet:-1, max-image-preview:large, max-video-preview:-1\" \/>\n<link rel=\"canonical\" href=\"https:\/\/chromeclair.com\/fr\/produit\/hema-tpo-free-liquid-builder-gel-15ml\/\" \/>\n<meta property=\"og:locale\" content=\"fr_FR\" \/>\n<meta property=\"og:type\" content=\"article\" \/>\n<meta property=\"og:title\" content=\"HEMA &amp; TPO Free Liquid Builder Gel - Strong Nail Extension &amp; Leveling 15ML -CHROM\u00c9CLAIR\" \/>\n<meta property=\"og:description\" content=\"Build strength and perfect shape with safety. CHROM\u00c9CLAIR HEMA &amp; TPO Free Liquid Builder Gel is a self-leveling 15ML formula ideal for creating strong nail extensions and overlays. This soak-off gel provides exceptional adhesion to prevent lifting, offering a flexible yet durable foundation that protects and enhances natural nails.\" \/>\n<meta property=\"og:url\" content=\"https:\/\/chromeclair.com\/fr\/produit\/hema-tpo-free-liquid-builder-gel-15ml\/\" \/>\n<meta property=\"og:site_name\" content=\"Cat Eye Gel Polish \u2013 HEMA-Free \uff06 TPO-Free\" \/>\n<meta property=\"article:modified_time\" content=\"2026-04-13T04:28:31+00:00\" \/>\n<meta property=\"og:image\" content=\"https:\/\/chromeclair.com\/wp-content\/uploads\/2025\/11\/Liquid-Builder-Gel-1-1.webp\" \/>\n\t<meta property=\"og:image:width\" content=\"1000\" \/>\n\t<meta property=\"og:image:height\" content=\"1000\" \/>\n\t<meta property=\"og:image:type\" content=\"image\/webp\" \/>\n<meta name=\"twitter:card\" content=\"summary_large_image\" \/>\n<meta name=\"twitter:label1\" content=\"Dur\u00e9e de lecture estim\u00e9e\" \/>\n\t<meta name=\"twitter:data1\" content=\"1 minute\" \/>\n<script type=\"application\/ld+json\" class=\"yoast-schema-graph\">{\"@context\":\"https:\\\/\\\/schema.org\",\"@graph\":[{\"@type\":\"WebPage\",\"@id\":\"https:\\\/\\\/chromeclair.com\\\/product\\\/hema-tpo-free-liquid-builder-gel-15ml\\\/\",\"url\":\"https:\\\/\\\/chromeclair.com\\\/product\\\/hema-tpo-free-liquid-builder-gel-15ml\\\/\",\"name\":\"HEMA & TPO Free Liquid Builder Gel - Strong Nail Extension & Leveling 15ML -CHROM\u00c9CLAIR\",\"isPartOf\":{\"@id\":\"https:\\\/\\\/chromeclair.com\\\/#website\"},\"primaryImageOfPage\":{\"@id\":\"https:\\\/\\\/chromeclair.com\\\/product\\\/hema-tpo-free-liquid-builder-gel-15ml\\\/#primaryimage\"},\"image\":{\"@id\":\"https:\\\/\\\/chromeclair.com\\\/product\\\/hema-tpo-free-liquid-builder-gel-15ml\\\/#primaryimage\"},\"thumbnailUrl\":\"https:\\\/\\\/chromeclair.com\\\/wp-content\\\/uploads\\\/2025\\\/11\\\/Liquid-Builder-Gel-1-1.webp\",\"datePublished\":\"2025-11-14T07:10:55+00:00\",\"dateModified\":\"2026-04-13T04:28:31+00:00\",\"description\":\"Build strength and perfect shape with safety. CHROM\u00c9CLAIR HEMA & TPO Free Liquid Builder Gel is a self-leveling 15ML formula ideal for creating strong nail extensions and overlays. This soak-off gel provides exceptional adhesion to prevent lifting, offering a flexible yet durable foundation that protects and enhances natural nails.\",\"inLanguage\":\"fr-FR\",\"potentialAction\":[{\"@type\":\"ReadAction\",\"target\":[\"https:\\\/\\\/chromeclair.com\\\/product\\\/hema-tpo-free-liquid-builder-gel-15ml\\\/\"]}]},{\"@type\":\"ImageObject\",\"inLanguage\":\"fr-FR\",\"@id\":\"https:\\\/\\\/chromeclair.com\\\/product\\\/hema-tpo-free-liquid-builder-gel-15ml\\\/#primaryimage\",\"url\":\"https:\\\/\\\/chromeclair.com\\\/wp-content\\\/uploads\\\/2025\\\/11\\\/Liquid-Builder-Gel-1-1.webp\",\"contentUrl\":\"https:\\\/\\\/chromeclair.com\\\/wp-content\\\/uploads\\\/2025\\\/11\\\/Liquid-Builder-Gel-1-1.webp\",\"width\":1000,\"height\":1000,\"caption\":\"Hema-Free and Tpo-Free Liquid Builder Gel-1 -CHROM\u00c9CLAIR\"},{\"@type\":\"WebSite\",\"@id\":\"https:\\\/\\\/chromeclair.com\\\/#website\",\"url\":\"https:\\\/\\\/chromeclair.com\\\/\",\"name\":\"Cat Eye Gel Polish \u2013 HEMA-Free \uff06 TPO-Free\",\"description\":\"While others focus on having more colors, we focus on having safer ingredients.\",\"publisher\":{\"@id\":\"https:\\\/\\\/chromeclair.com\\\/#organization\"},\"potentialAction\":[{\"@type\":\"SearchAction\",\"target\":{\"@type\":\"EntryPoint\",\"urlTemplate\":\"https:\\\/\\\/chromeclair.com\\\/?s={search_term_string}\"},\"query-input\":{\"@type\":\"PropertyValueSpecification\",\"valueRequired\":true,\"valueName\":\"search_term_string\"}}],\"inLanguage\":\"fr-FR\"},{\"@type\":\"Organization\",\"@id\":\"https:\\\/\\\/chromeclair.com\\\/#organization\",\"name\":\"Cat Eye Gel Polish \u2013 HEMA-Free \uff06 TPO-Free\",\"url\":\"https:\\\/\\\/chromeclair.com\\\/\",\"logo\":{\"@type\":\"ImageObject\",\"inLanguage\":\"fr-FR\",\"@id\":\"https:\\\/\\\/chromeclair.com\\\/#\\\/schema\\\/logo\\\/image\\\/\",\"url\":\"https:\\\/\\\/chromeclair.com\\\/wp-content\\\/uploads\\\/2025\\\/06\\\/cropped-CHROMECLAIR-Logo-scaled-1.png\",\"contentUrl\":\"https:\\\/\\\/chromeclair.com\\\/wp-content\\\/uploads\\\/2025\\\/06\\\/cropped-CHROMECLAIR-Logo-scaled-1.png\",\"width\":2151,\"height\":429,\"caption\":\"Cat Eye Gel Polish \u2013 HEMA-Free \uff06 TPO-Free\"},\"image\":{\"@id\":\"https:\\\/\\\/chromeclair.com\\\/#\\\/schema\\\/logo\\\/image\\\/\"}}]}<\/script>\n<!-- \/ Yoast SEO plugin. -->","yoast_head_json":{"title":"Gel de construction liquide sans HEMA ni TPO - Extension et nivellement de l'ongle 15ML -CHROM\u00c9CLAIR","description":"Renforcez vos ongles et donnez-leur une forme parfaite en toute s\u00e9curit\u00e9. CHROM\u00c9CLAIR HEMA &amp; TPO Free Liquid Builder Gel est une formule auto-nivelante de 15ML id\u00e9ale pour cr\u00e9er des extensions et des superpositions d'ongles solides. Ce gel \u00e0 tremper offre une adh\u00e9rence exceptionnelle pour emp\u00eacher le soul\u00e8vement, offrant une base flexible mais durable qui prot\u00e8ge et met en valeur les ongles naturels.","robots":{"index":"index","follow":"follow","max-snippet":"max-snippet:-1","max-image-preview":"max-image-preview:large","max-video-preview":"max-video-preview:-1"},"canonical":"https:\/\/chromeclair.com\/fr\/produit\/hema-tpo-free-liquid-builder-gel-15ml\/","og_locale":"fr_FR","og_type":"article","og_title":"HEMA & TPO Free Liquid Builder Gel - Strong Nail Extension & Leveling 15ML -CHROM\u00c9CLAIR","og_description":"Build strength and perfect shape with safety. CHROM\u00c9CLAIR HEMA & TPO Free Liquid Builder Gel is a self-leveling 15ML formula ideal for creating strong nail extensions and overlays. This soak-off gel provides exceptional adhesion to prevent lifting, offering a flexible yet durable foundation that protects and enhances natural nails.","og_url":"https:\/\/chromeclair.com\/fr\/produit\/hema-tpo-free-liquid-builder-gel-15ml\/","og_site_name":"Cat Eye Gel Polish \u2013 HEMA-Free \uff06 TPO-Free","article_modified_time":"2026-04-13T04:28:31+00:00","og_image":[{"width":1000,"height":1000,"url":"https:\/\/chromeclair.com\/wp-content\/uploads\/2025\/11\/Liquid-Builder-Gel-1-1.webp","type":"image\/webp"}],"twitter_card":"summary_large_image","twitter_misc":{"Dur\u00e9e de lecture estim\u00e9e":"1 minute"},"schema":{"@context":"https:\/\/schema.org","@graph":[{"@type":"WebPage","@id":"https:\/\/chromeclair.com\/product\/hema-tpo-free-liquid-builder-gel-15ml\/","url":"https:\/\/chromeclair.com\/product\/hema-tpo-free-liquid-builder-gel-15ml\/","name":"Gel de construction liquide sans HEMA ni TPO - Extension et nivellement de l'ongle 15ML -CHROM\u00c9CLAIR","isPartOf":{"@id":"https:\/\/chromeclair.com\/#website"},"primaryImageOfPage":{"@id":"https:\/\/chromeclair.com\/product\/hema-tpo-free-liquid-builder-gel-15ml\/#primaryimage"},"image":{"@id":"https:\/\/chromeclair.com\/product\/hema-tpo-free-liquid-builder-gel-15ml\/#primaryimage"},"thumbnailUrl":"https:\/\/chromeclair.com\/wp-content\/uploads\/2025\/11\/Liquid-Builder-Gel-1-1.webp","datePublished":"2025-11-14T07:10:55+00:00","dateModified":"2026-04-13T04:28:31+00:00","description":"Renforcez vos ongles et donnez-leur une forme parfaite en toute s\u00e9curit\u00e9. CHROM\u00c9CLAIR HEMA &amp; TPO Free Liquid Builder Gel est une formule auto-nivelante de 15ML id\u00e9ale pour cr\u00e9er des extensions et des superpositions d'ongles solides. Ce gel \u00e0 tremper offre une adh\u00e9rence exceptionnelle pour emp\u00eacher le soul\u00e8vement, offrant une base flexible mais durable qui prot\u00e8ge et met en valeur les ongles naturels.","inLanguage":"fr-FR","potentialAction":[{"@type":"ReadAction","target":["https:\/\/chromeclair.com\/product\/hema-tpo-free-liquid-builder-gel-15ml\/"]}]},{"@type":"ImageObject","inLanguage":"fr-FR","@id":"https:\/\/chromeclair.com\/product\/hema-tpo-free-liquid-builder-gel-15ml\/#primaryimage","url":"https:\/\/chromeclair.com\/wp-content\/uploads\/2025\/11\/Liquid-Builder-Gel-1-1.webp","contentUrl":"https:\/\/chromeclair.com\/wp-content\/uploads\/2025\/11\/Liquid-Builder-Gel-1-1.webp","width":1000,"height":1000,"caption":"Hema-Free and Tpo-Free Liquid Builder Gel-1 -CHROM\u00c9CLAIR"},{"@type":"WebSite","@id":"https:\/\/chromeclair.com\/#website","url":"https:\/\/chromeclair.com\/","name":"Vernis gel Cat Eye \u2013 Sans HEMA ni TPO","description":"Alors que d'autres se concentrent sur l'ajout de couleurs, nous nous concentrons sur l'utilisation d'ingr\u00e9dients plus s\u00fbrs.","publisher":{"@id":"https:\/\/chromeclair.com\/#organization"},"potentialAction":[{"@type":"SearchAction","target":{"@type":"EntryPoint","urlTemplate":"https:\/\/chromeclair.com\/?s={search_term_string}"},"query-input":{"@type":"PropertyValueSpecification","valueRequired":true,"valueName":"search_term_string"}}],"inLanguage":"fr-FR"},{"@type":"Organization","@id":"https:\/\/chromeclair.com\/#organization","name":"Vernis gel Cat Eye \u2013 Sans HEMA ni TPO","url":"https:\/\/chromeclair.com\/","logo":{"@type":"ImageObject","inLanguage":"fr-FR","@id":"https:\/\/chromeclair.com\/#\/schema\/logo\/image\/","url":"https:\/\/chromeclair.com\/wp-content\/uploads\/2025\/06\/cropped-CHROMECLAIR-Logo-scaled-1.png","contentUrl":"https:\/\/chromeclair.com\/wp-content\/uploads\/2025\/06\/cropped-CHROMECLAIR-Logo-scaled-1.png","width":2151,"height":429,"caption":"Cat Eye Gel Polish \u2013 HEMA-Free \uff06 TPO-Free"},"image":{"@id":"https:\/\/chromeclair.com\/#\/schema\/logo\/image\/"}}]}},"_links":{"self":[{"href":"https:\/\/chromeclair.com\/fr\/wp-json\/wp\/v2\/product\/10251","targetHints":{"allow":["GET"]}}],"collection":[{"href":"https:\/\/chromeclair.com\/fr\/wp-json\/wp\/v2\/product"}],"about":[{"href":"https:\/\/chromeclair.com\/fr\/wp-json\/wp\/v2\/types\/product"}],"replies":[{"embeddable":true,"href":"https:\/\/chromeclair.com\/fr\/wp-json\/wp\/v2\/comments?post=10251"}],"wp:featuredmedia":[{"embeddable":true,"href":"https:\/\/chromeclair.com\/fr\/wp-json\/wp\/v2\/media\/10714"}],"wp:attachment":[{"href":"https:\/\/chromeclair.com\/fr\/wp-json\/wp\/v2\/media?parent=10251"}],"wp:term":[{"taxonomy":"product_brand","embeddable":true,"href":"https:\/\/chromeclair.com\/fr\/wp-json\/wp\/v2\/product_brand?post=10251"},{"taxonomy":"product_cat","embeddable":true,"href":"https:\/\/chromeclair.com\/fr\/wp-json\/wp\/v2\/product_cat?post=10251"},{"taxonomy":"product_tag","embeddable":true,"href":"https:\/\/chromeclair.com\/fr\/wp-json\/wp\/v2\/product_tag?post=10251"}],"curies":[{"name":"wp","href":"https:\/\/api.w.org\/{rel}","templated":true}]}}