{"id":10258,"date":"2025-11-14T07:23:18","date_gmt":"2025-11-14T07:23:18","guid":{"rendered":"https:\/\/chromeclair.com\/?post_type=product&#038;p=10258"},"modified":"2026-04-16T03:28:51","modified_gmt":"2026-04-16T03:28:51","slug":"hematpo-free-cat-eye-gel-polish-17ml","status":"publish","type":"product","link":"https:\/\/chromeclair.com\/fr\/produit\/hematpo-free-cat-eye-gel-polish-17ml\/","title":{"rendered":"Vernis gel Cat Eye sans HEMA et sans TPO CE11"},"content":{"rendered":"<p>D\u00e9clenchez une magie magn\u00e9tique \u00e9blouissante dans un magenta audacieux. <\/p>\n\n\n\n<p>Notre Gel yeux de chat sans HEMA et sans TPO offre une ligne m\u00e9tallique intense et tr\u00e8s brillante qui attire le regard.<\/p>\n\n\n\n<p> La formule professionnelle de 17 ml r\u00e9agit rapidement \u00e0 l'aimant, ce qui facilite la cr\u00e9ation d'un nail art spectaculaire, de qualit\u00e9 salon, en un seul passage.<\/p>","protected":false},"excerpt":{"rendered":"<p>Doit \u00eatre utilis\u00e9 avec une lampe UV ou une lampe LED<\/p>","protected":false},"featured_media":10259,"comment_status":"open","ping_status":"closed","template":"","meta":[],"product_brand":[162],"product_cat":[179],"product_tag":[],"class_list":{"0":"post-10258","1":"product","2":"type-product","3":"status-publish","4":"has-post-thumbnail","6":"product_brand-chromeclair","7":"product_cat-cat-eye-gel-polish","9":"first","10":"instock","11":"shipping-taxable","12":"purchasable","13":"product-type-simple"},"yoast_head":"<!-- This site is optimized with the Yoast SEO plugin v26.4 - https:\/\/yoast.com\/wordpress\/plugins\/seo\/ -->\n<title>Magnetic Pink Cat Eye Gel Polish | HEMA &amp; TPO Free 17ML -CHROM\u00c9CLAIR<\/title>\n<meta name=\"description\" content=\"Create a captivating, romantic glow with CHROM\u00c9CLAIR Rose Pink Cat Eye Gel. This HEMA &amp; TPO Free magnetic polish in a 17ML bottle captures light like a precious gem. Simply use the magnet to reveal a sleek, shimmering streak for a mesmerizing, deep-space effect that\u2019s both safe and stunning.\" \/>\n<meta name=\"robots\" content=\"index, follow, max-snippet:-1, max-image-preview:large, max-video-preview:-1\" \/>\n<link rel=\"canonical\" href=\"https:\/\/chromeclair.com\/fr\/produit\/hematpo-free-cat-eye-gel-polish-17ml\/\" \/>\n<meta property=\"og:locale\" content=\"fr_FR\" \/>\n<meta property=\"og:type\" content=\"article\" \/>\n<meta property=\"og:title\" content=\"Magnetic Pink Cat Eye Gel Polish | HEMA &amp; TPO Free 17ML -CHROM\u00c9CLAIR\" \/>\n<meta property=\"og:description\" content=\"Create a captivating, romantic glow with CHROM\u00c9CLAIR Rose Pink Cat Eye Gel. This HEMA &amp; TPO Free magnetic polish in a 17ML bottle captures light like a precious gem. Simply use the magnet to reveal a sleek, shimmering streak for a mesmerizing, deep-space effect that\u2019s both safe and stunning.\" \/>\n<meta property=\"og:url\" content=\"https:\/\/chromeclair.com\/fr\/produit\/hematpo-free-cat-eye-gel-polish-17ml\/\" \/>\n<meta property=\"og:site_name\" content=\"Cat Eye Gel Polish \u2013 HEMA-Free \uff06 TPO-Free\" \/>\n<meta property=\"article:modified_time\" content=\"2026-04-16T03:28:51+00:00\" \/>\n<meta property=\"og:image\" content=\"https:\/\/chromeclair.com\/wp-content\/uploads\/2025\/11\/CE-11.webp\" \/>\n\t<meta property=\"og:image:width\" content=\"800\" \/>\n\t<meta property=\"og:image:height\" content=\"800\" \/>\n\t<meta property=\"og:image:type\" content=\"image\/webp\" \/>\n<meta name=\"twitter:card\" content=\"summary_large_image\" \/>\n<meta name=\"twitter:label1\" content=\"Dur\u00e9e de lecture estim\u00e9e\" \/>\n\t<meta name=\"twitter:data1\" content=\"1 minute\" \/>\n<script type=\"application\/ld+json\" class=\"yoast-schema-graph\">{\"@context\":\"https:\/\/schema.org\",\"@graph\":[{\"@type\":\"WebPage\",\"@id\":\"https:\/\/chromeclair.com\/product\/hematpo-free-cat-eye-gel-polish-17ml\/\",\"url\":\"https:\/\/chromeclair.com\/product\/hematpo-free-cat-eye-gel-polish-17ml\/\",\"name\":\"Magnetic Pink Cat Eye Gel Polish | HEMA & TPO Free 17ML -CHROM\u00c9CLAIR\",\"isPartOf\":{\"@id\":\"https:\/\/chromeclair.com\/#website\"},\"primaryImageOfPage\":{\"@id\":\"https:\/\/chromeclair.com\/product\/hematpo-free-cat-eye-gel-polish-17ml\/#primaryimage\"},\"image\":{\"@id\":\"https:\/\/chromeclair.com\/product\/hematpo-free-cat-eye-gel-polish-17ml\/#primaryimage\"},\"thumbnailUrl\":\"https:\/\/chromeclair.com\/wp-content\/uploads\/2025\/11\/CE-11.webp\",\"datePublished\":\"2025-11-14T07:23:18+00:00\",\"dateModified\":\"2026-04-16T03:28:51+00:00\",\"description\":\"Create a captivating, romantic glow with CHROM\u00c9CLAIR Rose Pink Cat Eye Gel. This HEMA & TPO Free magnetic polish in a 17ML bottle captures light like a precious gem. Simply use the magnet to reveal a sleek, shimmering streak for a mesmerizing, deep-space effect that\u2019s both safe and stunning.\",\"breadcrumb\":{\"@id\":\"https:\/\/chromeclair.com\/product\/hematpo-free-cat-eye-gel-polish-17ml\/#breadcrumb\"},\"inLanguage\":\"fr-FR\",\"potentialAction\":[{\"@type\":\"ReadAction\",\"target\":[\"https:\/\/chromeclair.com\/product\/hematpo-free-cat-eye-gel-polish-17ml\/\"]}]},{\"@type\":\"ImageObject\",\"inLanguage\":\"fr-FR\",\"@id\":\"https:\/\/chromeclair.com\/product\/hematpo-free-cat-eye-gel-polish-17ml\/#primaryimage\",\"url\":\"https:\/\/chromeclair.com\/wp-content\/uploads\/2025\/11\/CE-11.webp\",\"contentUrl\":\"https:\/\/chromeclair.com\/wp-content\/uploads\/2025\/11\/CE-11.webp\",\"width\":800,\"height\":800,\"caption\":\"Hema-Free and Tpo-free Cat Eye Pink Color CE-11-CHROM\u00c9CLAIR\"},{\"@type\":\"BreadcrumbList\",\"@id\":\"https:\/\/chromeclair.com\/product\/hematpo-free-cat-eye-gel-polish-17ml\/#breadcrumb\",\"itemListElement\":[{\"@type\":\"ListItem\",\"position\":1,\"name\":\"Home\",\"item\":\"https:\/\/chromeclair.com\/\"},{\"@type\":\"ListItem\",\"position\":2,\"name\":\"Shop\",\"item\":\"https:\/\/chromeclair.com\/shop\/\"},{\"@type\":\"ListItem\",\"position\":3,\"name\":\"Cat Eye Gel Polish HEMA-Free and TPO-Free CE11\"}]},{\"@type\":\"WebSite\",\"@id\":\"https:\/\/chromeclair.com\/#website\",\"url\":\"https:\/\/chromeclair.com\/\",\"name\":\"Cat Eye Gel Polish \u2013 HEMA-Free \uff06 TPO-Free\",\"description\":\"While others focus on having more colors, we focus on having safer ingredients.\",\"publisher\":{\"@id\":\"https:\/\/chromeclair.com\/#organization\"},\"potentialAction\":[{\"@type\":\"SearchAction\",\"target\":{\"@type\":\"EntryPoint\",\"urlTemplate\":\"https:\/\/chromeclair.com\/?s={search_term_string}\"},\"query-input\":{\"@type\":\"PropertyValueSpecification\",\"valueRequired\":true,\"valueName\":\"search_term_string\"}}],\"inLanguage\":\"fr-FR\"},{\"@type\":\"Organization\",\"@id\":\"https:\/\/chromeclair.com\/#organization\",\"name\":\"Cat Eye Gel Polish \u2013 HEMA-Free \uff06 TPO-Free\",\"url\":\"https:\/\/chromeclair.com\/\",\"logo\":{\"@type\":\"ImageObject\",\"inLanguage\":\"fr-FR\",\"@id\":\"https:\/\/chromeclair.com\/#\/schema\/logo\/image\/\",\"url\":\"https:\/\/chromeclair.com\/wp-content\/uploads\/2025\/06\/cropped-CHROMECLAIR-Logo-scaled-1.png\",\"contentUrl\":\"https:\/\/chromeclair.com\/wp-content\/uploads\/2025\/06\/cropped-CHROMECLAIR-Logo-scaled-1.png\",\"width\":2151,\"height\":429,\"caption\":\"Cat Eye Gel Polish \u2013 HEMA-Free \uff06 TPO-Free\"},\"image\":{\"@id\":\"https:\/\/chromeclair.com\/#\/schema\/logo\/image\/\"}}]}<\/script>\n<!-- \/ Yoast SEO plugin. -->","yoast_head_json":{"title":"Magnetic Pink Cat Eye Gel Polish | HEMA &amp; TPO Free 17ML -CHROM\u00c9CLAIR","description":"Cr\u00e9ez un \u00e9clat captivant et romantique avec CHROM\u00c9CLAIR Rose Pink Cat Eye Gel. Ce vernis magn\u00e9tique sans HEMA ni TPO dans un flacon de 17 ml capture la lumi\u00e8re comme une pierre pr\u00e9cieuse. Il suffit d'utiliser l'aimant pour r\u00e9v\u00e9ler un trait \u00e9l\u00e9gant et scintillant, pour un effet hypnotique et spatial, \u00e0 la fois s\u00fbr et stup\u00e9fiant.","robots":{"index":"index","follow":"follow","max-snippet":"max-snippet:-1","max-image-preview":"max-image-preview:large","max-video-preview":"max-video-preview:-1"},"canonical":"https:\/\/chromeclair.com\/fr\/produit\/hematpo-free-cat-eye-gel-polish-17ml\/","og_locale":"fr_FR","og_type":"article","og_title":"Magnetic Pink Cat Eye Gel Polish | HEMA & TPO Free 17ML -CHROM\u00c9CLAIR","og_description":"Create a captivating, romantic glow with CHROM\u00c9CLAIR Rose Pink Cat Eye Gel. This HEMA & TPO Free magnetic polish in a 17ML bottle captures light like a precious gem. Simply use the magnet to reveal a sleek, shimmering streak for a mesmerizing, deep-space effect that\u2019s both safe and stunning.","og_url":"https:\/\/chromeclair.com\/fr\/produit\/hematpo-free-cat-eye-gel-polish-17ml\/","og_site_name":"Cat Eye Gel Polish \u2013 HEMA-Free \uff06 TPO-Free","article_modified_time":"2026-04-16T03:28:51+00:00","og_image":[{"width":800,"height":800,"url":"https:\/\/chromeclair.com\/wp-content\/uploads\/2025\/11\/CE-11.webp","type":"image\/webp"}],"twitter_card":"summary_large_image","twitter_misc":{"Dur\u00e9e de lecture estim\u00e9e":"1 minute"},"schema":{"@context":"https:\/\/schema.org","@graph":[{"@type":"WebPage","@id":"https:\/\/chromeclair.com\/product\/hematpo-free-cat-eye-gel-polish-17ml\/","url":"https:\/\/chromeclair.com\/product\/hematpo-free-cat-eye-gel-polish-17ml\/","name":"Magnetic Pink Cat Eye Gel Polish | HEMA &amp; TPO Free 17ML -CHROM\u00c9CLAIR","isPartOf":{"@id":"https:\/\/chromeclair.com\/#website"},"primaryImageOfPage":{"@id":"https:\/\/chromeclair.com\/product\/hematpo-free-cat-eye-gel-polish-17ml\/#primaryimage"},"image":{"@id":"https:\/\/chromeclair.com\/product\/hematpo-free-cat-eye-gel-polish-17ml\/#primaryimage"},"thumbnailUrl":"https:\/\/chromeclair.com\/wp-content\/uploads\/2025\/11\/CE-11.webp","datePublished":"2025-11-14T07:23:18+00:00","dateModified":"2026-04-16T03:28:51+00:00","description":"Cr\u00e9ez un \u00e9clat captivant et romantique avec CHROM\u00c9CLAIR Rose Pink Cat Eye Gel. Ce vernis magn\u00e9tique sans HEMA ni TPO dans un flacon de 17 ml capture la lumi\u00e8re comme une pierre pr\u00e9cieuse. Il suffit d'utiliser l'aimant pour r\u00e9v\u00e9ler un trait \u00e9l\u00e9gant et scintillant, pour un effet hypnotique et spatial, \u00e0 la fois s\u00fbr et stup\u00e9fiant.","breadcrumb":{"@id":"https:\/\/chromeclair.com\/product\/hematpo-free-cat-eye-gel-polish-17ml\/#breadcrumb"},"inLanguage":"fr-FR","potentialAction":[{"@type":"ReadAction","target":["https:\/\/chromeclair.com\/product\/hematpo-free-cat-eye-gel-polish-17ml\/"]}]},{"@type":"ImageObject","inLanguage":"fr-FR","@id":"https:\/\/chromeclair.com\/product\/hematpo-free-cat-eye-gel-polish-17ml\/#primaryimage","url":"https:\/\/chromeclair.com\/wp-content\/uploads\/2025\/11\/CE-11.webp","contentUrl":"https:\/\/chromeclair.com\/wp-content\/uploads\/2025\/11\/CE-11.webp","width":800,"height":800,"caption":"Hema-Free and Tpo-free Cat Eye Pink Color CE-11-CHROM\u00c9CLAIR"},{"@type":"BreadcrumbList","@id":"https:\/\/chromeclair.com\/product\/hematpo-free-cat-eye-gel-polish-17ml\/#breadcrumb","itemListElement":[{"@type":"ListItem","position":1,"name":"Home","item":"https:\/\/chromeclair.com\/"},{"@type":"ListItem","position":2,"name":"Shop","item":"https:\/\/chromeclair.com\/shop\/"},{"@type":"ListItem","position":3,"name":"Cat Eye Gel Polish HEMA-Free and TPO-Free CE11"}]},{"@type":"WebSite","@id":"https:\/\/chromeclair.com\/#website","url":"https:\/\/chromeclair.com\/","name":"Vernis gel Cat Eye \u2013 Sans HEMA ni TPO","description":"Alors que d'autres se concentrent sur l'ajout de couleurs, nous nous concentrons sur l'utilisation d'ingr\u00e9dients plus s\u00fbrs.","publisher":{"@id":"https:\/\/chromeclair.com\/#organization"},"potentialAction":[{"@type":"SearchAction","target":{"@type":"EntryPoint","urlTemplate":"https:\/\/chromeclair.com\/?s={search_term_string}"},"query-input":{"@type":"PropertyValueSpecification","valueRequired":true,"valueName":"search_term_string"}}],"inLanguage":"fr-FR"},{"@type":"Organization","@id":"https:\/\/chromeclair.com\/#organization","name":"Vernis gel Cat Eye \u2013 Sans HEMA ni TPO","url":"https:\/\/chromeclair.com\/","logo":{"@type":"ImageObject","inLanguage":"fr-FR","@id":"https:\/\/chromeclair.com\/#\/schema\/logo\/image\/","url":"https:\/\/chromeclair.com\/wp-content\/uploads\/2025\/06\/cropped-CHROMECLAIR-Logo-scaled-1.png","contentUrl":"https:\/\/chromeclair.com\/wp-content\/uploads\/2025\/06\/cropped-CHROMECLAIR-Logo-scaled-1.png","width":2151,"height":429,"caption":"Cat Eye Gel Polish \u2013 HEMA-Free \uff06 TPO-Free"},"image":{"@id":"https:\/\/chromeclair.com\/#\/schema\/logo\/image\/"}}]}},"_links":{"self":[{"href":"https:\/\/chromeclair.com\/fr\/wp-json\/wp\/v2\/product\/10258","targetHints":{"allow":["GET"]}}],"collection":[{"href":"https:\/\/chromeclair.com\/fr\/wp-json\/wp\/v2\/product"}],"about":[{"href":"https:\/\/chromeclair.com\/fr\/wp-json\/wp\/v2\/types\/product"}],"replies":[{"embeddable":true,"href":"https:\/\/chromeclair.com\/fr\/wp-json\/wp\/v2\/comments?post=10258"}],"wp:featuredmedia":[{"embeddable":true,"href":"https:\/\/chromeclair.com\/fr\/wp-json\/wp\/v2\/media\/10259"}],"wp:attachment":[{"href":"https:\/\/chromeclair.com\/fr\/wp-json\/wp\/v2\/media?parent=10258"}],"wp:term":[{"taxonomy":"product_brand","embeddable":true,"href":"https:\/\/chromeclair.com\/fr\/wp-json\/wp\/v2\/product_brand?post=10258"},{"taxonomy":"product_cat","embeddable":true,"href":"https:\/\/chromeclair.com\/fr\/wp-json\/wp\/v2\/product_cat?post=10258"},{"taxonomy":"product_tag","embeddable":true,"href":"https:\/\/chromeclair.com\/fr\/wp-json\/wp\/v2\/product_tag?post=10258"}],"curies":[{"name":"wp","href":"https:\/\/api.w.org\/{rel}","templated":true}]}}