{"id":10261,"date":"2025-11-14T07:32:57","date_gmt":"2025-11-14T07:32:57","guid":{"rendered":"https:\/\/chromeclair.com\/?post_type=product&#038;p=10261"},"modified":"2026-04-29T09:58:55","modified_gmt":"2026-04-29T09:58:55","slug":"v2-gel-polish-set-8pcs-christmas-edition","status":"publish","type":"product","link":"https:\/\/chromeclair.com\/fr\/product\/v2-gel-polish-set-8pcs-christmas-edition\/","title":{"rendered":"V2 Gel Polish Set 8PCS Christmas Edition"},"content":{"rendered":"<p>Nous sommes ravis de vous pr\u00e9senter notre coffret de No\u00ebl exclusif ! \ud83c\udf84<\/p>\n\n\n\n<p>\u2728 What's Inside :<\/p>\n\n\n\n<p>Un ensemble complet de 8 bouteilles<\/p>\n\n\n\n<p>Articles standard : 1 Diamond Top Coat, 1 Rubber Base Coat, et 1 lampe \u00e0 ongles portable.<\/p>\n\n\n\n<p>Vous avez le choix : 3 couleurs unies + 3 teintes \u0153il-de-chat de notre collection compl\u00e8te<\/p>\n\n\n\n<p>Bonus sp\u00e9cial : autocollants de vernis gel sur le th\u00e8me de No\u00ebl \ud83c\udf81<\/p>\n\n\n\n<p><a href=\"https:\/\/www.instagram.com\/chromeclairofficial\">https:\/\/www.instagram.com\/chromeclairofficial<\/a><\/p>\n\n\n\n<p>\ud83d\uded2 Comment commander :<\/p>\n\n\n\n<p>Visitez notre site web pour passer votre commande.<\/p>\n\n\n\n<p>Apr\u00e8s avoir r\u00e9gl\u00e9 votre commande, envoyez un message \u00e0 notre service client\u00e8le pour personnaliser votre choix de couleur.<\/p>\n\n\n\n<p>\ud83d\ude9a Nous garantissons : Toutes les commandes seront exp\u00e9di\u00e9es rapidement le 1er d\u00e9cembre.<\/p>\n\n\n\n<p>\ud83d\udc9a Notre promesse :<br>Tous les produits sont 100% sans HEMA et sans TPO. C\u00e9l\u00e9brez un No\u00ebl magnifique et sain en toute s\u00e9r\u00e9nit\u00e9 !<\/p>\n\n\n\n<p>Faites-vous plaisir ou offrez \u00e0 un \u00eatre cher le cadeau parfait pour le soin des ongles pendant les f\u00eates de fin d'ann\u00e9e. \ud83d\udc85\u2764\ufe0f<\/p>","protected":false},"excerpt":{"rendered":"<p>\ud83d\udcb0 Current website price: Please follow the live store price shown above the Add to cart button.<br \/>\ud83c\udf85 Exclusive Offer: Discount code Merrychristmas20 for 20% off.<\/p>","protected":false},"featured_media":10264,"comment_status":"open","ping_status":"closed","template":"","meta":[],"product_brand":[162],"product_cat":[50],"product_tag":[],"class_list":{"0":"post-10261","1":"product","2":"type-product","3":"status-publish","4":"has-post-thumbnail","6":"product_brand-chromeclair","7":"product_cat-gel-polish-sets","9":"first","10":"instock","11":"shipping-taxable","12":"purchasable","13":"product-type-easy_product_bundle"},"yoast_head":"<!-- This site is optimized with the Yoast SEO plugin v27.4 - https:\/\/yoast.com\/product\/yoast-seo-wordpress\/ -->\n<title>V2 Gel Polish Set 8PCS Christmas Edition - Cat Eye Gel Polish \u2013 HEMA-Free \uff06 TPO-Free<\/title>\n<meta name=\"description\" content=\"Standard items: 1 Diamond Top Coat, 1 Rubber Base Coat, and 1 portable handheld nail lamp. Pick any 3 solid colors and 3 cat-eye shades from the full collection. Includes festive Christmas-themed gel polish stickers. Use discount code Merrychristmas20 for 20% off.\" \/>\n<meta name=\"robots\" content=\"index, follow, max-snippet:-1, max-image-preview:large, max-video-preview:-1\" \/>\n<link rel=\"canonical\" href=\"https:\/\/chromeclair.com\/fr\/produit\/v2-gel-polish-set-8pcs-christmas-edition\/\" \/>\n<meta property=\"og:locale\" content=\"fr_FR\" \/>\n<meta property=\"og:type\" content=\"article\" \/>\n<meta property=\"og:title\" content=\"V2 Gel Polish Set 8PCS Christmas Edition - Cat Eye Gel Polish \u2013 HEMA-Free \uff06 TPO-Free\" \/>\n<meta property=\"og:description\" content=\"Standard items: 1 Diamond Top Coat, 1 Rubber Base Coat, and 1 portable handheld nail lamp. Pick any 3 solid colors and 3 cat-eye shades from the full collection. Includes festive Christmas-themed gel polish stickers. Use discount code Merrychristmas20 for 20% off.\" \/>\n<meta property=\"og:url\" content=\"https:\/\/chromeclair.com\/fr\/produit\/v2-gel-polish-set-8pcs-christmas-edition\/\" \/>\n<meta property=\"og:site_name\" content=\"Cat Eye Gel Polish \u2013 HEMA-Free \uff06 TPO-Free\" \/>\n<meta property=\"article:modified_time\" content=\"2026-04-29T09:58:55+00:00\" \/>\n<meta property=\"og:image\" content=\"https:\/\/chromeclair.com\/wp-content\/uploads\/2025\/11\/Christmas-Main-Image.jpg\" \/>\n\t<meta property=\"og:image:width\" content=\"1000\" \/>\n\t<meta property=\"og:image:height\" content=\"1000\" \/>\n\t<meta property=\"og:image:type\" content=\"image\/jpeg\" \/>\n<meta name=\"twitter:card\" content=\"summary_large_image\" \/>\n<meta name=\"twitter:label1\" content=\"Dur\u00e9e de lecture estim\u00e9e\" \/>\n\t<meta name=\"twitter:data1\" content=\"1 minute\" \/>\n<script type=\"application\/ld+json\" class=\"yoast-schema-graph\">{\"@context\":\"https:\\\/\\\/schema.org\",\"@graph\":[{\"@type\":\"WebPage\",\"@id\":\"https:\\\/\\\/chromeclair.com\\\/product\\\/v2-gel-polish-set-8pcs-christmas-edition\\\/\",\"url\":\"https:\\\/\\\/chromeclair.com\\\/product\\\/v2-gel-polish-set-8pcs-christmas-edition\\\/\",\"name\":\"V2 Gel Polish Set 8PCS Christmas Edition - Cat Eye Gel Polish \u2013 HEMA-Free \uff06 TPO-Free\",\"isPartOf\":{\"@id\":\"https:\\\/\\\/chromeclair.com\\\/#website\"},\"primaryImageOfPage\":{\"@id\":\"https:\\\/\\\/chromeclair.com\\\/product\\\/v2-gel-polish-set-8pcs-christmas-edition\\\/#primaryimage\"},\"image\":{\"@id\":\"https:\\\/\\\/chromeclair.com\\\/product\\\/v2-gel-polish-set-8pcs-christmas-edition\\\/#primaryimage\"},\"thumbnailUrl\":\"https:\\\/\\\/chromeclair.com\\\/wp-content\\\/uploads\\\/2025\\\/11\\\/Christmas-Main-Image.jpg\",\"datePublished\":\"2025-11-14T07:32:57+00:00\",\"dateModified\":\"2026-04-29T09:58:55+00:00\",\"description\":\"Standard items: 1 Diamond Top Coat, 1 Rubber Base Coat, and 1 portable handheld nail lamp. Pick any 3 solid colors and 3 cat-eye shades from the full collection. Includes festive Christmas-themed gel polish stickers. Use discount code Merrychristmas20 for 20% off.\",\"inLanguage\":\"fr-FR\",\"potentialAction\":[{\"@type\":\"ReadAction\",\"target\":[\"https:\\\/\\\/chromeclair.com\\\/product\\\/v2-gel-polish-set-8pcs-christmas-edition\\\/\"]}]},{\"@type\":\"ImageObject\",\"inLanguage\":\"fr-FR\",\"@id\":\"https:\\\/\\\/chromeclair.com\\\/product\\\/v2-gel-polish-set-8pcs-christmas-edition\\\/#primaryimage\",\"url\":\"https:\\\/\\\/chromeclair.com\\\/wp-content\\\/uploads\\\/2025\\\/11\\\/Christmas-Main-Image.jpg\",\"contentUrl\":\"https:\\\/\\\/chromeclair.com\\\/wp-content\\\/uploads\\\/2025\\\/11\\\/Christmas-Main-Image.jpg\",\"width\":1000,\"height\":1000,\"caption\":\"Hema-Free and Tpo-free Christmas Polish Set -CHROM\u00c9CLAIR\"},{\"@type\":\"WebSite\",\"@id\":\"https:\\\/\\\/chromeclair.com\\\/#website\",\"url\":\"https:\\\/\\\/chromeclair.com\\\/\",\"name\":\"Cat Eye Gel Polish \u2013 HEMA-Free \uff06 TPO-Free\",\"description\":\"While others focus on having more colors, we focus on having safer ingredients.\",\"publisher\":{\"@id\":\"https:\\\/\\\/chromeclair.com\\\/#organization\"},\"potentialAction\":[{\"@type\":\"SearchAction\",\"target\":{\"@type\":\"EntryPoint\",\"urlTemplate\":\"https:\\\/\\\/chromeclair.com\\\/?s={search_term_string}\"},\"query-input\":{\"@type\":\"PropertyValueSpecification\",\"valueRequired\":true,\"valueName\":\"search_term_string\"}}],\"inLanguage\":\"fr-FR\"},{\"@type\":\"Organization\",\"@id\":\"https:\\\/\\\/chromeclair.com\\\/#organization\",\"name\":\"Cat Eye Gel Polish \u2013 HEMA-Free \uff06 TPO-Free\",\"url\":\"https:\\\/\\\/chromeclair.com\\\/\",\"logo\":{\"@type\":\"ImageObject\",\"inLanguage\":\"fr-FR\",\"@id\":\"https:\\\/\\\/chromeclair.com\\\/#\\\/schema\\\/logo\\\/image\\\/\",\"url\":\"https:\\\/\\\/chromeclair.com\\\/wp-content\\\/uploads\\\/2025\\\/06\\\/cropped-CHROMECLAIR-Logo-scaled-1.png\",\"contentUrl\":\"https:\\\/\\\/chromeclair.com\\\/wp-content\\\/uploads\\\/2025\\\/06\\\/cropped-CHROMECLAIR-Logo-scaled-1.png\",\"width\":2151,\"height\":429,\"caption\":\"Cat Eye Gel Polish \u2013 HEMA-Free \uff06 TPO-Free\"},\"image\":{\"@id\":\"https:\\\/\\\/chromeclair.com\\\/#\\\/schema\\\/logo\\\/image\\\/\"}}]}<\/script>\n<!-- \/ Yoast SEO plugin. -->","yoast_head_json":{"title":"V2 Gel Polish Set 8PCS Christmas Edition - Cat Eye Gel Polish - Sans HEMA \uff06 Sans TPO","description":"Standard items: 1 Diamond Top Coat, 1 Rubber Base Coat, and 1 portable handheld nail lamp. Pick any 3 solid colors and 3 cat-eye shades from the full collection. Includes festive Christmas-themed gel polish stickers. Use discount code Merrychristmas20 for 20% off.","robots":{"index":"index","follow":"follow","max-snippet":"max-snippet:-1","max-image-preview":"max-image-preview:large","max-video-preview":"max-video-preview:-1"},"canonical":"https:\/\/chromeclair.com\/fr\/produit\/v2-gel-polish-set-8pcs-christmas-edition\/","og_locale":"fr_FR","og_type":"article","og_title":"V2 Gel Polish Set 8PCS Christmas Edition - Cat Eye Gel Polish \u2013 HEMA-Free \uff06 TPO-Free","og_description":"Standard items: 1 Diamond Top Coat, 1 Rubber Base Coat, and 1 portable handheld nail lamp. Pick any 3 solid colors and 3 cat-eye shades from the full collection. Includes festive Christmas-themed gel polish stickers. Use discount code Merrychristmas20 for 20% off.","og_url":"https:\/\/chromeclair.com\/fr\/produit\/v2-gel-polish-set-8pcs-christmas-edition\/","og_site_name":"Cat Eye Gel Polish \u2013 HEMA-Free \uff06 TPO-Free","article_modified_time":"2026-04-29T09:58:55+00:00","og_image":[{"width":1000,"height":1000,"url":"https:\/\/chromeclair.com\/wp-content\/uploads\/2025\/11\/Christmas-Main-Image.jpg","type":"image\/jpeg"}],"twitter_card":"summary_large_image","twitter_misc":{"Dur\u00e9e de lecture estim\u00e9e":"1 minute"},"schema":{"@context":"https:\/\/schema.org","@graph":[{"@type":"WebPage","@id":"https:\/\/chromeclair.com\/product\/v2-gel-polish-set-8pcs-christmas-edition\/","url":"https:\/\/chromeclair.com\/product\/v2-gel-polish-set-8pcs-christmas-edition\/","name":"V2 Gel Polish Set 8PCS Christmas Edition - Cat Eye Gel Polish - Sans HEMA \uff06 Sans TPO","isPartOf":{"@id":"https:\/\/chromeclair.com\/#website"},"primaryImageOfPage":{"@id":"https:\/\/chromeclair.com\/product\/v2-gel-polish-set-8pcs-christmas-edition\/#primaryimage"},"image":{"@id":"https:\/\/chromeclair.com\/product\/v2-gel-polish-set-8pcs-christmas-edition\/#primaryimage"},"thumbnailUrl":"https:\/\/chromeclair.com\/wp-content\/uploads\/2025\/11\/Christmas-Main-Image.jpg","datePublished":"2025-11-14T07:32:57+00:00","dateModified":"2026-04-29T09:58:55+00:00","description":"Standard items: 1 Diamond Top Coat, 1 Rubber Base Coat, and 1 portable handheld nail lamp. Pick any 3 solid colors and 3 cat-eye shades from the full collection. Includes festive Christmas-themed gel polish stickers. Use discount code Merrychristmas20 for 20% off.","inLanguage":"fr-FR","potentialAction":[{"@type":"ReadAction","target":["https:\/\/chromeclair.com\/product\/v2-gel-polish-set-8pcs-christmas-edition\/"]}]},{"@type":"ImageObject","inLanguage":"fr-FR","@id":"https:\/\/chromeclair.com\/product\/v2-gel-polish-set-8pcs-christmas-edition\/#primaryimage","url":"https:\/\/chromeclair.com\/wp-content\/uploads\/2025\/11\/Christmas-Main-Image.jpg","contentUrl":"https:\/\/chromeclair.com\/wp-content\/uploads\/2025\/11\/Christmas-Main-Image.jpg","width":1000,"height":1000,"caption":"Hema-Free and Tpo-free Christmas Polish Set -CHROM\u00c9CLAIR"},{"@type":"WebSite","@id":"https:\/\/chromeclair.com\/#website","url":"https:\/\/chromeclair.com\/","name":"Vernis gel Cat Eye \u2013 Sans HEMA ni TPO","description":"Alors que d'autres se concentrent sur l'ajout de couleurs, nous nous concentrons sur l'utilisation d'ingr\u00e9dients plus s\u00fbrs.","publisher":{"@id":"https:\/\/chromeclair.com\/#organization"},"potentialAction":[{"@type":"SearchAction","target":{"@type":"EntryPoint","urlTemplate":"https:\/\/chromeclair.com\/?s={search_term_string}"},"query-input":{"@type":"PropertyValueSpecification","valueRequired":true,"valueName":"search_term_string"}}],"inLanguage":"fr-FR"},{"@type":"Organization","@id":"https:\/\/chromeclair.com\/#organization","name":"Vernis gel Cat Eye \u2013 Sans HEMA ni TPO","url":"https:\/\/chromeclair.com\/","logo":{"@type":"ImageObject","inLanguage":"fr-FR","@id":"https:\/\/chromeclair.com\/#\/schema\/logo\/image\/","url":"https:\/\/chromeclair.com\/wp-content\/uploads\/2025\/06\/cropped-CHROMECLAIR-Logo-scaled-1.png","contentUrl":"https:\/\/chromeclair.com\/wp-content\/uploads\/2025\/06\/cropped-CHROMECLAIR-Logo-scaled-1.png","width":2151,"height":429,"caption":"Cat Eye Gel Polish \u2013 HEMA-Free \uff06 TPO-Free"},"image":{"@id":"https:\/\/chromeclair.com\/#\/schema\/logo\/image\/"}}]}},"_links":{"self":[{"href":"https:\/\/chromeclair.com\/fr\/wp-json\/wp\/v2\/product\/10261","targetHints":{"allow":["GET"]}}],"collection":[{"href":"https:\/\/chromeclair.com\/fr\/wp-json\/wp\/v2\/product"}],"about":[{"href":"https:\/\/chromeclair.com\/fr\/wp-json\/wp\/v2\/types\/product"}],"replies":[{"embeddable":true,"href":"https:\/\/chromeclair.com\/fr\/wp-json\/wp\/v2\/comments?post=10261"}],"wp:featuredmedia":[{"embeddable":true,"href":"https:\/\/chromeclair.com\/fr\/wp-json\/wp\/v2\/media\/10264"}],"wp:attachment":[{"href":"https:\/\/chromeclair.com\/fr\/wp-json\/wp\/v2\/media?parent=10261"}],"wp:term":[{"taxonomy":"product_brand","embeddable":true,"href":"https:\/\/chromeclair.com\/fr\/wp-json\/wp\/v2\/product_brand?post=10261"},{"taxonomy":"product_cat","embeddable":true,"href":"https:\/\/chromeclair.com\/fr\/wp-json\/wp\/v2\/product_cat?post=10261"},{"taxonomy":"product_tag","embeddable":true,"href":"https:\/\/chromeclair.com\/fr\/wp-json\/wp\/v2\/product_tag?post=10261"}],"curies":[{"name":"wp","href":"https:\/\/api.w.org\/{rel}","templated":true}]}}