{"id":10471,"date":"2025-12-01T05:50:52","date_gmt":"2025-12-01T05:50:52","guid":{"rendered":"https:\/\/chromeclair.com\/?post_type=product&#038;p=10471"},"modified":"2026-04-13T04:03:22","modified_gmt":"2026-04-13T04:03:22","slug":"hematpo-free-solid-color-sr-19-10ml","status":"publish","type":"product","link":"https:\/\/chromeclair.com\/fr\/product\/hematpo-free-solid-color-sr-19-10ml\/","title":{"rendered":"HEMA&amp;TPO SANS COULEUR UNIE SR-19 10 ML"},"content":{"rendered":"<p>Le SR-19 permet d'acc\u00e9der \u00e0 l'\u00e9l\u00e9gance de la terre.<\/p>\n\n\n\n<p>Ce vernis gel vert sauge est formul\u00e9 sans HEMA ni TPO, capturant l'essence sereine des herbes s\u00e9ch\u00e9es dans une formule douce de 10 ml.<\/p>\n\n\n\n<p>Parfait pour cr\u00e9er des manucures sophistiqu\u00e9es, des dessins d'ongles vintage et des looks qui rayonnent de tranquillit\u00e9.<\/p>","protected":false},"excerpt":{"rendered":"<p>Doit \u00eatre utilis\u00e9 avec une lampe UV ou une lampe LED<\/p>","protected":false},"featured_media":10472,"comment_status":"open","ping_status":"closed","template":"","meta":[],"product_brand":[162],"product_cat":[208],"product_tag":[],"class_list":{"0":"post-10471","1":"product","2":"type-product","3":"status-publish","4":"has-post-thumbnail","6":"product_brand-chromeclair","7":"product_cat-solid-color-gel-polish-10ml","9":"first","10":"instock","11":"shipping-taxable","12":"purchasable","13":"product-type-simple"},"yoast_head":"<!-- This site is optimized with the Yoast SEO plugin v27.4 - https:\/\/yoast.com\/product\/yoast-seo-wordpress\/ -->\n<title>HEMA Free TPO Free Olive Green Gel Polish SR-19 vintage green 10ML -CHROM\u00c9CLAIR<\/title>\n<meta name=\"description\" content=\"Anchor your collection with CHROM\u00c9CLAIR SR-19, an army green that exudes sophisticated earthiness. This HEMA Free deep sage shade is housed in a professional 10ML bottle. Providing full, even coverage, it&#039;s the perfect statement neutral for creating fashion-forward manicures, geometric designs, and a polished, nature-inspired look.\" \/>\n<meta name=\"robots\" content=\"index, follow, max-snippet:-1, max-image-preview:large, max-video-preview:-1\" \/>\n<link rel=\"canonical\" href=\"https:\/\/chromeclair.com\/fr\/produit\/hematpo-free-solid-color-sr-19-17ml\/\" \/>\n<meta property=\"og:locale\" content=\"fr_FR\" \/>\n<meta property=\"og:type\" content=\"article\" \/>\n<meta property=\"og:title\" content=\"HEMA Free TPO Free Olive Green Gel Polish SR-19 vintage green 10ML -CHROM\u00c9CLAIR\" \/>\n<meta property=\"og:description\" content=\"Anchor your collection with CHROM\u00c9CLAIR SR-19, an army green that exudes sophisticated earthiness. This HEMA Free deep sage shade is housed in a professional 10ML bottle. Providing full, even coverage, it&#039;s the perfect statement neutral for creating fashion-forward manicures, geometric designs, and a polished, nature-inspired look.\" \/>\n<meta property=\"og:url\" content=\"https:\/\/chromeclair.com\/fr\/produit\/hematpo-free-solid-color-sr-19-17ml\/\" \/>\n<meta property=\"og:site_name\" content=\"Cat Eye Gel Polish \u2013 HEMA-Free \uff06 TPO-Free\" \/>\n<meta property=\"article:modified_time\" content=\"2026-04-13T04:03:22+00:00\" \/>\n<meta property=\"og:image\" content=\"https:\/\/chromeclair.com\/wp-content\/uploads\/2025\/12\/SR-19.webp\" \/>\n\t<meta property=\"og:image:width\" content=\"1000\" \/>\n\t<meta property=\"og:image:height\" content=\"1000\" \/>\n\t<meta property=\"og:image:type\" content=\"image\/webp\" \/>\n<meta name=\"twitter:card\" content=\"summary_large_image\" \/>\n<meta name=\"twitter:label1\" content=\"Dur\u00e9e de lecture estim\u00e9e\" \/>\n\t<meta name=\"twitter:data1\" content=\"1 minute\" \/>\n<script type=\"application\/ld+json\" class=\"yoast-schema-graph\">{\"@context\":\"https:\\\/\\\/schema.org\",\"@graph\":[{\"@type\":\"WebPage\",\"@id\":\"https:\\\/\\\/chromeclair.com\\\/product\\\/hematpo-free-solid-color-sr-19-10ml\\\/\",\"url\":\"https:\\\/\\\/chromeclair.com\\\/product\\\/hematpo-free-solid-color-sr-19-17ml\\\/\",\"name\":\"HEMA Free TPO Free Olive Green Gel Polish SR-19 vintage green 10ML -CHROM\u00c9CLAIR\",\"isPartOf\":{\"@id\":\"https:\\\/\\\/chromeclair.com\\\/#website\"},\"primaryImageOfPage\":{\"@id\":\"https:\\\/\\\/chromeclair.com\\\/product\\\/hematpo-free-solid-color-sr-19-17ml\\\/#primaryimage\"},\"image\":{\"@id\":\"https:\\\/\\\/chromeclair.com\\\/product\\\/hematpo-free-solid-color-sr-19-17ml\\\/#primaryimage\"},\"thumbnailUrl\":\"https:\\\/\\\/chromeclair.com\\\/wp-content\\\/uploads\\\/2025\\\/12\\\/SR-19.webp\",\"datePublished\":\"2025-12-01T05:50:52+00:00\",\"dateModified\":\"2026-04-13T04:03:22+00:00\",\"description\":\"Anchor your collection with CHROM\u00c9CLAIR SR-19, an army green that exudes sophisticated earthiness. This HEMA Free deep sage shade is housed in a professional 10ML bottle. Providing full, even coverage, it's the perfect statement neutral for creating fashion-forward manicures, geometric designs, and a polished, nature-inspired look.\",\"breadcrumb\":{\"@id\":\"https:\\\/\\\/chromeclair.com\\\/product\\\/hematpo-free-solid-color-sr-19-17ml\\\/#breadcrumb\"},\"inLanguage\":\"fr-FR\",\"potentialAction\":[{\"@type\":\"ReadAction\",\"target\":[\"https:\\\/\\\/chromeclair.com\\\/product\\\/hematpo-free-solid-color-sr-19-17ml\\\/\"]}]},{\"@type\":\"ImageObject\",\"inLanguage\":\"fr-FR\",\"@id\":\"https:\\\/\\\/chromeclair.com\\\/product\\\/hematpo-free-solid-color-sr-19-17ml\\\/#primaryimage\",\"url\":\"https:\\\/\\\/chromeclair.com\\\/wp-content\\\/uploads\\\/2025\\\/12\\\/SR-19.webp\",\"contentUrl\":\"https:\\\/\\\/chromeclair.com\\\/wp-content\\\/uploads\\\/2025\\\/12\\\/SR-19.webp\",\"width\":1000,\"height\":1000,\"caption\":\"HEMA&TPO FREE SOLID COLOR SR-19 10ML CHROM\u00c9CLAIR\"},{\"@type\":\"BreadcrumbList\",\"@id\":\"https:\\\/\\\/chromeclair.com\\\/product\\\/hematpo-free-solid-color-sr-19-17ml\\\/#breadcrumb\",\"itemListElement\":[{\"@type\":\"ListItem\",\"position\":1,\"name\":\"Home\",\"item\":\"https:\\\/\\\/chromeclair.com\\\/\"},{\"@type\":\"ListItem\",\"position\":2,\"name\":\"Shop\",\"item\":\"https:\\\/\\\/chromeclair.com\\\/shop\\\/\"},{\"@type\":\"ListItem\",\"position\":3,\"name\":\"HEMA&amp;TPO FREE SOLID COLOR SR-19 10ML\"}]},{\"@type\":\"WebSite\",\"@id\":\"https:\\\/\\\/chromeclair.com\\\/#website\",\"url\":\"https:\\\/\\\/chromeclair.com\\\/\",\"name\":\"Cat Eye Gel Polish \u2013 HEMA-Free \uff06 TPO-Free\",\"description\":\"While others focus on having more colors, we focus on having safer ingredients.\",\"publisher\":{\"@id\":\"https:\\\/\\\/chromeclair.com\\\/#organization\"},\"potentialAction\":[{\"@type\":\"SearchAction\",\"target\":{\"@type\":\"EntryPoint\",\"urlTemplate\":\"https:\\\/\\\/chromeclair.com\\\/?s={search_term_string}\"},\"query-input\":{\"@type\":\"PropertyValueSpecification\",\"valueRequired\":true,\"valueName\":\"search_term_string\"}}],\"inLanguage\":\"fr-FR\"},{\"@type\":\"Organization\",\"@id\":\"https:\\\/\\\/chromeclair.com\\\/#organization\",\"name\":\"Cat Eye Gel Polish \u2013 HEMA-Free \uff06 TPO-Free\",\"url\":\"https:\\\/\\\/chromeclair.com\\\/\",\"logo\":{\"@type\":\"ImageObject\",\"inLanguage\":\"fr-FR\",\"@id\":\"https:\\\/\\\/chromeclair.com\\\/#\\\/schema\\\/logo\\\/image\\\/\",\"url\":\"https:\\\/\\\/chromeclair.com\\\/wp-content\\\/uploads\\\/2025\\\/06\\\/cropped-CHROMECLAIR-Logo-scaled-1.png\",\"contentUrl\":\"https:\\\/\\\/chromeclair.com\\\/wp-content\\\/uploads\\\/2025\\\/06\\\/cropped-CHROMECLAIR-Logo-scaled-1.png\",\"width\":2151,\"height\":429,\"caption\":\"Cat Eye Gel Polish \u2013 HEMA-Free \uff06 TPO-Free\"},\"image\":{\"@id\":\"https:\\\/\\\/chromeclair.com\\\/#\\\/schema\\\/logo\\\/image\\\/\"}}]}<\/script>\n<!-- \/ Yoast SEO plugin. -->","yoast_head_json":{"title":"HEMA Free TPO Free Gel Polish Olive Green SR-19 vert vintage 10 ml - CHROM\u00c9CLAIR","description":"Ancrez votre collection avec CHROM\u00c9CLAIR SR-19, un vert militaire qui respire la sophistication et le naturel. Cette teinte sauge fonc\u00e9e sans HEMA est pr\u00e9sent\u00e9e dans un flacon professionnel de 10 ml. Offrant une couvrance totale et uniforme, c'est la teinte neutre parfaite pour cr\u00e9er des manucures tendance, des motifs g\u00e9om\u00e9triques et un look raffin\u00e9 inspir\u00e9 de la nature.","robots":{"index":"index","follow":"follow","max-snippet":"max-snippet:-1","max-image-preview":"max-image-preview:large","max-video-preview":"max-video-preview:-1"},"canonical":"https:\/\/chromeclair.com\/fr\/produit\/hematpo-free-solid-color-sr-19-17ml\/","og_locale":"fr_FR","og_type":"article","og_title":"HEMA Free TPO Free Olive Green Gel Polish SR-19 vintage green 10ML -CHROM\u00c9CLAIR","og_description":"Anchor your collection with CHROM\u00c9CLAIR SR-19, an army green that exudes sophisticated earthiness. This HEMA Free deep sage shade is housed in a professional 10ML bottle. Providing full, even coverage, it's the perfect statement neutral for creating fashion-forward manicures, geometric designs, and a polished, nature-inspired look.","og_url":"https:\/\/chromeclair.com\/fr\/produit\/hematpo-free-solid-color-sr-19-17ml\/","og_site_name":"Cat Eye Gel Polish \u2013 HEMA-Free \uff06 TPO-Free","article_modified_time":"2026-04-13T04:03:22+00:00","og_image":[{"width":1000,"height":1000,"url":"https:\/\/chromeclair.com\/wp-content\/uploads\/2025\/12\/SR-19.webp","type":"image\/webp"}],"twitter_card":"summary_large_image","twitter_misc":{"Dur\u00e9e de lecture estim\u00e9e":"1 minute"},"schema":{"@context":"https:\/\/schema.org","@graph":[{"@type":"WebPage","@id":"https:\/\/chromeclair.com\/product\/hematpo-free-solid-color-sr-19-10ml\/","url":"https:\/\/chromeclair.com\/product\/hematpo-free-solid-color-sr-19-17ml\/","name":"HEMA Free TPO Free Gel Polish Olive Green SR-19 vert vintage 10 ml - CHROM\u00c9CLAIR","isPartOf":{"@id":"https:\/\/chromeclair.com\/#website"},"primaryImageOfPage":{"@id":"https:\/\/chromeclair.com\/product\/hematpo-free-solid-color-sr-19-17ml\/#primaryimage"},"image":{"@id":"https:\/\/chromeclair.com\/product\/hematpo-free-solid-color-sr-19-17ml\/#primaryimage"},"thumbnailUrl":"https:\/\/chromeclair.com\/wp-content\/uploads\/2025\/12\/SR-19.webp","datePublished":"2025-12-01T05:50:52+00:00","dateModified":"2026-04-13T04:03:22+00:00","description":"Ancrez votre collection avec CHROM\u00c9CLAIR SR-19, un vert militaire qui respire la sophistication et le naturel. Cette teinte sauge fonc\u00e9e sans HEMA est pr\u00e9sent\u00e9e dans un flacon professionnel de 10 ml. Offrant une couvrance totale et uniforme, c'est la teinte neutre parfaite pour cr\u00e9er des manucures tendance, des motifs g\u00e9om\u00e9triques et un look raffin\u00e9 inspir\u00e9 de la nature.","breadcrumb":{"@id":"https:\/\/chromeclair.com\/product\/hematpo-free-solid-color-sr-19-17ml\/#breadcrumb"},"inLanguage":"fr-FR","potentialAction":[{"@type":"ReadAction","target":["https:\/\/chromeclair.com\/product\/hematpo-free-solid-color-sr-19-17ml\/"]}]},{"@type":"ImageObject","inLanguage":"fr-FR","@id":"https:\/\/chromeclair.com\/product\/hematpo-free-solid-color-sr-19-17ml\/#primaryimage","url":"https:\/\/chromeclair.com\/wp-content\/uploads\/2025\/12\/SR-19.webp","contentUrl":"https:\/\/chromeclair.com\/wp-content\/uploads\/2025\/12\/SR-19.webp","width":1000,"height":1000,"caption":"HEMA&TPO FREE SOLID COLOR SR-19 10ML CHROM\u00c9CLAIR"},{"@type":"BreadcrumbList","@id":"https:\/\/chromeclair.com\/product\/hematpo-free-solid-color-sr-19-17ml\/#breadcrumb","itemListElement":[{"@type":"ListItem","position":1,"name":"Home","item":"https:\/\/chromeclair.com\/"},{"@type":"ListItem","position":2,"name":"Shop","item":"https:\/\/chromeclair.com\/shop\/"},{"@type":"ListItem","position":3,"name":"HEMA&amp;TPO FREE SOLID COLOR SR-19 10ML"}]},{"@type":"WebSite","@id":"https:\/\/chromeclair.com\/#website","url":"https:\/\/chromeclair.com\/","name":"Vernis gel Cat Eye \u2013 Sans HEMA ni TPO","description":"Alors que d'autres se concentrent sur l'ajout de couleurs, nous nous concentrons sur l'utilisation d'ingr\u00e9dients plus s\u00fbrs.","publisher":{"@id":"https:\/\/chromeclair.com\/#organization"},"potentialAction":[{"@type":"SearchAction","target":{"@type":"EntryPoint","urlTemplate":"https:\/\/chromeclair.com\/?s={search_term_string}"},"query-input":{"@type":"PropertyValueSpecification","valueRequired":true,"valueName":"search_term_string"}}],"inLanguage":"fr-FR"},{"@type":"Organization","@id":"https:\/\/chromeclair.com\/#organization","name":"Vernis gel Cat Eye \u2013 Sans HEMA ni TPO","url":"https:\/\/chromeclair.com\/","logo":{"@type":"ImageObject","inLanguage":"fr-FR","@id":"https:\/\/chromeclair.com\/#\/schema\/logo\/image\/","url":"https:\/\/chromeclair.com\/wp-content\/uploads\/2025\/06\/cropped-CHROMECLAIR-Logo-scaled-1.png","contentUrl":"https:\/\/chromeclair.com\/wp-content\/uploads\/2025\/06\/cropped-CHROMECLAIR-Logo-scaled-1.png","width":2151,"height":429,"caption":"Cat Eye Gel Polish \u2013 HEMA-Free \uff06 TPO-Free"},"image":{"@id":"https:\/\/chromeclair.com\/#\/schema\/logo\/image\/"}}]}},"_links":{"self":[{"href":"https:\/\/chromeclair.com\/fr\/wp-json\/wp\/v2\/product\/10471","targetHints":{"allow":["GET"]}}],"collection":[{"href":"https:\/\/chromeclair.com\/fr\/wp-json\/wp\/v2\/product"}],"about":[{"href":"https:\/\/chromeclair.com\/fr\/wp-json\/wp\/v2\/types\/product"}],"replies":[{"embeddable":true,"href":"https:\/\/chromeclair.com\/fr\/wp-json\/wp\/v2\/comments?post=10471"}],"wp:featuredmedia":[{"embeddable":true,"href":"https:\/\/chromeclair.com\/fr\/wp-json\/wp\/v2\/media\/10472"}],"wp:attachment":[{"href":"https:\/\/chromeclair.com\/fr\/wp-json\/wp\/v2\/media?parent=10471"}],"wp:term":[{"taxonomy":"product_brand","embeddable":true,"href":"https:\/\/chromeclair.com\/fr\/wp-json\/wp\/v2\/product_brand?post=10471"},{"taxonomy":"product_cat","embeddable":true,"href":"https:\/\/chromeclair.com\/fr\/wp-json\/wp\/v2\/product_cat?post=10471"},{"taxonomy":"product_tag","embeddable":true,"href":"https:\/\/chromeclair.com\/fr\/wp-json\/wp\/v2\/product_tag?post=10471"}],"curies":[{"name":"wp","href":"https:\/\/api.w.org\/{rel}","templated":true}]}}