{"id":10479,"date":"2025-12-01T06:02:08","date_gmt":"2025-12-01T06:02:08","guid":{"rendered":"https:\/\/chromeclair.com\/?post_type=product&#038;p=10479"},"modified":"2026-04-13T04:02:15","modified_gmt":"2026-04-13T04:02:15","slug":"hematpo-free-solid-color-sr-23-10ml","status":"publish","type":"product","link":"https:\/\/chromeclair.com\/fr\/produit\/hematpo-free-solid-color-sr-23-10ml\/","title":{"rendered":"HEMA&amp;TPO SANS COULEUR UNIE SR-23 10 ML"},"content":{"rendered":"<p>Le charme rustique est au rendez-vous avec le SR-23.<\/p>\n\n\n\n<p>Cette terre de Sienne br\u00fbl\u00e9e est sans HEMA ni TPO. Elle offre un fini cr\u00e9meux et opaque et est conditionn\u00e9e dans un flacon s\u00e9curis\u00e9 de 10 ml.<\/p>\n\n\n\n<p>Ses nuances \u00e9pic\u00e9es de cannelle cr\u00e9ent un effet r\u00e9confortant et \u00e9l\u00e9gant, id\u00e9al pour cr\u00e9er des nail art d'inspiration vintage et des manucures intemporelles de caract\u00e8re.<\/p>","protected":false},"excerpt":{"rendered":"<p>Doit \u00eatre utilis\u00e9 avec une lampe UV ou une lampe LED<\/p>","protected":false},"featured_media":10480,"comment_status":"open","ping_status":"closed","template":"","meta":[],"product_brand":[162],"product_cat":[208],"product_tag":[],"class_list":{"0":"post-10479","1":"product","2":"type-product","3":"status-publish","4":"has-post-thumbnail","6":"product_brand-chromeclair","7":"product_cat-solid-color-gel-polish-10ml","9":"first","10":"instock","11":"shipping-taxable","12":"purchasable","13":"product-type-simple"},"yoast_head":"<!-- This site is optimized with the Yoast SEO plugin v26.4 - https:\/\/yoast.com\/wordpress\/plugins\/seo\/ -->\n<title>HEMA &amp; TPO Free SR-23 Cinnamon Nail Polish Spiced Brown 10ML -CHROM\u00c9CLAIR<\/title>\n<meta name=\"description\" content=\"Elevate your neutral palette with CHROM\u00c9CLAIR SR-23, a spiced brown that exudes modern warmth. This HEMA Free &amp; TPO Free terracotta shade is housed in a professional 10ML bottle. Providing full, even coverage, it&#039;s the perfect statement neutral for creating fashion-forward manicures and designs that feel both cozy and current.\" \/>\n<meta name=\"robots\" content=\"index, follow, max-snippet:-1, max-image-preview:large, max-video-preview:-1\" \/>\n<link rel=\"canonical\" href=\"https:\/\/chromeclair.com\/fr\/produit\/hematpo-free-solid-color-sr-23-17ml\/\" \/>\n<meta property=\"og:locale\" content=\"fr_FR\" \/>\n<meta property=\"og:type\" content=\"article\" \/>\n<meta property=\"og:title\" content=\"HEMA &amp; TPO Free SR-23 Cinnamon Nail Polish Spiced Brown 10ML -CHROM\u00c9CLAIR\" \/>\n<meta property=\"og:description\" content=\"Elevate your neutral palette with CHROM\u00c9CLAIR SR-23, a spiced brown that exudes modern warmth. This HEMA Free &amp; TPO Free terracotta shade is housed in a professional 10ML bottle. Providing full, even coverage, it&#039;s the perfect statement neutral for creating fashion-forward manicures and designs that feel both cozy and current.\" \/>\n<meta property=\"og:url\" content=\"https:\/\/chromeclair.com\/fr\/produit\/hematpo-free-solid-color-sr-23-17ml\/\" \/>\n<meta property=\"og:site_name\" content=\"Cat Eye Gel Polish \u2013 HEMA-Free \uff06 TPO-Free\" \/>\n<meta property=\"article:modified_time\" content=\"2026-04-13T04:02:15+00:00\" \/>\n<meta property=\"og:image\" content=\"https:\/\/chromeclair.com\/wp-content\/uploads\/2025\/12\/SR-23.webp\" \/>\n\t<meta property=\"og:image:width\" content=\"1000\" \/>\n\t<meta property=\"og:image:height\" content=\"1000\" \/>\n\t<meta property=\"og:image:type\" content=\"image\/webp\" \/>\n<meta name=\"twitter:card\" content=\"summary_large_image\" \/>\n<meta name=\"twitter:label1\" content=\"Dur\u00e9e de lecture estim\u00e9e\" \/>\n\t<meta name=\"twitter:data1\" content=\"1 minute\" \/>\n<script type=\"application\/ld+json\" class=\"yoast-schema-graph\">{\"@context\":\"https:\/\/schema.org\",\"@graph\":[{\"@type\":\"WebPage\",\"@id\":\"https:\/\/chromeclair.com\/product\/hematpo-free-solid-color-sr-23-10ml\/\",\"url\":\"https:\/\/chromeclair.com\/product\/hematpo-free-solid-color-sr-23-17ml\/\",\"name\":\"HEMA & TPO Free SR-23 Cinnamon Nail Polish Spiced Brown 10ML -CHROM\u00c9CLAIR\",\"isPartOf\":{\"@id\":\"https:\/\/chromeclair.com\/#website\"},\"primaryImageOfPage\":{\"@id\":\"https:\/\/chromeclair.com\/product\/hematpo-free-solid-color-sr-23-17ml\/#primaryimage\"},\"image\":{\"@id\":\"https:\/\/chromeclair.com\/product\/hematpo-free-solid-color-sr-23-17ml\/#primaryimage\"},\"thumbnailUrl\":\"https:\/\/chromeclair.com\/wp-content\/uploads\/2025\/12\/SR-23.webp\",\"datePublished\":\"2025-12-01T06:02:08+00:00\",\"dateModified\":\"2026-04-13T04:02:15+00:00\",\"description\":\"Elevate your neutral palette with CHROM\u00c9CLAIR SR-23, a spiced brown that exudes modern warmth. This HEMA Free & TPO Free terracotta shade is housed in a professional 10ML bottle. Providing full, even coverage, it's the perfect statement neutral for creating fashion-forward manicures and designs that feel both cozy and current.\",\"breadcrumb\":{\"@id\":\"https:\/\/chromeclair.com\/product\/hematpo-free-solid-color-sr-23-17ml\/#breadcrumb\"},\"inLanguage\":\"fr-FR\",\"potentialAction\":[{\"@type\":\"ReadAction\",\"target\":[\"https:\/\/chromeclair.com\/product\/hematpo-free-solid-color-sr-23-17ml\/\"]}]},{\"@type\":\"ImageObject\",\"inLanguage\":\"fr-FR\",\"@id\":\"https:\/\/chromeclair.com\/product\/hematpo-free-solid-color-sr-23-17ml\/#primaryimage\",\"url\":\"https:\/\/chromeclair.com\/wp-content\/uploads\/2025\/12\/SR-23.webp\",\"contentUrl\":\"https:\/\/chromeclair.com\/wp-content\/uploads\/2025\/12\/SR-23.webp\",\"width\":1000,\"height\":1000,\"caption\":\"HEMA&TPO FREE SOLID COLOR SR-23 10ML CHROM\u00c9CLAIR\"},{\"@type\":\"BreadcrumbList\",\"@id\":\"https:\/\/chromeclair.com\/product\/hematpo-free-solid-color-sr-23-17ml\/#breadcrumb\",\"itemListElement\":[{\"@type\":\"ListItem\",\"position\":1,\"name\":\"Home\",\"item\":\"https:\/\/chromeclair.com\/\"},{\"@type\":\"ListItem\",\"position\":2,\"name\":\"Shop\",\"item\":\"https:\/\/chromeclair.com\/shop\/\"},{\"@type\":\"ListItem\",\"position\":3,\"name\":\"HEMA&amp;TPO FREE SOLID COLOR SR-23 10ML\"}]},{\"@type\":\"WebSite\",\"@id\":\"https:\/\/chromeclair.com\/#website\",\"url\":\"https:\/\/chromeclair.com\/\",\"name\":\"Cat Eye Gel Polish \u2013 HEMA-Free \uff06 TPO-Free\",\"description\":\"While others focus on having more colors, we focus on having safer ingredients.\",\"publisher\":{\"@id\":\"https:\/\/chromeclair.com\/#organization\"},\"potentialAction\":[{\"@type\":\"SearchAction\",\"target\":{\"@type\":\"EntryPoint\",\"urlTemplate\":\"https:\/\/chromeclair.com\/?s={search_term_string}\"},\"query-input\":{\"@type\":\"PropertyValueSpecification\",\"valueRequired\":true,\"valueName\":\"search_term_string\"}}],\"inLanguage\":\"fr-FR\"},{\"@type\":\"Organization\",\"@id\":\"https:\/\/chromeclair.com\/#organization\",\"name\":\"Cat Eye Gel Polish \u2013 HEMA-Free \uff06 TPO-Free\",\"url\":\"https:\/\/chromeclair.com\/\",\"logo\":{\"@type\":\"ImageObject\",\"inLanguage\":\"fr-FR\",\"@id\":\"https:\/\/chromeclair.com\/#\/schema\/logo\/image\/\",\"url\":\"https:\/\/chromeclair.com\/wp-content\/uploads\/2025\/06\/cropped-CHROMECLAIR-Logo-scaled-1.png\",\"contentUrl\":\"https:\/\/chromeclair.com\/wp-content\/uploads\/2025\/06\/cropped-CHROMECLAIR-Logo-scaled-1.png\",\"width\":2151,\"height\":429,\"caption\":\"Cat Eye Gel Polish \u2013 HEMA-Free \uff06 TPO-Free\"},\"image\":{\"@id\":\"https:\/\/chromeclair.com\/#\/schema\/logo\/image\/\"}}]}<\/script>\n<!-- \/ Yoast SEO plugin. -->","yoast_head_json":{"title":"Vernis \u00e0 ongles SR-23 Cannelle sans HEMA ni TPO, brun \u00e9pic\u00e9, 10 ml - CHROM\u00c9CLAIR","description":"Rehaussez votre palette neutre avec CHROM\u00c9CLAIR SR-23, un brun \u00e9pic\u00e9 qui d\u00e9gage une chaleur moderne. Cette teinte terracotta sans HEMA ni TPO est conditionn\u00e9e dans un flacon professionnel de 10 ml. Offrant une couvrance compl\u00e8te et uniforme, c'est la teinte neutre parfaite pour cr\u00e9er des manucures et des designs avant-gardistes, \u00e0 la fois confortables et actuels.","robots":{"index":"index","follow":"follow","max-snippet":"max-snippet:-1","max-image-preview":"max-image-preview:large","max-video-preview":"max-video-preview:-1"},"canonical":"https:\/\/chromeclair.com\/fr\/produit\/hematpo-free-solid-color-sr-23-17ml\/","og_locale":"fr_FR","og_type":"article","og_title":"HEMA & TPO Free SR-23 Cinnamon Nail Polish Spiced Brown 10ML -CHROM\u00c9CLAIR","og_description":"Elevate your neutral palette with CHROM\u00c9CLAIR SR-23, a spiced brown that exudes modern warmth. This HEMA Free & TPO Free terracotta shade is housed in a professional 10ML bottle. Providing full, even coverage, it's the perfect statement neutral for creating fashion-forward manicures and designs that feel both cozy and current.","og_url":"https:\/\/chromeclair.com\/fr\/produit\/hematpo-free-solid-color-sr-23-17ml\/","og_site_name":"Cat Eye Gel Polish \u2013 HEMA-Free \uff06 TPO-Free","article_modified_time":"2026-04-13T04:02:15+00:00","og_image":[{"width":1000,"height":1000,"url":"https:\/\/chromeclair.com\/wp-content\/uploads\/2025\/12\/SR-23.webp","type":"image\/webp"}],"twitter_card":"summary_large_image","twitter_misc":{"Dur\u00e9e de lecture estim\u00e9e":"1 minute"},"schema":{"@context":"https:\/\/schema.org","@graph":[{"@type":"WebPage","@id":"https:\/\/chromeclair.com\/product\/hematpo-free-solid-color-sr-23-10ml\/","url":"https:\/\/chromeclair.com\/product\/hematpo-free-solid-color-sr-23-17ml\/","name":"Vernis \u00e0 ongles SR-23 Cannelle sans HEMA ni TPO, brun \u00e9pic\u00e9, 10 ml - CHROM\u00c9CLAIR","isPartOf":{"@id":"https:\/\/chromeclair.com\/#website"},"primaryImageOfPage":{"@id":"https:\/\/chromeclair.com\/product\/hematpo-free-solid-color-sr-23-17ml\/#primaryimage"},"image":{"@id":"https:\/\/chromeclair.com\/product\/hematpo-free-solid-color-sr-23-17ml\/#primaryimage"},"thumbnailUrl":"https:\/\/chromeclair.com\/wp-content\/uploads\/2025\/12\/SR-23.webp","datePublished":"2025-12-01T06:02:08+00:00","dateModified":"2026-04-13T04:02:15+00:00","description":"Rehaussez votre palette neutre avec CHROM\u00c9CLAIR SR-23, un brun \u00e9pic\u00e9 qui d\u00e9gage une chaleur moderne. Cette teinte terracotta sans HEMA ni TPO est conditionn\u00e9e dans un flacon professionnel de 10 ml. Offrant une couvrance compl\u00e8te et uniforme, c'est la teinte neutre parfaite pour cr\u00e9er des manucures et des designs avant-gardistes, \u00e0 la fois confortables et actuels.","breadcrumb":{"@id":"https:\/\/chromeclair.com\/product\/hematpo-free-solid-color-sr-23-17ml\/#breadcrumb"},"inLanguage":"fr-FR","potentialAction":[{"@type":"ReadAction","target":["https:\/\/chromeclair.com\/product\/hematpo-free-solid-color-sr-23-17ml\/"]}]},{"@type":"ImageObject","inLanguage":"fr-FR","@id":"https:\/\/chromeclair.com\/product\/hematpo-free-solid-color-sr-23-17ml\/#primaryimage","url":"https:\/\/chromeclair.com\/wp-content\/uploads\/2025\/12\/SR-23.webp","contentUrl":"https:\/\/chromeclair.com\/wp-content\/uploads\/2025\/12\/SR-23.webp","width":1000,"height":1000,"caption":"HEMA&TPO FREE SOLID COLOR SR-23 10ML CHROM\u00c9CLAIR"},{"@type":"BreadcrumbList","@id":"https:\/\/chromeclair.com\/product\/hematpo-free-solid-color-sr-23-17ml\/#breadcrumb","itemListElement":[{"@type":"ListItem","position":1,"name":"Home","item":"https:\/\/chromeclair.com\/"},{"@type":"ListItem","position":2,"name":"Shop","item":"https:\/\/chromeclair.com\/shop\/"},{"@type":"ListItem","position":3,"name":"HEMA&amp;TPO FREE SOLID COLOR SR-23 10ML"}]},{"@type":"WebSite","@id":"https:\/\/chromeclair.com\/#website","url":"https:\/\/chromeclair.com\/","name":"Vernis gel Cat Eye \u2013 Sans HEMA ni TPO","description":"Alors que d'autres se concentrent sur l'ajout de couleurs, nous nous concentrons sur l'utilisation d'ingr\u00e9dients plus s\u00fbrs.","publisher":{"@id":"https:\/\/chromeclair.com\/#organization"},"potentialAction":[{"@type":"SearchAction","target":{"@type":"EntryPoint","urlTemplate":"https:\/\/chromeclair.com\/?s={search_term_string}"},"query-input":{"@type":"PropertyValueSpecification","valueRequired":true,"valueName":"search_term_string"}}],"inLanguage":"fr-FR"},{"@type":"Organization","@id":"https:\/\/chromeclair.com\/#organization","name":"Vernis gel Cat Eye \u2013 Sans HEMA ni TPO","url":"https:\/\/chromeclair.com\/","logo":{"@type":"ImageObject","inLanguage":"fr-FR","@id":"https:\/\/chromeclair.com\/#\/schema\/logo\/image\/","url":"https:\/\/chromeclair.com\/wp-content\/uploads\/2025\/06\/cropped-CHROMECLAIR-Logo-scaled-1.png","contentUrl":"https:\/\/chromeclair.com\/wp-content\/uploads\/2025\/06\/cropped-CHROMECLAIR-Logo-scaled-1.png","width":2151,"height":429,"caption":"Cat Eye Gel Polish \u2013 HEMA-Free \uff06 TPO-Free"},"image":{"@id":"https:\/\/chromeclair.com\/#\/schema\/logo\/image\/"}}]}},"_links":{"self":[{"href":"https:\/\/chromeclair.com\/fr\/wp-json\/wp\/v2\/product\/10479","targetHints":{"allow":["GET"]}}],"collection":[{"href":"https:\/\/chromeclair.com\/fr\/wp-json\/wp\/v2\/product"}],"about":[{"href":"https:\/\/chromeclair.com\/fr\/wp-json\/wp\/v2\/types\/product"}],"replies":[{"embeddable":true,"href":"https:\/\/chromeclair.com\/fr\/wp-json\/wp\/v2\/comments?post=10479"}],"wp:featuredmedia":[{"embeddable":true,"href":"https:\/\/chromeclair.com\/fr\/wp-json\/wp\/v2\/media\/10480"}],"wp:attachment":[{"href":"https:\/\/chromeclair.com\/fr\/wp-json\/wp\/v2\/media?parent=10479"}],"wp:term":[{"taxonomy":"product_brand","embeddable":true,"href":"https:\/\/chromeclair.com\/fr\/wp-json\/wp\/v2\/product_brand?post=10479"},{"taxonomy":"product_cat","embeddable":true,"href":"https:\/\/chromeclair.com\/fr\/wp-json\/wp\/v2\/product_cat?post=10479"},{"taxonomy":"product_tag","embeddable":true,"href":"https:\/\/chromeclair.com\/fr\/wp-json\/wp\/v2\/product_tag?post=10479"}],"curies":[{"name":"wp","href":"https:\/\/api.w.org\/{rel}","templated":true}]}}