{"id":10645,"date":"2025-12-26T04:13:46","date_gmt":"2025-12-26T04:13:46","guid":{"rendered":"https:\/\/chromeclair.com\/?post_type=product&#038;p=10645"},"modified":"2026-04-13T03:47:59","modified_gmt":"2026-04-13T03:47:59","slug":"10ml-cat-eye-gel-polish-hema-free-and-tpo-free-ce12","status":"publish","type":"product","link":"https:\/\/chromeclair.com\/fr\/produit\/10ml-cat-eye-gel-polish-hema-free-and-tpo-free-ce12\/","title":{"rendered":"Vernis gel Cat Eye 10 ml sans HEMA ni TPO CE12"},"content":{"rendered":"<p>D\u00e9couvrez la magie cosmique sans engagement. <\/p>\n\n\n\n<p>Notre gel Cat Eye CE12 de 10 ml offre un effet \u201c galaxie \u201d complet dans un format id\u00e9al pour l'essayer. <\/p>\n\n\n\n<p>Cette base violette avec un effet magn\u00e9tique bleu-or offre la m\u00eame formule professionnelle, sans HEMA ni TPO, id\u00e9ale pour exp\u00e9rimenter des ongles duochromes \u00e9blouissants ou ajouter une nuance sp\u00e9ciale \u00e0 votre kit.<\/p>","protected":false},"excerpt":{"rendered":"<p>Doit \u00eatre utilis\u00e9 avec une lampe UV ou une lampe LED<\/p>","protected":false},"featured_media":10647,"comment_status":"open","ping_status":"closed","template":"","meta":[],"product_brand":[162],"product_cat":[209],"product_tag":[],"class_list":{"0":"post-10645","1":"product","2":"type-product","3":"status-publish","4":"has-post-thumbnail","6":"product_brand-chromeclair","7":"product_cat-cat-eye-gel-polish-10ml","9":"first","10":"instock","11":"shipping-taxable","12":"purchasable","13":"product-type-simple"},"yoast_head":"<!-- This site is optimized with the Yoast SEO plugin v26.4 - https:\/\/yoast.com\/wordpress\/plugins\/seo\/ -->\n<title>10ML Galaxy Purple Cat Eye Gel HEMA &amp; TPO Free CE12, Dual Magnetic Glitter -CHROM\u00c9CLAIR<\/title>\n<meta name=\"description\" content=\"The professional\u2019s choice for precision. CHROM\u00c9CLAIR 10ML mini bottle of CE12 delivers the same intense duochrome magnetic effect in a space-saving format. Perfect for salons to stock a wide color range or for artists who need less of this specialty purple with blue-gold flash. Performance, not size, compromised.\" \/>\n<meta name=\"robots\" content=\"index, follow, max-snippet:-1, max-image-preview:large, max-video-preview:-1\" \/>\n<link rel=\"canonical\" href=\"https:\/\/chromeclair.com\/fr\/produit\/10ml-cat-eye-gel-polish-hema-free-and-tpo-free-ce12\/\" \/>\n<meta property=\"og:locale\" content=\"fr_FR\" \/>\n<meta property=\"og:type\" content=\"article\" \/>\n<meta property=\"og:title\" content=\"10ML Galaxy Purple Cat Eye Gel HEMA &amp; TPO Free CE12, Dual Magnetic Glitter -CHROM\u00c9CLAIR\" \/>\n<meta property=\"og:description\" content=\"The professional\u2019s choice for precision. CHROM\u00c9CLAIR 10ML mini bottle of CE12 delivers the same intense duochrome magnetic effect in a space-saving format. Perfect for salons to stock a wide color range or for artists who need less of this specialty purple with blue-gold flash. Performance, not size, compromised.\" \/>\n<meta property=\"og:url\" content=\"https:\/\/chromeclair.com\/fr\/produit\/10ml-cat-eye-gel-polish-hema-free-and-tpo-free-ce12\/\" \/>\n<meta property=\"og:site_name\" content=\"Cat Eye Gel Polish \u2013 HEMA-Free \uff06 TPO-Free\" \/>\n<meta property=\"article:modified_time\" content=\"2026-04-13T03:47:59+00:00\" \/>\n<meta property=\"og:image\" content=\"https:\/\/chromeclair.com\/wp-content\/uploads\/2025\/12\/CE-12-1.webp\" \/>\n\t<meta property=\"og:image:width\" content=\"1000\" \/>\n\t<meta property=\"og:image:height\" content=\"1000\" \/>\n\t<meta property=\"og:image:type\" content=\"image\/webp\" \/>\n<meta name=\"twitter:card\" content=\"summary_large_image\" \/>\n<meta name=\"twitter:label1\" content=\"Dur\u00e9e de lecture estim\u00e9e\" \/>\n\t<meta name=\"twitter:data1\" content=\"1 minute\" \/>\n<script type=\"application\/ld+json\" class=\"yoast-schema-graph\">{\"@context\":\"https:\/\/schema.org\",\"@graph\":[{\"@type\":\"WebPage\",\"@id\":\"https:\/\/chromeclair.com\/product\/10ml-cat-eye-gel-polish-hema-free-and-tpo-free-ce12\/\",\"url\":\"https:\/\/chromeclair.com\/product\/10ml-cat-eye-gel-polish-hema-free-and-tpo-free-ce12\/\",\"name\":\"10ML Galaxy Purple Cat Eye Gel HEMA & TPO Free CE12, Dual Magnetic Glitter -CHROM\u00c9CLAIR\",\"isPartOf\":{\"@id\":\"https:\/\/chromeclair.com\/#website\"},\"primaryImageOfPage\":{\"@id\":\"https:\/\/chromeclair.com\/product\/10ml-cat-eye-gel-polish-hema-free-and-tpo-free-ce12\/#primaryimage\"},\"image\":{\"@id\":\"https:\/\/chromeclair.com\/product\/10ml-cat-eye-gel-polish-hema-free-and-tpo-free-ce12\/#primaryimage\"},\"thumbnailUrl\":\"https:\/\/chromeclair.com\/wp-content\/uploads\/2025\/12\/CE-12-1.webp\",\"datePublished\":\"2025-12-26T04:13:46+00:00\",\"dateModified\":\"2026-04-13T03:47:59+00:00\",\"description\":\"The professional\u2019s choice for precision. CHROM\u00c9CLAIR 10ML mini bottle of CE12 delivers the same intense duochrome magnetic effect in a space-saving format. Perfect for salons to stock a wide color range or for artists who need less of this specialty purple with blue-gold flash. Performance, not size, compromised.\",\"breadcrumb\":{\"@id\":\"https:\/\/chromeclair.com\/product\/10ml-cat-eye-gel-polish-hema-free-and-tpo-free-ce12\/#breadcrumb\"},\"inLanguage\":\"fr-FR\",\"potentialAction\":[{\"@type\":\"ReadAction\",\"target\":[\"https:\/\/chromeclair.com\/product\/10ml-cat-eye-gel-polish-hema-free-and-tpo-free-ce12\/\"]}]},{\"@type\":\"ImageObject\",\"inLanguage\":\"fr-FR\",\"@id\":\"https:\/\/chromeclair.com\/product\/10ml-cat-eye-gel-polish-hema-free-and-tpo-free-ce12\/#primaryimage\",\"url\":\"https:\/\/chromeclair.com\/wp-content\/uploads\/2025\/12\/CE-12-1.webp\",\"contentUrl\":\"https:\/\/chromeclair.com\/wp-content\/uploads\/2025\/12\/CE-12-1.webp\",\"width\":1000,\"height\":1000,\"caption\":\"10ML Cat Eye Gel Polish HEMA-Free and TPO-Free CE12\"},{\"@type\":\"BreadcrumbList\",\"@id\":\"https:\/\/chromeclair.com\/product\/10ml-cat-eye-gel-polish-hema-free-and-tpo-free-ce12\/#breadcrumb\",\"itemListElement\":[{\"@type\":\"ListItem\",\"position\":1,\"name\":\"Home\",\"item\":\"https:\/\/chromeclair.com\/\"},{\"@type\":\"ListItem\",\"position\":2,\"name\":\"Shop\",\"item\":\"https:\/\/chromeclair.com\/shop\/\"},{\"@type\":\"ListItem\",\"position\":3,\"name\":\"10ML Cat Eye Gel Polish HEMA-Free and TPO-Free CE12\"}]},{\"@type\":\"WebSite\",\"@id\":\"https:\/\/chromeclair.com\/#website\",\"url\":\"https:\/\/chromeclair.com\/\",\"name\":\"Cat Eye Gel Polish \u2013 HEMA-Free \uff06 TPO-Free\",\"description\":\"While others focus on having more colors, we focus on having safer ingredients.\",\"publisher\":{\"@id\":\"https:\/\/chromeclair.com\/#organization\"},\"potentialAction\":[{\"@type\":\"SearchAction\",\"target\":{\"@type\":\"EntryPoint\",\"urlTemplate\":\"https:\/\/chromeclair.com\/?s={search_term_string}\"},\"query-input\":{\"@type\":\"PropertyValueSpecification\",\"valueRequired\":true,\"valueName\":\"search_term_string\"}}],\"inLanguage\":\"fr-FR\"},{\"@type\":\"Organization\",\"@id\":\"https:\/\/chromeclair.com\/#organization\",\"name\":\"Cat Eye Gel Polish \u2013 HEMA-Free \uff06 TPO-Free\",\"url\":\"https:\/\/chromeclair.com\/\",\"logo\":{\"@type\":\"ImageObject\",\"inLanguage\":\"fr-FR\",\"@id\":\"https:\/\/chromeclair.com\/#\/schema\/logo\/image\/\",\"url\":\"https:\/\/chromeclair.com\/wp-content\/uploads\/2025\/06\/cropped-CHROMECLAIR-Logo-scaled-1.png\",\"contentUrl\":\"https:\/\/chromeclair.com\/wp-content\/uploads\/2025\/06\/cropped-CHROMECLAIR-Logo-scaled-1.png\",\"width\":2151,\"height\":429,\"caption\":\"Cat Eye Gel Polish \u2013 HEMA-Free \uff06 TPO-Free\"},\"image\":{\"@id\":\"https:\/\/chromeclair.com\/#\/schema\/logo\/image\/\"}}]}<\/script>\n<!-- \/ Yoast SEO plugin. -->","yoast_head_json":{"title":"Gel pour yeux de chat violet Galaxy 10 ml sans HEMA ni TPO CE12, paillettes magn\u00e9tiques doubles - CHROM\u00c9CLAIR","description":"Le choix des professionnels pour la pr\u00e9cision. Le mini flacon CHROM\u00c9CLAIR 10 ml de CE12 offre le m\u00eame effet magn\u00e9tique duochrome intense dans un format peu encombrant. Id\u00e9al pour les salons qui souhaitent proposer une large gamme de couleurs ou pour les artistes qui ont besoin d'une petite quantit\u00e9 de cette couleur sp\u00e9ciale violet avec des reflets bleu-or. La performance, pas la taille, est compromise.","robots":{"index":"index","follow":"follow","max-snippet":"max-snippet:-1","max-image-preview":"max-image-preview:large","max-video-preview":"max-video-preview:-1"},"canonical":"https:\/\/chromeclair.com\/fr\/produit\/10ml-cat-eye-gel-polish-hema-free-and-tpo-free-ce12\/","og_locale":"fr_FR","og_type":"article","og_title":"10ML Galaxy Purple Cat Eye Gel HEMA & TPO Free CE12, Dual Magnetic Glitter -CHROM\u00c9CLAIR","og_description":"The professional\u2019s choice for precision. CHROM\u00c9CLAIR 10ML mini bottle of CE12 delivers the same intense duochrome magnetic effect in a space-saving format. Perfect for salons to stock a wide color range or for artists who need less of this specialty purple with blue-gold flash. Performance, not size, compromised.","og_url":"https:\/\/chromeclair.com\/fr\/produit\/10ml-cat-eye-gel-polish-hema-free-and-tpo-free-ce12\/","og_site_name":"Cat Eye Gel Polish \u2013 HEMA-Free \uff06 TPO-Free","article_modified_time":"2026-04-13T03:47:59+00:00","og_image":[{"width":1000,"height":1000,"url":"https:\/\/chromeclair.com\/wp-content\/uploads\/2025\/12\/CE-12-1.webp","type":"image\/webp"}],"twitter_card":"summary_large_image","twitter_misc":{"Dur\u00e9e de lecture estim\u00e9e":"1 minute"},"schema":{"@context":"https:\/\/schema.org","@graph":[{"@type":"WebPage","@id":"https:\/\/chromeclair.com\/product\/10ml-cat-eye-gel-polish-hema-free-and-tpo-free-ce12\/","url":"https:\/\/chromeclair.com\/product\/10ml-cat-eye-gel-polish-hema-free-and-tpo-free-ce12\/","name":"Gel pour yeux de chat violet Galaxy 10 ml sans HEMA ni TPO CE12, paillettes magn\u00e9tiques doubles - CHROM\u00c9CLAIR","isPartOf":{"@id":"https:\/\/chromeclair.com\/#website"},"primaryImageOfPage":{"@id":"https:\/\/chromeclair.com\/product\/10ml-cat-eye-gel-polish-hema-free-and-tpo-free-ce12\/#primaryimage"},"image":{"@id":"https:\/\/chromeclair.com\/product\/10ml-cat-eye-gel-polish-hema-free-and-tpo-free-ce12\/#primaryimage"},"thumbnailUrl":"https:\/\/chromeclair.com\/wp-content\/uploads\/2025\/12\/CE-12-1.webp","datePublished":"2025-12-26T04:13:46+00:00","dateModified":"2026-04-13T03:47:59+00:00","description":"Le choix des professionnels pour la pr\u00e9cision. Le mini flacon CHROM\u00c9CLAIR 10 ml de CE12 offre le m\u00eame effet magn\u00e9tique duochrome intense dans un format peu encombrant. Id\u00e9al pour les salons qui souhaitent proposer une large gamme de couleurs ou pour les artistes qui ont besoin d'une petite quantit\u00e9 de cette couleur sp\u00e9ciale violet avec des reflets bleu-or. La performance, pas la taille, est compromise.","breadcrumb":{"@id":"https:\/\/chromeclair.com\/product\/10ml-cat-eye-gel-polish-hema-free-and-tpo-free-ce12\/#breadcrumb"},"inLanguage":"fr-FR","potentialAction":[{"@type":"ReadAction","target":["https:\/\/chromeclair.com\/product\/10ml-cat-eye-gel-polish-hema-free-and-tpo-free-ce12\/"]}]},{"@type":"ImageObject","inLanguage":"fr-FR","@id":"https:\/\/chromeclair.com\/product\/10ml-cat-eye-gel-polish-hema-free-and-tpo-free-ce12\/#primaryimage","url":"https:\/\/chromeclair.com\/wp-content\/uploads\/2025\/12\/CE-12-1.webp","contentUrl":"https:\/\/chromeclair.com\/wp-content\/uploads\/2025\/12\/CE-12-1.webp","width":1000,"height":1000,"caption":"10ML Cat Eye Gel Polish HEMA-Free and TPO-Free CE12"},{"@type":"BreadcrumbList","@id":"https:\/\/chromeclair.com\/product\/10ml-cat-eye-gel-polish-hema-free-and-tpo-free-ce12\/#breadcrumb","itemListElement":[{"@type":"ListItem","position":1,"name":"Home","item":"https:\/\/chromeclair.com\/"},{"@type":"ListItem","position":2,"name":"Shop","item":"https:\/\/chromeclair.com\/shop\/"},{"@type":"ListItem","position":3,"name":"10ML Cat Eye Gel Polish HEMA-Free and TPO-Free CE12"}]},{"@type":"WebSite","@id":"https:\/\/chromeclair.com\/#website","url":"https:\/\/chromeclair.com\/","name":"Vernis gel Cat Eye \u2013 Sans HEMA ni TPO","description":"Alors que d'autres se concentrent sur l'ajout de couleurs, nous nous concentrons sur l'utilisation d'ingr\u00e9dients plus s\u00fbrs.","publisher":{"@id":"https:\/\/chromeclair.com\/#organization"},"potentialAction":[{"@type":"SearchAction","target":{"@type":"EntryPoint","urlTemplate":"https:\/\/chromeclair.com\/?s={search_term_string}"},"query-input":{"@type":"PropertyValueSpecification","valueRequired":true,"valueName":"search_term_string"}}],"inLanguage":"fr-FR"},{"@type":"Organization","@id":"https:\/\/chromeclair.com\/#organization","name":"Vernis gel Cat Eye \u2013 Sans HEMA ni TPO","url":"https:\/\/chromeclair.com\/","logo":{"@type":"ImageObject","inLanguage":"fr-FR","@id":"https:\/\/chromeclair.com\/#\/schema\/logo\/image\/","url":"https:\/\/chromeclair.com\/wp-content\/uploads\/2025\/06\/cropped-CHROMECLAIR-Logo-scaled-1.png","contentUrl":"https:\/\/chromeclair.com\/wp-content\/uploads\/2025\/06\/cropped-CHROMECLAIR-Logo-scaled-1.png","width":2151,"height":429,"caption":"Cat Eye Gel Polish \u2013 HEMA-Free \uff06 TPO-Free"},"image":{"@id":"https:\/\/chromeclair.com\/#\/schema\/logo\/image\/"}}]}},"_links":{"self":[{"href":"https:\/\/chromeclair.com\/fr\/wp-json\/wp\/v2\/product\/10645","targetHints":{"allow":["GET"]}}],"collection":[{"href":"https:\/\/chromeclair.com\/fr\/wp-json\/wp\/v2\/product"}],"about":[{"href":"https:\/\/chromeclair.com\/fr\/wp-json\/wp\/v2\/types\/product"}],"replies":[{"embeddable":true,"href":"https:\/\/chromeclair.com\/fr\/wp-json\/wp\/v2\/comments?post=10645"}],"wp:featuredmedia":[{"embeddable":true,"href":"https:\/\/chromeclair.com\/fr\/wp-json\/wp\/v2\/media\/10647"}],"wp:attachment":[{"href":"https:\/\/chromeclair.com\/fr\/wp-json\/wp\/v2\/media?parent=10645"}],"wp:term":[{"taxonomy":"product_brand","embeddable":true,"href":"https:\/\/chromeclair.com\/fr\/wp-json\/wp\/v2\/product_brand?post=10645"},{"taxonomy":"product_cat","embeddable":true,"href":"https:\/\/chromeclair.com\/fr\/wp-json\/wp\/v2\/product_cat?post=10645"},{"taxonomy":"product_tag","embeddable":true,"href":"https:\/\/chromeclair.com\/fr\/wp-json\/wp\/v2\/product_tag?post=10645"}],"curies":[{"name":"wp","href":"https:\/\/api.w.org\/{rel}","templated":true}]}}