{"id":10648,"date":"2025-12-26T04:17:48","date_gmt":"2025-12-26T04:17:48","guid":{"rendered":"https:\/\/chromeclair.com\/?post_type=product&#038;p=10648"},"modified":"2026-04-13T03:47:33","modified_gmt":"2026-04-13T03:47:33","slug":"10ml-cat-eye-gel-polish-hema-free-and-tpo-free-ce13","status":"publish","type":"product","link":"https:\/\/chromeclair.com\/fr\/produit\/10ml-cat-eye-gel-polish-hema-free-and-tpo-free-ce13\/","title":{"rendered":"Gel vernis \u00e0 ongles Cat Eye 10 ml sans HEMA ni TPO CE13"},"content":{"rendered":"<p>Un effet de qualit\u00e9 professionnelle dans un format compact. <\/p>\n\n\n\n<p>Ce flacon de 10 ml de CE13 offre le m\u00eame changement intense de couleur, passant du violet au vert, tant appr\u00e9ci\u00e9 des artistes. <\/p>\n\n\n\n<p>Id\u00e9al pour les salons qui souhaitent proposer des effets uniques ou r\u00e9aliser des nail arts d\u00e9taill\u00e9s, il offre une cr\u00e9ativit\u00e9 maximale pour un encombrement minimal. <\/p>\n\n\n\n<p>Formul\u00e9 sans HEMA ni TPO.<\/p>\n\n\n\n<p><\/p>","protected":false},"excerpt":{"rendered":"<p>Doit \u00eatre utilis\u00e9 avec une lampe UV ou une lampe LED<\/p>","protected":false},"featured_media":10649,"comment_status":"open","ping_status":"closed","template":"","meta":[],"product_brand":[162],"product_cat":[209],"product_tag":[],"class_list":{"0":"post-10648","1":"product","2":"type-product","3":"status-publish","4":"has-post-thumbnail","6":"product_brand-chromeclair","7":"product_cat-cat-eye-gel-polish-10ml","9":"first","10":"instock","11":"shipping-taxable","12":"purchasable","13":"product-type-simple"},"yoast_head":"<!-- This site is optimized with the Yoast SEO plugin v26.4 - https:\/\/yoast.com\/wordpress\/plugins\/seo\/ -->\n<title>10ML Peacock Cat Eye Gel HEMA &amp; TPO Free CE13, Purple with Blue-Green Shift-CHROM\u00c9CLAIR<\/title>\n<meta name=\"description\" content=\"Capture the magic of a peacock&#039;s feather in a perfect 10ML size. CHROM\u00c9CLAIR CE13 transforms from deep mystic purple to flashes of emerald green with a swipe of the magnet. This HEMA &amp; TPO Free mini gel is ideal for creating stunning accent nails or experimenting with this mesmerizing duochrome effect without a full-size commitment.\" \/>\n<meta name=\"robots\" content=\"index, follow, max-snippet:-1, max-image-preview:large, max-video-preview:-1\" \/>\n<link rel=\"canonical\" href=\"https:\/\/chromeclair.com\/fr\/produit\/10ml-cat-eye-gel-polish-hema-free-and-tpo-free-ce13\/\" \/>\n<meta property=\"og:locale\" content=\"fr_FR\" \/>\n<meta property=\"og:type\" content=\"article\" \/>\n<meta property=\"og:title\" content=\"10ML Peacock Cat Eye Gel HEMA &amp; TPO Free CE13, Purple with Blue-Green Shift-CHROM\u00c9CLAIR\" \/>\n<meta property=\"og:description\" content=\"Capture the magic of a peacock&#039;s feather in a perfect 10ML size. CHROM\u00c9CLAIR CE13 transforms from deep mystic purple to flashes of emerald green with a swipe of the magnet. This HEMA &amp; TPO Free mini gel is ideal for creating stunning accent nails or experimenting with this mesmerizing duochrome effect without a full-size commitment.\" \/>\n<meta property=\"og:url\" content=\"https:\/\/chromeclair.com\/fr\/produit\/10ml-cat-eye-gel-polish-hema-free-and-tpo-free-ce13\/\" \/>\n<meta property=\"og:site_name\" content=\"Cat Eye Gel Polish \u2013 HEMA-Free \uff06 TPO-Free\" \/>\n<meta property=\"article:modified_time\" content=\"2026-04-13T03:47:33+00:00\" \/>\n<meta property=\"og:image\" content=\"https:\/\/chromeclair.com\/wp-content\/uploads\/2025\/12\/CE-13.webp\" \/>\n\t<meta property=\"og:image:width\" content=\"1000\" \/>\n\t<meta property=\"og:image:height\" content=\"1000\" \/>\n\t<meta property=\"og:image:type\" content=\"image\/webp\" \/>\n<meta name=\"twitter:card\" content=\"summary_large_image\" \/>\n<meta name=\"twitter:label1\" content=\"Dur\u00e9e de lecture estim\u00e9e\" \/>\n\t<meta name=\"twitter:data1\" content=\"1 minute\" \/>\n<script type=\"application\/ld+json\" class=\"yoast-schema-graph\">{\"@context\":\"https:\/\/schema.org\",\"@graph\":[{\"@type\":\"WebPage\",\"@id\":\"https:\/\/chromeclair.com\/product\/10ml-cat-eye-gel-polish-hema-free-and-tpo-free-ce13\/\",\"url\":\"https:\/\/chromeclair.com\/product\/10ml-cat-eye-gel-polish-hema-free-and-tpo-free-ce13\/\",\"name\":\"10ML Peacock Cat Eye Gel HEMA & TPO Free CE13, Purple with Blue-Green Shift-CHROM\u00c9CLAIR\",\"isPartOf\":{\"@id\":\"https:\/\/chromeclair.com\/#website\"},\"primaryImageOfPage\":{\"@id\":\"https:\/\/chromeclair.com\/product\/10ml-cat-eye-gel-polish-hema-free-and-tpo-free-ce13\/#primaryimage\"},\"image\":{\"@id\":\"https:\/\/chromeclair.com\/product\/10ml-cat-eye-gel-polish-hema-free-and-tpo-free-ce13\/#primaryimage\"},\"thumbnailUrl\":\"https:\/\/chromeclair.com\/wp-content\/uploads\/2025\/12\/CE-13.webp\",\"datePublished\":\"2025-12-26T04:17:48+00:00\",\"dateModified\":\"2026-04-13T03:47:33+00:00\",\"description\":\"Capture the magic of a peacock's feather in a perfect 10ML size. CHROM\u00c9CLAIR CE13 transforms from deep mystic purple to flashes of emerald green with a swipe of the magnet. This HEMA & TPO Free mini gel is ideal for creating stunning accent nails or experimenting with this mesmerizing duochrome effect without a full-size commitment.\",\"breadcrumb\":{\"@id\":\"https:\/\/chromeclair.com\/product\/10ml-cat-eye-gel-polish-hema-free-and-tpo-free-ce13\/#breadcrumb\"},\"inLanguage\":\"fr-FR\",\"potentialAction\":[{\"@type\":\"ReadAction\",\"target\":[\"https:\/\/chromeclair.com\/product\/10ml-cat-eye-gel-polish-hema-free-and-tpo-free-ce13\/\"]}]},{\"@type\":\"ImageObject\",\"inLanguage\":\"fr-FR\",\"@id\":\"https:\/\/chromeclair.com\/product\/10ml-cat-eye-gel-polish-hema-free-and-tpo-free-ce13\/#primaryimage\",\"url\":\"https:\/\/chromeclair.com\/wp-content\/uploads\/2025\/12\/CE-13.webp\",\"contentUrl\":\"https:\/\/chromeclair.com\/wp-content\/uploads\/2025\/12\/CE-13.webp\",\"width\":1000,\"height\":1000,\"caption\":\"10ML Cat Eye Gel Polish HEMA-Free and TPO-Free CE13\"},{\"@type\":\"BreadcrumbList\",\"@id\":\"https:\/\/chromeclair.com\/product\/10ml-cat-eye-gel-polish-hema-free-and-tpo-free-ce13\/#breadcrumb\",\"itemListElement\":[{\"@type\":\"ListItem\",\"position\":1,\"name\":\"Home\",\"item\":\"https:\/\/chromeclair.com\/\"},{\"@type\":\"ListItem\",\"position\":2,\"name\":\"Shop\",\"item\":\"https:\/\/chromeclair.com\/shop\/\"},{\"@type\":\"ListItem\",\"position\":3,\"name\":\"10ML Cat Eye Gel Polish HEMA-Free and TPO-Free CE13\"}]},{\"@type\":\"WebSite\",\"@id\":\"https:\/\/chromeclair.com\/#website\",\"url\":\"https:\/\/chromeclair.com\/\",\"name\":\"Cat Eye Gel Polish \u2013 HEMA-Free \uff06 TPO-Free\",\"description\":\"While others focus on having more colors, we focus on having safer ingredients.\",\"publisher\":{\"@id\":\"https:\/\/chromeclair.com\/#organization\"},\"potentialAction\":[{\"@type\":\"SearchAction\",\"target\":{\"@type\":\"EntryPoint\",\"urlTemplate\":\"https:\/\/chromeclair.com\/?s={search_term_string}\"},\"query-input\":{\"@type\":\"PropertyValueSpecification\",\"valueRequired\":true,\"valueName\":\"search_term_string\"}}],\"inLanguage\":\"fr-FR\"},{\"@type\":\"Organization\",\"@id\":\"https:\/\/chromeclair.com\/#organization\",\"name\":\"Cat Eye Gel Polish \u2013 HEMA-Free \uff06 TPO-Free\",\"url\":\"https:\/\/chromeclair.com\/\",\"logo\":{\"@type\":\"ImageObject\",\"inLanguage\":\"fr-FR\",\"@id\":\"https:\/\/chromeclair.com\/#\/schema\/logo\/image\/\",\"url\":\"https:\/\/chromeclair.com\/wp-content\/uploads\/2025\/06\/cropped-CHROMECLAIR-Logo-scaled-1.png\",\"contentUrl\":\"https:\/\/chromeclair.com\/wp-content\/uploads\/2025\/06\/cropped-CHROMECLAIR-Logo-scaled-1.png\",\"width\":2151,\"height\":429,\"caption\":\"Cat Eye Gel Polish \u2013 HEMA-Free \uff06 TPO-Free\"},\"image\":{\"@id\":\"https:\/\/chromeclair.com\/#\/schema\/logo\/image\/\"}}]}<\/script>\n<!-- \/ Yoast SEO plugin. -->","yoast_head_json":{"title":"Gel Peacock Cat Eye 10 ml sans HEMA ni TPO CE13, violet avec reflets bleu-vert - CHROM\u00c9CLAIR","description":"Capturez la magie d'une plume de paon dans un format parfait de 10 ml. CHROM\u00c9CLAIR CE13 passe d'un violet mystique profond \u00e0 des reflets vert \u00e9meraude d'un simple coup de pinceau magn\u00e9tique. Ce mini gel sans HEMA ni TPO est id\u00e9al pour cr\u00e9er des ongles accentu\u00e9s \u00e9poustouflants ou pour exp\u00e9rimenter cet effet duochrome envo\u00fbtant sans avoir \u00e0 s'engager dans un format standard.","robots":{"index":"index","follow":"follow","max-snippet":"max-snippet:-1","max-image-preview":"max-image-preview:large","max-video-preview":"max-video-preview:-1"},"canonical":"https:\/\/chromeclair.com\/fr\/produit\/10ml-cat-eye-gel-polish-hema-free-and-tpo-free-ce13\/","og_locale":"fr_FR","og_type":"article","og_title":"10ML Peacock Cat Eye Gel HEMA & TPO Free CE13, Purple with Blue-Green Shift-CHROM\u00c9CLAIR","og_description":"Capture the magic of a peacock's feather in a perfect 10ML size. CHROM\u00c9CLAIR CE13 transforms from deep mystic purple to flashes of emerald green with a swipe of the magnet. This HEMA & TPO Free mini gel is ideal for creating stunning accent nails or experimenting with this mesmerizing duochrome effect without a full-size commitment.","og_url":"https:\/\/chromeclair.com\/fr\/produit\/10ml-cat-eye-gel-polish-hema-free-and-tpo-free-ce13\/","og_site_name":"Cat Eye Gel Polish \u2013 HEMA-Free \uff06 TPO-Free","article_modified_time":"2026-04-13T03:47:33+00:00","og_image":[{"width":1000,"height":1000,"url":"https:\/\/chromeclair.com\/wp-content\/uploads\/2025\/12\/CE-13.webp","type":"image\/webp"}],"twitter_card":"summary_large_image","twitter_misc":{"Dur\u00e9e de lecture estim\u00e9e":"1 minute"},"schema":{"@context":"https:\/\/schema.org","@graph":[{"@type":"WebPage","@id":"https:\/\/chromeclair.com\/product\/10ml-cat-eye-gel-polish-hema-free-and-tpo-free-ce13\/","url":"https:\/\/chromeclair.com\/product\/10ml-cat-eye-gel-polish-hema-free-and-tpo-free-ce13\/","name":"Gel Peacock Cat Eye 10 ml sans HEMA ni TPO CE13, violet avec reflets bleu-vert - CHROM\u00c9CLAIR","isPartOf":{"@id":"https:\/\/chromeclair.com\/#website"},"primaryImageOfPage":{"@id":"https:\/\/chromeclair.com\/product\/10ml-cat-eye-gel-polish-hema-free-and-tpo-free-ce13\/#primaryimage"},"image":{"@id":"https:\/\/chromeclair.com\/product\/10ml-cat-eye-gel-polish-hema-free-and-tpo-free-ce13\/#primaryimage"},"thumbnailUrl":"https:\/\/chromeclair.com\/wp-content\/uploads\/2025\/12\/CE-13.webp","datePublished":"2025-12-26T04:17:48+00:00","dateModified":"2026-04-13T03:47:33+00:00","description":"Capturez la magie d'une plume de paon dans un format parfait de 10 ml. CHROM\u00c9CLAIR CE13 passe d'un violet mystique profond \u00e0 des reflets vert \u00e9meraude d'un simple coup de pinceau magn\u00e9tique. Ce mini gel sans HEMA ni TPO est id\u00e9al pour cr\u00e9er des ongles accentu\u00e9s \u00e9poustouflants ou pour exp\u00e9rimenter cet effet duochrome envo\u00fbtant sans avoir \u00e0 s'engager dans un format standard.","breadcrumb":{"@id":"https:\/\/chromeclair.com\/product\/10ml-cat-eye-gel-polish-hema-free-and-tpo-free-ce13\/#breadcrumb"},"inLanguage":"fr-FR","potentialAction":[{"@type":"ReadAction","target":["https:\/\/chromeclair.com\/product\/10ml-cat-eye-gel-polish-hema-free-and-tpo-free-ce13\/"]}]},{"@type":"ImageObject","inLanguage":"fr-FR","@id":"https:\/\/chromeclair.com\/product\/10ml-cat-eye-gel-polish-hema-free-and-tpo-free-ce13\/#primaryimage","url":"https:\/\/chromeclair.com\/wp-content\/uploads\/2025\/12\/CE-13.webp","contentUrl":"https:\/\/chromeclair.com\/wp-content\/uploads\/2025\/12\/CE-13.webp","width":1000,"height":1000,"caption":"10ML Cat Eye Gel Polish HEMA-Free and TPO-Free CE13"},{"@type":"BreadcrumbList","@id":"https:\/\/chromeclair.com\/product\/10ml-cat-eye-gel-polish-hema-free-and-tpo-free-ce13\/#breadcrumb","itemListElement":[{"@type":"ListItem","position":1,"name":"Home","item":"https:\/\/chromeclair.com\/"},{"@type":"ListItem","position":2,"name":"Shop","item":"https:\/\/chromeclair.com\/shop\/"},{"@type":"ListItem","position":3,"name":"10ML Cat Eye Gel Polish HEMA-Free and TPO-Free CE13"}]},{"@type":"WebSite","@id":"https:\/\/chromeclair.com\/#website","url":"https:\/\/chromeclair.com\/","name":"Vernis gel Cat Eye \u2013 Sans HEMA ni TPO","description":"Alors que d'autres se concentrent sur l'ajout de couleurs, nous nous concentrons sur l'utilisation d'ingr\u00e9dients plus s\u00fbrs.","publisher":{"@id":"https:\/\/chromeclair.com\/#organization"},"potentialAction":[{"@type":"SearchAction","target":{"@type":"EntryPoint","urlTemplate":"https:\/\/chromeclair.com\/?s={search_term_string}"},"query-input":{"@type":"PropertyValueSpecification","valueRequired":true,"valueName":"search_term_string"}}],"inLanguage":"fr-FR"},{"@type":"Organization","@id":"https:\/\/chromeclair.com\/#organization","name":"Vernis gel Cat Eye \u2013 Sans HEMA ni TPO","url":"https:\/\/chromeclair.com\/","logo":{"@type":"ImageObject","inLanguage":"fr-FR","@id":"https:\/\/chromeclair.com\/#\/schema\/logo\/image\/","url":"https:\/\/chromeclair.com\/wp-content\/uploads\/2025\/06\/cropped-CHROMECLAIR-Logo-scaled-1.png","contentUrl":"https:\/\/chromeclair.com\/wp-content\/uploads\/2025\/06\/cropped-CHROMECLAIR-Logo-scaled-1.png","width":2151,"height":429,"caption":"Cat Eye Gel Polish \u2013 HEMA-Free \uff06 TPO-Free"},"image":{"@id":"https:\/\/chromeclair.com\/#\/schema\/logo\/image\/"}}]}},"_links":{"self":[{"href":"https:\/\/chromeclair.com\/fr\/wp-json\/wp\/v2\/product\/10648","targetHints":{"allow":["GET"]}}],"collection":[{"href":"https:\/\/chromeclair.com\/fr\/wp-json\/wp\/v2\/product"}],"about":[{"href":"https:\/\/chromeclair.com\/fr\/wp-json\/wp\/v2\/types\/product"}],"replies":[{"embeddable":true,"href":"https:\/\/chromeclair.com\/fr\/wp-json\/wp\/v2\/comments?post=10648"}],"wp:featuredmedia":[{"embeddable":true,"href":"https:\/\/chromeclair.com\/fr\/wp-json\/wp\/v2\/media\/10649"}],"wp:attachment":[{"href":"https:\/\/chromeclair.com\/fr\/wp-json\/wp\/v2\/media?parent=10648"}],"wp:term":[{"taxonomy":"product_brand","embeddable":true,"href":"https:\/\/chromeclair.com\/fr\/wp-json\/wp\/v2\/product_brand?post=10648"},{"taxonomy":"product_cat","embeddable":true,"href":"https:\/\/chromeclair.com\/fr\/wp-json\/wp\/v2\/product_cat?post=10648"},{"taxonomy":"product_tag","embeddable":true,"href":"https:\/\/chromeclair.com\/fr\/wp-json\/wp\/v2\/product_tag?post=10648"}],"curies":[{"name":"wp","href":"https:\/\/api.w.org\/{rel}","templated":true}]}}