{"id":11035,"date":"2026-02-02T07:03:47","date_gmt":"2026-02-02T07:03:47","guid":{"rendered":"https:\/\/chromeclair.com\/?post_type=product&#038;p=11035"},"modified":"2026-04-13T03:28:18","modified_gmt":"2026-04-13T03:28:18","slug":"city-series-barcelona-nail-polish-set","status":"publish","type":"product","link":"https:\/\/chromeclair.com\/fr\/product\/city-series-barcelona-nail-polish-set\/","title":{"rendered":"City Series : Barcelona Gel Polish Set"},"content":{"rendered":"<p>Saisissez le rythme de Barcelone. <\/p>\n\n\n\n<p>Cet ensemble danse \u00e0 travers toutes les nuances de rouge : <\/p>\n\n\n\n<p>le cramoisi flamenco ardent d'une robe tourbillonnante, l'\u00e9clat chaud de la sangria d'une soir\u00e9e en terrasse, le terracotta terreux des carreaux cuits au soleil<\/p>\n\n\n\n<p>Et la vibrante mosa\u00efque de Gaudi se d\u00e9tachant sur le ciel bleu. Portez la passion, l'art et la vie de la Catalogne.<\/p>\n\n\n\n<p><\/p>","protected":false},"excerpt":{"rendered":"<p>Doit \u00eatre utilis\u00e9 avec une lampe UV ou une lampe LED<\/p>","protected":false},"featured_media":11036,"comment_status":"open","ping_status":"closed","template":"","meta":[],"product_brand":[162],"product_cat":[50],"product_tag":[],"class_list":{"0":"post-11035","1":"product","2":"type-product","3":"status-publish","4":"has-post-thumbnail","6":"product_brand-chromeclair","7":"product_cat-gel-polish-sets","9":"first","10":"instock","11":"shipping-taxable","12":"purchasable","13":"product-type-simple"},"yoast_head":"<!-- This site is optimized with the Yoast SEO plugin v27.4 - https:\/\/yoast.com\/product\/yoast-seo-wordpress\/ -->\n<title>City Series: Barcelona Hema&amp;Tpo free Flamenco Red &amp; Gaudi&#039;s Palette Gel Set CHROM\u00c9CLAIR<\/title>\n<meta name=\"description\" content=\"Capture the rhythm of Barcelona. CHROM\u00c9CLAIR set dances through every shade of red: the fiery Flamenco Crimson of a swirling dress, the warm Sangria Glow of a terrace evening, the earthy Terracotta of sun-baked tiles, and the vibrant Gaudi&#039;s Mosaic popping against blue sky. Wear the passion, art, and life of Catalonia.\" \/>\n<meta name=\"robots\" content=\"index, follow, max-snippet:-1, max-image-preview:large, max-video-preview:-1\" \/>\n<link rel=\"canonical\" href=\"https:\/\/chromeclair.com\/fr\/produit\/city-series-barcelona-nail-polish-set\/\" \/>\n<meta property=\"og:locale\" content=\"fr_FR\" \/>\n<meta property=\"og:type\" content=\"article\" \/>\n<meta property=\"og:title\" content=\"City Series: Barcelona Hema&amp;Tpo free Flamenco Red &amp; Gaudi&#039;s Palette Gel Set CHROM\u00c9CLAIR\" \/>\n<meta property=\"og:description\" content=\"Capture the rhythm of Barcelona. CHROM\u00c9CLAIR set dances through every shade of red: the fiery Flamenco Crimson of a swirling dress, the warm Sangria Glow of a terrace evening, the earthy Terracotta of sun-baked tiles, and the vibrant Gaudi&#039;s Mosaic popping against blue sky. Wear the passion, art, and life of Catalonia.\" \/>\n<meta property=\"og:url\" content=\"https:\/\/chromeclair.com\/fr\/produit\/city-series-barcelona-nail-polish-set\/\" \/>\n<meta property=\"og:site_name\" content=\"Cat Eye Gel Polish \u2013 HEMA-Free \uff06 TPO-Free\" \/>\n<meta property=\"article:modified_time\" content=\"2026-04-13T03:28:18+00:00\" \/>\n<meta property=\"og:image\" content=\"https:\/\/chromeclair.com\/wp-content\/uploads\/2026\/02\/\u897f\u73ed\u7259-\u5df4\u585e\u7f57\u90a3.webp\" \/>\n\t<meta property=\"og:image:width\" content=\"1000\" \/>\n\t<meta property=\"og:image:height\" content=\"1000\" \/>\n\t<meta property=\"og:image:type\" content=\"image\/webp\" \/>\n<meta name=\"twitter:card\" content=\"summary_large_image\" \/>\n<meta name=\"twitter:label1\" content=\"Dur\u00e9e de lecture estim\u00e9e\" \/>\n\t<meta name=\"twitter:data1\" content=\"1 minute\" \/>\n<script type=\"application\/ld+json\" class=\"yoast-schema-graph\">{\"@context\":\"https:\\\/\\\/schema.org\",\"@graph\":[{\"@type\":\"WebPage\",\"@id\":\"https:\\\/\\\/chromeclair.com\\\/product\\\/city-series-barcelona-nail-polish-set\\\/\",\"url\":\"https:\\\/\\\/chromeclair.com\\\/product\\\/city-series-barcelona-nail-polish-set\\\/\",\"name\":\"City Series: Barcelona Hema&Tpo free Flamenco Red & Gaudi's Palette Gel Set CHROM\u00c9CLAIR\",\"isPartOf\":{\"@id\":\"https:\\\/\\\/chromeclair.com\\\/#website\"},\"primaryImageOfPage\":{\"@id\":\"https:\\\/\\\/chromeclair.com\\\/product\\\/city-series-barcelona-nail-polish-set\\\/#primaryimage\"},\"image\":{\"@id\":\"https:\\\/\\\/chromeclair.com\\\/product\\\/city-series-barcelona-nail-polish-set\\\/#primaryimage\"},\"thumbnailUrl\":\"https:\\\/\\\/chromeclair.com\\\/wp-content\\\/uploads\\\/2026\\\/02\\\/\u897f\u73ed\u7259-\u5df4\u585e\u7f57\u90a3.webp\",\"datePublished\":\"2026-02-02T07:03:47+00:00\",\"dateModified\":\"2026-04-13T03:28:18+00:00\",\"description\":\"Capture the rhythm of Barcelona. CHROM\u00c9CLAIR set dances through every shade of red: the fiery Flamenco Crimson of a swirling dress, the warm Sangria Glow of a terrace evening, the earthy Terracotta of sun-baked tiles, and the vibrant Gaudi's Mosaic popping against blue sky. Wear the passion, art, and life of Catalonia.\",\"inLanguage\":\"fr-FR\",\"potentialAction\":[{\"@type\":\"ReadAction\",\"target\":[\"https:\\\/\\\/chromeclair.com\\\/product\\\/city-series-barcelona-nail-polish-set\\\/\"]}]},{\"@type\":\"ImageObject\",\"inLanguage\":\"fr-FR\",\"@id\":\"https:\\\/\\\/chromeclair.com\\\/product\\\/city-series-barcelona-nail-polish-set\\\/#primaryimage\",\"url\":\"https:\\\/\\\/chromeclair.com\\\/wp-content\\\/uploads\\\/2026\\\/02\\\/\u897f\u73ed\u7259-\u5df4\u585e\u7f57\u90a3.webp\",\"contentUrl\":\"https:\\\/\\\/chromeclair.com\\\/wp-content\\\/uploads\\\/2026\\\/02\\\/\u897f\u73ed\u7259-\u5df4\u585e\u7f57\u90a3.webp\",\"width\":1000,\"height\":1000,\"caption\":\"City Series: Barcelona | Nail Gel Polish Set Hema & Tpo free\"},{\"@type\":\"WebSite\",\"@id\":\"https:\\\/\\\/chromeclair.com\\\/#website\",\"url\":\"https:\\\/\\\/chromeclair.com\\\/\",\"name\":\"Cat Eye Gel Polish \u2013 HEMA-Free \uff06 TPO-Free\",\"description\":\"While others focus on having more colors, we focus on having safer ingredients.\",\"publisher\":{\"@id\":\"https:\\\/\\\/chromeclair.com\\\/#organization\"},\"potentialAction\":[{\"@type\":\"SearchAction\",\"target\":{\"@type\":\"EntryPoint\",\"urlTemplate\":\"https:\\\/\\\/chromeclair.com\\\/?s={search_term_string}\"},\"query-input\":{\"@type\":\"PropertyValueSpecification\",\"valueRequired\":true,\"valueName\":\"search_term_string\"}}],\"inLanguage\":\"fr-FR\"},{\"@type\":\"Organization\",\"@id\":\"https:\\\/\\\/chromeclair.com\\\/#organization\",\"name\":\"Cat Eye Gel Polish \u2013 HEMA-Free \uff06 TPO-Free\",\"url\":\"https:\\\/\\\/chromeclair.com\\\/\",\"logo\":{\"@type\":\"ImageObject\",\"inLanguage\":\"fr-FR\",\"@id\":\"https:\\\/\\\/chromeclair.com\\\/#\\\/schema\\\/logo\\\/image\\\/\",\"url\":\"https:\\\/\\\/chromeclair.com\\\/wp-content\\\/uploads\\\/2025\\\/06\\\/cropped-CHROMECLAIR-Logo-scaled-1.png\",\"contentUrl\":\"https:\\\/\\\/chromeclair.com\\\/wp-content\\\/uploads\\\/2025\\\/06\\\/cropped-CHROMECLAIR-Logo-scaled-1.png\",\"width\":2151,\"height\":429,\"caption\":\"Cat Eye Gel Polish \u2013 HEMA-Free \uff06 TPO-Free\"},\"image\":{\"@id\":\"https:\\\/\\\/chromeclair.com\\\/#\\\/schema\\\/logo\\\/image\\\/\"}}]}<\/script>\n<!-- \/ Yoast SEO plugin. -->","yoast_head_json":{"title":"City Series : Barcelone Hema&amp;Tpo gratuit Flamenco Red &amp; Gaudi's Palette Gel Set CHROM\u00c9CLAIR","description":"Capturez le rythme de Barcelone. Le set CHROM\u00c9CLAIR danse \u00e0 travers toutes les nuances de rouge : le cramoisi ardent du flamenco d'une robe tourbillonnante, l'\u00e9clat chaud de la sangria d'une soir\u00e9e sur une terrasse, la terre cuite des tuiles br\u00fbl\u00e9es par le soleil et la mosa\u00efque vibrante de Gaudi qui se d\u00e9tache sur le ciel bleu. Portez la passion, l'art et la vie de la Catalogne.","robots":{"index":"index","follow":"follow","max-snippet":"max-snippet:-1","max-image-preview":"max-image-preview:large","max-video-preview":"max-video-preview:-1"},"canonical":"https:\/\/chromeclair.com\/fr\/produit\/city-series-barcelona-nail-polish-set\/","og_locale":"fr_FR","og_type":"article","og_title":"City Series: Barcelona Hema&Tpo free Flamenco Red & Gaudi's Palette Gel Set CHROM\u00c9CLAIR","og_description":"Capture the rhythm of Barcelona. CHROM\u00c9CLAIR set dances through every shade of red: the fiery Flamenco Crimson of a swirling dress, the warm Sangria Glow of a terrace evening, the earthy Terracotta of sun-baked tiles, and the vibrant Gaudi's Mosaic popping against blue sky. Wear the passion, art, and life of Catalonia.","og_url":"https:\/\/chromeclair.com\/fr\/produit\/city-series-barcelona-nail-polish-set\/","og_site_name":"Cat Eye Gel Polish \u2013 HEMA-Free \uff06 TPO-Free","article_modified_time":"2026-04-13T03:28:18+00:00","og_image":[{"width":1000,"height":1000,"url":"https:\/\/chromeclair.com\/wp-content\/uploads\/2026\/02\/\u897f\u73ed\u7259-\u5df4\u585e\u7f57\u90a3.webp","type":"image\/webp"}],"twitter_card":"summary_large_image","twitter_misc":{"Dur\u00e9e de lecture estim\u00e9e":"1 minute"},"schema":{"@context":"https:\/\/schema.org","@graph":[{"@type":"WebPage","@id":"https:\/\/chromeclair.com\/product\/city-series-barcelona-nail-polish-set\/","url":"https:\/\/chromeclair.com\/product\/city-series-barcelona-nail-polish-set\/","name":"City Series : Barcelone Hema&amp;Tpo gratuit Flamenco Red &amp; Gaudi's Palette Gel Set CHROM\u00c9CLAIR","isPartOf":{"@id":"https:\/\/chromeclair.com\/#website"},"primaryImageOfPage":{"@id":"https:\/\/chromeclair.com\/product\/city-series-barcelona-nail-polish-set\/#primaryimage"},"image":{"@id":"https:\/\/chromeclair.com\/product\/city-series-barcelona-nail-polish-set\/#primaryimage"},"thumbnailUrl":"https:\/\/chromeclair.com\/wp-content\/uploads\/2026\/02\/\u897f\u73ed\u7259-\u5df4\u585e\u7f57\u90a3.webp","datePublished":"2026-02-02T07:03:47+00:00","dateModified":"2026-04-13T03:28:18+00:00","description":"Capturez le rythme de Barcelone. Le set CHROM\u00c9CLAIR danse \u00e0 travers toutes les nuances de rouge : le cramoisi ardent du flamenco d'une robe tourbillonnante, l'\u00e9clat chaud de la sangria d'une soir\u00e9e sur une terrasse, la terre cuite des tuiles br\u00fbl\u00e9es par le soleil et la mosa\u00efque vibrante de Gaudi qui se d\u00e9tache sur le ciel bleu. Portez la passion, l'art et la vie de la Catalogne.","inLanguage":"fr-FR","potentialAction":[{"@type":"ReadAction","target":["https:\/\/chromeclair.com\/product\/city-series-barcelona-nail-polish-set\/"]}]},{"@type":"ImageObject","inLanguage":"fr-FR","@id":"https:\/\/chromeclair.com\/product\/city-series-barcelona-nail-polish-set\/#primaryimage","url":"https:\/\/chromeclair.com\/wp-content\/uploads\/2026\/02\/\u897f\u73ed\u7259-\u5df4\u585e\u7f57\u90a3.webp","contentUrl":"https:\/\/chromeclair.com\/wp-content\/uploads\/2026\/02\/\u897f\u73ed\u7259-\u5df4\u585e\u7f57\u90a3.webp","width":1000,"height":1000,"caption":"City Series: Barcelona | Nail Gel Polish Set Hema & Tpo free"},{"@type":"WebSite","@id":"https:\/\/chromeclair.com\/#website","url":"https:\/\/chromeclair.com\/","name":"Vernis gel Cat Eye \u2013 Sans HEMA ni TPO","description":"Alors que d'autres se concentrent sur l'ajout de couleurs, nous nous concentrons sur l'utilisation d'ingr\u00e9dients plus s\u00fbrs.","publisher":{"@id":"https:\/\/chromeclair.com\/#organization"},"potentialAction":[{"@type":"SearchAction","target":{"@type":"EntryPoint","urlTemplate":"https:\/\/chromeclair.com\/?s={search_term_string}"},"query-input":{"@type":"PropertyValueSpecification","valueRequired":true,"valueName":"search_term_string"}}],"inLanguage":"fr-FR"},{"@type":"Organization","@id":"https:\/\/chromeclair.com\/#organization","name":"Vernis gel Cat Eye \u2013 Sans HEMA ni TPO","url":"https:\/\/chromeclair.com\/","logo":{"@type":"ImageObject","inLanguage":"fr-FR","@id":"https:\/\/chromeclair.com\/#\/schema\/logo\/image\/","url":"https:\/\/chromeclair.com\/wp-content\/uploads\/2025\/06\/cropped-CHROMECLAIR-Logo-scaled-1.png","contentUrl":"https:\/\/chromeclair.com\/wp-content\/uploads\/2025\/06\/cropped-CHROMECLAIR-Logo-scaled-1.png","width":2151,"height":429,"caption":"Cat Eye Gel Polish \u2013 HEMA-Free \uff06 TPO-Free"},"image":{"@id":"https:\/\/chromeclair.com\/#\/schema\/logo\/image\/"}}]}},"_links":{"self":[{"href":"https:\/\/chromeclair.com\/fr\/wp-json\/wp\/v2\/product\/11035","targetHints":{"allow":["GET"]}}],"collection":[{"href":"https:\/\/chromeclair.com\/fr\/wp-json\/wp\/v2\/product"}],"about":[{"href":"https:\/\/chromeclair.com\/fr\/wp-json\/wp\/v2\/types\/product"}],"replies":[{"embeddable":true,"href":"https:\/\/chromeclair.com\/fr\/wp-json\/wp\/v2\/comments?post=11035"}],"wp:featuredmedia":[{"embeddable":true,"href":"https:\/\/chromeclair.com\/fr\/wp-json\/wp\/v2\/media\/11036"}],"wp:attachment":[{"href":"https:\/\/chromeclair.com\/fr\/wp-json\/wp\/v2\/media?parent=11035"}],"wp:term":[{"taxonomy":"product_brand","embeddable":true,"href":"https:\/\/chromeclair.com\/fr\/wp-json\/wp\/v2\/product_brand?post=11035"},{"taxonomy":"product_cat","embeddable":true,"href":"https:\/\/chromeclair.com\/fr\/wp-json\/wp\/v2\/product_cat?post=11035"},{"taxonomy":"product_tag","embeddable":true,"href":"https:\/\/chromeclair.com\/fr\/wp-json\/wp\/v2\/product_tag?post=11035"}],"curies":[{"name":"wp","href":"https:\/\/api.w.org\/{rel}","templated":true}]}}