{"id":11050,"date":"2026-02-03T08:06:43","date_gmt":"2026-02-03T08:06:43","guid":{"rendered":"https:\/\/chromeclair.com\/?post_type=product&#038;p=11050"},"modified":"2026-04-13T03:25:25","modified_gmt":"2026-04-13T03:25:25","slug":"nail-gel-polish-organizer-display","status":"publish","type":"product","link":"https:\/\/chromeclair.com\/fr\/product\/nail-gel-polish-organizer-display\/","title":{"rendered":"Organisateur et pr\u00e9sentoir de vernis \u00e0 ongles"},"content":{"rendered":"<p>Le kit comprend : 1 couverture, 4 pages int\u00e9rieures, 100 perles transparentes et une feuille de chiffres autocollants.<\/p>\n\n\n\n<p>Transformez votre espace de travail chaotique en une vitrine professionnelle. <\/p>\n\n\n\n<p>Cet organisateur de grande capacit\u00e9 affiche clairement plus de 100 bouteilles pour une s\u00e9lection instantan\u00e9e, ce qui acc\u00e9l\u00e8re le temps de service. <\/p>\n\n\n\n<p>Il s'agit donc de l'outil d'efficacit\u00e9 ultime pour les proth\u00e9sistes ongulaires s\u00e9rieuses et les salons de coiffure prosp\u00e8res.<\/p>","protected":false},"excerpt":{"rendered":"<p>Le kit comprend : 1 couverture, 4 pages int\u00e9rieures, 100 perles transparentes et une feuille de chiffres autocollants. Transformez votre espace de travail en une vitrine professionnelle. Cet organisateur de grande capacit\u00e9 affiche clairement plus de 100 flacons pour une s\u00e9lection instantan\u00e9e, acc\u00e9l\u00e9rant ainsi votre temps de service. Il s'agit de l'outil d'efficacit\u00e9 ultime pour les proth\u00e9sistes ongulaires s\u00e9rieuses et les salons prosp\u00e8res.<\/p>","protected":false},"featured_media":11051,"comment_status":"open","ping_status":"closed","template":"","meta":[],"product_brand":[162],"product_cat":[182],"product_tag":[],"class_list":{"0":"post-11050","1":"product","2":"type-product","3":"status-publish","4":"has-post-thumbnail","6":"product_brand-chromeclair","7":"product_cat-tools-accessories","9":"first","10":"instock","11":"shipping-taxable","12":"purchasable","13":"product-type-simple"},"yoast_head":"<!-- This site is optimized with the Yoast SEO plugin v27.4 - https:\/\/yoast.com\/product\/yoast-seo-wordpress\/ -->\n<title>Nail Polish Organizer &amp; Display | Salon-Worthy Storage for 100+ Bottles CHROM\u00c9CLAIR<\/title>\n<meta name=\"description\" content=\"Declutter with elegance. Our sleek organizer eliminates the \u201cjunk drawer\u201d of nail supplies. Its thoughtful design offers clear visibility and quick access to every bottle, whether you own 50 or 150. Made from durable materials, it\u2019s the simple, smart solution to bring order and beauty to your vanity or salon station.\" \/>\n<meta name=\"robots\" content=\"index, follow, max-snippet:-1, max-image-preview:large, max-video-preview:-1\" \/>\n<link rel=\"canonical\" href=\"https:\/\/chromeclair.com\/fr\/produit\/nail-gel-polish-organizer-display\/\" \/>\n<meta property=\"og:locale\" content=\"fr_FR\" \/>\n<meta property=\"og:type\" content=\"article\" \/>\n<meta property=\"og:title\" content=\"Nail Polish Organizer &amp; Display | Salon-Worthy Storage for 100+ Bottles CHROM\u00c9CLAIR\" \/>\n<meta property=\"og:description\" content=\"Declutter with elegance. Our sleek organizer eliminates the \u201cjunk drawer\u201d of nail supplies. Its thoughtful design offers clear visibility and quick access to every bottle, whether you own 50 or 150. Made from durable materials, it\u2019s the simple, smart solution to bring order and beauty to your vanity or salon station.\" \/>\n<meta property=\"og:url\" content=\"https:\/\/chromeclair.com\/fr\/produit\/nail-gel-polish-organizer-display\/\" \/>\n<meta property=\"og:site_name\" content=\"Cat Eye Gel Polish \u2013 HEMA-Free \uff06 TPO-Free\" \/>\n<meta property=\"article:modified_time\" content=\"2026-04-13T03:25:25+00:00\" \/>\n<meta property=\"og:image\" content=\"https:\/\/chromeclair.com\/wp-content\/uploads\/2026\/02\/Tool-book1.webp\" \/>\n\t<meta property=\"og:image:width\" content=\"1125\" \/>\n\t<meta property=\"og:image:height\" content=\"1125\" \/>\n\t<meta property=\"og:image:type\" content=\"image\/webp\" \/>\n<meta name=\"twitter:card\" content=\"summary_large_image\" \/>\n<meta name=\"twitter:label1\" content=\"Dur\u00e9e de lecture estim\u00e9e\" \/>\n\t<meta name=\"twitter:data1\" content=\"1 minute\" \/>\n<script type=\"application\/ld+json\" class=\"yoast-schema-graph\">{\"@context\":\"https:\\\/\\\/schema.org\",\"@graph\":[{\"@type\":\"WebPage\",\"@id\":\"https:\\\/\\\/chromeclair.com\\\/product\\\/nail-gel-polish-organizer-display\\\/\",\"url\":\"https:\\\/\\\/chromeclair.com\\\/product\\\/nail-gel-polish-organizer-display\\\/\",\"name\":\"Nail Polish Organizer & Display | Salon-Worthy Storage for 100+ Bottles CHROM\u00c9CLAIR\",\"isPartOf\":{\"@id\":\"https:\\\/\\\/chromeclair.com\\\/#website\"},\"primaryImageOfPage\":{\"@id\":\"https:\\\/\\\/chromeclair.com\\\/product\\\/nail-gel-polish-organizer-display\\\/#primaryimage\"},\"image\":{\"@id\":\"https:\\\/\\\/chromeclair.com\\\/product\\\/nail-gel-polish-organizer-display\\\/#primaryimage\"},\"thumbnailUrl\":\"https:\\\/\\\/chromeclair.com\\\/wp-content\\\/uploads\\\/2026\\\/02\\\/Tool-book1.webp\",\"datePublished\":\"2026-02-03T08:06:43+00:00\",\"dateModified\":\"2026-04-13T03:25:25+00:00\",\"description\":\"Declutter with elegance. Our sleek organizer eliminates the \u201cjunk drawer\u201d of nail supplies. Its thoughtful design offers clear visibility and quick access to every bottle, whether you own 50 or 150. Made from durable materials, it\u2019s the simple, smart solution to bring order and beauty to your vanity or salon station.\",\"inLanguage\":\"fr-FR\",\"potentialAction\":[{\"@type\":\"ReadAction\",\"target\":[\"https:\\\/\\\/chromeclair.com\\\/product\\\/nail-gel-polish-organizer-display\\\/\"]}]},{\"@type\":\"ImageObject\",\"inLanguage\":\"fr-FR\",\"@id\":\"https:\\\/\\\/chromeclair.com\\\/product\\\/nail-gel-polish-organizer-display\\\/#primaryimage\",\"url\":\"https:\\\/\\\/chromeclair.com\\\/wp-content\\\/uploads\\\/2026\\\/02\\\/Tool-book1.webp\",\"contentUrl\":\"https:\\\/\\\/chromeclair.com\\\/wp-content\\\/uploads\\\/2026\\\/02\\\/Tool-book1.webp\",\"width\":1125,\"height\":1125,\"caption\":\"Nail Organizer & Display\"},{\"@type\":\"WebSite\",\"@id\":\"https:\\\/\\\/chromeclair.com\\\/#website\",\"url\":\"https:\\\/\\\/chromeclair.com\\\/\",\"name\":\"Cat Eye Gel Polish \u2013 HEMA-Free \uff06 TPO-Free\",\"description\":\"While others focus on having more colors, we focus on having safer ingredients.\",\"publisher\":{\"@id\":\"https:\\\/\\\/chromeclair.com\\\/#organization\"},\"potentialAction\":[{\"@type\":\"SearchAction\",\"target\":{\"@type\":\"EntryPoint\",\"urlTemplate\":\"https:\\\/\\\/chromeclair.com\\\/?s={search_term_string}\"},\"query-input\":{\"@type\":\"PropertyValueSpecification\",\"valueRequired\":true,\"valueName\":\"search_term_string\"}}],\"inLanguage\":\"fr-FR\"},{\"@type\":\"Organization\",\"@id\":\"https:\\\/\\\/chromeclair.com\\\/#organization\",\"name\":\"Cat Eye Gel Polish \u2013 HEMA-Free \uff06 TPO-Free\",\"url\":\"https:\\\/\\\/chromeclair.com\\\/\",\"logo\":{\"@type\":\"ImageObject\",\"inLanguage\":\"fr-FR\",\"@id\":\"https:\\\/\\\/chromeclair.com\\\/#\\\/schema\\\/logo\\\/image\\\/\",\"url\":\"https:\\\/\\\/chromeclair.com\\\/wp-content\\\/uploads\\\/2025\\\/06\\\/cropped-CHROMECLAIR-Logo-scaled-1.png\",\"contentUrl\":\"https:\\\/\\\/chromeclair.com\\\/wp-content\\\/uploads\\\/2025\\\/06\\\/cropped-CHROMECLAIR-Logo-scaled-1.png\",\"width\":2151,\"height\":429,\"caption\":\"Cat Eye Gel Polish \u2013 HEMA-Free \uff06 TPO-Free\"},\"image\":{\"@id\":\"https:\\\/\\\/chromeclair.com\\\/#\\\/schema\\\/logo\\\/image\\\/\"}}]}<\/script>\n<!-- \/ Yoast SEO plugin. -->","yoast_head_json":{"title":"Organisateur et pr\u00e9sentoir de vernis \u00e0 ongles | Stockage digne d'un salon pour 100+ flacons CHROM\u00c9CLAIR","description":"D\u00e9sencombrez avec \u00e9l\u00e9gance. Notre organisateur \u00e9l\u00e9gant \u00e9limine le \u201ctiroir \u00e0 bric-\u00e0-brac\u201d des fournitures pour ongles. Son design bien pens\u00e9 offre une visibilit\u00e9 claire et un acc\u00e8s rapide \u00e0 chaque bouteille, que vous en poss\u00e9diez 50 ou 150. Fabriqu\u00e9 \u00e0 partir de mat\u00e9riaux durables, c'est la solution simple et intelligente pour mettre de l'ordre et de la beaut\u00e9 dans votre vanit\u00e9 ou votre station de salon.","robots":{"index":"index","follow":"follow","max-snippet":"max-snippet:-1","max-image-preview":"max-image-preview:large","max-video-preview":"max-video-preview:-1"},"canonical":"https:\/\/chromeclair.com\/fr\/produit\/nail-gel-polish-organizer-display\/","og_locale":"fr_FR","og_type":"article","og_title":"Nail Polish Organizer & Display | Salon-Worthy Storage for 100+ Bottles CHROM\u00c9CLAIR","og_description":"Declutter with elegance. Our sleek organizer eliminates the \u201cjunk drawer\u201d of nail supplies. Its thoughtful design offers clear visibility and quick access to every bottle, whether you own 50 or 150. Made from durable materials, it\u2019s the simple, smart solution to bring order and beauty to your vanity or salon station.","og_url":"https:\/\/chromeclair.com\/fr\/produit\/nail-gel-polish-organizer-display\/","og_site_name":"Cat Eye Gel Polish \u2013 HEMA-Free \uff06 TPO-Free","article_modified_time":"2026-04-13T03:25:25+00:00","og_image":[{"width":1125,"height":1125,"url":"https:\/\/chromeclair.com\/wp-content\/uploads\/2026\/02\/Tool-book1.webp","type":"image\/webp"}],"twitter_card":"summary_large_image","twitter_misc":{"Dur\u00e9e de lecture estim\u00e9e":"1 minute"},"schema":{"@context":"https:\/\/schema.org","@graph":[{"@type":"WebPage","@id":"https:\/\/chromeclair.com\/product\/nail-gel-polish-organizer-display\/","url":"https:\/\/chromeclair.com\/product\/nail-gel-polish-organizer-display\/","name":"Organisateur et pr\u00e9sentoir de vernis \u00e0 ongles | Stockage digne d'un salon pour 100+ flacons CHROM\u00c9CLAIR","isPartOf":{"@id":"https:\/\/chromeclair.com\/#website"},"primaryImageOfPage":{"@id":"https:\/\/chromeclair.com\/product\/nail-gel-polish-organizer-display\/#primaryimage"},"image":{"@id":"https:\/\/chromeclair.com\/product\/nail-gel-polish-organizer-display\/#primaryimage"},"thumbnailUrl":"https:\/\/chromeclair.com\/wp-content\/uploads\/2026\/02\/Tool-book1.webp","datePublished":"2026-02-03T08:06:43+00:00","dateModified":"2026-04-13T03:25:25+00:00","description":"D\u00e9sencombrez avec \u00e9l\u00e9gance. Notre organisateur \u00e9l\u00e9gant \u00e9limine le \u201ctiroir \u00e0 bric-\u00e0-brac\u201d des fournitures pour ongles. Son design bien pens\u00e9 offre une visibilit\u00e9 claire et un acc\u00e8s rapide \u00e0 chaque bouteille, que vous en poss\u00e9diez 50 ou 150. Fabriqu\u00e9 \u00e0 partir de mat\u00e9riaux durables, c'est la solution simple et intelligente pour mettre de l'ordre et de la beaut\u00e9 dans votre vanit\u00e9 ou votre station de salon.","inLanguage":"fr-FR","potentialAction":[{"@type":"ReadAction","target":["https:\/\/chromeclair.com\/product\/nail-gel-polish-organizer-display\/"]}]},{"@type":"ImageObject","inLanguage":"fr-FR","@id":"https:\/\/chromeclair.com\/product\/nail-gel-polish-organizer-display\/#primaryimage","url":"https:\/\/chromeclair.com\/wp-content\/uploads\/2026\/02\/Tool-book1.webp","contentUrl":"https:\/\/chromeclair.com\/wp-content\/uploads\/2026\/02\/Tool-book1.webp","width":1125,"height":1125,"caption":"Nail Organizer & Display"},{"@type":"WebSite","@id":"https:\/\/chromeclair.com\/#website","url":"https:\/\/chromeclair.com\/","name":"Vernis gel Cat Eye \u2013 Sans HEMA ni TPO","description":"Alors que d'autres se concentrent sur l'ajout de couleurs, nous nous concentrons sur l'utilisation d'ingr\u00e9dients plus s\u00fbrs.","publisher":{"@id":"https:\/\/chromeclair.com\/#organization"},"potentialAction":[{"@type":"SearchAction","target":{"@type":"EntryPoint","urlTemplate":"https:\/\/chromeclair.com\/?s={search_term_string}"},"query-input":{"@type":"PropertyValueSpecification","valueRequired":true,"valueName":"search_term_string"}}],"inLanguage":"fr-FR"},{"@type":"Organization","@id":"https:\/\/chromeclair.com\/#organization","name":"Vernis gel Cat Eye \u2013 Sans HEMA ni TPO","url":"https:\/\/chromeclair.com\/","logo":{"@type":"ImageObject","inLanguage":"fr-FR","@id":"https:\/\/chromeclair.com\/#\/schema\/logo\/image\/","url":"https:\/\/chromeclair.com\/wp-content\/uploads\/2025\/06\/cropped-CHROMECLAIR-Logo-scaled-1.png","contentUrl":"https:\/\/chromeclair.com\/wp-content\/uploads\/2025\/06\/cropped-CHROMECLAIR-Logo-scaled-1.png","width":2151,"height":429,"caption":"Cat Eye Gel Polish \u2013 HEMA-Free \uff06 TPO-Free"},"image":{"@id":"https:\/\/chromeclair.com\/#\/schema\/logo\/image\/"}}]}},"_links":{"self":[{"href":"https:\/\/chromeclair.com\/fr\/wp-json\/wp\/v2\/product\/11050","targetHints":{"allow":["GET"]}}],"collection":[{"href":"https:\/\/chromeclair.com\/fr\/wp-json\/wp\/v2\/product"}],"about":[{"href":"https:\/\/chromeclair.com\/fr\/wp-json\/wp\/v2\/types\/product"}],"replies":[{"embeddable":true,"href":"https:\/\/chromeclair.com\/fr\/wp-json\/wp\/v2\/comments?post=11050"}],"wp:featuredmedia":[{"embeddable":true,"href":"https:\/\/chromeclair.com\/fr\/wp-json\/wp\/v2\/media\/11051"}],"wp:attachment":[{"href":"https:\/\/chromeclair.com\/fr\/wp-json\/wp\/v2\/media?parent=11050"}],"wp:term":[{"taxonomy":"product_brand","embeddable":true,"href":"https:\/\/chromeclair.com\/fr\/wp-json\/wp\/v2\/product_brand?post=11050"},{"taxonomy":"product_cat","embeddable":true,"href":"https:\/\/chromeclair.com\/fr\/wp-json\/wp\/v2\/product_cat?post=11050"},{"taxonomy":"product_tag","embeddable":true,"href":"https:\/\/chromeclair.com\/fr\/wp-json\/wp\/v2\/product_tag?post=11050"}],"curies":[{"name":"wp","href":"https:\/\/api.w.org\/{rel}","templated":true}]}}