{"id":7239,"date":"2025-06-19T08:46:07","date_gmt":"2025-06-19T08:46:07","guid":{"rendered":"https:\/\/chromeclair.com\/?post_type=product&#038;p=7239"},"modified":"2026-04-13T06:14:45","modified_gmt":"2026-04-13T06:14:45","slug":"hema-free-gel-polish-17ml-7pcs","status":"publish","type":"product","link":"https:\/\/chromeclair.com\/fr\/product\/hema-free-gel-polish-17ml-7pcs\/","title":{"rendered":"UV1 Gel Polish Sets 17ml 7PCS"},"content":{"rendered":"<p><strong>Ingr\u00e9dients<\/strong>:<\/p>\n\n\n\n<p><br>monom\u00e8re ACMO, photo-initiateur TMO, huile de soja \u00e9poxyd\u00e9e, noir de carbone blanc, poudre de mica sec, pigment bleu 29, nano dioxyde de titane, oxyde de fer, oxyde de fer jaune, oxyde de fer noir, violet de mangan\u00e8se, copolym\u00e8re acrylique (ester).<\/p>\n\n\n\n<p><strong>1 PCS base coat (17ML) \uff06 5 PCS color gel (17ML) \uff06 1 PCS top coat (17ML).<\/strong><\/p>\n\n\n\n<p><strong>Ingr\u00e9dients am\u00e9lior\u00e9s :&nbsp;<\/strong>Sans HEMA, sans TPO, sans HPMA, conforme \u00e0 la norme europ\u00e9enne.<\/p>\n\n\n\n<p><strong>La conception des bouteilles change la donne :&nbsp;<\/strong>Les couleurs affich\u00e9es sur le fond et les c\u00f4t\u00e9s du flacon correspondent \u00e0 la couleur du vernis \u00e0 ongles contenu dans le flacon.<\/p>\n\n\n\n<p><strong>Capacit\u00e9 am\u00e9lior\u00e9e :&nbsp;<\/strong>D'une grande capacit\u00e9 de 17 ml, il peut \u00eatre utilis\u00e9 \u00e0 diverses occasions et tout au long de l'ann\u00e9e.<\/p>\n\n\n\n<p><strong>Longue dur\u00e9e :&nbsp;<\/strong>Le vernis gel CHROM\u00c9CLAIR peut durer plus de 20 jours.<\/p>\n\n\n\n<p><strong>S\u00e9chage rapide :&nbsp;<\/strong>durcir pendant 30 \u00e0 60 secondes sous une lampe \u00e0 ongles UV ou LED.<\/p>\n\n\n\n<p><strong>Si vous souhaitez en acheter davantage, veuillez nous contacter par WhatsApp \u00e0 +8615169027439, et nous vous ferons b\u00e9n\u00e9ficier d'une remise personnalis\u00e9e.<\/strong><\/p>\n\n\n\n<p><\/p>","protected":false},"excerpt":{"rendered":"<p>Doit \u00eatre utilis\u00e9 avec une lampe UV ou une lampe LED<\/p>","protected":false},"featured_media":7381,"comment_status":"open","ping_status":"closed","template":"","meta":[],"product_brand":[162],"product_cat":[50],"product_tag":[],"class_list":{"0":"post-7239","1":"product","2":"type-product","3":"status-publish","4":"has-post-thumbnail","6":"product_brand-chromeclair","7":"product_cat-gel-polish-sets","9":"first","10":"instock","11":"sale","12":"shipping-taxable","13":"purchasable","14":"product-type-simple"},"yoast_head":"<!-- This site is optimized with the Yoast SEO plugin v27.4 - https:\/\/yoast.com\/product\/yoast-seo-wordpress\/ -->\n<title>HEMA free Gel Polish and TPO-free Gel Polish - CHROM\u00c9CLAIR Gel Polish<\/title>\n<meta name=\"description\" content=\"CHROM\u00c9CLAIR Gel Nail Polish has updated its Hema\/HPMA\/TPO Free &amp; Vegan and Non-TOXIC formula to enjoy a safer, healthier and more environmentally friendly.\" \/>\n<meta name=\"robots\" content=\"index, follow, max-snippet:-1, max-image-preview:large, max-video-preview:-1\" \/>\n<link rel=\"canonical\" href=\"https:\/\/chromeclair.com\/fr\/produit\/gel-polish-sans-hematome-17ml-7pcs-2\/\" \/>\n<meta property=\"og:locale\" content=\"fr_FR\" \/>\n<meta property=\"og:type\" content=\"article\" \/>\n<meta property=\"og:title\" content=\"HEMA free Gel Polish and TPO-free Gel Polish - CHROM\u00c9CLAIR Gel Polish\" \/>\n<meta property=\"og:description\" content=\"CHROM\u00c9CLAIR Gel Nail Polish has updated its Hema\/HPMA\/TPO Free &amp; Vegan and Non-TOXIC formula to enjoy a safer, healthier and more environmentally friendly.\" \/>\n<meta property=\"og:url\" content=\"https:\/\/chromeclair.com\/fr\/produit\/gel-polish-sans-hematome-17ml-7pcs-2\/\" \/>\n<meta property=\"og:site_name\" content=\"Cat Eye Gel Polish \u2013 HEMA-Free \uff06 TPO-Free\" \/>\n<meta property=\"article:modified_time\" content=\"2026-04-13T06:14:45+00:00\" \/>\n<meta property=\"og:image\" content=\"https:\/\/chromeclair.com\/wp-content\/uploads\/2025\/06\/CHROMECLAIR-Gel-polish-7PCS-SETS-UV1.jpg\" \/>\n\t<meta property=\"og:image:width\" content=\"1920\" \/>\n\t<meta property=\"og:image:height\" content=\"1788\" \/>\n\t<meta property=\"og:image:type\" content=\"image\/jpeg\" \/>\n<meta name=\"twitter:card\" content=\"summary_large_image\" \/>\n<meta name=\"twitter:label1\" content=\"Dur\u00e9e de lecture estim\u00e9e\" \/>\n\t<meta name=\"twitter:data1\" content=\"1 minute\" \/>\n<script type=\"application\/ld+json\" class=\"yoast-schema-graph\">{\"@context\":\"https:\\\/\\\/schema.org\",\"@graph\":[{\"@type\":\"WebPage\",\"@id\":\"https:\\\/\\\/chromeclair.com\\\/product\\\/hema-free-gel-polish-17ml-7pcs\\\/\",\"url\":\"https:\\\/\\\/chromeclair.com\\\/product\\\/hema-free-gel-polish-17ml-7pcs\\\/\",\"name\":\"HEMA free Gel Polish and TPO-free Gel Polish - CHROM\u00c9CLAIR Gel Polish\",\"isPartOf\":{\"@id\":\"https:\\\/\\\/chromeclair.com\\\/#website\"},\"primaryImageOfPage\":{\"@id\":\"https:\\\/\\\/chromeclair.com\\\/product\\\/hema-free-gel-polish-17ml-7pcs\\\/#primaryimage\"},\"image\":{\"@id\":\"https:\\\/\\\/chromeclair.com\\\/product\\\/hema-free-gel-polish-17ml-7pcs\\\/#primaryimage\"},\"thumbnailUrl\":\"https:\\\/\\\/chromeclair.com\\\/wp-content\\\/uploads\\\/2025\\\/06\\\/CHROMECLAIR-Gel-polish-7PCS-SETS-UV1.jpg\",\"datePublished\":\"2025-06-19T08:46:07+00:00\",\"dateModified\":\"2026-04-13T06:14:45+00:00\",\"description\":\"CHROM\u00c9CLAIR Gel Nail Polish has updated its Hema\\\/HPMA\\\/TPO Free & Vegan and Non-TOXIC formula to enjoy a safer, healthier and more environmentally friendly.\",\"inLanguage\":\"fr-FR\",\"potentialAction\":[{\"@type\":\"ReadAction\",\"target\":[\"https:\\\/\\\/chromeclair.com\\\/product\\\/hema-free-gel-polish-17ml-7pcs\\\/\"]}]},{\"@type\":\"ImageObject\",\"inLanguage\":\"fr-FR\",\"@id\":\"https:\\\/\\\/chromeclair.com\\\/product\\\/hema-free-gel-polish-17ml-7pcs\\\/#primaryimage\",\"url\":\"https:\\\/\\\/chromeclair.com\\\/wp-content\\\/uploads\\\/2025\\\/06\\\/CHROMECLAIR-Gel-polish-7PCS-SETS-UV1.jpg\",\"contentUrl\":\"https:\\\/\\\/chromeclair.com\\\/wp-content\\\/uploads\\\/2025\\\/06\\\/CHROMECLAIR-Gel-polish-7PCS-SETS-UV1.jpg\",\"width\":1920,\"height\":1788,\"caption\":\"CHROM\u00c9CLAIR Gel polish 7PCS SETS UV1\"},{\"@type\":\"WebSite\",\"@id\":\"https:\\\/\\\/chromeclair.com\\\/#website\",\"url\":\"https:\\\/\\\/chromeclair.com\\\/\",\"name\":\"Cat Eye Gel Polish \u2013 HEMA-Free \uff06 TPO-Free\",\"description\":\"While others focus on having more colors, we focus on having safer ingredients.\",\"publisher\":{\"@id\":\"https:\\\/\\\/chromeclair.com\\\/#organization\"},\"potentialAction\":[{\"@type\":\"SearchAction\",\"target\":{\"@type\":\"EntryPoint\",\"urlTemplate\":\"https:\\\/\\\/chromeclair.com\\\/?s={search_term_string}\"},\"query-input\":{\"@type\":\"PropertyValueSpecification\",\"valueRequired\":true,\"valueName\":\"search_term_string\"}}],\"inLanguage\":\"fr-FR\"},{\"@type\":\"Organization\",\"@id\":\"https:\\\/\\\/chromeclair.com\\\/#organization\",\"name\":\"Cat Eye Gel Polish \u2013 HEMA-Free \uff06 TPO-Free\",\"url\":\"https:\\\/\\\/chromeclair.com\\\/\",\"logo\":{\"@type\":\"ImageObject\",\"inLanguage\":\"fr-FR\",\"@id\":\"https:\\\/\\\/chromeclair.com\\\/#\\\/schema\\\/logo\\\/image\\\/\",\"url\":\"https:\\\/\\\/chromeclair.com\\\/wp-content\\\/uploads\\\/2025\\\/06\\\/cropped-CHROMECLAIR-Logo-scaled-1.png\",\"contentUrl\":\"https:\\\/\\\/chromeclair.com\\\/wp-content\\\/uploads\\\/2025\\\/06\\\/cropped-CHROMECLAIR-Logo-scaled-1.png\",\"width\":2151,\"height\":429,\"caption\":\"Cat Eye Gel Polish \u2013 HEMA-Free \uff06 TPO-Free\"},\"image\":{\"@id\":\"https:\\\/\\\/chromeclair.com\\\/#\\\/schema\\\/logo\\\/image\\\/\"}}]}<\/script>\n<!-- \/ Yoast SEO plugin. -->","yoast_head_json":{"title":"Gel Polish sans HEMA et sans TPO - CHROM\u00c9CLAIR Gel Polish","description":"Le vernis \u00e0 ongles en gel CHROM\u00c9CLAIR a mis \u00e0 jour sa formule Hema\/HPMA\/TPO Free &amp; Vegan et Non-TOXIC pour profiter d'une formule plus s\u00fbre, plus saine et plus respectueuse de l'environnement.","robots":{"index":"index","follow":"follow","max-snippet":"max-snippet:-1","max-image-preview":"max-image-preview:large","max-video-preview":"max-video-preview:-1"},"canonical":"https:\/\/chromeclair.com\/fr\/produit\/gel-polish-sans-hematome-17ml-7pcs-2\/","og_locale":"fr_FR","og_type":"article","og_title":"HEMA free Gel Polish and TPO-free Gel Polish - CHROM\u00c9CLAIR Gel Polish","og_description":"CHROM\u00c9CLAIR Gel Nail Polish has updated its Hema\/HPMA\/TPO Free & Vegan and Non-TOXIC formula to enjoy a safer, healthier and more environmentally friendly.","og_url":"https:\/\/chromeclair.com\/fr\/produit\/gel-polish-sans-hematome-17ml-7pcs-2\/","og_site_name":"Cat Eye Gel Polish \u2013 HEMA-Free \uff06 TPO-Free","article_modified_time":"2026-04-13T06:14:45+00:00","og_image":[{"width":1920,"height":1788,"url":"https:\/\/chromeclair.com\/wp-content\/uploads\/2025\/06\/CHROMECLAIR-Gel-polish-7PCS-SETS-UV1.jpg","type":"image\/jpeg"}],"twitter_card":"summary_large_image","twitter_misc":{"Dur\u00e9e de lecture estim\u00e9e":"1 minute"},"schema":{"@context":"https:\/\/schema.org","@graph":[{"@type":"WebPage","@id":"https:\/\/chromeclair.com\/product\/hema-free-gel-polish-17ml-7pcs\/","url":"https:\/\/chromeclair.com\/product\/hema-free-gel-polish-17ml-7pcs\/","name":"Gel Polish sans HEMA et sans TPO - CHROM\u00c9CLAIR Gel Polish","isPartOf":{"@id":"https:\/\/chromeclair.com\/#website"},"primaryImageOfPage":{"@id":"https:\/\/chromeclair.com\/product\/hema-free-gel-polish-17ml-7pcs\/#primaryimage"},"image":{"@id":"https:\/\/chromeclair.com\/product\/hema-free-gel-polish-17ml-7pcs\/#primaryimage"},"thumbnailUrl":"https:\/\/chromeclair.com\/wp-content\/uploads\/2025\/06\/CHROMECLAIR-Gel-polish-7PCS-SETS-UV1.jpg","datePublished":"2025-06-19T08:46:07+00:00","dateModified":"2026-04-13T06:14:45+00:00","description":"Le vernis \u00e0 ongles en gel CHROM\u00c9CLAIR a mis \u00e0 jour sa formule Hema\/HPMA\/TPO Free &amp; Vegan et Non-TOXIC pour profiter d'une formule plus s\u00fbre, plus saine et plus respectueuse de l'environnement.","inLanguage":"fr-FR","potentialAction":[{"@type":"ReadAction","target":["https:\/\/chromeclair.com\/product\/hema-free-gel-polish-17ml-7pcs\/"]}]},{"@type":"ImageObject","inLanguage":"fr-FR","@id":"https:\/\/chromeclair.com\/product\/hema-free-gel-polish-17ml-7pcs\/#primaryimage","url":"https:\/\/chromeclair.com\/wp-content\/uploads\/2025\/06\/CHROMECLAIR-Gel-polish-7PCS-SETS-UV1.jpg","contentUrl":"https:\/\/chromeclair.com\/wp-content\/uploads\/2025\/06\/CHROMECLAIR-Gel-polish-7PCS-SETS-UV1.jpg","width":1920,"height":1788,"caption":"CHROM\u00c9CLAIR Gel polish 7PCS SETS UV1"},{"@type":"WebSite","@id":"https:\/\/chromeclair.com\/#website","url":"https:\/\/chromeclair.com\/","name":"Vernis gel Cat Eye \u2013 Sans HEMA ni TPO","description":"Alors que d'autres se concentrent sur l'ajout de couleurs, nous nous concentrons sur l'utilisation d'ingr\u00e9dients plus s\u00fbrs.","publisher":{"@id":"https:\/\/chromeclair.com\/#organization"},"potentialAction":[{"@type":"SearchAction","target":{"@type":"EntryPoint","urlTemplate":"https:\/\/chromeclair.com\/?s={search_term_string}"},"query-input":{"@type":"PropertyValueSpecification","valueRequired":true,"valueName":"search_term_string"}}],"inLanguage":"fr-FR"},{"@type":"Organization","@id":"https:\/\/chromeclair.com\/#organization","name":"Vernis gel Cat Eye \u2013 Sans HEMA ni TPO","url":"https:\/\/chromeclair.com\/","logo":{"@type":"ImageObject","inLanguage":"fr-FR","@id":"https:\/\/chromeclair.com\/#\/schema\/logo\/image\/","url":"https:\/\/chromeclair.com\/wp-content\/uploads\/2025\/06\/cropped-CHROMECLAIR-Logo-scaled-1.png","contentUrl":"https:\/\/chromeclair.com\/wp-content\/uploads\/2025\/06\/cropped-CHROMECLAIR-Logo-scaled-1.png","width":2151,"height":429,"caption":"Cat Eye Gel Polish \u2013 HEMA-Free \uff06 TPO-Free"},"image":{"@id":"https:\/\/chromeclair.com\/#\/schema\/logo\/image\/"}}]}},"_links":{"self":[{"href":"https:\/\/chromeclair.com\/fr\/wp-json\/wp\/v2\/product\/7239","targetHints":{"allow":["GET"]}}],"collection":[{"href":"https:\/\/chromeclair.com\/fr\/wp-json\/wp\/v2\/product"}],"about":[{"href":"https:\/\/chromeclair.com\/fr\/wp-json\/wp\/v2\/types\/product"}],"replies":[{"embeddable":true,"href":"https:\/\/chromeclair.com\/fr\/wp-json\/wp\/v2\/comments?post=7239"}],"wp:featuredmedia":[{"embeddable":true,"href":"https:\/\/chromeclair.com\/fr\/wp-json\/wp\/v2\/media\/7381"}],"wp:attachment":[{"href":"https:\/\/chromeclair.com\/fr\/wp-json\/wp\/v2\/media?parent=7239"}],"wp:term":[{"taxonomy":"product_brand","embeddable":true,"href":"https:\/\/chromeclair.com\/fr\/wp-json\/wp\/v2\/product_brand?post=7239"},{"taxonomy":"product_cat","embeddable":true,"href":"https:\/\/chromeclair.com\/fr\/wp-json\/wp\/v2\/product_cat?post=7239"},{"taxonomy":"product_tag","embeddable":true,"href":"https:\/\/chromeclair.com\/fr\/wp-json\/wp\/v2\/product_tag?post=7239"}],"curies":[{"name":"wp","href":"https:\/\/api.w.org\/{rel}","templated":true}]}}