{"id":7304,"date":"2025-07-10T09:36:15","date_gmt":"2025-07-10T09:36:15","guid":{"rendered":"https:\/\/chromeclair.com\/?post_type=product&#038;p=7304"},"modified":"2026-04-13T06:11:48","modified_gmt":"2026-04-13T06:11:48","slug":"cat-eye-gel-nail-stickers-01-20","status":"publish","type":"product","link":"https:\/\/chromeclair.com\/fr\/produit\/autocollants-pour-ongles-en-gel-cat-eye-01-20\/","title":{"rendered":"Gel pour ongles sans HEMA - Cat Eye"},"content":{"rendered":"<figure class=\"wp-block-embed is-type-video is-provider-youtube wp-block-embed-youtube wp-embed-aspect-16-9 wp-has-aspect-ratio\"><div class=\"wp-block-embed__wrapper\">\n<div class=\"video-container\"><iframe title=\"\ud83d\udc85\ud83e\udd29Tips pour une manucure rapide \u00e0 la maison ! #nailart2025 #shorts #shortvideo\" width=\"1170\" height=\"658\" src=\"https:\/\/www.youtube.com\/embed\/8eVddf3iSSE?feature=oembed\" frameborder=\"0\" allow=\"accelerometer; autoplay; clipboard-write; encrypted-media; gyroscope; picture-in-picture; web-share\" referrerpolicy=\"strict-origin-when-cross-origin\" allowfullscreen><\/iframe><\/div>\n<\/div><\/figure>\n\n\n\n<figure class=\"wp-block-image size-large\"><img fetchpriority=\"high\" decoding=\"async\" width=\"1024\" height=\"500\" src=\"https:\/\/chromeclair.com\/wp-content\/uploads\/2025\/07\/Packaging-1024x500.jpg\" alt=\"\" class=\"wp-image-7292\" srcset=\"https:\/\/chromeclair.com\/wp-content\/uploads\/2025\/07\/Packaging-1024x500.jpg 1024w, https:\/\/chromeclair.com\/wp-content\/uploads\/2025\/07\/Packaging-300x147.jpg 300w, https:\/\/chromeclair.com\/wp-content\/uploads\/2025\/07\/Packaging-768x375.jpg 768w, https:\/\/chromeclair.com\/wp-content\/uploads\/2025\/07\/Packaging-1536x750.jpg 1536w, https:\/\/chromeclair.com\/wp-content\/uploads\/2025\/07\/Packaging-2048x1000.jpg 2048w, https:\/\/chromeclair.com\/wp-content\/uploads\/2025\/07\/Packaging-990x484.jpg 990w, https:\/\/chromeclair.com\/wp-content\/uploads\/2025\/07\/Packaging-441x215.jpg 441w, https:\/\/chromeclair.com\/wp-content\/uploads\/2025\/07\/Packaging-800x391.jpg 800w, https:\/\/chromeclair.com\/wp-content\/uploads\/2025\/07\/Packaging-150x73.jpg 150w\" sizes=\"(max-width: 1024px) 100vw, 1024px\" \/><\/figure>","protected":false},"excerpt":{"rendered":"<p><!-- wp:list --><\/p>\n<ul class=\"wp-block-list\"><!-- wp:list-item --><\/p>\n<li>1x feuille avec 20 autocollants en gel pour les ongles<\/li>\n<p><!-- \/wp:list-item --><\/p>\n<p><!-- wp:list-item --><\/p>\n<li>1x lime \u00e0 ongles 180\/180<\/li>\n<p><!-- \/wp:list-item --><\/p>\n<p><!-- wp:list-item --><\/p>\n<li>1x b\u00e2ton de bois<\/li>\n<p><!-- \/wp:list-item --><\/ul>\n<p>Coupon de livraison gratuite : <span style=\"color: #00ccff;\"><strong>3tv6x36b<\/strong><\/span><\/p>\n<p>Doit \u00eatre utilis\u00e9 avec une lampe UV ou une lampe LED<\/p>\n<p><!-- \/wp:list --><\/p>","protected":false},"featured_media":7345,"comment_status":"open","ping_status":"closed","template":"","meta":[],"product_brand":[],"product_cat":[116],"product_tag":[],"class_list":{"0":"post-7304","1":"product","2":"type-product","3":"status-publish","4":"has-post-thumbnail","6":"product_cat-gel-nail-stickers","8":"first","9":"instock","10":"shipping-taxable","11":"purchasable","12":"product-type-simple"},"yoast_head":"<!-- This site is optimized with the Yoast SEO plugin v26.4 - https:\/\/yoast.com\/wordpress\/plugins\/seo\/ -->\n<title>Get best HEMA-free Gel Nail Stickers Cat Eye Price - CHROM\u00c9CLAIR<\/title>\n<meta name=\"description\" content=\"Make beautiful Cat Eye nails possible for every client with our Hema free gels. Boasting nudes, reds, greens, pinks, blues, purples as well as glitters &amp; shimmers.\" \/>\n<meta name=\"robots\" content=\"index, follow, max-snippet:-1, max-image-preview:large, max-video-preview:-1\" \/>\n<link rel=\"canonical\" href=\"https:\/\/chromeclair.com\/fr\/produit\/autocollants-pour-ongles-en-gel-cat-eye-01-20\/\" \/>\n<meta property=\"og:locale\" content=\"fr_FR\" \/>\n<meta property=\"og:type\" content=\"article\" \/>\n<meta property=\"og:title\" content=\"Get best HEMA-free Gel Nail Stickers Cat Eye Price - CHROM\u00c9CLAIR\" \/>\n<meta property=\"og:description\" content=\"Make beautiful Cat Eye nails possible for every client with our Hema free gels. Boasting nudes, reds, greens, pinks, blues, purples as well as glitters &amp; shimmers.\" \/>\n<meta property=\"og:url\" content=\"https:\/\/chromeclair.com\/fr\/produit\/autocollants-pour-ongles-en-gel-cat-eye-01-20\/\" \/>\n<meta property=\"og:site_name\" content=\"Cat Eye Gel Polish \u2013 HEMA-Free \uff06 TPO-Free\" \/>\n<meta property=\"article:modified_time\" content=\"2026-04-13T06:11:48+00:00\" \/>\n<meta property=\"og:image\" content=\"https:\/\/chromeclair.com\/wp-content\/uploads\/2025\/07\/CHROMECLAIR-Gel-Nail-Stickers-MY001-scaled.jpg\" \/>\n\t<meta property=\"og:image:width\" content=\"2560\" \/>\n\t<meta property=\"og:image:height\" content=\"2560\" \/>\n\t<meta property=\"og:image:type\" content=\"image\/jpeg\" \/>\n<meta name=\"twitter:card\" content=\"summary_large_image\" \/>\n<meta name=\"twitter:label1\" content=\"Dur\u00e9e de lecture estim\u00e9e\" \/>\n\t<meta name=\"twitter:data1\" content=\"1 minute\" \/>\n<script type=\"application\/ld+json\" class=\"yoast-schema-graph\">{\"@context\":\"https:\/\/schema.org\",\"@graph\":[{\"@type\":\"WebPage\",\"@id\":\"https:\/\/chromeclair.com\/product\/cat-eye-gel-nail-stickers-01-20\/\",\"url\":\"https:\/\/chromeclair.com\/product\/cat-eye-gel-nail-stickers-01-20\/\",\"name\":\"Get best HEMA-free Gel Nail Stickers Cat Eye Price - CHROM\u00c9CLAIR\",\"isPartOf\":{\"@id\":\"https:\/\/chromeclair.com\/#website\"},\"primaryImageOfPage\":{\"@id\":\"https:\/\/chromeclair.com\/product\/cat-eye-gel-nail-stickers-01-20\/#primaryimage\"},\"image\":{\"@id\":\"https:\/\/chromeclair.com\/product\/cat-eye-gel-nail-stickers-01-20\/#primaryimage\"},\"thumbnailUrl\":\"https:\/\/chromeclair.com\/wp-content\/uploads\/2025\/07\/CHROMECLAIR-Gel-Nail-Stickers-MY001-scaled.jpg\",\"datePublished\":\"2025-07-10T09:36:15+00:00\",\"dateModified\":\"2026-04-13T06:11:48+00:00\",\"description\":\"Make beautiful Cat Eye nails possible for every client with our Hema free gels. Boasting nudes, reds, greens, pinks, blues, purples as well as glitters & shimmers.\",\"breadcrumb\":{\"@id\":\"https:\/\/chromeclair.com\/product\/cat-eye-gel-nail-stickers-01-20\/#breadcrumb\"},\"inLanguage\":\"fr-FR\",\"potentialAction\":[{\"@type\":\"ReadAction\",\"target\":[\"https:\/\/chromeclair.com\/product\/cat-eye-gel-nail-stickers-01-20\/\"]}]},{\"@type\":\"ImageObject\",\"inLanguage\":\"fr-FR\",\"@id\":\"https:\/\/chromeclair.com\/product\/cat-eye-gel-nail-stickers-01-20\/#primaryimage\",\"url\":\"https:\/\/chromeclair.com\/wp-content\/uploads\/2025\/07\/CHROMECLAIR-Gel-Nail-Stickers-MY001-scaled.jpg\",\"contentUrl\":\"https:\/\/chromeclair.com\/wp-content\/uploads\/2025\/07\/CHROMECLAIR-Gel-Nail-Stickers-MY001-scaled.jpg\",\"width\":2560,\"height\":2560,\"caption\":\"CHROM\u00c9CLAIR Gel Nail Stickers MY001\"},{\"@type\":\"BreadcrumbList\",\"@id\":\"https:\/\/chromeclair.com\/product\/cat-eye-gel-nail-stickers-01-20\/#breadcrumb\",\"itemListElement\":[{\"@type\":\"ListItem\",\"position\":1,\"name\":\"Home\",\"item\":\"https:\/\/chromeclair.com\/\"},{\"@type\":\"ListItem\",\"position\":2,\"name\":\"Shop\",\"item\":\"https:\/\/chromeclair.com\/shop\/\"},{\"@type\":\"ListItem\",\"position\":3,\"name\":\"HEMA-free Gel Nail Stickers Cat Eye\"}]},{\"@type\":\"WebSite\",\"@id\":\"https:\/\/chromeclair.com\/#website\",\"url\":\"https:\/\/chromeclair.com\/\",\"name\":\"Cat Eye Gel Polish \u2013 HEMA-Free \uff06 TPO-Free\",\"description\":\"While others focus on having more colors, we focus on having safer ingredients.\",\"publisher\":{\"@id\":\"https:\/\/chromeclair.com\/#organization\"},\"potentialAction\":[{\"@type\":\"SearchAction\",\"target\":{\"@type\":\"EntryPoint\",\"urlTemplate\":\"https:\/\/chromeclair.com\/?s={search_term_string}\"},\"query-input\":{\"@type\":\"PropertyValueSpecification\",\"valueRequired\":true,\"valueName\":\"search_term_string\"}}],\"inLanguage\":\"fr-FR\"},{\"@type\":\"Organization\",\"@id\":\"https:\/\/chromeclair.com\/#organization\",\"name\":\"Cat Eye Gel Polish \u2013 HEMA-Free \uff06 TPO-Free\",\"url\":\"https:\/\/chromeclair.com\/\",\"logo\":{\"@type\":\"ImageObject\",\"inLanguage\":\"fr-FR\",\"@id\":\"https:\/\/chromeclair.com\/#\/schema\/logo\/image\/\",\"url\":\"https:\/\/chromeclair.com\/wp-content\/uploads\/2025\/06\/cropped-CHROMECLAIR-Logo-scaled-1.png\",\"contentUrl\":\"https:\/\/chromeclair.com\/wp-content\/uploads\/2025\/06\/cropped-CHROMECLAIR-Logo-scaled-1.png\",\"width\":2151,\"height\":429,\"caption\":\"Cat Eye Gel Polish \u2013 HEMA-Free \uff06 TPO-Free\"},\"image\":{\"@id\":\"https:\/\/chromeclair.com\/#\/schema\/logo\/image\/\"}}]}<\/script>\n<!-- \/ Yoast SEO plugin. -->","yoast_head_json":{"title":"Obtenir le meilleur prix pour le Gel Nail Stickers Cat Eye sans HEMA - CHROM\u00c9CLAIR","description":"Nos gels sans Hema permettent \u00e0 toutes les clientes d'avoir de magnifiques ongles en \u0153il de chat. Avec des nudes, des rouges, des verts, des roses, des bleus, des violets ainsi que des paillettes et des brillants.","robots":{"index":"index","follow":"follow","max-snippet":"max-snippet:-1","max-image-preview":"max-image-preview:large","max-video-preview":"max-video-preview:-1"},"canonical":"https:\/\/chromeclair.com\/fr\/produit\/autocollants-pour-ongles-en-gel-cat-eye-01-20\/","og_locale":"fr_FR","og_type":"article","og_title":"Get best HEMA-free Gel Nail Stickers Cat Eye Price - CHROM\u00c9CLAIR","og_description":"Make beautiful Cat Eye nails possible for every client with our Hema free gels. Boasting nudes, reds, greens, pinks, blues, purples as well as glitters & shimmers.","og_url":"https:\/\/chromeclair.com\/fr\/produit\/autocollants-pour-ongles-en-gel-cat-eye-01-20\/","og_site_name":"Cat Eye Gel Polish \u2013 HEMA-Free \uff06 TPO-Free","article_modified_time":"2026-04-13T06:11:48+00:00","og_image":[{"width":2560,"height":2560,"url":"https:\/\/chromeclair.com\/wp-content\/uploads\/2025\/07\/CHROMECLAIR-Gel-Nail-Stickers-MY001-scaled.jpg","type":"image\/jpeg"}],"twitter_card":"summary_large_image","twitter_misc":{"Dur\u00e9e de lecture estim\u00e9e":"1 minute"},"schema":{"@context":"https:\/\/schema.org","@graph":[{"@type":"WebPage","@id":"https:\/\/chromeclair.com\/product\/cat-eye-gel-nail-stickers-01-20\/","url":"https:\/\/chromeclair.com\/product\/cat-eye-gel-nail-stickers-01-20\/","name":"Obtenir le meilleur prix pour le Gel Nail Stickers Cat Eye sans HEMA - CHROM\u00c9CLAIR","isPartOf":{"@id":"https:\/\/chromeclair.com\/#website"},"primaryImageOfPage":{"@id":"https:\/\/chromeclair.com\/product\/cat-eye-gel-nail-stickers-01-20\/#primaryimage"},"image":{"@id":"https:\/\/chromeclair.com\/product\/cat-eye-gel-nail-stickers-01-20\/#primaryimage"},"thumbnailUrl":"https:\/\/chromeclair.com\/wp-content\/uploads\/2025\/07\/CHROMECLAIR-Gel-Nail-Stickers-MY001-scaled.jpg","datePublished":"2025-07-10T09:36:15+00:00","dateModified":"2026-04-13T06:11:48+00:00","description":"Nos gels sans Hema permettent \u00e0 toutes les clientes d'avoir de magnifiques ongles en \u0153il de chat. Avec des nudes, des rouges, des verts, des roses, des bleus, des violets ainsi que des paillettes et des brillants.","breadcrumb":{"@id":"https:\/\/chromeclair.com\/product\/cat-eye-gel-nail-stickers-01-20\/#breadcrumb"},"inLanguage":"fr-FR","potentialAction":[{"@type":"ReadAction","target":["https:\/\/chromeclair.com\/product\/cat-eye-gel-nail-stickers-01-20\/"]}]},{"@type":"ImageObject","inLanguage":"fr-FR","@id":"https:\/\/chromeclair.com\/product\/cat-eye-gel-nail-stickers-01-20\/#primaryimage","url":"https:\/\/chromeclair.com\/wp-content\/uploads\/2025\/07\/CHROMECLAIR-Gel-Nail-Stickers-MY001-scaled.jpg","contentUrl":"https:\/\/chromeclair.com\/wp-content\/uploads\/2025\/07\/CHROMECLAIR-Gel-Nail-Stickers-MY001-scaled.jpg","width":2560,"height":2560,"caption":"CHROM\u00c9CLAIR Gel Nail Stickers MY001"},{"@type":"BreadcrumbList","@id":"https:\/\/chromeclair.com\/product\/cat-eye-gel-nail-stickers-01-20\/#breadcrumb","itemListElement":[{"@type":"ListItem","position":1,"name":"Home","item":"https:\/\/chromeclair.com\/"},{"@type":"ListItem","position":2,"name":"Shop","item":"https:\/\/chromeclair.com\/shop\/"},{"@type":"ListItem","position":3,"name":"HEMA-free Gel Nail Stickers Cat Eye"}]},{"@type":"WebSite","@id":"https:\/\/chromeclair.com\/#website","url":"https:\/\/chromeclair.com\/","name":"Vernis gel Cat Eye \u2013 Sans HEMA ni TPO","description":"Alors que d'autres se concentrent sur l'ajout de couleurs, nous nous concentrons sur l'utilisation d'ingr\u00e9dients plus s\u00fbrs.","publisher":{"@id":"https:\/\/chromeclair.com\/#organization"},"potentialAction":[{"@type":"SearchAction","target":{"@type":"EntryPoint","urlTemplate":"https:\/\/chromeclair.com\/?s={search_term_string}"},"query-input":{"@type":"PropertyValueSpecification","valueRequired":true,"valueName":"search_term_string"}}],"inLanguage":"fr-FR"},{"@type":"Organization","@id":"https:\/\/chromeclair.com\/#organization","name":"Vernis gel Cat Eye \u2013 Sans HEMA ni TPO","url":"https:\/\/chromeclair.com\/","logo":{"@type":"ImageObject","inLanguage":"fr-FR","@id":"https:\/\/chromeclair.com\/#\/schema\/logo\/image\/","url":"https:\/\/chromeclair.com\/wp-content\/uploads\/2025\/06\/cropped-CHROMECLAIR-Logo-scaled-1.png","contentUrl":"https:\/\/chromeclair.com\/wp-content\/uploads\/2025\/06\/cropped-CHROMECLAIR-Logo-scaled-1.png","width":2151,"height":429,"caption":"Cat Eye Gel Polish \u2013 HEMA-Free \uff06 TPO-Free"},"image":{"@id":"https:\/\/chromeclair.com\/#\/schema\/logo\/image\/"}}]}},"_links":{"self":[{"href":"https:\/\/chromeclair.com\/fr\/wp-json\/wp\/v2\/product\/7304","targetHints":{"allow":["GET"]}}],"collection":[{"href":"https:\/\/chromeclair.com\/fr\/wp-json\/wp\/v2\/product"}],"about":[{"href":"https:\/\/chromeclair.com\/fr\/wp-json\/wp\/v2\/types\/product"}],"replies":[{"embeddable":true,"href":"https:\/\/chromeclair.com\/fr\/wp-json\/wp\/v2\/comments?post=7304"}],"wp:featuredmedia":[{"embeddable":true,"href":"https:\/\/chromeclair.com\/fr\/wp-json\/wp\/v2\/media\/7345"}],"wp:attachment":[{"href":"https:\/\/chromeclair.com\/fr\/wp-json\/wp\/v2\/media?parent=7304"}],"wp:term":[{"taxonomy":"product_brand","embeddable":true,"href":"https:\/\/chromeclair.com\/fr\/wp-json\/wp\/v2\/product_brand?post=7304"},{"taxonomy":"product_cat","embeddable":true,"href":"https:\/\/chromeclair.com\/fr\/wp-json\/wp\/v2\/product_cat?post=7304"},{"taxonomy":"product_tag","embeddable":true,"href":"https:\/\/chromeclair.com\/fr\/wp-json\/wp\/v2\/product_tag?post=7304"}],"curies":[{"name":"wp","href":"https:\/\/api.w.org\/{rel}","templated":true}]}}