{"id":7487,"date":"2025-07-17T04:26:12","date_gmt":"2025-07-17T04:26:12","guid":{"rendered":"https:\/\/chromeclair.com\/?post_type=product&#038;p=7487"},"modified":"2026-04-13T06:09:00","modified_gmt":"2026-04-13T06:09:00","slug":"hema-free-and-tpo-freegel-polish-1kg-package","status":"publish","type":"product","link":"https:\/\/chromeclair.com\/fr\/product\/hema-free-and-tpo-freegel-polish-1kg-package\/","title":{"rendered":"Gel Polish sans HEMA et sans TPO paquet de 1KG"},"content":{"rendered":"<p><strong>Ingr\u00e9dients<\/strong>:<\/p>\n\n\n\n<p><br>monom\u00e8re ACMO, photo-initiateur TMO, photo-initiateur 184, huile de soja \u00e9poxyd\u00e9e, noir de carbone blanc, poudre de mica sec, pigment bleu 29, nano dioxyde de titane, oxyde de fer, oxyde de fer jaune, oxyde de fer noir, violet de mangan\u00e8se, copolym\u00e8re acrylique (ester)<\/p>\n\n\n\n<p>Marque : CHROM\u00c9CLAIR<\/p>\n\n\n\n<p>Caract\u00e9ristiques : Sans HEMA, sans TPO, sans HPMA, sans cruaut\u00e9, v\u00e9g\u00e9talien<\/p>\n\n\n\n<p>N.W. : 1000g<\/p>\n\n\n\n<p>Lampe de polym\u00e9risation : Lampe LED\/ lampe UV<\/p>\n\n\n\n<p><strong>Si vous avez besoin d'un emballage personnalis\u00e9, veuillez nous contacter \u00e0 l'adresse suivante <a href=\"mailto:sales@chromeclair.com\">sales@chromeclair.com<\/a>.<\/strong><\/p>","protected":false},"excerpt":{"rendered":"<p>Coupon de livraison gratuite :\u00a0<strong>3tv6x36b<\/p>\n<p>Doit \u00eatre utilis\u00e9 avec une lampe UV ou une lampe LED<br \/><\/strong><\/p>","protected":false},"featured_media":8689,"comment_status":"open","ping_status":"closed","template":"","meta":[],"product_brand":[162],"product_cat":[163],"product_tag":[],"class_list":{"0":"post-7487","1":"product","2":"type-product","3":"status-publish","4":"has-post-thumbnail","6":"product_brand-chromeclair","7":"product_cat-gel-polish-1kg-package","9":"first","10":"instock","11":"sale","12":"shipping-taxable","13":"purchasable","14":"product-type-simple"},"yoast_head":"<!-- This site is optimized with the Yoast SEO plugin v27.4 - https:\/\/yoast.com\/product\/yoast-seo-wordpress\/ -->\n<title>HEMA-free and TPO-free Gel Polish 1KG Package - CHROM\u00c9CLAIR<\/title>\n<meta name=\"description\" content=\"1KG Package Professional HEMA-free gel polish manufacturer offering wholesale, private label &amp; OEM\/ODM services.\" \/>\n<meta name=\"robots\" content=\"index, follow, max-snippet:-1, max-image-preview:large, max-video-preview:-1\" \/>\n<link rel=\"canonical\" href=\"https:\/\/chromeclair.com\/fr\/produit\/paquet-de-1-kg-de-vernis-freegel-sans-hemoglobine-et-sans-tpo\/\" \/>\n<meta property=\"og:locale\" content=\"fr_FR\" \/>\n<meta property=\"og:type\" content=\"article\" \/>\n<meta property=\"og:title\" content=\"HEMA-free and TPO-free Gel Polish 1KG Package - CHROM\u00c9CLAIR\" \/>\n<meta property=\"og:description\" content=\"1KG Package Professional HEMA-free gel polish manufacturer offering wholesale, private label &amp; OEM\/ODM services.\" \/>\n<meta property=\"og:url\" content=\"https:\/\/chromeclair.com\/fr\/produit\/paquet-de-1-kg-de-vernis-freegel-sans-hemoglobine-et-sans-tpo\/\" \/>\n<meta property=\"og:site_name\" content=\"Cat Eye Gel Polish \u2013 HEMA-Free \uff06 TPO-Free\" \/>\n<meta property=\"article:modified_time\" content=\"2026-04-13T06:09:00+00:00\" \/>\n<meta property=\"og:image\" content=\"https:\/\/chromeclair.com\/wp-content\/uploads\/2025\/07\/1kg-SR-color.jpg\" \/>\n\t<meta property=\"og:image:width\" content=\"1080\" \/>\n\t<meta property=\"og:image:height\" content=\"800\" \/>\n\t<meta property=\"og:image:type\" content=\"image\/jpeg\" \/>\n<meta name=\"twitter:card\" content=\"summary_large_image\" \/>\n<meta name=\"twitter:label1\" content=\"Dur\u00e9e de lecture estim\u00e9e\" \/>\n\t<meta name=\"twitter:data1\" content=\"1 minute\" \/>\n<script type=\"application\/ld+json\" class=\"yoast-schema-graph\">{\"@context\":\"https:\\\/\\\/schema.org\",\"@graph\":[{\"@type\":\"WebPage\",\"@id\":\"https:\\\/\\\/chromeclair.com\\\/product\\\/hema-free-and-tpo-freegel-polish-1kg-package\\\/\",\"url\":\"https:\\\/\\\/chromeclair.com\\\/product\\\/hema-free-and-tpo-freegel-polish-1kg-package\\\/\",\"name\":\"HEMA-free and TPO-free Gel Polish 1KG Package - CHROM\u00c9CLAIR\",\"isPartOf\":{\"@id\":\"https:\\\/\\\/chromeclair.com\\\/#website\"},\"primaryImageOfPage\":{\"@id\":\"https:\\\/\\\/chromeclair.com\\\/product\\\/hema-free-and-tpo-freegel-polish-1kg-package\\\/#primaryimage\"},\"image\":{\"@id\":\"https:\\\/\\\/chromeclair.com\\\/product\\\/hema-free-and-tpo-freegel-polish-1kg-package\\\/#primaryimage\"},\"thumbnailUrl\":\"https:\\\/\\\/chromeclair.com\\\/wp-content\\\/uploads\\\/2025\\\/07\\\/1kg-SR-color.jpg\",\"datePublished\":\"2025-07-17T04:26:12+00:00\",\"dateModified\":\"2026-04-13T06:09:00+00:00\",\"description\":\"1KG Package Professional HEMA-free gel polish manufacturer offering wholesale, private label & OEM\\\/ODM services.\",\"breadcrumb\":{\"@id\":\"https:\\\/\\\/chromeclair.com\\\/product\\\/hema-free-and-tpo-freegel-polish-1kg-package\\\/#breadcrumb\"},\"inLanguage\":\"fr-FR\",\"potentialAction\":[{\"@type\":\"ReadAction\",\"target\":[\"https:\\\/\\\/chromeclair.com\\\/product\\\/hema-free-and-tpo-freegel-polish-1kg-package\\\/\"]}]},{\"@type\":\"ImageObject\",\"inLanguage\":\"fr-FR\",\"@id\":\"https:\\\/\\\/chromeclair.com\\\/product\\\/hema-free-and-tpo-freegel-polish-1kg-package\\\/#primaryimage\",\"url\":\"https:\\\/\\\/chromeclair.com\\\/wp-content\\\/uploads\\\/2025\\\/07\\\/1kg-SR-color.jpg\",\"contentUrl\":\"https:\\\/\\\/chromeclair.com\\\/wp-content\\\/uploads\\\/2025\\\/07\\\/1kg-SR-color.jpg\",\"width\":1080,\"height\":800},{\"@type\":\"BreadcrumbList\",\"@id\":\"https:\\\/\\\/chromeclair.com\\\/product\\\/hema-free-and-tpo-freegel-polish-1kg-package\\\/#breadcrumb\",\"itemListElement\":[{\"@type\":\"ListItem\",\"position\":1,\"name\":\"Home\",\"item\":\"https:\\\/\\\/chromeclair.com\\\/\"},{\"@type\":\"ListItem\",\"position\":2,\"name\":\"Shop\",\"item\":\"https:\\\/\\\/chromeclair.com\\\/shop\\\/\"},{\"@type\":\"ListItem\",\"position\":3,\"name\":\"HEMA-free and TPO-free Gel Polish 1KG Package\"}]},{\"@type\":\"WebSite\",\"@id\":\"https:\\\/\\\/chromeclair.com\\\/#website\",\"url\":\"https:\\\/\\\/chromeclair.com\\\/\",\"name\":\"Cat Eye Gel Polish \u2013 HEMA-Free \uff06 TPO-Free\",\"description\":\"While others focus on having more colors, we focus on having safer ingredients.\",\"publisher\":{\"@id\":\"https:\\\/\\\/chromeclair.com\\\/#organization\"},\"potentialAction\":[{\"@type\":\"SearchAction\",\"target\":{\"@type\":\"EntryPoint\",\"urlTemplate\":\"https:\\\/\\\/chromeclair.com\\\/?s={search_term_string}\"},\"query-input\":{\"@type\":\"PropertyValueSpecification\",\"valueRequired\":true,\"valueName\":\"search_term_string\"}}],\"inLanguage\":\"fr-FR\"},{\"@type\":\"Organization\",\"@id\":\"https:\\\/\\\/chromeclair.com\\\/#organization\",\"name\":\"Cat Eye Gel Polish \u2013 HEMA-Free \uff06 TPO-Free\",\"url\":\"https:\\\/\\\/chromeclair.com\\\/\",\"logo\":{\"@type\":\"ImageObject\",\"inLanguage\":\"fr-FR\",\"@id\":\"https:\\\/\\\/chromeclair.com\\\/#\\\/schema\\\/logo\\\/image\\\/\",\"url\":\"https:\\\/\\\/chromeclair.com\\\/wp-content\\\/uploads\\\/2025\\\/06\\\/cropped-CHROMECLAIR-Logo-scaled-1.png\",\"contentUrl\":\"https:\\\/\\\/chromeclair.com\\\/wp-content\\\/uploads\\\/2025\\\/06\\\/cropped-CHROMECLAIR-Logo-scaled-1.png\",\"width\":2151,\"height\":429,\"caption\":\"Cat Eye Gel Polish \u2013 HEMA-Free \uff06 TPO-Free\"},\"image\":{\"@id\":\"https:\\\/\\\/chromeclair.com\\\/#\\\/schema\\\/logo\\\/image\\\/\"}}]}<\/script>\n<!-- \/ Yoast SEO plugin. -->","yoast_head_json":{"title":"Gel Polish sans HEMA et sans TPO paquet de 1KG - CHROM\u00c9CLAIR","description":"Emballage de 1KG Fabricant professionnel de gel polish sans HEMA offrant des services de vente en gros, de marque priv\u00e9e et d'OEM\/ODM.","robots":{"index":"index","follow":"follow","max-snippet":"max-snippet:-1","max-image-preview":"max-image-preview:large","max-video-preview":"max-video-preview:-1"},"canonical":"https:\/\/chromeclair.com\/fr\/produit\/paquet-de-1-kg-de-vernis-freegel-sans-hemoglobine-et-sans-tpo\/","og_locale":"fr_FR","og_type":"article","og_title":"HEMA-free and TPO-free Gel Polish 1KG Package - CHROM\u00c9CLAIR","og_description":"1KG Package Professional HEMA-free gel polish manufacturer offering wholesale, private label & OEM\/ODM services.","og_url":"https:\/\/chromeclair.com\/fr\/produit\/paquet-de-1-kg-de-vernis-freegel-sans-hemoglobine-et-sans-tpo\/","og_site_name":"Cat Eye Gel Polish \u2013 HEMA-Free \uff06 TPO-Free","article_modified_time":"2026-04-13T06:09:00+00:00","og_image":[{"width":1080,"height":800,"url":"https:\/\/chromeclair.com\/wp-content\/uploads\/2025\/07\/1kg-SR-color.jpg","type":"image\/jpeg"}],"twitter_card":"summary_large_image","twitter_misc":{"Dur\u00e9e de lecture estim\u00e9e":"1 minute"},"schema":{"@context":"https:\/\/schema.org","@graph":[{"@type":"WebPage","@id":"https:\/\/chromeclair.com\/product\/hema-free-and-tpo-freegel-polish-1kg-package\/","url":"https:\/\/chromeclair.com\/product\/hema-free-and-tpo-freegel-polish-1kg-package\/","name":"Gel Polish sans HEMA et sans TPO paquet de 1KG - CHROM\u00c9CLAIR","isPartOf":{"@id":"https:\/\/chromeclair.com\/#website"},"primaryImageOfPage":{"@id":"https:\/\/chromeclair.com\/product\/hema-free-and-tpo-freegel-polish-1kg-package\/#primaryimage"},"image":{"@id":"https:\/\/chromeclair.com\/product\/hema-free-and-tpo-freegel-polish-1kg-package\/#primaryimage"},"thumbnailUrl":"https:\/\/chromeclair.com\/wp-content\/uploads\/2025\/07\/1kg-SR-color.jpg","datePublished":"2025-07-17T04:26:12+00:00","dateModified":"2026-04-13T06:09:00+00:00","description":"Emballage de 1KG Fabricant professionnel de gel polish sans HEMA offrant des services de vente en gros, de marque priv\u00e9e et d'OEM\/ODM.","breadcrumb":{"@id":"https:\/\/chromeclair.com\/product\/hema-free-and-tpo-freegel-polish-1kg-package\/#breadcrumb"},"inLanguage":"fr-FR","potentialAction":[{"@type":"ReadAction","target":["https:\/\/chromeclair.com\/product\/hema-free-and-tpo-freegel-polish-1kg-package\/"]}]},{"@type":"ImageObject","inLanguage":"fr-FR","@id":"https:\/\/chromeclair.com\/product\/hema-free-and-tpo-freegel-polish-1kg-package\/#primaryimage","url":"https:\/\/chromeclair.com\/wp-content\/uploads\/2025\/07\/1kg-SR-color.jpg","contentUrl":"https:\/\/chromeclair.com\/wp-content\/uploads\/2025\/07\/1kg-SR-color.jpg","width":1080,"height":800},{"@type":"BreadcrumbList","@id":"https:\/\/chromeclair.com\/product\/hema-free-and-tpo-freegel-polish-1kg-package\/#breadcrumb","itemListElement":[{"@type":"ListItem","position":1,"name":"Home","item":"https:\/\/chromeclair.com\/"},{"@type":"ListItem","position":2,"name":"Shop","item":"https:\/\/chromeclair.com\/shop\/"},{"@type":"ListItem","position":3,"name":"HEMA-free and TPO-free Gel Polish 1KG Package"}]},{"@type":"WebSite","@id":"https:\/\/chromeclair.com\/#website","url":"https:\/\/chromeclair.com\/","name":"Vernis gel Cat Eye \u2013 Sans HEMA ni TPO","description":"Alors que d'autres se concentrent sur l'ajout de couleurs, nous nous concentrons sur l'utilisation d'ingr\u00e9dients plus s\u00fbrs.","publisher":{"@id":"https:\/\/chromeclair.com\/#organization"},"potentialAction":[{"@type":"SearchAction","target":{"@type":"EntryPoint","urlTemplate":"https:\/\/chromeclair.com\/?s={search_term_string}"},"query-input":{"@type":"PropertyValueSpecification","valueRequired":true,"valueName":"search_term_string"}}],"inLanguage":"fr-FR"},{"@type":"Organization","@id":"https:\/\/chromeclair.com\/#organization","name":"Vernis gel Cat Eye \u2013 Sans HEMA ni TPO","url":"https:\/\/chromeclair.com\/","logo":{"@type":"ImageObject","inLanguage":"fr-FR","@id":"https:\/\/chromeclair.com\/#\/schema\/logo\/image\/","url":"https:\/\/chromeclair.com\/wp-content\/uploads\/2025\/06\/cropped-CHROMECLAIR-Logo-scaled-1.png","contentUrl":"https:\/\/chromeclair.com\/wp-content\/uploads\/2025\/06\/cropped-CHROMECLAIR-Logo-scaled-1.png","width":2151,"height":429,"caption":"Cat Eye Gel Polish \u2013 HEMA-Free \uff06 TPO-Free"},"image":{"@id":"https:\/\/chromeclair.com\/#\/schema\/logo\/image\/"}}]}},"_links":{"self":[{"href":"https:\/\/chromeclair.com\/fr\/wp-json\/wp\/v2\/product\/7487","targetHints":{"allow":["GET"]}}],"collection":[{"href":"https:\/\/chromeclair.com\/fr\/wp-json\/wp\/v2\/product"}],"about":[{"href":"https:\/\/chromeclair.com\/fr\/wp-json\/wp\/v2\/types\/product"}],"replies":[{"embeddable":true,"href":"https:\/\/chromeclair.com\/fr\/wp-json\/wp\/v2\/comments?post=7487"}],"wp:featuredmedia":[{"embeddable":true,"href":"https:\/\/chromeclair.com\/fr\/wp-json\/wp\/v2\/media\/8689"}],"wp:attachment":[{"href":"https:\/\/chromeclair.com\/fr\/wp-json\/wp\/v2\/media?parent=7487"}],"wp:term":[{"taxonomy":"product_brand","embeddable":true,"href":"https:\/\/chromeclair.com\/fr\/wp-json\/wp\/v2\/product_brand?post=7487"},{"taxonomy":"product_cat","embeddable":true,"href":"https:\/\/chromeclair.com\/fr\/wp-json\/wp\/v2\/product_cat?post=7487"},{"taxonomy":"product_tag","embeddable":true,"href":"https:\/\/chromeclair.com\/fr\/wp-json\/wp\/v2\/product_tag?post=7487"}],"curies":[{"name":"wp","href":"https:\/\/api.w.org\/{rel}","templated":true}]}}