{"id":8423,"date":"2025-08-20T06:54:31","date_gmt":"2025-08-20T06:54:31","guid":{"rendered":"https:\/\/chromeclair.com\/?post_type=product&#038;p=8423"},"modified":"2026-04-13T06:08:06","modified_gmt":"2026-04-13T06:08:06","slug":"gel-polish-hema-free-and-tpo-free-10ml-cl01-06","status":"publish","type":"product","link":"https:\/\/chromeclair.com\/fr\/product\/gel-polish-hema-free-and-tpo-free-10ml-cl01-06\/","title":{"rendered":"Gel Polish sans HEMA et sans TPO 10ML CL01-06"},"content":{"rendered":"<p>\u3010Upgraded Ingredients - More Peace of Mind\u3011Exclusive HEMA-FREE &amp; TPO-FREE formula, compliant with stringent EU safety standards, gentle care for your delicate nail beds.<br>\u3010Large Capacity - More Enjoyment\u301110ml salon-grade large capacity, one bottle equals two, suitable for all seasons, easily accommodating various nail art ideas.<br>\u3010Long-Lasting Color Locking - Better Performance\u3011Utilise la technologie CHROM\u00c9CLAIR de verrouillage des couleurs, qui maintient un fini brillant pendant plus de 20 jours !<br>\u301060-Second Quick Drying - More Efficient\u3011Pairez avec une lampe LED\/ongles pour un s\u00e9chage en seulement 30 secondes, ce qui vous fait gagner un temps pr\u00e9cieux.<br>\u3010Quality Certified - More Reliable\u3011Certified with CE and MSDS, ensuring safety and quality you can trust !<br>Cliquez pour acheter maintenant et d\u00e9couvrez le plaisir du nail art de qualit\u00e9 professionnelle !<\/p>\n\n\n\n<figure class=\"wp-block-image size-full\"><img fetchpriority=\"high\" decoding=\"async\" width=\"1000\" height=\"600\" src=\"https:\/\/chromeclair.com\/wp-content\/uploads\/2025\/08\/CHROMECLAIR-CL-Color.jpg\" alt=\"\" class=\"wp-image-8438\" srcset=\"https:\/\/chromeclair.com\/wp-content\/uploads\/2025\/08\/CHROMECLAIR-CL-Color.jpg 1000w, https:\/\/chromeclair.com\/wp-content\/uploads\/2025\/08\/CHROMECLAIR-CL-Color-300x180.jpg 300w, https:\/\/chromeclair.com\/wp-content\/uploads\/2025\/08\/CHROMECLAIR-CL-Color-768x461.jpg 768w, https:\/\/chromeclair.com\/wp-content\/uploads\/2025\/08\/CHROMECLAIR-CL-Color-18x12.jpg 18w, https:\/\/chromeclair.com\/wp-content\/uploads\/2025\/08\/CHROMECLAIR-CL-Color-990x594.jpg 990w, https:\/\/chromeclair.com\/wp-content\/uploads\/2025\/08\/CHROMECLAIR-CL-Color-441x265.jpg 441w, https:\/\/chromeclair.com\/wp-content\/uploads\/2025\/08\/CHROMECLAIR-CL-Color-800x480.jpg 800w, https:\/\/chromeclair.com\/wp-content\/uploads\/2025\/08\/CHROMECLAIR-CL-Color-150x90.jpg 150w\" sizes=\"(max-width: 1000px) 100vw, 1000px\" \/><\/figure>\n\n\n\n<p>\u00c9tape 1 : Tailler et polir Comme d'habitude, commencez par nettoyer et polir d\u00e9licatement la surface de l'ongle pour pr\u00e9parer la base.<\/p>\n\n\n\n<p>\u00c9tape 2 : Bien agiter Avant utilisation, veillez \u00e0 bien agiter le flacon. C'est le petit secret pour obtenir une couleur uniforme et magnifique !<\/p>\n\n\n\n<p>\u00c9tape 3 : Appliquer la couche de base Appliquez d'abord une fine couche de couche de base. Elle prot\u00e8ge vos ongles et permet \u00e0 la manucure de durer plus longtemps. Durcissez sous la lampe pendant 60 secondes (les lampes UV ou LED sont toutes deux acceptables).<\/p>\n\n\n\n<p>Etape 4 : Appliquer la couche de couleur Appliquez la couche de couleur en deux couches fines pour de meilleurs r\u00e9sultats !<\/p>\n\n\n\n<p>Premi\u00e8re couche : Appliquer une fine couche et polym\u00e9riser sous la lampe pendant 60 secondes.<\/p>\n\n\n\n<p>Deuxi\u00e8me couche : Appliquez une autre couche fine et n'oubliez pas de polym\u00e9riser imm\u00e9diatement apr\u00e8s l'application pendant 60 secondes.<\/p>\n\n\n\n<p>\u00c9tape 5 : Appliquer le top coat Enfin, appliquer le top coat et le faire durcir sous la lampe pour terminer le processus !<\/p>\n\n\n\n<p>Conseil : N'oubliez pas d'appliquer chaque couche finement pour un meilleur durcissement et une tenue plus longue !<\/p>\n\n\n\n<p><strong>\ud83c\udfa8 Lib\u00e9rez votre cr\u00e9ativit\u00e9 en toute s\u00e9curit\u00e9 avec notre vernis en gel sans HEMA !<\/strong><\/p>\n\n\n\n<p>Vous en avez assez de sacrifier la sant\u00e9 de vos ongles pour obtenir une belle couleur ? Nos professionnels&nbsp;<strong>10ml Gel Polish sans HEMA<\/strong>&nbsp;offre une couleur vibrante et durable en toute tranquillit\u00e9 d'esprit. Formul\u00e9 sans HEMA, HPMA et autres irritants courants, c'est le choix id\u00e9al pour les personnes \u00e0 la peau sensible ou celles qui recherchent une routine de manucure plus saine.<\/p>\n\n\n\n<p><strong>\u2728 Why You'll Love It :<\/strong><\/p>\n\n\n\n<ul class=\"wp-block-list\">\n<li><strong>\ud83d\udee1\ufe0f HYPOALLERG\u00c9NIQUE ET S\u00dbR :<\/strong>\u00a0Sp\u00e9cialement con\u00e7u pour minimiser le risque de r\u00e9actions allergiques. Profitez de superbes ongles en gel sans vous inqui\u00e9ter.<\/li>\n\n\n\n<li><strong>\ud83d\udc8e COULEUR INTENSE ET HAUTE BRILLANCE :<\/strong>\u00a0Les pigments ultra-riches assurent une couverture compl\u00e8te et uniforme en une seule couche. Le vernis durcit pour donner un fini brillant qui dure jusqu'\u00e0 3 semaines sans s'\u00e9cailler.<\/li>\n\n\n\n<li><strong>\ud83e\uddf0 DES R\u00c9SULTATS PROFESSIONNELS \u00c0 LA MAISON :<\/strong>\u00a0Le format parfait de 10 ml pour les bricoleurs et les artistes professionnels de l'ongle. Facile \u00e0 appliquer, autonivelant et durcissant en seulement 60 secondes sous une lampe LED standard de 48W.<\/li>\n\n\n\n<li><strong>\ud83c\udf3f VEGAN &amp; CRUELTY-FREE :<\/strong>\u00a0Nous sommes fiers d'\u00eatre certifi\u00e9s Leaping Bunny. Nos produits ne sont jamais test\u00e9s sur les animaux.<\/li>\n\n\n\n<li><strong>\ud83c\udf08 LARGE GAMME DE COULEURS :<\/strong>\u00a0Des classiques nudes et rouges aux derni\u00e8res tendances de la mode, trouvez la teinte parfaite dans notre vaste collection.<\/li>\n<\/ul>\n\n\n\n<p><strong>Parfait pour :<\/strong>&nbsp;Kits de manucure \u00e0 domicile, d\u00e9butants et professionnels du nail art, personnes allergiques au gel, et tous ceux qui appr\u00e9cient les produits de beaut\u00e9 v\u00e9g\u00e9taliens et sans cruaut\u00e9.<\/p>","protected":false},"excerpt":{"rendered":"<p>Doit \u00eatre utilis\u00e9 avec une lampe UV ou une lampe LED<\/p>","protected":false},"featured_media":8424,"comment_status":"open","ping_status":"closed","template":"","meta":[],"product_brand":[162],"product_cat":[208],"product_tag":[],"class_list":{"0":"post-8423","1":"product","2":"type-product","3":"status-publish","4":"has-post-thumbnail","6":"product_brand-chromeclair","7":"product_cat-solid-color-gel-polish-10ml","9":"first","10":"instock","11":"sale","12":"shipping-taxable","13":"purchasable","14":"product-type-simple"},"yoast_head":"<!-- This site is optimized with the Yoast SEO plugin v27.4 - https:\/\/yoast.com\/product\/yoast-seo-wordpress\/ -->\n<title>10-Free Gel Nail Polish 10ml | HEMA, HPMA, Toxin Free, Vegan, Soak Off LED Lamp Required - CHROM\u00c9CLAIR<\/title>\n<meta name=\"description\" content=\"Discover our HEMA-Free Gel Nail Polish in 10ml. Achieve a salon-quality, long-lasting manicure at home without the risk of allergies. Our hypoallergenic, vegan formula is rich in pigment, easy to apply, and cures quickly under any LED lamp. Shop over 50 vibrant, trendy colors today!\" \/>\n<meta name=\"robots\" content=\"index, follow, max-snippet:-1, max-image-preview:large, max-video-preview:-1\" \/>\n<link rel=\"canonical\" href=\"https:\/\/chromeclair.com\/fr\/produit\/gel-polish-hema-free-and-tpo-free-10ml-cl01-06\/\" \/>\n<meta property=\"og:locale\" content=\"fr_FR\" \/>\n<meta property=\"og:type\" content=\"article\" \/>\n<meta property=\"og:title\" content=\"10-Free Gel Nail Polish 10ml | HEMA, HPMA, Toxin Free, Vegan, Soak Off LED Lamp Required - CHROM\u00c9CLAIR\" \/>\n<meta property=\"og:description\" content=\"Discover our HEMA-Free Gel Nail Polish in 10ml. Achieve a salon-quality, long-lasting manicure at home without the risk of allergies. Our hypoallergenic, vegan formula is rich in pigment, easy to apply, and cures quickly under any LED lamp. Shop over 50 vibrant, trendy colors today!\" \/>\n<meta property=\"og:url\" content=\"https:\/\/chromeclair.com\/fr\/produit\/gel-polish-hema-free-and-tpo-free-10ml-cl01-06\/\" \/>\n<meta property=\"og:site_name\" content=\"Cat Eye Gel Polish \u2013 HEMA-Free \uff06 TPO-Free\" \/>\n<meta property=\"article:modified_time\" content=\"2026-04-13T06:08:06+00:00\" \/>\n<meta property=\"og:image\" content=\"https:\/\/chromeclair.com\/wp-content\/uploads\/2025\/08\/CL-01.jpg\" \/>\n\t<meta property=\"og:image:width\" content=\"800\" \/>\n\t<meta property=\"og:image:height\" content=\"800\" \/>\n\t<meta property=\"og:image:type\" content=\"image\/jpeg\" \/>\n<meta name=\"twitter:card\" content=\"summary_large_image\" \/>\n<meta name=\"twitter:label1\" content=\"Dur\u00e9e de lecture estim\u00e9e\" \/>\n\t<meta name=\"twitter:data1\" content=\"3 minutes\" \/>\n<script type=\"application\/ld+json\" class=\"yoast-schema-graph\">{\"@context\":\"https:\\\/\\\/schema.org\",\"@graph\":[{\"@type\":\"WebPage\",\"@id\":\"https:\\\/\\\/chromeclair.com\\\/product\\\/gel-polish-hema-free-and-tpo-free-10ml-cl01-06\\\/\",\"url\":\"https:\\\/\\\/chromeclair.com\\\/product\\\/gel-polish-hema-free-and-tpo-free-10ml-cl01-06\\\/\",\"name\":\"10-Free Gel Nail Polish 10ml | HEMA, HPMA, Toxin Free, Vegan, Soak Off LED Lamp Required - CHROM\u00c9CLAIR\",\"isPartOf\":{\"@id\":\"https:\\\/\\\/chromeclair.com\\\/#website\"},\"primaryImageOfPage\":{\"@id\":\"https:\\\/\\\/chromeclair.com\\\/product\\\/gel-polish-hema-free-and-tpo-free-10ml-cl01-06\\\/#primaryimage\"},\"image\":{\"@id\":\"https:\\\/\\\/chromeclair.com\\\/product\\\/gel-polish-hema-free-and-tpo-free-10ml-cl01-06\\\/#primaryimage\"},\"thumbnailUrl\":\"https:\\\/\\\/chromeclair.com\\\/wp-content\\\/uploads\\\/2025\\\/08\\\/CL-01.jpg\",\"datePublished\":\"2025-08-20T06:54:31+00:00\",\"dateModified\":\"2026-04-13T06:08:06+00:00\",\"description\":\"Discover our HEMA-Free Gel Nail Polish in 10ml. Achieve a salon-quality, long-lasting manicure at home without the risk of allergies. Our hypoallergenic, vegan formula is rich in pigment, easy to apply, and cures quickly under any LED lamp. Shop over 50 vibrant, trendy colors today!\",\"breadcrumb\":{\"@id\":\"https:\\\/\\\/chromeclair.com\\\/product\\\/gel-polish-hema-free-and-tpo-free-10ml-cl01-06\\\/#breadcrumb\"},\"inLanguage\":\"fr-FR\",\"potentialAction\":[{\"@type\":\"ReadAction\",\"target\":[\"https:\\\/\\\/chromeclair.com\\\/product\\\/gel-polish-hema-free-and-tpo-free-10ml-cl01-06\\\/\"]}]},{\"@type\":\"ImageObject\",\"inLanguage\":\"fr-FR\",\"@id\":\"https:\\\/\\\/chromeclair.com\\\/product\\\/gel-polish-hema-free-and-tpo-free-10ml-cl01-06\\\/#primaryimage\",\"url\":\"https:\\\/\\\/chromeclair.com\\\/wp-content\\\/uploads\\\/2025\\\/08\\\/CL-01.jpg\",\"contentUrl\":\"https:\\\/\\\/chromeclair.com\\\/wp-content\\\/uploads\\\/2025\\\/08\\\/CL-01.jpg\",\"width\":800,\"height\":800,\"caption\":\"CL-01\"},{\"@type\":\"BreadcrumbList\",\"@id\":\"https:\\\/\\\/chromeclair.com\\\/product\\\/gel-polish-hema-free-and-tpo-free-10ml-cl01-06\\\/#breadcrumb\",\"itemListElement\":[{\"@type\":\"ListItem\",\"position\":1,\"name\":\"Home\",\"item\":\"https:\\\/\\\/chromeclair.com\\\/\"},{\"@type\":\"ListItem\",\"position\":2,\"name\":\"Shop\",\"item\":\"https:\\\/\\\/chromeclair.com\\\/shop\\\/\"},{\"@type\":\"ListItem\",\"position\":3,\"name\":\"Gel Polish HEMA-free and TPO-free 10ML CL01-06\"}]},{\"@type\":\"WebSite\",\"@id\":\"https:\\\/\\\/chromeclair.com\\\/#website\",\"url\":\"https:\\\/\\\/chromeclair.com\\\/\",\"name\":\"Cat Eye Gel Polish \u2013 HEMA-Free \uff06 TPO-Free\",\"description\":\"While others focus on having more colors, we focus on having safer ingredients.\",\"publisher\":{\"@id\":\"https:\\\/\\\/chromeclair.com\\\/#organization\"},\"potentialAction\":[{\"@type\":\"SearchAction\",\"target\":{\"@type\":\"EntryPoint\",\"urlTemplate\":\"https:\\\/\\\/chromeclair.com\\\/?s={search_term_string}\"},\"query-input\":{\"@type\":\"PropertyValueSpecification\",\"valueRequired\":true,\"valueName\":\"search_term_string\"}}],\"inLanguage\":\"fr-FR\"},{\"@type\":\"Organization\",\"@id\":\"https:\\\/\\\/chromeclair.com\\\/#organization\",\"name\":\"Cat Eye Gel Polish \u2013 HEMA-Free \uff06 TPO-Free\",\"url\":\"https:\\\/\\\/chromeclair.com\\\/\",\"logo\":{\"@type\":\"ImageObject\",\"inLanguage\":\"fr-FR\",\"@id\":\"https:\\\/\\\/chromeclair.com\\\/#\\\/schema\\\/logo\\\/image\\\/\",\"url\":\"https:\\\/\\\/chromeclair.com\\\/wp-content\\\/uploads\\\/2025\\\/06\\\/cropped-CHROMECLAIR-Logo-scaled-1.png\",\"contentUrl\":\"https:\\\/\\\/chromeclair.com\\\/wp-content\\\/uploads\\\/2025\\\/06\\\/cropped-CHROMECLAIR-Logo-scaled-1.png\",\"width\":2151,\"height\":429,\"caption\":\"Cat Eye Gel Polish \u2013 HEMA-Free \uff06 TPO-Free\"},\"image\":{\"@id\":\"https:\\\/\\\/chromeclair.com\\\/#\\\/schema\\\/logo\\\/image\\\/\"}}]}<\/script>\n<!-- \/ Yoast SEO plugin. -->","yoast_head_json":{"title":"10-Free Gel Nail Polish 10ml | HEMA, HPMA, Toxin Free, Vegan, Soak Off LED Lamp Required - CHROM\u00c9CLAIR","description":"D\u00e9couvrez notre vernis \u00e0 ongles en gel sans HEMA en 10 ml. R\u00e9alisez une manucure durable de qualit\u00e9 salon \u00e0 la maison sans risque d'allergie. Notre formule hypoallerg\u00e9nique et v\u00e9g\u00e9talienne est riche en pigments, facile \u00e0 appliquer et durcit rapidement sous n'importe quelle lampe LED. Achetez plus de 50 couleurs vibrantes et tendance d\u00e8s aujourd'hui !","robots":{"index":"index","follow":"follow","max-snippet":"max-snippet:-1","max-image-preview":"max-image-preview:large","max-video-preview":"max-video-preview:-1"},"canonical":"https:\/\/chromeclair.com\/fr\/produit\/gel-polish-hema-free-and-tpo-free-10ml-cl01-06\/","og_locale":"fr_FR","og_type":"article","og_title":"10-Free Gel Nail Polish 10ml | HEMA, HPMA, Toxin Free, Vegan, Soak Off LED Lamp Required - CHROM\u00c9CLAIR","og_description":"Discover our HEMA-Free Gel Nail Polish in 10ml. Achieve a salon-quality, long-lasting manicure at home without the risk of allergies. Our hypoallergenic, vegan formula is rich in pigment, easy to apply, and cures quickly under any LED lamp. Shop over 50 vibrant, trendy colors today!","og_url":"https:\/\/chromeclair.com\/fr\/produit\/gel-polish-hema-free-and-tpo-free-10ml-cl01-06\/","og_site_name":"Cat Eye Gel Polish \u2013 HEMA-Free \uff06 TPO-Free","article_modified_time":"2026-04-13T06:08:06+00:00","og_image":[{"width":800,"height":800,"url":"https:\/\/chromeclair.com\/wp-content\/uploads\/2025\/08\/CL-01.jpg","type":"image\/jpeg"}],"twitter_card":"summary_large_image","twitter_misc":{"Dur\u00e9e de lecture estim\u00e9e":"3 minutes"},"schema":{"@context":"https:\/\/schema.org","@graph":[{"@type":"WebPage","@id":"https:\/\/chromeclair.com\/product\/gel-polish-hema-free-and-tpo-free-10ml-cl01-06\/","url":"https:\/\/chromeclair.com\/product\/gel-polish-hema-free-and-tpo-free-10ml-cl01-06\/","name":"10-Free Gel Nail Polish 10ml | HEMA, HPMA, Toxin Free, Vegan, Soak Off LED Lamp Required - CHROM\u00c9CLAIR","isPartOf":{"@id":"https:\/\/chromeclair.com\/#website"},"primaryImageOfPage":{"@id":"https:\/\/chromeclair.com\/product\/gel-polish-hema-free-and-tpo-free-10ml-cl01-06\/#primaryimage"},"image":{"@id":"https:\/\/chromeclair.com\/product\/gel-polish-hema-free-and-tpo-free-10ml-cl01-06\/#primaryimage"},"thumbnailUrl":"https:\/\/chromeclair.com\/wp-content\/uploads\/2025\/08\/CL-01.jpg","datePublished":"2025-08-20T06:54:31+00:00","dateModified":"2026-04-13T06:08:06+00:00","description":"D\u00e9couvrez notre vernis \u00e0 ongles en gel sans HEMA en 10 ml. R\u00e9alisez une manucure durable de qualit\u00e9 salon \u00e0 la maison sans risque d'allergie. Notre formule hypoallerg\u00e9nique et v\u00e9g\u00e9talienne est riche en pigments, facile \u00e0 appliquer et durcit rapidement sous n'importe quelle lampe LED. Achetez plus de 50 couleurs vibrantes et tendance d\u00e8s aujourd'hui !","breadcrumb":{"@id":"https:\/\/chromeclair.com\/product\/gel-polish-hema-free-and-tpo-free-10ml-cl01-06\/#breadcrumb"},"inLanguage":"fr-FR","potentialAction":[{"@type":"ReadAction","target":["https:\/\/chromeclair.com\/product\/gel-polish-hema-free-and-tpo-free-10ml-cl01-06\/"]}]},{"@type":"ImageObject","inLanguage":"fr-FR","@id":"https:\/\/chromeclair.com\/product\/gel-polish-hema-free-and-tpo-free-10ml-cl01-06\/#primaryimage","url":"https:\/\/chromeclair.com\/wp-content\/uploads\/2025\/08\/CL-01.jpg","contentUrl":"https:\/\/chromeclair.com\/wp-content\/uploads\/2025\/08\/CL-01.jpg","width":800,"height":800,"caption":"CL-01"},{"@type":"BreadcrumbList","@id":"https:\/\/chromeclair.com\/product\/gel-polish-hema-free-and-tpo-free-10ml-cl01-06\/#breadcrumb","itemListElement":[{"@type":"ListItem","position":1,"name":"Home","item":"https:\/\/chromeclair.com\/"},{"@type":"ListItem","position":2,"name":"Shop","item":"https:\/\/chromeclair.com\/shop\/"},{"@type":"ListItem","position":3,"name":"Gel Polish HEMA-free and TPO-free 10ML CL01-06"}]},{"@type":"WebSite","@id":"https:\/\/chromeclair.com\/#website","url":"https:\/\/chromeclair.com\/","name":"Vernis gel Cat Eye \u2013 Sans HEMA ni TPO","description":"Alors que d'autres se concentrent sur l'ajout de couleurs, nous nous concentrons sur l'utilisation d'ingr\u00e9dients plus s\u00fbrs.","publisher":{"@id":"https:\/\/chromeclair.com\/#organization"},"potentialAction":[{"@type":"SearchAction","target":{"@type":"EntryPoint","urlTemplate":"https:\/\/chromeclair.com\/?s={search_term_string}"},"query-input":{"@type":"PropertyValueSpecification","valueRequired":true,"valueName":"search_term_string"}}],"inLanguage":"fr-FR"},{"@type":"Organization","@id":"https:\/\/chromeclair.com\/#organization","name":"Vernis gel Cat Eye \u2013 Sans HEMA ni TPO","url":"https:\/\/chromeclair.com\/","logo":{"@type":"ImageObject","inLanguage":"fr-FR","@id":"https:\/\/chromeclair.com\/#\/schema\/logo\/image\/","url":"https:\/\/chromeclair.com\/wp-content\/uploads\/2025\/06\/cropped-CHROMECLAIR-Logo-scaled-1.png","contentUrl":"https:\/\/chromeclair.com\/wp-content\/uploads\/2025\/06\/cropped-CHROMECLAIR-Logo-scaled-1.png","width":2151,"height":429,"caption":"Cat Eye Gel Polish \u2013 HEMA-Free \uff06 TPO-Free"},"image":{"@id":"https:\/\/chromeclair.com\/#\/schema\/logo\/image\/"}}]}},"_links":{"self":[{"href":"https:\/\/chromeclair.com\/fr\/wp-json\/wp\/v2\/product\/8423","targetHints":{"allow":["GET"]}}],"collection":[{"href":"https:\/\/chromeclair.com\/fr\/wp-json\/wp\/v2\/product"}],"about":[{"href":"https:\/\/chromeclair.com\/fr\/wp-json\/wp\/v2\/types\/product"}],"replies":[{"embeddable":true,"href":"https:\/\/chromeclair.com\/fr\/wp-json\/wp\/v2\/comments?post=8423"}],"wp:featuredmedia":[{"embeddable":true,"href":"https:\/\/chromeclair.com\/fr\/wp-json\/wp\/v2\/media\/8424"}],"wp:attachment":[{"href":"https:\/\/chromeclair.com\/fr\/wp-json\/wp\/v2\/media?parent=8423"}],"wp:term":[{"taxonomy":"product_brand","embeddable":true,"href":"https:\/\/chromeclair.com\/fr\/wp-json\/wp\/v2\/product_brand?post=8423"},{"taxonomy":"product_cat","embeddable":true,"href":"https:\/\/chromeclair.com\/fr\/wp-json\/wp\/v2\/product_cat?post=8423"},{"taxonomy":"product_tag","embeddable":true,"href":"https:\/\/chromeclair.com\/fr\/wp-json\/wp\/v2\/product_tag?post=8423"}],"curies":[{"name":"wp","href":"https:\/\/api.w.org\/{rel}","templated":true}]}}