{"id":8527,"date":"2025-08-23T04:29:35","date_gmt":"2025-08-23T04:29:35","guid":{"rendered":"https:\/\/chromeclair.com\/?post_type=product&#038;p=8527"},"modified":"2026-02-05T10:10:04","modified_gmt":"2026-02-05T10:10:04","slug":"cat-eye-gel-polish-hema-free-and-tpo-free-ce01","status":"publish","type":"product","link":"https:\/\/chromeclair.com\/fr\/produit\/cat-eye-gel-polish-hema-free-and-tpo-free-ce01\/","title":{"rendered":"Cat Eye Gel Polish Sans HEMA et sans TPO CE01"},"content":{"rendered":"<p><strong>\u2728 Lib\u00e9rez la magie de Galaxy sur vos ongles - en toute s\u00e9curit\u00e9 !<\/strong><\/p>\n\n\n\n<p>Notre&nbsp;<strong>Gel pour les yeux de chat sans HEMA<\/strong>&nbsp;offre l'effet magn\u00e9tique hypnotique de l'espace profond que vous aimez, sans les soucis d'allergies. Formul\u00e9 sans HEMA, HPMA et autres irritants courants, c'est le choix professionnel pour un nail art \u00e9blouissant et s\u00fbr.<\/p>\n\n\n\n<p><strong>\u2728 Pourquoi notre gel pour yeux de chat est un must-have :<\/strong><\/p>\n\n\n\n<ul class=\"wp-block-list\">\n<li><strong>\ud83c\udf0c EFFET MAGN\u00c9TIQUE 3D INSTANTAN\u00c9 :<\/strong>&nbsp;Il est dot\u00e9 d'un puissant&nbsp;<strong>formule de l'oxyde de fer<\/strong>&nbsp;qui r\u00e9agit rapidement \u00e0 l'aimant. Cr\u00e9ez facilement des lignes de galaxie nettes et spectaculaires ou des effets doux et \u00e9th\u00e9r\u00e9s.<\/li>\n\n\n\n<li><strong>\ud83d\udee1\ufe0f HYPOALLERG\u00c9NIQUE ET S\u00dbR :<\/strong>&nbsp;Sp\u00e9cialement con\u00e7u pour les proth\u00e9sistes ongulaires et les clientes sensibles. Profitez d'un art de l'ongle \u00e0 couper le souffle en toute s\u00e9r\u00e9nit\u00e9.<\/li>\n\n\n\n<li><strong>\ud83d\udc8e HAUTE PIGMENTATION ET FINITION BRILLANTE :<\/strong>&nbsp;La formule riche et cr\u00e9meuse offre une couverture compl\u00e8te et uniforme en 1 \u00e0 2 couches. Elle durcit pour donner un fini brillant qui dure des semaines sans se ternir.<\/li>\n\n\n\n<li><strong>\ud83e\uddf2 UNE PERFORMANCE DE NIVEAU PROFESSIONNEL :<\/strong>&nbsp;Les&nbsp;<strong>grand 17ml<\/strong>&nbsp;est parfait pour les salons et les artistes de l'ongle s\u00e9rieux. La formule est facile \u00e0 travailler, auto-nivelante et durcit parfaitement sous les lampes LED\/UV.<\/li>\n\n\n\n<li><strong>\ud83c\udf3f VEGAN &amp; CRUELTY-FREE :<\/strong>&nbsp;Nous sommes fiers d'\u00eatre certifi\u00e9s Leaping Bunny. Nos produits ne sont jamais test\u00e9s sur les animaux.<\/li>\n<\/ul>\n\n\n\n<p><strong>Parfait pour :<\/strong>&nbsp;Les proth\u00e9sistes ongulaires professionnels, les adeptes du nail art, les personnes allergiques au gel et toutes celles qui souhaitent cr\u00e9er chez elles des ongles magn\u00e9tiques d'une qualit\u00e9 digne d'un salon.<\/p>\n\n\n\n<p><strong>Comment l'utiliser :<\/strong><\/p>\n\n\n\n<ol start=\"1\" class=\"wp-block-list\">\n<li>Appliquer la couche de base et la polym\u00e9riser. Appliquer 1 \u00e0 2 couches de gel de couleur et les faire durcir.<\/li>\n\n\n\n<li><strong>Appliquer une fine couche de gel pour yeux de chat.<\/strong>&nbsp;Ne pas gu\u00e9rir encore.<\/li>\n\n\n\n<li>Tenir l'aimant&nbsp;<strong>2-3 mm au-dessus<\/strong>&nbsp;l'ongle pendant 10 \u00e0 15 secondes pour cr\u00e9er l'effet.<\/li>\n\n\n\n<li>Durcir sous une lampe LED pendant 60 secondes. Sceller avec une couche de finition et durcir.<\/li>\n<\/ol>\n\n\n\n<p><strong>Explorez notre gamme de couleurs cosmiques et transformez votre nail art d\u00e8s aujourd'hui !<\/strong><\/p>\n\n\n<blockquote class=\"instagram-media\" data-instgrm-captioned data-instgrm-permalink=\"https:\/\/www.instagram.com\/p\/DRufPrZiD0q\/?utm_source=ig_embed&amp;utm_campaign=loading\" data-instgrm-version=\"14\" style=\" background:#FFF; border:0; border-radius:3px; box-shadow:0 0 1px 0 rgba(0,0,0,0.5),0 1px 10px 0 rgba(0,0,0,0.15); margin: 1px; max-width:540px; min-width:326px; padding:0; width:99.375%; width:-webkit-calc(100% - 2px); width:calc(100% - 2px);\">\n<div style=\"padding:16px;\"> <a href=\"https:\/\/www.instagram.com\/p\/DRufPrZiD0q\/?utm_source=ig_embed&amp;utm_campaign=loading\" style=\" background:#FFFFFF; line-height:0; padding:0 0; text-align:center; text-decoration:none; width:100%;\" target=\"_blank\"> <\/p>\n<div style=\" display: flex; flex-direction: row; align-items: center;\">\n<div style=\"background-color: #F4F4F4; border-radius: 50%; flex-grow: 0; height: 40px; margin-right: 14px; width: 40px;\"><\/div>\n<div style=\"display: flex; flex-direction: column; flex-grow: 1; justify-content: center;\">\n<div style=\" background-color: #F4F4F4; border-radius: 4px; flex-grow: 0; height: 14px; margin-bottom: 6px; width: 100px;\"><\/div>\n<div style=\" background-color: #F4F4F4; border-radius: 4px; flex-grow: 0; height: 14px; width: 60px;\"><\/div>\n<\/div>\n<\/div>\n<div style=\"padding: 19% 0;\"><\/div>\n<div style=\"display:block; height:50px; margin:0 auto 12px; width:50px;\"><svg width=\"50px\" height=\"50px\" viewbox=\"0 0 60 60\" version=\"1.1\" xmlns=\"https:\/\/www.w3.org\/2000\/svg\" xmlns:xlink=\"https:\/\/www.w3.org\/1999\/xlink\"><g stroke=\"none\" stroke-width=\"1\" fill=\"none\" fill-rule=\"evenodd\"><g transform=\"translate(-511.000000, -20.000000)\" fill=\"#000000\"><g><path d=\"M556.869,30.41 C554.814,30.41 553.148,32.076 553.148,34.131 C553.148,36.186 554.814,37.852 556.869,37.852 C558.924,37.852 560.59,36.186 560.59,34.131 C560.59,32.076 558.924,30.41 556.869,30.41 M541,60.657 C535.114,60.657 530.342,55.887 530.342,50 C530.342,44.114 535.114,39.342 541,39.342 C546.887,39.342 551.658,44.114 551.658,50 C551.658,55.887 546.887,60.657 541,60.657 M541,33.886 C532.1,33.886 524.886,41.1 524.886,50 C524.886,58.899 532.1,66.113 541,66.113 C549.9,66.113 557.115,58.899 557.115,50 C557.115,41.1 549.9,33.886 541,33.886 M565.378,62.101 C565.244,65.022 564.756,66.606 564.346,67.663 C563.803,69.06 563.154,70.057 562.106,71.106 C561.058,72.155 560.06,72.803 558.662,73.347 C557.607,73.757 556.021,74.244 553.102,74.378 C549.944,74.521 548.997,74.552 541,74.552 C533.003,74.552 532.056,74.521 528.898,74.378 C525.979,74.244 524.393,73.757 523.338,73.347 C521.94,72.803 520.942,72.155 519.894,71.106 C518.846,70.057 518.197,69.06 517.654,67.663 C517.244,66.606 516.755,65.022 516.623,62.101 C516.479,58.943 516.448,57.996 516.448,50 C516.448,42.003 516.479,41.056 516.623,37.899 C516.755,34.978 517.244,33.391 517.654,32.338 C518.197,30.938 518.846,29.942 519.894,28.894 C520.942,27.846 521.94,27.196 523.338,26.654 C524.393,26.244 525.979,25.756 528.898,25.623 C532.057,25.479 533.004,25.448 541,25.448 C548.997,25.448 549.943,25.479 553.102,25.623 C556.021,25.756 557.607,26.244 558.662,26.654 C560.06,27.196 561.058,27.846 562.106,28.894 C563.154,29.942 563.803,30.938 564.346,32.338 C564.756,33.391 565.244,34.978 565.378,37.899 C565.522,41.056 565.552,42.003 565.552,50 C565.552,57.996 565.522,58.943 565.378,62.101 M570.82,37.631 C570.674,34.438 570.167,32.258 569.425,30.349 C568.659,28.377 567.633,26.702 565.965,25.035 C564.297,23.368 562.623,22.342 560.652,21.575 C558.743,20.834 556.562,20.326 553.369,20.18 C550.169,20.033 549.148,20 541,20 C532.853,20 531.831,20.033 528.631,20.18 C525.438,20.326 523.257,20.834 521.349,21.575 C519.376,22.342 517.703,23.368 516.035,25.035 C514.368,26.702 513.342,28.377 512.574,30.349 C511.834,32.258 511.326,34.438 511.181,37.631 C511.035,40.831 511,41.851 511,50 C511,58.147 511.035,59.17 511.181,62.369 C511.326,65.562 511.834,67.743 512.574,69.651 C513.342,71.625 514.368,73.296 516.035,74.965 C517.703,76.634 519.376,77.658 521.349,78.425 C523.257,79.167 525.438,79.673 528.631,79.82 C531.831,79.965 532.853,80.001 541,80.001 C549.148,80.001 550.169,79.965 553.369,79.82 C556.562,79.673 558.743,79.167 560.652,78.425 C562.623,77.658 564.297,76.634 565.965,74.965 C567.633,73.296 568.659,71.625 569.425,69.651 C570.167,67.743 570.674,65.562 570.82,62.369 C570.966,59.17 571,58.147 571,50 C571,41.851 570.966,40.831 570.82,37.631\"><\/path><\/g><\/g><\/g><\/svg><\/div>\n<div style=\"padding-top: 8px;\">\n<div style=\" color:#3897f0; font-family:Arial,sans-serif; font-size:14px; font-style:normal; font-weight:550; line-height:18px;\">Voir ce message sur Instagram<\/div>\n<\/div>\n<div style=\"padding: 12.5% 0;\"><\/div>\n<div style=\"display: flex; flex-direction: row; margin-bottom: 14px; align-items: center;\">\n<div>\n<div style=\"background-color: #F4F4F4; border-radius: 50%; height: 12.5px; width: 12.5px; transform: translateX(0px) translateY(7px);\"><\/div>\n<div style=\"background-color: #F4F4F4; height: 12.5px; transform: rotate(-45deg) translateX(3px) translateY(1px); width: 12.5px; flex-grow: 0; margin-right: 14px; margin-left: 2px;\"><\/div>\n<div style=\"background-color: #F4F4F4; border-radius: 50%; height: 12.5px; width: 12.5px; transform: translateX(9px) translateY(-18px);\"><\/div>\n<\/div>\n<div style=\"margin-left: 8px;\">\n<div style=\" background-color: #F4F4F4; border-radius: 50%; flex-grow: 0; height: 20px; width: 20px;\"><\/div>\n<div style=\" width: 0; height: 0; border-top: 2px solid transparent; border-left: 6px solid #f4f4f4; border-bottom: 2px solid transparent; transform: translateX(16px) translateY(-4px) rotate(30deg)\"><\/div>\n<\/div>\n<div style=\"margin-left: auto;\">\n<div style=\" width: 0px; border-top: 8px solid #F4F4F4; border-right: 8px solid transparent; transform: translateY(16px);\"><\/div>\n<div style=\" background-color: #F4F4F4; flex-grow: 0; height: 12px; width: 16px; transform: translateY(-4px);\"><\/div>\n<div style=\" width: 0; height: 0; border-top: 8px solid #F4F4F4; border-left: 8px solid transparent; transform: translateY(-4px) translateX(8px);\"><\/div>\n<\/div>\n<\/div>\n<div style=\"display: flex; flex-direction: column; flex-grow: 1; justify-content: center; margin-bottom: 24px;\">\n<div style=\" background-color: #F4F4F4; border-radius: 4px; flex-grow: 0; height: 14px; margin-bottom: 6px; width: 224px;\"><\/div>\n<div style=\" background-color: #F4F4F4; border-radius: 4px; flex-grow: 0; height: 14px; width: 144px;\"><\/div>\n<\/div>\n<p><\/a><\/p>\n<p style=\" color:#c9c8cd; font-family:Arial,sans-serif; font-size:14px; line-height:17px; margin-bottom:0; margin-top:8px; overflow:hidden; padding:8px 0 7px; text-align:center; text-overflow:ellipsis; white-space:nowrap;\"><a href=\"https:\/\/www.instagram.com\/p\/DRufPrZiD0q\/?utm_source=ig_embed&amp;utm_campaign=loading\" style=\" color:#c9c8cd; font-family:Arial,sans-serif; font-size:14px; font-style:normal; font-weight:normal; line-height:17px; text-decoration:none;\" target=\"_blank\">Une publication partag\u00e9e par \ud835\udc05\ud835\udc0e\ud835\udc11\ud835\udc0c\ud835\udc00\ud835\udc13\ud835\udc08\ud835\udc0e\ud835\udc0d \ud835\udc0c\ud835\udc00\ud835\udc0d\ud835\udc14\ud835\udc02\ud835\udc14\ud835\udc11\ud835\udc04 \ud835\udc11\ud835\udc14\ud835\udc12\ud835\udc12\ud835\udc04 \ud835\udc0b\ud835\udc04\ud835\udc0d\ud835\udc13\ud835\udc08\ud835\udc0b\ud835\udc0b\ud835\udc18 \/ \ud835\udc0b\ud835\udc18\ud835\udc0e\ud835\udc0d (@onglissime_by_amanda)<\/a><\/p>\n<\/div>\n<\/blockquote>\n<p> <script async src=\"\/\/www.instagram.com\/embed.js\"><\/script><\/p>\n\n\n\n<p><\/p>","protected":false},"excerpt":{"rendered":"<p>Doit \u00eatre utilis\u00e9 avec une lampe UV ou une lampe LED<\/p>","protected":false},"featured_media":8528,"comment_status":"open","ping_status":"closed","template":"","meta":[],"product_brand":[162],"product_cat":[179],"product_tag":[],"class_list":{"0":"post-8527","1":"product","2":"type-product","3":"status-publish","4":"has-post-thumbnail","6":"product_brand-chromeclair","7":"product_cat-cat-eye-gel-polish","9":"first","10":"instock","11":"sale","12":"shipping-taxable","13":"purchasable","14":"product-type-simple"},"yoast_head":"<!-- This site is optimized with the Yoast SEO plugin v26.4 - https:\/\/yoast.com\/wordpress\/plugins\/seo\/ -->\n<title>Magnetic Cat Eye Gel Polish 17ml | HEMA Free, Intense 3D Effect, Quick Magnetic Reaction - CHROM\u00c9CLAIR<\/title>\n<meta name=\"description\" content=\"Create mesmerizing magnetic cat eye nails with our HEMA-Free Gel Polish (17ml). This hypoallergenic formula features a strong magnetic pull for a fast, intense 3D galaxy effect. Vegan, cruelty-free, and perfect for professionals.\" \/>\n<meta name=\"robots\" content=\"index, follow, max-snippet:-1, max-image-preview:large, max-video-preview:-1\" \/>\n<link rel=\"canonical\" href=\"https:\/\/chromeclair.com\/fr\/produit\/cat-eye-gel-polish-hema-free-and-tpo-free-ce01\/\" \/>\n<meta property=\"og:locale\" content=\"fr_FR\" \/>\n<meta property=\"og:type\" content=\"article\" \/>\n<meta property=\"og:title\" content=\"Magnetic Cat Eye Gel Polish 17ml | HEMA Free, Intense 3D Effect, Quick Magnetic Reaction - CHROM\u00c9CLAIR\" \/>\n<meta property=\"og:description\" content=\"Create mesmerizing magnetic cat eye nails with our HEMA-Free Gel Polish (17ml). This hypoallergenic formula features a strong magnetic pull for a fast, intense 3D galaxy effect. Vegan, cruelty-free, and perfect for professionals.\" \/>\n<meta property=\"og:url\" content=\"https:\/\/chromeclair.com\/fr\/produit\/cat-eye-gel-polish-hema-free-and-tpo-free-ce01\/\" \/>\n<meta property=\"og:site_name\" content=\"chromeclair.com\" \/>\n<meta property=\"article:modified_time\" content=\"2026-02-05T10:10:04+00:00\" \/>\n<meta property=\"og:image\" content=\"https:\/\/chromeclair.com\/wp-content\/uploads\/2025\/08\/CE-01.jpg\" \/>\n\t<meta property=\"og:image:width\" content=\"800\" \/>\n\t<meta property=\"og:image:height\" content=\"800\" \/>\n\t<meta property=\"og:image:type\" content=\"image\/jpeg\" \/>\n<meta name=\"twitter:card\" content=\"summary_large_image\" \/>\n<meta name=\"twitter:label1\" content=\"Dur\u00e9e de lecture estim\u00e9e\" \/>\n\t<meta name=\"twitter:data1\" content=\"2 minutes\" \/>\n<script type=\"application\/ld+json\" class=\"yoast-schema-graph\">{\"@context\":\"https:\/\/schema.org\",\"@graph\":[{\"@type\":\"WebPage\",\"@id\":\"https:\/\/chromeclair.com\/product\/cat-eye-gel-polish-hema-free-and-tpo-free-ce01\/\",\"url\":\"https:\/\/chromeclair.com\/product\/cat-eye-gel-polish-hema-free-and-tpo-free-ce01\/\",\"name\":\"Magnetic Cat Eye Gel Polish 17ml | HEMA Free, Intense 3D Effect, Quick Magnetic Reaction - CHROM\u00c9CLAIR\",\"isPartOf\":{\"@id\":\"https:\/\/chromeclair.com\/#website\"},\"primaryImageOfPage\":{\"@id\":\"https:\/\/chromeclair.com\/product\/cat-eye-gel-polish-hema-free-and-tpo-free-ce01\/#primaryimage\"},\"image\":{\"@id\":\"https:\/\/chromeclair.com\/product\/cat-eye-gel-polish-hema-free-and-tpo-free-ce01\/#primaryimage\"},\"thumbnailUrl\":\"https:\/\/chromeclair.com\/wp-content\/uploads\/2025\/08\/CE-01.jpg\",\"datePublished\":\"2025-08-23T04:29:35+00:00\",\"dateModified\":\"2026-02-05T10:10:04+00:00\",\"description\":\"Create mesmerizing magnetic cat eye nails with our HEMA-Free Gel Polish (17ml). This hypoallergenic formula features a strong magnetic pull for a fast, intense 3D galaxy effect. Vegan, cruelty-free, and perfect for professionals.\",\"breadcrumb\":{\"@id\":\"https:\/\/chromeclair.com\/product\/cat-eye-gel-polish-hema-free-and-tpo-free-ce01\/#breadcrumb\"},\"inLanguage\":\"fr-FR\",\"potentialAction\":[{\"@type\":\"ReadAction\",\"target\":[\"https:\/\/chromeclair.com\/product\/cat-eye-gel-polish-hema-free-and-tpo-free-ce01\/\"]}]},{\"@type\":\"ImageObject\",\"inLanguage\":\"fr-FR\",\"@id\":\"https:\/\/chromeclair.com\/product\/cat-eye-gel-polish-hema-free-and-tpo-free-ce01\/#primaryimage\",\"url\":\"https:\/\/chromeclair.com\/wp-content\/uploads\/2025\/08\/CE-01.jpg\",\"contentUrl\":\"https:\/\/chromeclair.com\/wp-content\/uploads\/2025\/08\/CE-01.jpg\",\"width\":800,\"height\":800,\"caption\":\"Cat eye gel polish CE-01 CHROM\u00c9CLAIR\"},{\"@type\":\"BreadcrumbList\",\"@id\":\"https:\/\/chromeclair.com\/product\/cat-eye-gel-polish-hema-free-and-tpo-free-ce01\/#breadcrumb\",\"itemListElement\":[{\"@type\":\"ListItem\",\"position\":1,\"name\":\"Home\",\"item\":\"https:\/\/chromeclair.com\/\"},{\"@type\":\"ListItem\",\"position\":2,\"name\":\"Shop\",\"item\":\"https:\/\/chromeclair.com\/shop\/\"},{\"@type\":\"ListItem\",\"position\":3,\"name\":\"Cat Eye Gel Polish HEMA-Free and TPO-Free CE01\"}]},{\"@type\":\"WebSite\",\"@id\":\"https:\/\/chromeclair.com\/#website\",\"url\":\"https:\/\/chromeclair.com\/\",\"name\":\"chromeclair.com\",\"description\":\"\",\"publisher\":{\"@id\":\"https:\/\/chromeclair.com\/#organization\"},\"potentialAction\":[{\"@type\":\"SearchAction\",\"target\":{\"@type\":\"EntryPoint\",\"urlTemplate\":\"https:\/\/chromeclair.com\/?s={search_term_string}\"},\"query-input\":{\"@type\":\"PropertyValueSpecification\",\"valueRequired\":true,\"valueName\":\"search_term_string\"}}],\"inLanguage\":\"fr-FR\"},{\"@type\":\"Organization\",\"@id\":\"https:\/\/chromeclair.com\/#organization\",\"name\":\"chromeclair.com\",\"url\":\"https:\/\/chromeclair.com\/\",\"logo\":{\"@type\":\"ImageObject\",\"inLanguage\":\"fr-FR\",\"@id\":\"https:\/\/chromeclair.com\/#\/schema\/logo\/image\/\",\"url\":\"https:\/\/chromeclair.com\/wp-content\/uploads\/2025\/06\/cropped-CHROMECLAIR-Logo-scaled-1.png\",\"contentUrl\":\"https:\/\/chromeclair.com\/wp-content\/uploads\/2025\/06\/cropped-CHROMECLAIR-Logo-scaled-1.png\",\"width\":2151,\"height\":429,\"caption\":\"chromeclair.com\"},\"image\":{\"@id\":\"https:\/\/chromeclair.com\/#\/schema\/logo\/image\/\"}}]}<\/script>\n<!-- \/ Yoast SEO plugin. -->","yoast_head_json":{"title":"Magnetic Cat Eye Gel Polish 17ml | Sans HEMA, effet 3D intense, r\u00e9action magn\u00e9tique rapide - CHROM\u00c9CLAIR","description":"Cr\u00e9ez des ongles magn\u00e9tiques envo\u00fbtants avec notre vernis en gel sans HEMA (17ml). Cette formule hypoallerg\u00e9nique pr\u00e9sente une forte attraction magn\u00e9tique pour un effet galaxie 3D rapide et intense. V\u00e9g\u00e9talien, sans cruaut\u00e9 et parfait pour les professionnels.","robots":{"index":"index","follow":"follow","max-snippet":"max-snippet:-1","max-image-preview":"max-image-preview:large","max-video-preview":"max-video-preview:-1"},"canonical":"https:\/\/chromeclair.com\/fr\/produit\/cat-eye-gel-polish-hema-free-and-tpo-free-ce01\/","og_locale":"fr_FR","og_type":"article","og_title":"Magnetic Cat Eye Gel Polish 17ml | HEMA Free, Intense 3D Effect, Quick Magnetic Reaction - CHROM\u00c9CLAIR","og_description":"Create mesmerizing magnetic cat eye nails with our HEMA-Free Gel Polish (17ml). This hypoallergenic formula features a strong magnetic pull for a fast, intense 3D galaxy effect. Vegan, cruelty-free, and perfect for professionals.","og_url":"https:\/\/chromeclair.com\/fr\/produit\/cat-eye-gel-polish-hema-free-and-tpo-free-ce01\/","og_site_name":"chromeclair.com","article_modified_time":"2026-02-05T10:10:04+00:00","og_image":[{"width":800,"height":800,"url":"https:\/\/chromeclair.com\/wp-content\/uploads\/2025\/08\/CE-01.jpg","type":"image\/jpeg"}],"twitter_card":"summary_large_image","twitter_misc":{"Dur\u00e9e de lecture estim\u00e9e":"2 minutes"},"schema":{"@context":"https:\/\/schema.org","@graph":[{"@type":"WebPage","@id":"https:\/\/chromeclair.com\/product\/cat-eye-gel-polish-hema-free-and-tpo-free-ce01\/","url":"https:\/\/chromeclair.com\/product\/cat-eye-gel-polish-hema-free-and-tpo-free-ce01\/","name":"Magnetic Cat Eye Gel Polish 17ml | Sans HEMA, effet 3D intense, r\u00e9action magn\u00e9tique rapide - CHROM\u00c9CLAIR","isPartOf":{"@id":"https:\/\/chromeclair.com\/#website"},"primaryImageOfPage":{"@id":"https:\/\/chromeclair.com\/product\/cat-eye-gel-polish-hema-free-and-tpo-free-ce01\/#primaryimage"},"image":{"@id":"https:\/\/chromeclair.com\/product\/cat-eye-gel-polish-hema-free-and-tpo-free-ce01\/#primaryimage"},"thumbnailUrl":"https:\/\/chromeclair.com\/wp-content\/uploads\/2025\/08\/CE-01.jpg","datePublished":"2025-08-23T04:29:35+00:00","dateModified":"2026-02-05T10:10:04+00:00","description":"Cr\u00e9ez des ongles magn\u00e9tiques envo\u00fbtants avec notre vernis en gel sans HEMA (17ml). Cette formule hypoallerg\u00e9nique pr\u00e9sente une forte attraction magn\u00e9tique pour un effet galaxie 3D rapide et intense. V\u00e9g\u00e9talien, sans cruaut\u00e9 et parfait pour les professionnels.","breadcrumb":{"@id":"https:\/\/chromeclair.com\/product\/cat-eye-gel-polish-hema-free-and-tpo-free-ce01\/#breadcrumb"},"inLanguage":"fr-FR","potentialAction":[{"@type":"ReadAction","target":["https:\/\/chromeclair.com\/product\/cat-eye-gel-polish-hema-free-and-tpo-free-ce01\/"]}]},{"@type":"ImageObject","inLanguage":"fr-FR","@id":"https:\/\/chromeclair.com\/product\/cat-eye-gel-polish-hema-free-and-tpo-free-ce01\/#primaryimage","url":"https:\/\/chromeclair.com\/wp-content\/uploads\/2025\/08\/CE-01.jpg","contentUrl":"https:\/\/chromeclair.com\/wp-content\/uploads\/2025\/08\/CE-01.jpg","width":800,"height":800,"caption":"Cat eye gel polish CE-01 CHROM\u00c9CLAIR"},{"@type":"BreadcrumbList","@id":"https:\/\/chromeclair.com\/product\/cat-eye-gel-polish-hema-free-and-tpo-free-ce01\/#breadcrumb","itemListElement":[{"@type":"ListItem","position":1,"name":"Home","item":"https:\/\/chromeclair.com\/"},{"@type":"ListItem","position":2,"name":"Shop","item":"https:\/\/chromeclair.com\/shop\/"},{"@type":"ListItem","position":3,"name":"Cat Eye Gel Polish HEMA-Free and TPO-Free CE01"}]},{"@type":"WebSite","@id":"https:\/\/chromeclair.com\/#website","url":"https:\/\/chromeclair.com\/","name":"chromeclair.com","description":"","publisher":{"@id":"https:\/\/chromeclair.com\/#organization"},"potentialAction":[{"@type":"SearchAction","target":{"@type":"EntryPoint","urlTemplate":"https:\/\/chromeclair.com\/?s={search_term_string}"},"query-input":{"@type":"PropertyValueSpecification","valueRequired":true,"valueName":"search_term_string"}}],"inLanguage":"fr-FR"},{"@type":"Organization","@id":"https:\/\/chromeclair.com\/#organization","name":"chromeclair.com","url":"https:\/\/chromeclair.com\/","logo":{"@type":"ImageObject","inLanguage":"fr-FR","@id":"https:\/\/chromeclair.com\/#\/schema\/logo\/image\/","url":"https:\/\/chromeclair.com\/wp-content\/uploads\/2025\/06\/cropped-CHROMECLAIR-Logo-scaled-1.png","contentUrl":"https:\/\/chromeclair.com\/wp-content\/uploads\/2025\/06\/cropped-CHROMECLAIR-Logo-scaled-1.png","width":2151,"height":429,"caption":"chromeclair.com"},"image":{"@id":"https:\/\/chromeclair.com\/#\/schema\/logo\/image\/"}}]}},"_links":{"self":[{"href":"https:\/\/chromeclair.com\/fr\/wp-json\/wp\/v2\/product\/8527","targetHints":{"allow":["GET"]}}],"collection":[{"href":"https:\/\/chromeclair.com\/fr\/wp-json\/wp\/v2\/product"}],"about":[{"href":"https:\/\/chromeclair.com\/fr\/wp-json\/wp\/v2\/types\/product"}],"replies":[{"embeddable":true,"href":"https:\/\/chromeclair.com\/fr\/wp-json\/wp\/v2\/comments?post=8527"}],"wp:featuredmedia":[{"embeddable":true,"href":"https:\/\/chromeclair.com\/fr\/wp-json\/wp\/v2\/media\/8528"}],"wp:attachment":[{"href":"https:\/\/chromeclair.com\/fr\/wp-json\/wp\/v2\/media?parent=8527"}],"wp:term":[{"taxonomy":"product_brand","embeddable":true,"href":"https:\/\/chromeclair.com\/fr\/wp-json\/wp\/v2\/product_brand?post=8527"},{"taxonomy":"product_cat","embeddable":true,"href":"https:\/\/chromeclair.com\/fr\/wp-json\/wp\/v2\/product_cat?post=8527"},{"taxonomy":"product_tag","embeddable":true,"href":"https:\/\/chromeclair.com\/fr\/wp-json\/wp\/v2\/product_tag?post=8527"}],"curies":[{"name":"wp","href":"https:\/\/api.w.org\/{rel}","templated":true}]}}