{"id":8534,"date":"2025-08-23T07:57:57","date_gmt":"2025-08-23T07:57:57","guid":{"rendered":"https:\/\/chromeclair.com\/?post_type=product&#038;p=8534"},"modified":"2026-04-16T01:54:19","modified_gmt":"2026-04-16T01:54:19","slug":"cat-eye-gel-polish-hema-free-and-tpo-free-ce04","status":"publish","type":"product","link":"https:\/\/chromeclair.com\/fr\/produit\/cat-eye-gel-polish-hema-free-and-tpo-free-ce04\/","title":{"rendered":"Cat Eye Gel Polish Sans HEMA et sans TPO CE04"},"content":{"rendered":"<p><strong>\ud83c\udf1f Hypoallergenic Magnetic Magic - 10-Free Cat Eye Gel Polish (17ml) \ud83c\udf1f<\/strong><br>D\u00e9couvrez l'effet hypnotique de l'\u0153il de chat sans compromis. Notre vernis est m\u00e9ticuleusement con\u00e7u pour \u00eatre&nbsp;<strong>100% Sans HEMA<\/strong>&nbsp;et va au-del\u00e0, en adh\u00e9rant \u00e0 une stricte&nbsp;<strong>\"Formule \"10-Free<\/strong>&nbsp;(sans HEMA, HPMA, Tolu\u00e8ne, Formald\u00e9hyde et autres). Nous pensons que l'art de l'ongle \u00e0 couper le souffle ne devrait jamais se faire au d\u00e9triment de votre sant\u00e9.<br><strong>L'exp\u00e9rience la plus s\u00fbre en mati\u00e8re d'yeux de chat :<\/strong><\/p>\n\n\n\n<ul class=\"wp-block-list\">\n<li><strong>Formule sans 10 :<\/strong>\u00a0Profitez de la tranquillit\u00e9 d'esprit que vous procure notre engagement exhaustif de ne pas produire de toxines.<\/li>\n\n\n\n<li><strong>Hypoallerg\u00e9nique et v\u00e9g\u00e9talien :<\/strong>\u00a0Doux pour les peaux les plus sensibles et jamais test\u00e9 sur les animaux. Certifi\u00e9 par PETA.<\/li>\n\n\n\n<li><strong>17ml de couleur s\u00fbre :<\/strong>\u00a0Une taille plus grande signifie des manucures plus belles et sans souci.<\/li>\n\n\n\n<li><strong>Des performances in\u00e9gal\u00e9es :<\/strong>\u00a0Ne vous laissez pas tromper par sa formule sans danger : il exerce une puissante attraction magn\u00e9tique et donne un fini brillant comme un miroir qui dure des semaines.<br><strong>Parfait pour :<\/strong>\u00a0Les personnes allergiques aux gels, les peaux sensibles et tous ceux qui privil\u00e9gient les ingr\u00e9dients de beaut\u00e9 propres sans sacrifier le style.<\/li>\n<\/ul>","protected":false},"excerpt":{"rendered":"<p>Doit \u00eatre utilis\u00e9 avec une lampe UV ou une lampe LED<\/p>","protected":false},"featured_media":8535,"comment_status":"open","ping_status":"closed","template":"","meta":[],"product_brand":[162],"product_cat":[179],"product_tag":[],"class_list":{"0":"post-8534","1":"product","2":"type-product","3":"status-publish","4":"has-post-thumbnail","6":"product_brand-chromeclair","7":"product_cat-cat-eye-gel-polish","9":"first","10":"instock","11":"sale","12":"shipping-taxable","13":"purchasable","14":"product-type-simple"},"yoast_head":"<!-- This site is optimized with the Yoast SEO plugin v26.4 - https:\/\/yoast.com\/wordpress\/plugins\/seo\/ -->\n<title>HEMA Free Magnetic Gel Polish Cat Eye 17ml - Professional Salon Grade, Vegan, Cruelty Free for Nail Art - CHROM\u00c9CLAIR<\/title>\n<meta name=\"description\" content=\"Built for nail techs: A professional-grade, 17ml HEMA-Free Cat Eye Gel. Its powerful magnetic pull creates sharp, defined lines quickly, maximizing your efficiency. The large size offers great value for your salon.\" \/>\n<meta name=\"robots\" content=\"index, follow, max-snippet:-1, max-image-preview:large, max-video-preview:-1\" \/>\n<link rel=\"canonical\" href=\"https:\/\/chromeclair.com\/fr\/produit\/cat-eye-gel-polish-hema-free-and-tpo-free-ce04\/\" \/>\n<meta property=\"og:locale\" content=\"fr_FR\" \/>\n<meta property=\"og:type\" content=\"article\" \/>\n<meta property=\"og:title\" content=\"HEMA Free Magnetic Gel Polish Cat Eye 17ml - Professional Salon Grade, Vegan, Cruelty Free for Nail Art - CHROM\u00c9CLAIR\" \/>\n<meta property=\"og:description\" content=\"Built for nail techs: A professional-grade, 17ml HEMA-Free Cat Eye Gel. Its powerful magnetic pull creates sharp, defined lines quickly, maximizing your efficiency. The large size offers great value for your salon.\" \/>\n<meta property=\"og:url\" content=\"https:\/\/chromeclair.com\/fr\/produit\/cat-eye-gel-polish-hema-free-and-tpo-free-ce04\/\" \/>\n<meta property=\"og:site_name\" content=\"Cat Eye Gel Polish \u2013 HEMA-Free \uff06 TPO-Free\" \/>\n<meta property=\"article:modified_time\" content=\"2026-04-16T01:54:19+00:00\" \/>\n<meta property=\"og:image\" content=\"https:\/\/chromeclair.com\/wp-content\/uploads\/2025\/08\/CE-04.jpg\" \/>\n\t<meta property=\"og:image:width\" content=\"800\" \/>\n\t<meta property=\"og:image:height\" content=\"800\" \/>\n\t<meta property=\"og:image:type\" content=\"image\/jpeg\" \/>\n<meta name=\"twitter:card\" content=\"summary_large_image\" \/>\n<meta name=\"twitter:label1\" content=\"Dur\u00e9e de lecture estim\u00e9e\" \/>\n\t<meta name=\"twitter:data1\" content=\"1 minute\" \/>\n<script type=\"application\/ld+json\" class=\"yoast-schema-graph\">{\"@context\":\"https:\/\/schema.org\",\"@graph\":[{\"@type\":\"WebPage\",\"@id\":\"https:\/\/chromeclair.com\/product\/cat-eye-gel-polish-hema-free-and-tpo-free-ce04\/\",\"url\":\"https:\/\/chromeclair.com\/product\/cat-eye-gel-polish-hema-free-and-tpo-free-ce04\/\",\"name\":\"HEMA Free Magnetic Gel Polish Cat Eye 17ml - Professional Salon Grade, Vegan, Cruelty Free for Nail Art - CHROM\u00c9CLAIR\",\"isPartOf\":{\"@id\":\"https:\/\/chromeclair.com\/#website\"},\"primaryImageOfPage\":{\"@id\":\"https:\/\/chromeclair.com\/product\/cat-eye-gel-polish-hema-free-and-tpo-free-ce04\/#primaryimage\"},\"image\":{\"@id\":\"https:\/\/chromeclair.com\/product\/cat-eye-gel-polish-hema-free-and-tpo-free-ce04\/#primaryimage\"},\"thumbnailUrl\":\"https:\/\/chromeclair.com\/wp-content\/uploads\/2025\/08\/CE-04.jpg\",\"datePublished\":\"2025-08-23T07:57:57+00:00\",\"dateModified\":\"2026-04-16T01:54:19+00:00\",\"description\":\"Built for nail techs: A professional-grade, 17ml HEMA-Free Cat Eye Gel. Its powerful magnetic pull creates sharp, defined lines quickly, maximizing your efficiency. The large size offers great value for your salon.\",\"breadcrumb\":{\"@id\":\"https:\/\/chromeclair.com\/product\/cat-eye-gel-polish-hema-free-and-tpo-free-ce04\/#breadcrumb\"},\"inLanguage\":\"fr-FR\",\"potentialAction\":[{\"@type\":\"ReadAction\",\"target\":[\"https:\/\/chromeclair.com\/product\/cat-eye-gel-polish-hema-free-and-tpo-free-ce04\/\"]}]},{\"@type\":\"ImageObject\",\"inLanguage\":\"fr-FR\",\"@id\":\"https:\/\/chromeclair.com\/product\/cat-eye-gel-polish-hema-free-and-tpo-free-ce04\/#primaryimage\",\"url\":\"https:\/\/chromeclair.com\/wp-content\/uploads\/2025\/08\/CE-04.jpg\",\"contentUrl\":\"https:\/\/chromeclair.com\/wp-content\/uploads\/2025\/08\/CE-04.jpg\",\"width\":800,\"height\":800,\"caption\":\"Cat eye gel polish CE-04 CHROM\u00c9CLAIR\"},{\"@type\":\"BreadcrumbList\",\"@id\":\"https:\/\/chromeclair.com\/product\/cat-eye-gel-polish-hema-free-and-tpo-free-ce04\/#breadcrumb\",\"itemListElement\":[{\"@type\":\"ListItem\",\"position\":1,\"name\":\"Home\",\"item\":\"https:\/\/chromeclair.com\/\"},{\"@type\":\"ListItem\",\"position\":2,\"name\":\"Shop\",\"item\":\"https:\/\/chromeclair.com\/shop\/\"},{\"@type\":\"ListItem\",\"position\":3,\"name\":\"Cat Eye Gel Polish HEMA-Free and TPO-Free CE04\"}]},{\"@type\":\"WebSite\",\"@id\":\"https:\/\/chromeclair.com\/#website\",\"url\":\"https:\/\/chromeclair.com\/\",\"name\":\"Cat Eye Gel Polish \u2013 HEMA-Free \uff06 TPO-Free\",\"description\":\"While others focus on having more colors, we focus on having safer ingredients.\",\"publisher\":{\"@id\":\"https:\/\/chromeclair.com\/#organization\"},\"potentialAction\":[{\"@type\":\"SearchAction\",\"target\":{\"@type\":\"EntryPoint\",\"urlTemplate\":\"https:\/\/chromeclair.com\/?s={search_term_string}\"},\"query-input\":{\"@type\":\"PropertyValueSpecification\",\"valueRequired\":true,\"valueName\":\"search_term_string\"}}],\"inLanguage\":\"fr-FR\"},{\"@type\":\"Organization\",\"@id\":\"https:\/\/chromeclair.com\/#organization\",\"name\":\"Cat Eye Gel Polish \u2013 HEMA-Free \uff06 TPO-Free\",\"url\":\"https:\/\/chromeclair.com\/\",\"logo\":{\"@type\":\"ImageObject\",\"inLanguage\":\"fr-FR\",\"@id\":\"https:\/\/chromeclair.com\/#\/schema\/logo\/image\/\",\"url\":\"https:\/\/chromeclair.com\/wp-content\/uploads\/2025\/06\/cropped-CHROMECLAIR-Logo-scaled-1.png\",\"contentUrl\":\"https:\/\/chromeclair.com\/wp-content\/uploads\/2025\/06\/cropped-CHROMECLAIR-Logo-scaled-1.png\",\"width\":2151,\"height\":429,\"caption\":\"Cat Eye Gel Polish \u2013 HEMA-Free \uff06 TPO-Free\"},\"image\":{\"@id\":\"https:\/\/chromeclair.com\/#\/schema\/logo\/image\/\"}}]}<\/script>\n<!-- \/ Yoast SEO plugin. -->","yoast_head_json":{"title":"Vernis gel magn\u00e9tique sans HEMA Cat Eye 17ml - Qualit\u00e9 professionnelle de salon, v\u00e9g\u00e9talien, sans cruaut\u00e9 pour le Nail Art - CHROM\u00c9CLAIR","description":"Con\u00e7u pour les proth\u00e9sistes ongulaires : un gel Cat Eye sans HEMA de 17 ml de qualit\u00e9 professionnelle. Sa puissante traction magn\u00e9tique cr\u00e9e rapidement des lignes nettes et d\u00e9finies, maximisant ainsi votre efficacit\u00e9. Le grand format offre une grande valeur pour votre salon.","robots":{"index":"index","follow":"follow","max-snippet":"max-snippet:-1","max-image-preview":"max-image-preview:large","max-video-preview":"max-video-preview:-1"},"canonical":"https:\/\/chromeclair.com\/fr\/produit\/cat-eye-gel-polish-hema-free-and-tpo-free-ce04\/","og_locale":"fr_FR","og_type":"article","og_title":"HEMA Free Magnetic Gel Polish Cat Eye 17ml - Professional Salon Grade, Vegan, Cruelty Free for Nail Art - CHROM\u00c9CLAIR","og_description":"Built for nail techs: A professional-grade, 17ml HEMA-Free Cat Eye Gel. Its powerful magnetic pull creates sharp, defined lines quickly, maximizing your efficiency. The large size offers great value for your salon.","og_url":"https:\/\/chromeclair.com\/fr\/produit\/cat-eye-gel-polish-hema-free-and-tpo-free-ce04\/","og_site_name":"Cat Eye Gel Polish \u2013 HEMA-Free \uff06 TPO-Free","article_modified_time":"2026-04-16T01:54:19+00:00","og_image":[{"width":800,"height":800,"url":"https:\/\/chromeclair.com\/wp-content\/uploads\/2025\/08\/CE-04.jpg","type":"image\/jpeg"}],"twitter_card":"summary_large_image","twitter_misc":{"Dur\u00e9e de lecture estim\u00e9e":"1 minute"},"schema":{"@context":"https:\/\/schema.org","@graph":[{"@type":"WebPage","@id":"https:\/\/chromeclair.com\/product\/cat-eye-gel-polish-hema-free-and-tpo-free-ce04\/","url":"https:\/\/chromeclair.com\/product\/cat-eye-gel-polish-hema-free-and-tpo-free-ce04\/","name":"Vernis gel magn\u00e9tique sans HEMA Cat Eye 17ml - Qualit\u00e9 professionnelle de salon, v\u00e9g\u00e9talien, sans cruaut\u00e9 pour le Nail Art - CHROM\u00c9CLAIR","isPartOf":{"@id":"https:\/\/chromeclair.com\/#website"},"primaryImageOfPage":{"@id":"https:\/\/chromeclair.com\/product\/cat-eye-gel-polish-hema-free-and-tpo-free-ce04\/#primaryimage"},"image":{"@id":"https:\/\/chromeclair.com\/product\/cat-eye-gel-polish-hema-free-and-tpo-free-ce04\/#primaryimage"},"thumbnailUrl":"https:\/\/chromeclair.com\/wp-content\/uploads\/2025\/08\/CE-04.jpg","datePublished":"2025-08-23T07:57:57+00:00","dateModified":"2026-04-16T01:54:19+00:00","description":"Con\u00e7u pour les proth\u00e9sistes ongulaires : un gel Cat Eye sans HEMA de 17 ml de qualit\u00e9 professionnelle. Sa puissante traction magn\u00e9tique cr\u00e9e rapidement des lignes nettes et d\u00e9finies, maximisant ainsi votre efficacit\u00e9. Le grand format offre une grande valeur pour votre salon.","breadcrumb":{"@id":"https:\/\/chromeclair.com\/product\/cat-eye-gel-polish-hema-free-and-tpo-free-ce04\/#breadcrumb"},"inLanguage":"fr-FR","potentialAction":[{"@type":"ReadAction","target":["https:\/\/chromeclair.com\/product\/cat-eye-gel-polish-hema-free-and-tpo-free-ce04\/"]}]},{"@type":"ImageObject","inLanguage":"fr-FR","@id":"https:\/\/chromeclair.com\/product\/cat-eye-gel-polish-hema-free-and-tpo-free-ce04\/#primaryimage","url":"https:\/\/chromeclair.com\/wp-content\/uploads\/2025\/08\/CE-04.jpg","contentUrl":"https:\/\/chromeclair.com\/wp-content\/uploads\/2025\/08\/CE-04.jpg","width":800,"height":800,"caption":"Cat eye gel polish CE-04 CHROM\u00c9CLAIR"},{"@type":"BreadcrumbList","@id":"https:\/\/chromeclair.com\/product\/cat-eye-gel-polish-hema-free-and-tpo-free-ce04\/#breadcrumb","itemListElement":[{"@type":"ListItem","position":1,"name":"Home","item":"https:\/\/chromeclair.com\/"},{"@type":"ListItem","position":2,"name":"Shop","item":"https:\/\/chromeclair.com\/shop\/"},{"@type":"ListItem","position":3,"name":"Cat Eye Gel Polish HEMA-Free and TPO-Free CE04"}]},{"@type":"WebSite","@id":"https:\/\/chromeclair.com\/#website","url":"https:\/\/chromeclair.com\/","name":"Vernis gel Cat Eye \u2013 Sans HEMA ni TPO","description":"Alors que d'autres se concentrent sur l'ajout de couleurs, nous nous concentrons sur l'utilisation d'ingr\u00e9dients plus s\u00fbrs.","publisher":{"@id":"https:\/\/chromeclair.com\/#organization"},"potentialAction":[{"@type":"SearchAction","target":{"@type":"EntryPoint","urlTemplate":"https:\/\/chromeclair.com\/?s={search_term_string}"},"query-input":{"@type":"PropertyValueSpecification","valueRequired":true,"valueName":"search_term_string"}}],"inLanguage":"fr-FR"},{"@type":"Organization","@id":"https:\/\/chromeclair.com\/#organization","name":"Vernis gel Cat Eye \u2013 Sans HEMA ni TPO","url":"https:\/\/chromeclair.com\/","logo":{"@type":"ImageObject","inLanguage":"fr-FR","@id":"https:\/\/chromeclair.com\/#\/schema\/logo\/image\/","url":"https:\/\/chromeclair.com\/wp-content\/uploads\/2025\/06\/cropped-CHROMECLAIR-Logo-scaled-1.png","contentUrl":"https:\/\/chromeclair.com\/wp-content\/uploads\/2025\/06\/cropped-CHROMECLAIR-Logo-scaled-1.png","width":2151,"height":429,"caption":"Cat Eye Gel Polish \u2013 HEMA-Free \uff06 TPO-Free"},"image":{"@id":"https:\/\/chromeclair.com\/#\/schema\/logo\/image\/"}}]}},"_links":{"self":[{"href":"https:\/\/chromeclair.com\/fr\/wp-json\/wp\/v2\/product\/8534","targetHints":{"allow":["GET"]}}],"collection":[{"href":"https:\/\/chromeclair.com\/fr\/wp-json\/wp\/v2\/product"}],"about":[{"href":"https:\/\/chromeclair.com\/fr\/wp-json\/wp\/v2\/types\/product"}],"replies":[{"embeddable":true,"href":"https:\/\/chromeclair.com\/fr\/wp-json\/wp\/v2\/comments?post=8534"}],"wp:featuredmedia":[{"embeddable":true,"href":"https:\/\/chromeclair.com\/fr\/wp-json\/wp\/v2\/media\/8535"}],"wp:attachment":[{"href":"https:\/\/chromeclair.com\/fr\/wp-json\/wp\/v2\/media?parent=8534"}],"wp:term":[{"taxonomy":"product_brand","embeddable":true,"href":"https:\/\/chromeclair.com\/fr\/wp-json\/wp\/v2\/product_brand?post=8534"},{"taxonomy":"product_cat","embeddable":true,"href":"https:\/\/chromeclair.com\/fr\/wp-json\/wp\/v2\/product_cat?post=8534"},{"taxonomy":"product_tag","embeddable":true,"href":"https:\/\/chromeclair.com\/fr\/wp-json\/wp\/v2\/product_tag?post=8534"}],"curies":[{"name":"wp","href":"https:\/\/api.w.org\/{rel}","templated":true}]}}