{"id":8538,"date":"2025-08-23T08:06:35","date_gmt":"2025-08-23T08:06:35","guid":{"rendered":"https:\/\/chromeclair.com\/?post_type=product&#038;p=8538"},"modified":"2026-04-16T03:20:48","modified_gmt":"2026-04-16T03:20:48","slug":"cat-eye-gel-polish-hema-free-and-tpo-free-ce05","status":"publish","type":"product","link":"https:\/\/chromeclair.com\/fr\/product\/cat-eye-gel-polish-hema-free-and-tpo-free-ce05\/","title":{"rendered":"Cat Eye Gel Polish Sans HEMA et sans TPO CE05"},"content":{"rendered":"<p><strong>\ud83c\udf0c Galaxy in a Bottle : HEMA-Free Cat Eye Gel Polish (17ml) \ud83c\udf0c<\/strong><br>Tenez l'univers au bout de vos doigts. Notre gel pour yeux de chat sans HEMA capture l'\u00e9clat profond et myst\u00e9rieux d'une galaxie lointaine. D'un simple mouvement de l'aimant, les particules magn\u00e9tiques s'alignent pour cr\u00e9er un effet captivant.&nbsp;<strong>Tra\u00een\u00e9e lumineuse 3D<\/strong>&nbsp;qui \u00e9blouit sous tous les angles. Cette&nbsp;<strong>Flacon de 17ml<\/strong>&nbsp;est votre passeport pour un univers de nail art \u00e9poustouflant.<br><strong>Cr\u00e9ez des ongles qui font sensation :<\/strong><\/p>\n\n\n\n<ul class=\"wp-block-list\">\n<li><strong>Effet 3D profond :<\/strong>&nbsp;Obtenez un aspect dramatique et dimensionnel que les vernis standard ne peuvent \u00e9galer.<\/li>\n\n\n\n<li><strong>Attraction magn\u00e9tique intense :<\/strong>&nbsp;La formule puissante assure un effet rapide et vif, ce qui facilite la t\u00e2che des d\u00e9butants comme des professionnels.<\/li>\n\n\n\n<li><strong>Finition luxueuse et brillante :<\/strong>&nbsp;Durcit pour donner un brillant impeccable, semblable \u00e0 celui du verre, qui r\u00e9siste aux rayures et aux \u00e9clats.<\/li>\n\n\n\n<li><strong>Une plus grande bouteille, plus de magie :<\/strong>&nbsp;Le format de 17 ml vous permet de cr\u00e9er d'innombrables motifs cosmiques.<br><strong>D\u00e9verrouillez la magie. Ajoutez au panier et cr\u00e9ez votre chef-d'\u0153uvre cosmique d\u00e8s aujourd'hui !<\/strong><\/li>\n<\/ul>\n\n\n\n<p><\/p>","protected":false},"excerpt":{"rendered":"<p>Doit \u00eatre utilis\u00e9 avec une lampe UV ou une lampe LED<\/p>","protected":false},"featured_media":8539,"comment_status":"open","ping_status":"closed","template":"","meta":[],"product_brand":[162],"product_cat":[179],"product_tag":[],"class_list":{"0":"post-8538","1":"product","2":"type-product","3":"status-publish","4":"has-post-thumbnail","6":"product_brand-chromeclair","7":"product_cat-cat-eye-gel-polish","9":"first","10":"instock","11":"sale","12":"shipping-taxable","13":"purchasable","14":"product-type-simple"},"yoast_head":"<!-- This site is optimized with the Yoast SEO plugin v27.4 - https:\/\/yoast.com\/product\/yoast-seo-wordpress\/ -->\n<title>HEMA Free Cat Eye Gel Polish 17ml - Magnetic Nail Polish for Sensitive Nails, Professional Salon Grade, Vegan - CHROM\u00c9CLAIR<\/title>\n<meta name=\"description\" content=\"10-Free &amp; Vegan Cat Eye Gel! Our 17ml polish is not only HEMA-Free but also free of 9 other harmful toxins. The advanced iron oxide formula delivers an intense magnetic reaction for a dazzling, guilt-free manicure.\" \/>\n<meta name=\"robots\" content=\"index, follow, max-snippet:-1, max-image-preview:large, max-video-preview:-1\" \/>\n<link rel=\"canonical\" href=\"https:\/\/chromeclair.com\/fr\/produit\/cat-eye-gel-polish-hema-free-and-tpo-free-ce05\/\" \/>\n<meta property=\"og:locale\" content=\"fr_FR\" \/>\n<meta property=\"og:type\" content=\"article\" \/>\n<meta property=\"og:title\" content=\"HEMA Free Cat Eye Gel Polish 17ml - Magnetic Nail Polish for Sensitive Nails, Professional Salon Grade, Vegan - CHROM\u00c9CLAIR\" \/>\n<meta property=\"og:description\" content=\"10-Free &amp; Vegan Cat Eye Gel! Our 17ml polish is not only HEMA-Free but also free of 9 other harmful toxins. The advanced iron oxide formula delivers an intense magnetic reaction for a dazzling, guilt-free manicure.\" \/>\n<meta property=\"og:url\" content=\"https:\/\/chromeclair.com\/fr\/produit\/cat-eye-gel-polish-hema-free-and-tpo-free-ce05\/\" \/>\n<meta property=\"og:site_name\" content=\"Cat Eye Gel Polish \u2013 HEMA-Free \uff06 TPO-Free\" \/>\n<meta property=\"article:modified_time\" content=\"2026-04-16T03:20:48+00:00\" \/>\n<meta property=\"og:image\" content=\"https:\/\/chromeclair.com\/wp-content\/uploads\/2025\/08\/CE-05.jpg\" \/>\n\t<meta property=\"og:image:width\" content=\"800\" \/>\n\t<meta property=\"og:image:height\" content=\"800\" \/>\n\t<meta property=\"og:image:type\" content=\"image\/jpeg\" \/>\n<meta name=\"twitter:card\" content=\"summary_large_image\" \/>\n<meta name=\"twitter:label1\" content=\"Dur\u00e9e de lecture estim\u00e9e\" \/>\n\t<meta name=\"twitter:data1\" content=\"1 minute\" \/>\n<script type=\"application\/ld+json\" class=\"yoast-schema-graph\">{\"@context\":\"https:\\\/\\\/schema.org\",\"@graph\":[{\"@type\":\"WebPage\",\"@id\":\"https:\\\/\\\/chromeclair.com\\\/product\\\/cat-eye-gel-polish-hema-free-and-tpo-free-ce05\\\/\",\"url\":\"https:\\\/\\\/chromeclair.com\\\/product\\\/cat-eye-gel-polish-hema-free-and-tpo-free-ce05\\\/\",\"name\":\"HEMA Free Cat Eye Gel Polish 17ml - Magnetic Nail Polish for Sensitive Nails, Professional Salon Grade, Vegan - CHROM\u00c9CLAIR\",\"isPartOf\":{\"@id\":\"https:\\\/\\\/chromeclair.com\\\/#website\"},\"primaryImageOfPage\":{\"@id\":\"https:\\\/\\\/chromeclair.com\\\/product\\\/cat-eye-gel-polish-hema-free-and-tpo-free-ce05\\\/#primaryimage\"},\"image\":{\"@id\":\"https:\\\/\\\/chromeclair.com\\\/product\\\/cat-eye-gel-polish-hema-free-and-tpo-free-ce05\\\/#primaryimage\"},\"thumbnailUrl\":\"https:\\\/\\\/chromeclair.com\\\/wp-content\\\/uploads\\\/2025\\\/08\\\/CE-05.jpg\",\"datePublished\":\"2025-08-23T08:06:35+00:00\",\"dateModified\":\"2026-04-16T03:20:48+00:00\",\"description\":\"10-Free & Vegan Cat Eye Gel! Our 17ml polish is not only HEMA-Free but also free of 9 other harmful toxins. The advanced iron oxide formula delivers an intense magnetic reaction for a dazzling, guilt-free manicure.\",\"breadcrumb\":{\"@id\":\"https:\\\/\\\/chromeclair.com\\\/product\\\/cat-eye-gel-polish-hema-free-and-tpo-free-ce05\\\/#breadcrumb\"},\"inLanguage\":\"fr-FR\",\"potentialAction\":[{\"@type\":\"ReadAction\",\"target\":[\"https:\\\/\\\/chromeclair.com\\\/product\\\/cat-eye-gel-polish-hema-free-and-tpo-free-ce05\\\/\"]}]},{\"@type\":\"ImageObject\",\"inLanguage\":\"fr-FR\",\"@id\":\"https:\\\/\\\/chromeclair.com\\\/product\\\/cat-eye-gel-polish-hema-free-and-tpo-free-ce05\\\/#primaryimage\",\"url\":\"https:\\\/\\\/chromeclair.com\\\/wp-content\\\/uploads\\\/2025\\\/08\\\/CE-05.jpg\",\"contentUrl\":\"https:\\\/\\\/chromeclair.com\\\/wp-content\\\/uploads\\\/2025\\\/08\\\/CE-05.jpg\",\"width\":800,\"height\":800,\"caption\":\"Cat eye gel polish CE-05 CHROM\u00c9CLAIR\"},{\"@type\":\"BreadcrumbList\",\"@id\":\"https:\\\/\\\/chromeclair.com\\\/product\\\/cat-eye-gel-polish-hema-free-and-tpo-free-ce05\\\/#breadcrumb\",\"itemListElement\":[{\"@type\":\"ListItem\",\"position\":1,\"name\":\"Home\",\"item\":\"https:\\\/\\\/chromeclair.com\\\/\"},{\"@type\":\"ListItem\",\"position\":2,\"name\":\"Shop\",\"item\":\"https:\\\/\\\/chromeclair.com\\\/shop\\\/\"},{\"@type\":\"ListItem\",\"position\":3,\"name\":\"Cat Eye Gel Polish HEMA-Free and TPO-Free CE05\"}]},{\"@type\":\"WebSite\",\"@id\":\"https:\\\/\\\/chromeclair.com\\\/#website\",\"url\":\"https:\\\/\\\/chromeclair.com\\\/\",\"name\":\"Cat Eye Gel Polish \u2013 HEMA-Free \uff06 TPO-Free\",\"description\":\"While others focus on having more colors, we focus on having safer ingredients.\",\"publisher\":{\"@id\":\"https:\\\/\\\/chromeclair.com\\\/#organization\"},\"potentialAction\":[{\"@type\":\"SearchAction\",\"target\":{\"@type\":\"EntryPoint\",\"urlTemplate\":\"https:\\\/\\\/chromeclair.com\\\/?s={search_term_string}\"},\"query-input\":{\"@type\":\"PropertyValueSpecification\",\"valueRequired\":true,\"valueName\":\"search_term_string\"}}],\"inLanguage\":\"fr-FR\"},{\"@type\":\"Organization\",\"@id\":\"https:\\\/\\\/chromeclair.com\\\/#organization\",\"name\":\"Cat Eye Gel Polish \u2013 HEMA-Free \uff06 TPO-Free\",\"url\":\"https:\\\/\\\/chromeclair.com\\\/\",\"logo\":{\"@type\":\"ImageObject\",\"inLanguage\":\"fr-FR\",\"@id\":\"https:\\\/\\\/chromeclair.com\\\/#\\\/schema\\\/logo\\\/image\\\/\",\"url\":\"https:\\\/\\\/chromeclair.com\\\/wp-content\\\/uploads\\\/2025\\\/06\\\/cropped-CHROMECLAIR-Logo-scaled-1.png\",\"contentUrl\":\"https:\\\/\\\/chromeclair.com\\\/wp-content\\\/uploads\\\/2025\\\/06\\\/cropped-CHROMECLAIR-Logo-scaled-1.png\",\"width\":2151,\"height\":429,\"caption\":\"Cat Eye Gel Polish \u2013 HEMA-Free \uff06 TPO-Free\"},\"image\":{\"@id\":\"https:\\\/\\\/chromeclair.com\\\/#\\\/schema\\\/logo\\\/image\\\/\"}}]}<\/script>\n<!-- \/ Yoast SEO plugin. -->","yoast_head_json":{"title":"Vernis gel pour yeux de chat sans HEMA 17ml - Vernis \u00e0 ongles magn\u00e9tique pour ongles sensibles, qualit\u00e9 professionnelle de salon, v\u00e9g\u00e9talien - CHROM\u00c9CLAIR","description":"10-Free &amp; Vegan Cat Eye Gel ! Notre vernis de 17 ml est non seulement sans HEMA, mais aussi sans 9 autres toxines nocives. La formule avanc\u00e9e \u00e0 base d'oxyde de fer produit une r\u00e9action magn\u00e9tique intense pour une manucure \u00e9blouissante et sans culpabilit\u00e9.","robots":{"index":"index","follow":"follow","max-snippet":"max-snippet:-1","max-image-preview":"max-image-preview:large","max-video-preview":"max-video-preview:-1"},"canonical":"https:\/\/chromeclair.com\/fr\/produit\/cat-eye-gel-polish-hema-free-and-tpo-free-ce05\/","og_locale":"fr_FR","og_type":"article","og_title":"HEMA Free Cat Eye Gel Polish 17ml - Magnetic Nail Polish for Sensitive Nails, Professional Salon Grade, Vegan - CHROM\u00c9CLAIR","og_description":"10-Free & Vegan Cat Eye Gel! Our 17ml polish is not only HEMA-Free but also free of 9 other harmful toxins. The advanced iron oxide formula delivers an intense magnetic reaction for a dazzling, guilt-free manicure.","og_url":"https:\/\/chromeclair.com\/fr\/produit\/cat-eye-gel-polish-hema-free-and-tpo-free-ce05\/","og_site_name":"Cat Eye Gel Polish \u2013 HEMA-Free \uff06 TPO-Free","article_modified_time":"2026-04-16T03:20:48+00:00","og_image":[{"width":800,"height":800,"url":"https:\/\/chromeclair.com\/wp-content\/uploads\/2025\/08\/CE-05.jpg","type":"image\/jpeg"}],"twitter_card":"summary_large_image","twitter_misc":{"Dur\u00e9e de lecture estim\u00e9e":"1 minute"},"schema":{"@context":"https:\/\/schema.org","@graph":[{"@type":"WebPage","@id":"https:\/\/chromeclair.com\/product\/cat-eye-gel-polish-hema-free-and-tpo-free-ce05\/","url":"https:\/\/chromeclair.com\/product\/cat-eye-gel-polish-hema-free-and-tpo-free-ce05\/","name":"Vernis gel pour yeux de chat sans HEMA 17ml - Vernis \u00e0 ongles magn\u00e9tique pour ongles sensibles, qualit\u00e9 professionnelle de salon, v\u00e9g\u00e9talien - CHROM\u00c9CLAIR","isPartOf":{"@id":"https:\/\/chromeclair.com\/#website"},"primaryImageOfPage":{"@id":"https:\/\/chromeclair.com\/product\/cat-eye-gel-polish-hema-free-and-tpo-free-ce05\/#primaryimage"},"image":{"@id":"https:\/\/chromeclair.com\/product\/cat-eye-gel-polish-hema-free-and-tpo-free-ce05\/#primaryimage"},"thumbnailUrl":"https:\/\/chromeclair.com\/wp-content\/uploads\/2025\/08\/CE-05.jpg","datePublished":"2025-08-23T08:06:35+00:00","dateModified":"2026-04-16T03:20:48+00:00","description":"10-Free &amp; Vegan Cat Eye Gel ! Notre vernis de 17 ml est non seulement sans HEMA, mais aussi sans 9 autres toxines nocives. La formule avanc\u00e9e \u00e0 base d'oxyde de fer produit une r\u00e9action magn\u00e9tique intense pour une manucure \u00e9blouissante et sans culpabilit\u00e9.","breadcrumb":{"@id":"https:\/\/chromeclair.com\/product\/cat-eye-gel-polish-hema-free-and-tpo-free-ce05\/#breadcrumb"},"inLanguage":"fr-FR","potentialAction":[{"@type":"ReadAction","target":["https:\/\/chromeclair.com\/product\/cat-eye-gel-polish-hema-free-and-tpo-free-ce05\/"]}]},{"@type":"ImageObject","inLanguage":"fr-FR","@id":"https:\/\/chromeclair.com\/product\/cat-eye-gel-polish-hema-free-and-tpo-free-ce05\/#primaryimage","url":"https:\/\/chromeclair.com\/wp-content\/uploads\/2025\/08\/CE-05.jpg","contentUrl":"https:\/\/chromeclair.com\/wp-content\/uploads\/2025\/08\/CE-05.jpg","width":800,"height":800,"caption":"Cat eye gel polish CE-05 CHROM\u00c9CLAIR"},{"@type":"BreadcrumbList","@id":"https:\/\/chromeclair.com\/product\/cat-eye-gel-polish-hema-free-and-tpo-free-ce05\/#breadcrumb","itemListElement":[{"@type":"ListItem","position":1,"name":"Home","item":"https:\/\/chromeclair.com\/"},{"@type":"ListItem","position":2,"name":"Shop","item":"https:\/\/chromeclair.com\/shop\/"},{"@type":"ListItem","position":3,"name":"Cat Eye Gel Polish HEMA-Free and TPO-Free CE05"}]},{"@type":"WebSite","@id":"https:\/\/chromeclair.com\/#website","url":"https:\/\/chromeclair.com\/","name":"Vernis gel Cat Eye \u2013 Sans HEMA ni TPO","description":"Alors que d'autres se concentrent sur l'ajout de couleurs, nous nous concentrons sur l'utilisation d'ingr\u00e9dients plus s\u00fbrs.","publisher":{"@id":"https:\/\/chromeclair.com\/#organization"},"potentialAction":[{"@type":"SearchAction","target":{"@type":"EntryPoint","urlTemplate":"https:\/\/chromeclair.com\/?s={search_term_string}"},"query-input":{"@type":"PropertyValueSpecification","valueRequired":true,"valueName":"search_term_string"}}],"inLanguage":"fr-FR"},{"@type":"Organization","@id":"https:\/\/chromeclair.com\/#organization","name":"Vernis gel Cat Eye \u2013 Sans HEMA ni TPO","url":"https:\/\/chromeclair.com\/","logo":{"@type":"ImageObject","inLanguage":"fr-FR","@id":"https:\/\/chromeclair.com\/#\/schema\/logo\/image\/","url":"https:\/\/chromeclair.com\/wp-content\/uploads\/2025\/06\/cropped-CHROMECLAIR-Logo-scaled-1.png","contentUrl":"https:\/\/chromeclair.com\/wp-content\/uploads\/2025\/06\/cropped-CHROMECLAIR-Logo-scaled-1.png","width":2151,"height":429,"caption":"Cat Eye Gel Polish \u2013 HEMA-Free \uff06 TPO-Free"},"image":{"@id":"https:\/\/chromeclair.com\/#\/schema\/logo\/image\/"}}]}},"_links":{"self":[{"href":"https:\/\/chromeclair.com\/fr\/wp-json\/wp\/v2\/product\/8538","targetHints":{"allow":["GET"]}}],"collection":[{"href":"https:\/\/chromeclair.com\/fr\/wp-json\/wp\/v2\/product"}],"about":[{"href":"https:\/\/chromeclair.com\/fr\/wp-json\/wp\/v2\/types\/product"}],"replies":[{"embeddable":true,"href":"https:\/\/chromeclair.com\/fr\/wp-json\/wp\/v2\/comments?post=8538"}],"wp:featuredmedia":[{"embeddable":true,"href":"https:\/\/chromeclair.com\/fr\/wp-json\/wp\/v2\/media\/8539"}],"wp:attachment":[{"href":"https:\/\/chromeclair.com\/fr\/wp-json\/wp\/v2\/media?parent=8538"}],"wp:term":[{"taxonomy":"product_brand","embeddable":true,"href":"https:\/\/chromeclair.com\/fr\/wp-json\/wp\/v2\/product_brand?post=8538"},{"taxonomy":"product_cat","embeddable":true,"href":"https:\/\/chromeclair.com\/fr\/wp-json\/wp\/v2\/product_cat?post=8538"},{"taxonomy":"product_tag","embeddable":true,"href":"https:\/\/chromeclair.com\/fr\/wp-json\/wp\/v2\/product_tag?post=8538"}],"curies":[{"name":"wp","href":"https:\/\/api.w.org\/{rel}","templated":true}]}}