{"id":8993,"date":"2025-09-05T07:42:22","date_gmt":"2025-09-05T07:42:22","guid":{"rendered":"https:\/\/chromeclair.com\/?post_type=product&#038;p=8993"},"modified":"2026-04-13T06:01:25","modified_gmt":"2026-04-13T06:01:25","slug":"10ml-cat-eye-gel-polish-ce02","status":"publish","type":"product","link":"https:\/\/chromeclair.com\/fr\/product\/10ml-cat-eye-gel-polish-ce02\/","title":{"rendered":"10ML Cat Eye Gel Polish Sans HEMA et sans TPO CE02"},"content":{"rendered":"<p><strong>\ud83c\udf1f Au-del\u00e0 de HEMA-Free : Pourquoi \u00eatre sans TPO est important. \ud83c\udf1f<\/strong><br>Vous avez entendu parler de HEMA-Free, mais la prochaine fronti\u00e8re en mati\u00e8re de s\u00e9curit\u00e9 pour les ongles en gel est\u00a0<strong>Sans TPO<\/strong>. Le phosphate de triph\u00e9nyle (TPO) est un plastifiant souvent utilis\u00e9 dans les vernis en gel qui a suscit\u00e9 des inqui\u00e9tudes pour la sant\u00e9. Nous avons \u00e9limin\u00e9 les deux. Notre gel pour yeux de chat de 10 ml n'est pas seulement plus s\u00fbr, c'est une promesse de puret\u00e9. Plongez dans un spectre de couleurs vibrantes et un effet magn\u00e9tique \u00e9poustouflant, le tout soutenu par notre engagement en faveur de la transparence et de votre bien-\u00eatre. C'est du nail art \u00e9volu\u00e9.<\/p>\n\n\n\n<p><strong>\u00a0<strong>\ud83c\udf1f <\/strong>AVANTAGES CL\u00c9S :<\/strong><\/p>\n\n\n\n<ul class=\"wp-block-list\">\n<li><strong>\u00a0PROTECTION ULTIME CONTRE LES ALLERGIES :<\/strong>\u00a0Notre formule sans HEMA ni TPO r\u00e9duit consid\u00e9rablement le risque de r\u00e9actions ind\u00e9sirables, ce qui en fait un choix de confiance pour les proth\u00e9sistes ongulaires et les clients sensibles.<\/li>\n\n\n\n<li><strong>\u00a0EFFET MAGN\u00c9TIQUE INTENSE EN 3D :<\/strong>\u00a0Con\u00e7u avec une forte concentration d'oxyde de fer, notre vernis r\u00e9agit instantan\u00e9ment \u00e0 l'aimant, cr\u00e9ant un effet cat eye net, profond et spectaculaire qui dure.<\/li>\n\n\n\n<li><strong>\u00a0FORMAT PROFESSIONNEL DE 10ML :<\/strong>\u00a0La taille parfaite pour les professionnels des salons de coiffure et les bricoleurs passionn\u00e9s. D'un excellent rapport qualit\u00e9-prix, il est id\u00e9al pour ma\u00eetriser les motifs complexes du nail art.<\/li>\n\n\n\n<li><strong>\u00a0FINITION BRILLANTE ET R\u00c9SISTANTE \u00c0 L'\u00c9CAILLAGE :<\/strong>\u00a0Durcit pour donner un brillant miroir impeccable et sans trace qui r\u00e9siste \u00e0 l'\u00e9caillage, aux rayures et \u00e0 la d\u00e9coloration jusqu'\u00e0 3 semaines d'utilisation.<\/li>\n\n\n\n<li><strong>\u00a0V\u00c9G\u00c9TALIEN ET SANS CRUAUT\u00c9 :<\/strong>\u00a0Certifi\u00e9 par PETA. Nous ne faisons jamais de tests sur les animaux et nos produits ne contiennent aucun ingr\u00e9dient d'origine animale.<br><strong>PARFAIT POUR :<\/strong>\u00a0Les salons professionnels, les personnes souffrant d'allergies au gel, les peaux sensibles et tous ceux qui privil\u00e9gient la beaut\u00e9 propre sans sacrifier la performance.<\/li>\n<\/ul>","protected":false},"excerpt":{"rendered":"<p>Doit \u00eatre utilis\u00e9 avec une lampe UV ou une lampe LED<\/p>","protected":false},"featured_media":10425,"comment_status":"open","ping_status":"closed","template":"","meta":[],"product_brand":[162],"product_cat":[209],"product_tag":[],"class_list":{"0":"post-8993","1":"product","2":"type-product","3":"status-publish","4":"has-post-thumbnail","6":"product_brand-chromeclair","7":"product_cat-cat-eye-gel-polish-10ml","9":"first","10":"instock","11":"shipping-taxable","12":"purchasable","13":"product-type-simple"},"yoast_head":"<!-- This site is optimized with the Yoast SEO plugin v27.4 - https:\/\/yoast.com\/product\/yoast-seo-wordpress\/ -->\n<title>Professional HEMA\/TPO Free Cat Eye Gel 10ml - For Salons &amp; Sensitive Clients, Strong Magnetic Pull - CHROM\u00c9CLAIR<\/title>\n<meta name=\"description\" content=\"Salon-professional cat eye gel polish that&#039;s safe for everyone. HEMA &amp; TPO Free formula prevents allergic reactions. 10ml size for pros. Achieve a fast, intense magnetic effect every time. Browse colors.\" \/>\n<meta name=\"robots\" content=\"index, follow, max-snippet:-1, max-image-preview:large, max-video-preview:-1\" \/>\n<link rel=\"canonical\" href=\"https:\/\/chromeclair.com\/fr\/produit\/10ml-cat-eye-gel-polish-ce02\/\" \/>\n<meta property=\"og:locale\" content=\"fr_FR\" \/>\n<meta property=\"og:type\" content=\"article\" \/>\n<meta property=\"og:title\" content=\"Professional HEMA\/TPO Free Cat Eye Gel 10ml - For Salons &amp; Sensitive Clients, Strong Magnetic Pull - CHROM\u00c9CLAIR\" \/>\n<meta property=\"og:description\" content=\"Salon-professional cat eye gel polish that&#039;s safe for everyone. HEMA &amp; TPO Free formula prevents allergic reactions. 10ml size for pros. Achieve a fast, intense magnetic effect every time. Browse colors.\" \/>\n<meta property=\"og:url\" content=\"https:\/\/chromeclair.com\/fr\/produit\/10ml-cat-eye-gel-polish-ce02\/\" \/>\n<meta property=\"og:site_name\" content=\"Cat Eye Gel Polish \u2013 HEMA-Free \uff06 TPO-Free\" \/>\n<meta property=\"article:modified_time\" content=\"2026-04-13T06:01:25+00:00\" \/>\n<meta property=\"og:image\" content=\"https:\/\/chromeclair.com\/wp-content\/uploads\/2025\/09\/CE-2.webp\" \/>\n\t<meta property=\"og:image:width\" content=\"1000\" \/>\n\t<meta property=\"og:image:height\" content=\"1000\" \/>\n\t<meta property=\"og:image:type\" content=\"image\/webp\" \/>\n<meta name=\"twitter:card\" content=\"summary_large_image\" \/>\n<meta name=\"twitter:label1\" content=\"Dur\u00e9e de lecture estim\u00e9e\" \/>\n\t<meta name=\"twitter:data1\" content=\"1 minute\" \/>\n<script type=\"application\/ld+json\" class=\"yoast-schema-graph\">{\"@context\":\"https:\\\/\\\/schema.org\",\"@graph\":[{\"@type\":\"WebPage\",\"@id\":\"https:\\\/\\\/chromeclair.com\\\/product\\\/10ml-cat-eye-gel-polish-ce02\\\/\",\"url\":\"https:\\\/\\\/chromeclair.com\\\/product\\\/10ml-cat-eye-gel-polish-ce02\\\/\",\"name\":\"Professional HEMA\\\/TPO Free Cat Eye Gel 10ml - For Salons & Sensitive Clients, Strong Magnetic Pull - CHROM\u00c9CLAIR\",\"isPartOf\":{\"@id\":\"https:\\\/\\\/chromeclair.com\\\/#website\"},\"primaryImageOfPage\":{\"@id\":\"https:\\\/\\\/chromeclair.com\\\/product\\\/10ml-cat-eye-gel-polish-ce02\\\/#primaryimage\"},\"image\":{\"@id\":\"https:\\\/\\\/chromeclair.com\\\/product\\\/10ml-cat-eye-gel-polish-ce02\\\/#primaryimage\"},\"thumbnailUrl\":\"https:\\\/\\\/chromeclair.com\\\/wp-content\\\/uploads\\\/2025\\\/09\\\/CE-2.webp\",\"datePublished\":\"2025-09-05T07:42:22+00:00\",\"dateModified\":\"2026-04-13T06:01:25+00:00\",\"description\":\"Salon-professional cat eye gel polish that's safe for everyone. HEMA & TPO Free formula prevents allergic reactions. 10ml size for pros. Achieve a fast, intense magnetic effect every time. Browse colors.\",\"breadcrumb\":{\"@id\":\"https:\\\/\\\/chromeclair.com\\\/product\\\/10ml-cat-eye-gel-polish-ce02\\\/#breadcrumb\"},\"inLanguage\":\"fr-FR\",\"potentialAction\":[{\"@type\":\"ReadAction\",\"target\":[\"https:\\\/\\\/chromeclair.com\\\/product\\\/10ml-cat-eye-gel-polish-ce02\\\/\"]}]},{\"@type\":\"ImageObject\",\"inLanguage\":\"fr-FR\",\"@id\":\"https:\\\/\\\/chromeclair.com\\\/product\\\/10ml-cat-eye-gel-polish-ce02\\\/#primaryimage\",\"url\":\"https:\\\/\\\/chromeclair.com\\\/wp-content\\\/uploads\\\/2025\\\/09\\\/CE-2.webp\",\"contentUrl\":\"https:\\\/\\\/chromeclair.com\\\/wp-content\\\/uploads\\\/2025\\\/09\\\/CE-2.webp\",\"width\":1000,\"height\":1000,\"caption\":\"Hema-Free Tpo-Free Cat Eye Gel Polish CE02 10ml CHROM\u00c9CLAIR\"},{\"@type\":\"BreadcrumbList\",\"@id\":\"https:\\\/\\\/chromeclair.com\\\/product\\\/10ml-cat-eye-gel-polish-ce02\\\/#breadcrumb\",\"itemListElement\":[{\"@type\":\"ListItem\",\"position\":1,\"name\":\"Home\",\"item\":\"https:\\\/\\\/chromeclair.com\\\/\"},{\"@type\":\"ListItem\",\"position\":2,\"name\":\"Shop\",\"item\":\"https:\\\/\\\/chromeclair.com\\\/shop\\\/\"},{\"@type\":\"ListItem\",\"position\":3,\"name\":\"10ML Cat Eye Gel Polish HEMA-Free and TPO-Free CE02\"}]},{\"@type\":\"WebSite\",\"@id\":\"https:\\\/\\\/chromeclair.com\\\/#website\",\"url\":\"https:\\\/\\\/chromeclair.com\\\/\",\"name\":\"Cat Eye Gel Polish \u2013 HEMA-Free \uff06 TPO-Free\",\"description\":\"While others focus on having more colors, we focus on having safer ingredients.\",\"publisher\":{\"@id\":\"https:\\\/\\\/chromeclair.com\\\/#organization\"},\"potentialAction\":[{\"@type\":\"SearchAction\",\"target\":{\"@type\":\"EntryPoint\",\"urlTemplate\":\"https:\\\/\\\/chromeclair.com\\\/?s={search_term_string}\"},\"query-input\":{\"@type\":\"PropertyValueSpecification\",\"valueRequired\":true,\"valueName\":\"search_term_string\"}}],\"inLanguage\":\"fr-FR\"},{\"@type\":\"Organization\",\"@id\":\"https:\\\/\\\/chromeclair.com\\\/#organization\",\"name\":\"Cat Eye Gel Polish \u2013 HEMA-Free \uff06 TPO-Free\",\"url\":\"https:\\\/\\\/chromeclair.com\\\/\",\"logo\":{\"@type\":\"ImageObject\",\"inLanguage\":\"fr-FR\",\"@id\":\"https:\\\/\\\/chromeclair.com\\\/#\\\/schema\\\/logo\\\/image\\\/\",\"url\":\"https:\\\/\\\/chromeclair.com\\\/wp-content\\\/uploads\\\/2025\\\/06\\\/cropped-CHROMECLAIR-Logo-scaled-1.png\",\"contentUrl\":\"https:\\\/\\\/chromeclair.com\\\/wp-content\\\/uploads\\\/2025\\\/06\\\/cropped-CHROMECLAIR-Logo-scaled-1.png\",\"width\":2151,\"height\":429,\"caption\":\"Cat Eye Gel Polish \u2013 HEMA-Free \uff06 TPO-Free\"},\"image\":{\"@id\":\"https:\\\/\\\/chromeclair.com\\\/#\\\/schema\\\/logo\\\/image\\\/\"}}]}<\/script>\n<!-- \/ Yoast SEO plugin. -->","yoast_head_json":{"title":"Gel professionnel pour yeux de chat sans HEMA\/TPO 10ml - Pour les salons et les clients sensibles, forte traction magn\u00e9tique - CHROM\u00c9CLAIR","description":"Vernis gel professionnel pour les yeux de chat, sans danger pour tout le monde. La formule sans HEMA ni TPO pr\u00e9vient les r\u00e9actions allergiques. Format de 10 ml pour les professionnels. Obtenez un effet magn\u00e9tique rapide et intense \u00e0 chaque fois. Voir les couleurs.","robots":{"index":"index","follow":"follow","max-snippet":"max-snippet:-1","max-image-preview":"max-image-preview:large","max-video-preview":"max-video-preview:-1"},"canonical":"https:\/\/chromeclair.com\/fr\/produit\/10ml-cat-eye-gel-polish-ce02\/","og_locale":"fr_FR","og_type":"article","og_title":"Professional HEMA\/TPO Free Cat Eye Gel 10ml - For Salons & Sensitive Clients, Strong Magnetic Pull - CHROM\u00c9CLAIR","og_description":"Salon-professional cat eye gel polish that's safe for everyone. HEMA & TPO Free formula prevents allergic reactions. 10ml size for pros. Achieve a fast, intense magnetic effect every time. Browse colors.","og_url":"https:\/\/chromeclair.com\/fr\/produit\/10ml-cat-eye-gel-polish-ce02\/","og_site_name":"Cat Eye Gel Polish \u2013 HEMA-Free \uff06 TPO-Free","article_modified_time":"2026-04-13T06:01:25+00:00","og_image":[{"width":1000,"height":1000,"url":"https:\/\/chromeclair.com\/wp-content\/uploads\/2025\/09\/CE-2.webp","type":"image\/webp"}],"twitter_card":"summary_large_image","twitter_misc":{"Dur\u00e9e de lecture estim\u00e9e":"1 minute"},"schema":{"@context":"https:\/\/schema.org","@graph":[{"@type":"WebPage","@id":"https:\/\/chromeclair.com\/product\/10ml-cat-eye-gel-polish-ce02\/","url":"https:\/\/chromeclair.com\/product\/10ml-cat-eye-gel-polish-ce02\/","name":"Gel professionnel pour yeux de chat sans HEMA\/TPO 10ml - Pour les salons et les clients sensibles, forte traction magn\u00e9tique - CHROM\u00c9CLAIR","isPartOf":{"@id":"https:\/\/chromeclair.com\/#website"},"primaryImageOfPage":{"@id":"https:\/\/chromeclair.com\/product\/10ml-cat-eye-gel-polish-ce02\/#primaryimage"},"image":{"@id":"https:\/\/chromeclair.com\/product\/10ml-cat-eye-gel-polish-ce02\/#primaryimage"},"thumbnailUrl":"https:\/\/chromeclair.com\/wp-content\/uploads\/2025\/09\/CE-2.webp","datePublished":"2025-09-05T07:42:22+00:00","dateModified":"2026-04-13T06:01:25+00:00","description":"Vernis gel professionnel pour les yeux de chat, sans danger pour tout le monde. La formule sans HEMA ni TPO pr\u00e9vient les r\u00e9actions allergiques. Format de 10 ml pour les professionnels. Obtenez un effet magn\u00e9tique rapide et intense \u00e0 chaque fois. Voir les couleurs.","breadcrumb":{"@id":"https:\/\/chromeclair.com\/product\/10ml-cat-eye-gel-polish-ce02\/#breadcrumb"},"inLanguage":"fr-FR","potentialAction":[{"@type":"ReadAction","target":["https:\/\/chromeclair.com\/product\/10ml-cat-eye-gel-polish-ce02\/"]}]},{"@type":"ImageObject","inLanguage":"fr-FR","@id":"https:\/\/chromeclair.com\/product\/10ml-cat-eye-gel-polish-ce02\/#primaryimage","url":"https:\/\/chromeclair.com\/wp-content\/uploads\/2025\/09\/CE-2.webp","contentUrl":"https:\/\/chromeclair.com\/wp-content\/uploads\/2025\/09\/CE-2.webp","width":1000,"height":1000,"caption":"Hema-Free Tpo-Free Cat Eye Gel Polish CE02 10ml CHROM\u00c9CLAIR"},{"@type":"BreadcrumbList","@id":"https:\/\/chromeclair.com\/product\/10ml-cat-eye-gel-polish-ce02\/#breadcrumb","itemListElement":[{"@type":"ListItem","position":1,"name":"Home","item":"https:\/\/chromeclair.com\/"},{"@type":"ListItem","position":2,"name":"Shop","item":"https:\/\/chromeclair.com\/shop\/"},{"@type":"ListItem","position":3,"name":"10ML Cat Eye Gel Polish HEMA-Free and TPO-Free CE02"}]},{"@type":"WebSite","@id":"https:\/\/chromeclair.com\/#website","url":"https:\/\/chromeclair.com\/","name":"Vernis gel Cat Eye \u2013 Sans HEMA ni TPO","description":"Alors que d'autres se concentrent sur l'ajout de couleurs, nous nous concentrons sur l'utilisation d'ingr\u00e9dients plus s\u00fbrs.","publisher":{"@id":"https:\/\/chromeclair.com\/#organization"},"potentialAction":[{"@type":"SearchAction","target":{"@type":"EntryPoint","urlTemplate":"https:\/\/chromeclair.com\/?s={search_term_string}"},"query-input":{"@type":"PropertyValueSpecification","valueRequired":true,"valueName":"search_term_string"}}],"inLanguage":"fr-FR"},{"@type":"Organization","@id":"https:\/\/chromeclair.com\/#organization","name":"Vernis gel Cat Eye \u2013 Sans HEMA ni TPO","url":"https:\/\/chromeclair.com\/","logo":{"@type":"ImageObject","inLanguage":"fr-FR","@id":"https:\/\/chromeclair.com\/#\/schema\/logo\/image\/","url":"https:\/\/chromeclair.com\/wp-content\/uploads\/2025\/06\/cropped-CHROMECLAIR-Logo-scaled-1.png","contentUrl":"https:\/\/chromeclair.com\/wp-content\/uploads\/2025\/06\/cropped-CHROMECLAIR-Logo-scaled-1.png","width":2151,"height":429,"caption":"Cat Eye Gel Polish \u2013 HEMA-Free \uff06 TPO-Free"},"image":{"@id":"https:\/\/chromeclair.com\/#\/schema\/logo\/image\/"}}]}},"_links":{"self":[{"href":"https:\/\/chromeclair.com\/fr\/wp-json\/wp\/v2\/product\/8993","targetHints":{"allow":["GET"]}}],"collection":[{"href":"https:\/\/chromeclair.com\/fr\/wp-json\/wp\/v2\/product"}],"about":[{"href":"https:\/\/chromeclair.com\/fr\/wp-json\/wp\/v2\/types\/product"}],"replies":[{"embeddable":true,"href":"https:\/\/chromeclair.com\/fr\/wp-json\/wp\/v2\/comments?post=8993"}],"wp:featuredmedia":[{"embeddable":true,"href":"https:\/\/chromeclair.com\/fr\/wp-json\/wp\/v2\/media\/10425"}],"wp:attachment":[{"href":"https:\/\/chromeclair.com\/fr\/wp-json\/wp\/v2\/media?parent=8993"}],"wp:term":[{"taxonomy":"product_brand","embeddable":true,"href":"https:\/\/chromeclair.com\/fr\/wp-json\/wp\/v2\/product_brand?post=8993"},{"taxonomy":"product_cat","embeddable":true,"href":"https:\/\/chromeclair.com\/fr\/wp-json\/wp\/v2\/product_cat?post=8993"},{"taxonomy":"product_tag","embeddable":true,"href":"https:\/\/chromeclair.com\/fr\/wp-json\/wp\/v2\/product_tag?post=8993"}],"curies":[{"name":"wp","href":"https:\/\/api.w.org\/{rel}","templated":true}]}}