{"id":9012,"date":"2025-09-05T08:59:17","date_gmt":"2025-09-05T08:59:17","guid":{"rendered":"https:\/\/chromeclair.com\/?post_type=product&#038;p=9012"},"modified":"2026-04-13T06:01:07","modified_gmt":"2026-04-13T06:01:07","slug":"10ml-cat-eye-gel-polish-hema-free-and-tpo-free-ce04","status":"publish","type":"product","link":"https:\/\/chromeclair.com\/fr\/produit\/10ml-cat-eye-gel-polish-hema-free-and-tpo-free-ce04\/","title":{"rendered":"10ML Cat Eye Gel Polish HEMA-Free and TPO-Free CE04"},"content":{"rendered":"<p><strong>Gel Polish ordinaire vs. notre gel Polish sup\u00e9rieur<\/strong><\/p>\n\n\n\n<figure class=\"wp-block-table\"><table class=\"has-fixed-layout\"><thead><tr><th>Fonctionnalit\u00e9<\/th><th>Gel ordinaire<\/th><th>Notre gel<\/th><\/tr><\/thead><tbody><tr><td><strong>Sans HEMA<\/strong><\/td><td>Parfois<\/td><td>\u2705 Oui<\/td><\/tr><tr><td><strong>Sans TPO<\/strong><\/td><td>Rarement<\/td><td>\u2705 Oui<\/td><\/tr><tr><td><strong>Hypoallerg\u00e9nique<\/strong><\/td><td>Non<\/td><td>\u2705 Oui<\/td><\/tr><tr><td><strong>Vegan et sans cruaut\u00e9<\/strong><\/td><td>Pas toujours<\/td><td>\u2705 Oui<\/td><\/tr><tr><td><strong>Effet magn\u00e9tique<\/strong><\/td><td>Variable<\/td><td>\u2705 Fortes et coh\u00e9rentes<\/td><\/tr><tr><td><strong>Taille<\/strong><\/td><td>Souvent 5-7ml<\/td><td>\u2705 10ml Professionnel<\/td><\/tr><tr><td><strong>Am\u00e9liorez votre manucure. Choisissez l'option la plus s\u00fbre, la plus intelligente et la plus spectaculaire.<\/strong><\/td><\/tr><\/tbody><\/table><\/figure>","protected":false},"excerpt":{"rendered":"<p>Doit \u00eatre utilis\u00e9 avec une lampe UV ou une lampe LED<\/p>","protected":false},"featured_media":10422,"comment_status":"open","ping_status":"closed","template":"","meta":[],"product_brand":[162],"product_cat":[209],"product_tag":[],"class_list":{"0":"post-9012","1":"product","2":"type-product","3":"status-publish","4":"has-post-thumbnail","6":"product_brand-chromeclair","7":"product_cat-cat-eye-gel-polish-10ml","9":"first","10":"instock","11":"shipping-taxable","12":"purchasable","13":"product-type-simple"},"yoast_head":"<!-- This site is optimized with the Yoast SEO plugin v26.4 - https:\/\/yoast.com\/wordpress\/plugins\/seo\/ -->\n<title>12-Free Cat Eye Gel Polish 10ml | HEMA, TPO &amp; Toxin Free | Vegan Magnetic Nail Art - CHROM\u00c9CLAIR<\/title>\n<meta name=\"description\" content=\"Go beyond HEMA-Free! Our cat eye gel is 12-Free, including no HEMA, no TPO. The safest magnetic polish on the market. Vibrant color &amp; strong magnetic pull. 10ml. Vegan. Explore the collection.\" \/>\n<meta name=\"robots\" content=\"index, follow, max-snippet:-1, max-image-preview:large, max-video-preview:-1\" \/>\n<link rel=\"canonical\" href=\"https:\/\/chromeclair.com\/fr\/produit\/10ml-cat-eye-gel-polish-hema-free-and-tpo-free-ce04\/\" \/>\n<meta property=\"og:locale\" content=\"fr_FR\" \/>\n<meta property=\"og:type\" content=\"article\" \/>\n<meta property=\"og:title\" content=\"12-Free Cat Eye Gel Polish 10ml | HEMA, TPO &amp; Toxin Free | Vegan Magnetic Nail Art - CHROM\u00c9CLAIR\" \/>\n<meta property=\"og:description\" content=\"Go beyond HEMA-Free! Our cat eye gel is 12-Free, including no HEMA, no TPO. The safest magnetic polish on the market. Vibrant color &amp; strong magnetic pull. 10ml. Vegan. Explore the collection.\" \/>\n<meta property=\"og:url\" content=\"https:\/\/chromeclair.com\/fr\/produit\/10ml-cat-eye-gel-polish-hema-free-and-tpo-free-ce04\/\" \/>\n<meta property=\"og:site_name\" content=\"Cat Eye Gel Polish \u2013 HEMA-Free \uff06 TPO-Free\" \/>\n<meta property=\"article:modified_time\" content=\"2026-04-13T06:01:07+00:00\" \/>\n<meta property=\"og:image\" content=\"https:\/\/chromeclair.com\/wp-content\/uploads\/2025\/09\/CE-4.webp\" \/>\n\t<meta property=\"og:image:width\" content=\"1000\" \/>\n\t<meta property=\"og:image:height\" content=\"1000\" \/>\n\t<meta property=\"og:image:type\" content=\"image\/webp\" \/>\n<meta name=\"twitter:card\" content=\"summary_large_image\" \/>\n<meta name=\"twitter:label1\" content=\"Dur\u00e9e de lecture estim\u00e9e\" \/>\n\t<meta name=\"twitter:data1\" content=\"1 minute\" \/>\n<script type=\"application\/ld+json\" class=\"yoast-schema-graph\">{\"@context\":\"https:\/\/schema.org\",\"@graph\":[{\"@type\":\"WebPage\",\"@id\":\"https:\/\/chromeclair.com\/product\/10ml-cat-eye-gel-polish-hema-free-and-tpo-free-ce04\/\",\"url\":\"https:\/\/chromeclair.com\/product\/10ml-cat-eye-gel-polish-hema-free-and-tpo-free-ce04\/\",\"name\":\"12-Free Cat Eye Gel Polish 10ml | HEMA, TPO & Toxin Free | Vegan Magnetic Nail Art - CHROM\u00c9CLAIR\",\"isPartOf\":{\"@id\":\"https:\/\/chromeclair.com\/#website\"},\"primaryImageOfPage\":{\"@id\":\"https:\/\/chromeclair.com\/product\/10ml-cat-eye-gel-polish-hema-free-and-tpo-free-ce04\/#primaryimage\"},\"image\":{\"@id\":\"https:\/\/chromeclair.com\/product\/10ml-cat-eye-gel-polish-hema-free-and-tpo-free-ce04\/#primaryimage\"},\"thumbnailUrl\":\"https:\/\/chromeclair.com\/wp-content\/uploads\/2025\/09\/CE-4.webp\",\"datePublished\":\"2025-09-05T08:59:17+00:00\",\"dateModified\":\"2026-04-13T06:01:07+00:00\",\"description\":\"Go beyond HEMA-Free! Our cat eye gel is 12-Free, including no HEMA, no TPO. The safest magnetic polish on the market. Vibrant color & strong magnetic pull. 10ml. Vegan. Explore the collection.\",\"breadcrumb\":{\"@id\":\"https:\/\/chromeclair.com\/product\/10ml-cat-eye-gel-polish-hema-free-and-tpo-free-ce04\/#breadcrumb\"},\"inLanguage\":\"fr-FR\",\"potentialAction\":[{\"@type\":\"ReadAction\",\"target\":[\"https:\/\/chromeclair.com\/product\/10ml-cat-eye-gel-polish-hema-free-and-tpo-free-ce04\/\"]}]},{\"@type\":\"ImageObject\",\"inLanguage\":\"fr-FR\",\"@id\":\"https:\/\/chromeclair.com\/product\/10ml-cat-eye-gel-polish-hema-free-and-tpo-free-ce04\/#primaryimage\",\"url\":\"https:\/\/chromeclair.com\/wp-content\/uploads\/2025\/09\/CE-4.webp\",\"contentUrl\":\"https:\/\/chromeclair.com\/wp-content\/uploads\/2025\/09\/CE-4.webp\",\"width\":1000,\"height\":1000,\"caption\":\"Hema-Free Tpo-Free Cat Eye Gel Polish CE0410ml CHROM\u00c9CLAIR\"},{\"@type\":\"BreadcrumbList\",\"@id\":\"https:\/\/chromeclair.com\/product\/10ml-cat-eye-gel-polish-hema-free-and-tpo-free-ce04\/#breadcrumb\",\"itemListElement\":[{\"@type\":\"ListItem\",\"position\":1,\"name\":\"Home\",\"item\":\"https:\/\/chromeclair.com\/\"},{\"@type\":\"ListItem\",\"position\":2,\"name\":\"Shop\",\"item\":\"https:\/\/chromeclair.com\/shop\/\"},{\"@type\":\"ListItem\",\"position\":3,\"name\":\"10ML Cat Eye Gel Polish HEMA-Free and TPO-Free CE04\"}]},{\"@type\":\"WebSite\",\"@id\":\"https:\/\/chromeclair.com\/#website\",\"url\":\"https:\/\/chromeclair.com\/\",\"name\":\"Cat Eye Gel Polish \u2013 HEMA-Free \uff06 TPO-Free\",\"description\":\"While others focus on having more colors, we focus on having safer ingredients.\",\"publisher\":{\"@id\":\"https:\/\/chromeclair.com\/#organization\"},\"potentialAction\":[{\"@type\":\"SearchAction\",\"target\":{\"@type\":\"EntryPoint\",\"urlTemplate\":\"https:\/\/chromeclair.com\/?s={search_term_string}\"},\"query-input\":{\"@type\":\"PropertyValueSpecification\",\"valueRequired\":true,\"valueName\":\"search_term_string\"}}],\"inLanguage\":\"fr-FR\"},{\"@type\":\"Organization\",\"@id\":\"https:\/\/chromeclair.com\/#organization\",\"name\":\"Cat Eye Gel Polish \u2013 HEMA-Free \uff06 TPO-Free\",\"url\":\"https:\/\/chromeclair.com\/\",\"logo\":{\"@type\":\"ImageObject\",\"inLanguage\":\"fr-FR\",\"@id\":\"https:\/\/chromeclair.com\/#\/schema\/logo\/image\/\",\"url\":\"https:\/\/chromeclair.com\/wp-content\/uploads\/2025\/06\/cropped-CHROMECLAIR-Logo-scaled-1.png\",\"contentUrl\":\"https:\/\/chromeclair.com\/wp-content\/uploads\/2025\/06\/cropped-CHROMECLAIR-Logo-scaled-1.png\",\"width\":2151,\"height\":429,\"caption\":\"Cat Eye Gel Polish \u2013 HEMA-Free \uff06 TPO-Free\"},\"image\":{\"@id\":\"https:\/\/chromeclair.com\/#\/schema\/logo\/image\/\"}}]}<\/script>\n<!-- \/ Yoast SEO plugin. -->","yoast_head_json":{"title":"12-Free Cat Eye Gel Polish 10ml | HEMA, TPO &amp; Toxin Free | Vegan Magnetic Nail Art - CHROM\u00c9CLAIR","description":"Plus que sans HEMA ! Notre gel pour yeux de chat est exempt de 12 substances, notamment de HEMA et de TPO. Le vernis magn\u00e9tique le plus s\u00fbr du march\u00e9. Couleur vibrante et forte attraction magn\u00e9tique. 10ml. V\u00e9g\u00e9talien. D\u00e9couvrez la collection.","robots":{"index":"index","follow":"follow","max-snippet":"max-snippet:-1","max-image-preview":"max-image-preview:large","max-video-preview":"max-video-preview:-1"},"canonical":"https:\/\/chromeclair.com\/fr\/produit\/10ml-cat-eye-gel-polish-hema-free-and-tpo-free-ce04\/","og_locale":"fr_FR","og_type":"article","og_title":"12-Free Cat Eye Gel Polish 10ml | HEMA, TPO & Toxin Free | Vegan Magnetic Nail Art - CHROM\u00c9CLAIR","og_description":"Go beyond HEMA-Free! Our cat eye gel is 12-Free, including no HEMA, no TPO. The safest magnetic polish on the market. Vibrant color & strong magnetic pull. 10ml. Vegan. Explore the collection.","og_url":"https:\/\/chromeclair.com\/fr\/produit\/10ml-cat-eye-gel-polish-hema-free-and-tpo-free-ce04\/","og_site_name":"Cat Eye Gel Polish \u2013 HEMA-Free \uff06 TPO-Free","article_modified_time":"2026-04-13T06:01:07+00:00","og_image":[{"width":1000,"height":1000,"url":"https:\/\/chromeclair.com\/wp-content\/uploads\/2025\/09\/CE-4.webp","type":"image\/webp"}],"twitter_card":"summary_large_image","twitter_misc":{"Dur\u00e9e de lecture estim\u00e9e":"1 minute"},"schema":{"@context":"https:\/\/schema.org","@graph":[{"@type":"WebPage","@id":"https:\/\/chromeclair.com\/product\/10ml-cat-eye-gel-polish-hema-free-and-tpo-free-ce04\/","url":"https:\/\/chromeclair.com\/product\/10ml-cat-eye-gel-polish-hema-free-and-tpo-free-ce04\/","name":"12-Free Cat Eye Gel Polish 10ml | HEMA, TPO &amp; Toxin Free | Vegan Magnetic Nail Art - CHROM\u00c9CLAIR","isPartOf":{"@id":"https:\/\/chromeclair.com\/#website"},"primaryImageOfPage":{"@id":"https:\/\/chromeclair.com\/product\/10ml-cat-eye-gel-polish-hema-free-and-tpo-free-ce04\/#primaryimage"},"image":{"@id":"https:\/\/chromeclair.com\/product\/10ml-cat-eye-gel-polish-hema-free-and-tpo-free-ce04\/#primaryimage"},"thumbnailUrl":"https:\/\/chromeclair.com\/wp-content\/uploads\/2025\/09\/CE-4.webp","datePublished":"2025-09-05T08:59:17+00:00","dateModified":"2026-04-13T06:01:07+00:00","description":"Plus que sans HEMA ! Notre gel pour yeux de chat est exempt de 12 substances, notamment de HEMA et de TPO. Le vernis magn\u00e9tique le plus s\u00fbr du march\u00e9. Couleur vibrante et forte attraction magn\u00e9tique. 10ml. V\u00e9g\u00e9talien. D\u00e9couvrez la collection.","breadcrumb":{"@id":"https:\/\/chromeclair.com\/product\/10ml-cat-eye-gel-polish-hema-free-and-tpo-free-ce04\/#breadcrumb"},"inLanguage":"fr-FR","potentialAction":[{"@type":"ReadAction","target":["https:\/\/chromeclair.com\/product\/10ml-cat-eye-gel-polish-hema-free-and-tpo-free-ce04\/"]}]},{"@type":"ImageObject","inLanguage":"fr-FR","@id":"https:\/\/chromeclair.com\/product\/10ml-cat-eye-gel-polish-hema-free-and-tpo-free-ce04\/#primaryimage","url":"https:\/\/chromeclair.com\/wp-content\/uploads\/2025\/09\/CE-4.webp","contentUrl":"https:\/\/chromeclair.com\/wp-content\/uploads\/2025\/09\/CE-4.webp","width":1000,"height":1000,"caption":"Hema-Free Tpo-Free Cat Eye Gel Polish CE0410ml CHROM\u00c9CLAIR"},{"@type":"BreadcrumbList","@id":"https:\/\/chromeclair.com\/product\/10ml-cat-eye-gel-polish-hema-free-and-tpo-free-ce04\/#breadcrumb","itemListElement":[{"@type":"ListItem","position":1,"name":"Home","item":"https:\/\/chromeclair.com\/"},{"@type":"ListItem","position":2,"name":"Shop","item":"https:\/\/chromeclair.com\/shop\/"},{"@type":"ListItem","position":3,"name":"10ML Cat Eye Gel Polish HEMA-Free and TPO-Free CE04"}]},{"@type":"WebSite","@id":"https:\/\/chromeclair.com\/#website","url":"https:\/\/chromeclair.com\/","name":"Vernis gel Cat Eye \u2013 Sans HEMA ni TPO","description":"Alors que d'autres se concentrent sur l'ajout de couleurs, nous nous concentrons sur l'utilisation d'ingr\u00e9dients plus s\u00fbrs.","publisher":{"@id":"https:\/\/chromeclair.com\/#organization"},"potentialAction":[{"@type":"SearchAction","target":{"@type":"EntryPoint","urlTemplate":"https:\/\/chromeclair.com\/?s={search_term_string}"},"query-input":{"@type":"PropertyValueSpecification","valueRequired":true,"valueName":"search_term_string"}}],"inLanguage":"fr-FR"},{"@type":"Organization","@id":"https:\/\/chromeclair.com\/#organization","name":"Vernis gel Cat Eye \u2013 Sans HEMA ni TPO","url":"https:\/\/chromeclair.com\/","logo":{"@type":"ImageObject","inLanguage":"fr-FR","@id":"https:\/\/chromeclair.com\/#\/schema\/logo\/image\/","url":"https:\/\/chromeclair.com\/wp-content\/uploads\/2025\/06\/cropped-CHROMECLAIR-Logo-scaled-1.png","contentUrl":"https:\/\/chromeclair.com\/wp-content\/uploads\/2025\/06\/cropped-CHROMECLAIR-Logo-scaled-1.png","width":2151,"height":429,"caption":"Cat Eye Gel Polish \u2013 HEMA-Free \uff06 TPO-Free"},"image":{"@id":"https:\/\/chromeclair.com\/#\/schema\/logo\/image\/"}}]}},"_links":{"self":[{"href":"https:\/\/chromeclair.com\/fr\/wp-json\/wp\/v2\/product\/9012","targetHints":{"allow":["GET"]}}],"collection":[{"href":"https:\/\/chromeclair.com\/fr\/wp-json\/wp\/v2\/product"}],"about":[{"href":"https:\/\/chromeclair.com\/fr\/wp-json\/wp\/v2\/types\/product"}],"replies":[{"embeddable":true,"href":"https:\/\/chromeclair.com\/fr\/wp-json\/wp\/v2\/comments?post=9012"}],"wp:featuredmedia":[{"embeddable":true,"href":"https:\/\/chromeclair.com\/fr\/wp-json\/wp\/v2\/media\/10422"}],"wp:attachment":[{"href":"https:\/\/chromeclair.com\/fr\/wp-json\/wp\/v2\/media?parent=9012"}],"wp:term":[{"taxonomy":"product_brand","embeddable":true,"href":"https:\/\/chromeclair.com\/fr\/wp-json\/wp\/v2\/product_brand?post=9012"},{"taxonomy":"product_cat","embeddable":true,"href":"https:\/\/chromeclair.com\/fr\/wp-json\/wp\/v2\/product_cat?post=9012"},{"taxonomy":"product_tag","embeddable":true,"href":"https:\/\/chromeclair.com\/fr\/wp-json\/wp\/v2\/product_tag?post=9012"}],"curies":[{"name":"wp","href":"https:\/\/api.w.org\/{rel}","templated":true}]}}