{"id":9248,"date":"2025-09-17T04:28:49","date_gmt":"2025-09-17T04:28:49","guid":{"rendered":"https:\/\/chromeclair.com\/?post_type=product&#038;p=9248"},"modified":"2026-04-13T06:00:11","modified_gmt":"2026-04-13T06:00:11","slug":"10ml-cat-eye-gel-polish-ce09","status":"publish","type":"product","link":"https:\/\/chromeclair.com\/fr\/product\/10ml-cat-eye-gel-polish-ce09\/","title":{"rendered":"10ML Cat Eye Gel Polish HEMA-Free and TPO-Free CE09"},"content":{"rendered":"<p><strong>\ud83c\udfa5 Comment r\u00e9aliser la parfaite manucure Cat Eye \u00e0 la maison (en toute s\u00e9curit\u00e9) !<\/strong><\/p>\n\n\n\n<p><br>\u00c9tape 1 : Pr\u00e9parez votre ongle avec notre couche de base sans HEMA\/TPO. <\/p>\n\n\n\n<p>\u00c9tape 2 : Appliquez deux couches de votre couleur pr\u00e9f\u00e9r\u00e9e, en polym\u00e9risant chacune d'entre elles. S<\/p>\n\n\n\n<p>\u00e9tape 3 :\u00a0<strong>Appliquer notre gel pour les yeux de chat sans HEMA\/TPO<\/strong>\u00a0mais ne gu\u00e9rissent pas. <\/p>\n\n\n\n<p>\u00c9tape 4 : Maintenir l'aimant \u00e0 2 mm au-dessus pendant 15 secondes. <\/p>\n\n\n\n<p>\u00c9tape 5 : Durcissement pendant 60 ans. <\/p>\n\n\n\n<p>\u00c9tape 6 : Sceller avec notre couche de finition sans HEMA\/TPO. <\/p>\n\n\n\n<p>Et le tour est jou\u00e9 ! Votre manucure la plus s\u00fbre et la plus \u00e9blouissante est termin\u00e9e.<\/p>\n\n\n\n<p><\/p>","protected":false},"excerpt":{"rendered":"<p>Doit \u00eatre utilis\u00e9 avec une lampe UV ou une lampe LED<\/p>","protected":false},"featured_media":10416,"comment_status":"open","ping_status":"closed","template":"","meta":[],"product_brand":[162],"product_cat":[209],"product_tag":[],"class_list":{"0":"post-9248","1":"product","2":"type-product","3":"status-publish","4":"has-post-thumbnail","6":"product_brand-chromeclair","7":"product_cat-cat-eye-gel-polish-10ml","9":"first","10":"instock","11":"shipping-taxable","12":"purchasable","13":"product-type-simple"},"yoast_head":"<!-- This site is optimized with the Yoast SEO plugin v27.4 - https:\/\/yoast.com\/product\/yoast-seo-wordpress\/ -->\n<title>Diamond-Like Cat Eye Gel 10ml | HEMA &amp; TPO Free, Hypoallergenic, Mirror Shine Finish - CHROM\u00c9CLAIR<\/title>\n<meta name=\"description\" content=\"Achieve a diamond-like shine on your nails! Our HEMA\/TPO Free cat eye gel polish creates a brilliant, mirror-shine 3D effect that&#039;s completely safe. 10ml bottle. For a luxurious manicure.\" \/>\n<meta name=\"robots\" content=\"index, follow, max-snippet:-1, max-image-preview:large, max-video-preview:-1\" \/>\n<link rel=\"canonical\" href=\"https:\/\/chromeclair.com\/fr\/produit\/10ml-cat-eye-gel-polish-ce09\/\" \/>\n<meta property=\"og:locale\" content=\"fr_FR\" \/>\n<meta property=\"og:type\" content=\"article\" \/>\n<meta property=\"og:title\" content=\"Diamond-Like Cat Eye Gel 10ml | HEMA &amp; TPO Free, Hypoallergenic, Mirror Shine Finish - CHROM\u00c9CLAIR\" \/>\n<meta property=\"og:description\" content=\"Achieve a diamond-like shine on your nails! Our HEMA\/TPO Free cat eye gel polish creates a brilliant, mirror-shine 3D effect that&#039;s completely safe. 10ml bottle. For a luxurious manicure.\" \/>\n<meta property=\"og:url\" content=\"https:\/\/chromeclair.com\/fr\/produit\/10ml-cat-eye-gel-polish-ce09\/\" \/>\n<meta property=\"og:site_name\" content=\"Cat Eye Gel Polish \u2013 HEMA-Free \uff06 TPO-Free\" \/>\n<meta property=\"article:modified_time\" content=\"2026-04-13T06:00:11+00:00\" \/>\n<meta property=\"og:image\" content=\"https:\/\/chromeclair.com\/wp-content\/uploads\/2025\/09\/CE-9.webp\" \/>\n\t<meta property=\"og:image:width\" content=\"1000\" \/>\n\t<meta property=\"og:image:height\" content=\"1000\" \/>\n\t<meta property=\"og:image:type\" content=\"image\/webp\" \/>\n<meta name=\"twitter:card\" content=\"summary_large_image\" \/>\n<meta name=\"twitter:label1\" content=\"Dur\u00e9e de lecture estim\u00e9e\" \/>\n\t<meta name=\"twitter:data1\" content=\"1 minute\" \/>\n<script type=\"application\/ld+json\" class=\"yoast-schema-graph\">{\"@context\":\"https:\\\/\\\/schema.org\",\"@graph\":[{\"@type\":\"WebPage\",\"@id\":\"https:\\\/\\\/chromeclair.com\\\/product\\\/10ml-cat-eye-gel-polish-ce09\\\/\",\"url\":\"https:\\\/\\\/chromeclair.com\\\/product\\\/10ml-cat-eye-gel-polish-ce09\\\/\",\"name\":\"Diamond-Like Cat Eye Gel 10ml | HEMA & TPO Free, Hypoallergenic, Mirror Shine Finish - CHROM\u00c9CLAIR\",\"isPartOf\":{\"@id\":\"https:\\\/\\\/chromeclair.com\\\/#website\"},\"primaryImageOfPage\":{\"@id\":\"https:\\\/\\\/chromeclair.com\\\/product\\\/10ml-cat-eye-gel-polish-ce09\\\/#primaryimage\"},\"image\":{\"@id\":\"https:\\\/\\\/chromeclair.com\\\/product\\\/10ml-cat-eye-gel-polish-ce09\\\/#primaryimage\"},\"thumbnailUrl\":\"https:\\\/\\\/chromeclair.com\\\/wp-content\\\/uploads\\\/2025\\\/09\\\/CE-9.webp\",\"datePublished\":\"2025-09-17T04:28:49+00:00\",\"dateModified\":\"2026-04-13T06:00:11+00:00\",\"description\":\"Achieve a diamond-like shine on your nails! Our HEMA\\\/TPO Free cat eye gel polish creates a brilliant, mirror-shine 3D effect that's completely safe. 10ml bottle. For a luxurious manicure.\",\"breadcrumb\":{\"@id\":\"https:\\\/\\\/chromeclair.com\\\/product\\\/10ml-cat-eye-gel-polish-ce09\\\/#breadcrumb\"},\"inLanguage\":\"fr-FR\",\"potentialAction\":[{\"@type\":\"ReadAction\",\"target\":[\"https:\\\/\\\/chromeclair.com\\\/product\\\/10ml-cat-eye-gel-polish-ce09\\\/\"]}]},{\"@type\":\"ImageObject\",\"inLanguage\":\"fr-FR\",\"@id\":\"https:\\\/\\\/chromeclair.com\\\/product\\\/10ml-cat-eye-gel-polish-ce09\\\/#primaryimage\",\"url\":\"https:\\\/\\\/chromeclair.com\\\/wp-content\\\/uploads\\\/2025\\\/09\\\/CE-9.webp\",\"contentUrl\":\"https:\\\/\\\/chromeclair.com\\\/wp-content\\\/uploads\\\/2025\\\/09\\\/CE-9.webp\",\"width\":1000,\"height\":1000,\"caption\":\"Hema-Free Tpo-Free Cat Eye Gel Polish CE0910ml CHROM\u00c9CLAIR\"},{\"@type\":\"BreadcrumbList\",\"@id\":\"https:\\\/\\\/chromeclair.com\\\/product\\\/10ml-cat-eye-gel-polish-ce09\\\/#breadcrumb\",\"itemListElement\":[{\"@type\":\"ListItem\",\"position\":1,\"name\":\"Home\",\"item\":\"https:\\\/\\\/chromeclair.com\\\/\"},{\"@type\":\"ListItem\",\"position\":2,\"name\":\"Shop\",\"item\":\"https:\\\/\\\/chromeclair.com\\\/shop\\\/\"},{\"@type\":\"ListItem\",\"position\":3,\"name\":\"10ML Cat Eye Gel Polish HEMA-Free and TPO-Free CE09\"}]},{\"@type\":\"WebSite\",\"@id\":\"https:\\\/\\\/chromeclair.com\\\/#website\",\"url\":\"https:\\\/\\\/chromeclair.com\\\/\",\"name\":\"Cat Eye Gel Polish \u2013 HEMA-Free \uff06 TPO-Free\",\"description\":\"While others focus on having more colors, we focus on having safer ingredients.\",\"publisher\":{\"@id\":\"https:\\\/\\\/chromeclair.com\\\/#organization\"},\"potentialAction\":[{\"@type\":\"SearchAction\",\"target\":{\"@type\":\"EntryPoint\",\"urlTemplate\":\"https:\\\/\\\/chromeclair.com\\\/?s={search_term_string}\"},\"query-input\":{\"@type\":\"PropertyValueSpecification\",\"valueRequired\":true,\"valueName\":\"search_term_string\"}}],\"inLanguage\":\"fr-FR\"},{\"@type\":\"Organization\",\"@id\":\"https:\\\/\\\/chromeclair.com\\\/#organization\",\"name\":\"Cat Eye Gel Polish \u2013 HEMA-Free \uff06 TPO-Free\",\"url\":\"https:\\\/\\\/chromeclair.com\\\/\",\"logo\":{\"@type\":\"ImageObject\",\"inLanguage\":\"fr-FR\",\"@id\":\"https:\\\/\\\/chromeclair.com\\\/#\\\/schema\\\/logo\\\/image\\\/\",\"url\":\"https:\\\/\\\/chromeclair.com\\\/wp-content\\\/uploads\\\/2025\\\/06\\\/cropped-CHROMECLAIR-Logo-scaled-1.png\",\"contentUrl\":\"https:\\\/\\\/chromeclair.com\\\/wp-content\\\/uploads\\\/2025\\\/06\\\/cropped-CHROMECLAIR-Logo-scaled-1.png\",\"width\":2151,\"height\":429,\"caption\":\"Cat Eye Gel Polish \u2013 HEMA-Free \uff06 TPO-Free\"},\"image\":{\"@id\":\"https:\\\/\\\/chromeclair.com\\\/#\\\/schema\\\/logo\\\/image\\\/\"}}]}<\/script>\n<!-- \/ Yoast SEO plugin. -->","yoast_head_json":{"title":"Diamond-Like Cat Eye Gel 10ml | HEMA &amp; TPO Free, Hypoallergenic, Mirror Shine Finish - CHROM\u00c9CLAIR","description":"Faites briller vos ongles comme des diamants ! Notre vernis gel pour yeux de chat sans HEMA\/TPO cr\u00e9e un effet 3D brillant comme un miroir, en toute s\u00e9curit\u00e9. Flacon de 10 ml. Pour une manucure luxueuse.","robots":{"index":"index","follow":"follow","max-snippet":"max-snippet:-1","max-image-preview":"max-image-preview:large","max-video-preview":"max-video-preview:-1"},"canonical":"https:\/\/chromeclair.com\/fr\/produit\/10ml-cat-eye-gel-polish-ce09\/","og_locale":"fr_FR","og_type":"article","og_title":"Diamond-Like Cat Eye Gel 10ml | HEMA & TPO Free, Hypoallergenic, Mirror Shine Finish - CHROM\u00c9CLAIR","og_description":"Achieve a diamond-like shine on your nails! Our HEMA\/TPO Free cat eye gel polish creates a brilliant, mirror-shine 3D effect that's completely safe. 10ml bottle. For a luxurious manicure.","og_url":"https:\/\/chromeclair.com\/fr\/produit\/10ml-cat-eye-gel-polish-ce09\/","og_site_name":"Cat Eye Gel Polish \u2013 HEMA-Free \uff06 TPO-Free","article_modified_time":"2026-04-13T06:00:11+00:00","og_image":[{"width":1000,"height":1000,"url":"https:\/\/chromeclair.com\/wp-content\/uploads\/2025\/09\/CE-9.webp","type":"image\/webp"}],"twitter_card":"summary_large_image","twitter_misc":{"Dur\u00e9e de lecture estim\u00e9e":"1 minute"},"schema":{"@context":"https:\/\/schema.org","@graph":[{"@type":"WebPage","@id":"https:\/\/chromeclair.com\/product\/10ml-cat-eye-gel-polish-ce09\/","url":"https:\/\/chromeclair.com\/product\/10ml-cat-eye-gel-polish-ce09\/","name":"Diamond-Like Cat Eye Gel 10ml | HEMA &amp; TPO Free, Hypoallergenic, Mirror Shine Finish - CHROM\u00c9CLAIR","isPartOf":{"@id":"https:\/\/chromeclair.com\/#website"},"primaryImageOfPage":{"@id":"https:\/\/chromeclair.com\/product\/10ml-cat-eye-gel-polish-ce09\/#primaryimage"},"image":{"@id":"https:\/\/chromeclair.com\/product\/10ml-cat-eye-gel-polish-ce09\/#primaryimage"},"thumbnailUrl":"https:\/\/chromeclair.com\/wp-content\/uploads\/2025\/09\/CE-9.webp","datePublished":"2025-09-17T04:28:49+00:00","dateModified":"2026-04-13T06:00:11+00:00","description":"Faites briller vos ongles comme des diamants ! Notre vernis gel pour yeux de chat sans HEMA\/TPO cr\u00e9e un effet 3D brillant comme un miroir, en toute s\u00e9curit\u00e9. Flacon de 10 ml. Pour une manucure luxueuse.","breadcrumb":{"@id":"https:\/\/chromeclair.com\/product\/10ml-cat-eye-gel-polish-ce09\/#breadcrumb"},"inLanguage":"fr-FR","potentialAction":[{"@type":"ReadAction","target":["https:\/\/chromeclair.com\/product\/10ml-cat-eye-gel-polish-ce09\/"]}]},{"@type":"ImageObject","inLanguage":"fr-FR","@id":"https:\/\/chromeclair.com\/product\/10ml-cat-eye-gel-polish-ce09\/#primaryimage","url":"https:\/\/chromeclair.com\/wp-content\/uploads\/2025\/09\/CE-9.webp","contentUrl":"https:\/\/chromeclair.com\/wp-content\/uploads\/2025\/09\/CE-9.webp","width":1000,"height":1000,"caption":"Hema-Free Tpo-Free Cat Eye Gel Polish CE0910ml CHROM\u00c9CLAIR"},{"@type":"BreadcrumbList","@id":"https:\/\/chromeclair.com\/product\/10ml-cat-eye-gel-polish-ce09\/#breadcrumb","itemListElement":[{"@type":"ListItem","position":1,"name":"Home","item":"https:\/\/chromeclair.com\/"},{"@type":"ListItem","position":2,"name":"Shop","item":"https:\/\/chromeclair.com\/shop\/"},{"@type":"ListItem","position":3,"name":"10ML Cat Eye Gel Polish HEMA-Free and TPO-Free CE09"}]},{"@type":"WebSite","@id":"https:\/\/chromeclair.com\/#website","url":"https:\/\/chromeclair.com\/","name":"Vernis gel Cat Eye \u2013 Sans HEMA ni TPO","description":"Alors que d'autres se concentrent sur l'ajout de couleurs, nous nous concentrons sur l'utilisation d'ingr\u00e9dients plus s\u00fbrs.","publisher":{"@id":"https:\/\/chromeclair.com\/#organization"},"potentialAction":[{"@type":"SearchAction","target":{"@type":"EntryPoint","urlTemplate":"https:\/\/chromeclair.com\/?s={search_term_string}"},"query-input":{"@type":"PropertyValueSpecification","valueRequired":true,"valueName":"search_term_string"}}],"inLanguage":"fr-FR"},{"@type":"Organization","@id":"https:\/\/chromeclair.com\/#organization","name":"Vernis gel Cat Eye \u2013 Sans HEMA ni TPO","url":"https:\/\/chromeclair.com\/","logo":{"@type":"ImageObject","inLanguage":"fr-FR","@id":"https:\/\/chromeclair.com\/#\/schema\/logo\/image\/","url":"https:\/\/chromeclair.com\/wp-content\/uploads\/2025\/06\/cropped-CHROMECLAIR-Logo-scaled-1.png","contentUrl":"https:\/\/chromeclair.com\/wp-content\/uploads\/2025\/06\/cropped-CHROMECLAIR-Logo-scaled-1.png","width":2151,"height":429,"caption":"Cat Eye Gel Polish \u2013 HEMA-Free \uff06 TPO-Free"},"image":{"@id":"https:\/\/chromeclair.com\/#\/schema\/logo\/image\/"}}]}},"_links":{"self":[{"href":"https:\/\/chromeclair.com\/fr\/wp-json\/wp\/v2\/product\/9248","targetHints":{"allow":["GET"]}}],"collection":[{"href":"https:\/\/chromeclair.com\/fr\/wp-json\/wp\/v2\/product"}],"about":[{"href":"https:\/\/chromeclair.com\/fr\/wp-json\/wp\/v2\/types\/product"}],"replies":[{"embeddable":true,"href":"https:\/\/chromeclair.com\/fr\/wp-json\/wp\/v2\/comments?post=9248"}],"wp:featuredmedia":[{"embeddable":true,"href":"https:\/\/chromeclair.com\/fr\/wp-json\/wp\/v2\/media\/10416"}],"wp:attachment":[{"href":"https:\/\/chromeclair.com\/fr\/wp-json\/wp\/v2\/media?parent=9248"}],"wp:term":[{"taxonomy":"product_brand","embeddable":true,"href":"https:\/\/chromeclair.com\/fr\/wp-json\/wp\/v2\/product_brand?post=9248"},{"taxonomy":"product_cat","embeddable":true,"href":"https:\/\/chromeclair.com\/fr\/wp-json\/wp\/v2\/product_cat?post=9248"},{"taxonomy":"product_tag","embeddable":true,"href":"https:\/\/chromeclair.com\/fr\/wp-json\/wp\/v2\/product_tag?post=9248"}],"curies":[{"name":"wp","href":"https:\/\/api.w.org\/{rel}","templated":true}]}}