{"id":9890,"date":"2025-10-31T09:54:19","date_gmt":"2025-10-31T09:54:19","guid":{"rendered":"https:\/\/chromeclair.com\/?post_type=product&#038;p=9890"},"modified":"2026-04-13T05:58:14","modified_gmt":"2026-04-13T05:58:14","slug":"professional-cuticle-oil-20ml","status":"publish","type":"product","link":"https:\/\/chromeclair.com\/fr\/product\/professional-cuticle-oil-20ml\/","title":{"rendered":"Huile professionnelle pour cuticules 20ml"},"content":{"rendered":"<p><strong>Nourrir et renforcer : Huile professionnelle pour cuticules 20ml<\/strong><\/p>\n\n\n\n<p>Vous en avez assez des cuticules s\u00e8ches et d\u00e9chiquet\u00e9es et des ongles fragiles ? Am\u00e9liorez la sant\u00e9 de vos ongles avec notre huile professionnelle pour cuticules de 20 ml. Con\u00e7ue comme un outil essentiel de votre trousse de soins des ongles, elle nourrit intens\u00e9ment vos cuticules et fortifie vos ongles \u00e0 la base.<\/p>\n\n\n\n<p><\/p>\n\n\n\n<p>- R\u00e9pare et apaise : P\u00e9n\u00e8tre rapidement pour r\u00e9parer les cuticules fendues et soulager les ongles qui pendent, \u00e9vitant ainsi les d\u00e9chirures douloureuses.<br>- Renforce les ongles : Alimente la matrice de l'ongle pour favoriser des ongles plus forts et plus flexibles qui r\u00e9sistent \u00e0 la rupture et au d\u00e9doublement.<br>- Hydrate en profondeur : Notre formule \u00e0 absorption rapide, enrichie d'huile de jojoba et de vitamine E, offre une hydratation durable sans r\u00e9sidu gras.<br>- Am\u00e9liore les manucures : Des cuticules saines sont la base d'une manucure parfaite. Utilisez-les quotidiennement pour que votre vernis ou vos ongles en gel restent impeccables plus longtemps.<\/p>\n\n\n\n<p><br>Con\u00e7ue pour le consommateur conscient, notre huile est 100% naturelle et v\u00e9g\u00e9talienne. Le flacon pratique de 20 ml, dot\u00e9 d'un pinceau de pr\u00e9cision, permet une application propre et cibl\u00e9e. Massez chaque jour une petite quantit\u00e9 sur chaque cuticule pour obtenir des r\u00e9sultats visiblement plus sains en une semaine seulement.<\/p>\n\n\n\n<p><br>Investissez dans la sant\u00e9 de vos ongles et ajoutez cet outil essentiel \u00e0 votre routine d\u00e8s aujourd'hui !<\/p>\n\n\n\n<p><\/p>","protected":false},"excerpt":{"rendered":"<p>Notre huile de luxe pour cuticules de 20 ml est plus qu'un traitement, c'est un rituel de soin quotidien dans un flacon. Transformez votre soin des ongles en une exp\u00e9rience digne d'un spa, directement \u00e0 la maison.<\/p>","protected":false},"featured_media":9891,"comment_status":"open","ping_status":"closed","template":"","meta":[],"product_brand":[162],"product_cat":[202],"product_tag":[],"class_list":{"0":"post-9890","1":"product","2":"type-product","3":"status-publish","4":"has-post-thumbnail","6":"product_brand-chromeclair","7":"product_cat-cuticle-oil-cuticle-softener","9":"first","10":"instock","11":"shipping-taxable","12":"purchasable","13":"product-type-simple"},"yoast_head":"<!-- This site is optimized with the Yoast SEO plugin v27.4 - https:\/\/yoast.com\/product\/yoast-seo-wordpress\/ -->\n<title>Cuticle Oil 20ml - Nail Care Tool for Repair &amp; Growth- CHROM\u00c9CLAIR<\/title>\n<meta name=\"description\" content=\"Nourish dry cuticles &amp; strengthen nails with our 20ml cuticle oil. Formulated with Jojoba Oil &amp; Vitamin E, this essential nail care tool repairs hangnails and promotes healthy growth. A must-have for manicure maintenance.\" \/>\n<meta name=\"robots\" content=\"index, follow, max-snippet:-1, max-image-preview:large, max-video-preview:-1\" \/>\n<link rel=\"canonical\" href=\"https:\/\/chromeclair.com\/fr\/produit\/professional-cuticle-oil-20ml\/\" \/>\n<meta property=\"og:locale\" content=\"fr_FR\" \/>\n<meta property=\"og:type\" content=\"article\" \/>\n<meta property=\"og:title\" content=\"Cuticle Oil 20ml - Nail Care Tool for Repair &amp; Growth- CHROM\u00c9CLAIR\" \/>\n<meta property=\"og:description\" content=\"Nourish dry cuticles &amp; strengthen nails with our 20ml cuticle oil. Formulated with Jojoba Oil &amp; Vitamin E, this essential nail care tool repairs hangnails and promotes healthy growth. A must-have for manicure maintenance.\" \/>\n<meta property=\"og:url\" content=\"https:\/\/chromeclair.com\/fr\/produit\/professional-cuticle-oil-20ml\/\" \/>\n<meta property=\"og:site_name\" content=\"Cat Eye Gel Polish \u2013 HEMA-Free \uff06 TPO-Free\" \/>\n<meta property=\"article:modified_time\" content=\"2026-04-13T05:58:14+00:00\" \/>\n<meta property=\"og:image\" content=\"https:\/\/chromeclair.com\/wp-content\/uploads\/2025\/10\/\u6307\u7f18\u6cb9\u573a\u666f\u56fe1.webp\" \/>\n\t<meta property=\"og:image:width\" content=\"1000\" \/>\n\t<meta property=\"og:image:height\" content=\"1000\" \/>\n\t<meta property=\"og:image:type\" content=\"image\/webp\" \/>\n<meta name=\"twitter:card\" content=\"summary_large_image\" \/>\n<meta name=\"twitter:label1\" content=\"Dur\u00e9e de lecture estim\u00e9e\" \/>\n\t<meta name=\"twitter:data1\" content=\"1 minute\" \/>\n<script type=\"application\/ld+json\" class=\"yoast-schema-graph\">{\"@context\":\"https:\\\/\\\/schema.org\",\"@graph\":[{\"@type\":\"WebPage\",\"@id\":\"https:\\\/\\\/chromeclair.com\\\/product\\\/professional-cuticle-oil-20ml\\\/\",\"url\":\"https:\\\/\\\/chromeclair.com\\\/product\\\/professional-cuticle-oil-20ml\\\/\",\"name\":\"Cuticle Oil 20ml - Nail Care Tool for Repair & Growth- CHROM\u00c9CLAIR\",\"isPartOf\":{\"@id\":\"https:\\\/\\\/chromeclair.com\\\/#website\"},\"primaryImageOfPage\":{\"@id\":\"https:\\\/\\\/chromeclair.com\\\/product\\\/professional-cuticle-oil-20ml\\\/#primaryimage\"},\"image\":{\"@id\":\"https:\\\/\\\/chromeclair.com\\\/product\\\/professional-cuticle-oil-20ml\\\/#primaryimage\"},\"thumbnailUrl\":\"https:\\\/\\\/chromeclair.com\\\/wp-content\\\/uploads\\\/2025\\\/10\\\/\u6307\u7f18\u6cb9\u573a\u666f\u56fe1.webp\",\"datePublished\":\"2025-10-31T09:54:19+00:00\",\"dateModified\":\"2026-04-13T05:58:14+00:00\",\"description\":\"Nourish dry cuticles & strengthen nails with our 20ml cuticle oil. Formulated with Jojoba Oil & Vitamin E, this essential nail care tool repairs hangnails and promotes healthy growth. A must-have for manicure maintenance.\",\"breadcrumb\":{\"@id\":\"https:\\\/\\\/chromeclair.com\\\/product\\\/professional-cuticle-oil-20ml\\\/#breadcrumb\"},\"inLanguage\":\"fr-FR\",\"potentialAction\":[{\"@type\":\"ReadAction\",\"target\":[\"https:\\\/\\\/chromeclair.com\\\/product\\\/professional-cuticle-oil-20ml\\\/\"]}]},{\"@type\":\"ImageObject\",\"inLanguage\":\"fr-FR\",\"@id\":\"https:\\\/\\\/chromeclair.com\\\/product\\\/professional-cuticle-oil-20ml\\\/#primaryimage\",\"url\":\"https:\\\/\\\/chromeclair.com\\\/wp-content\\\/uploads\\\/2025\\\/10\\\/\u6307\u7f18\u6cb9\u573a\u666f\u56fe1.webp\",\"contentUrl\":\"https:\\\/\\\/chromeclair.com\\\/wp-content\\\/uploads\\\/2025\\\/10\\\/\u6307\u7f18\u6cb9\u573a\u666f\u56fe1.webp\",\"width\":1000,\"height\":1000,\"caption\":\"cuticle oil 1- CHROM\u00c9CLAIR\"},{\"@type\":\"BreadcrumbList\",\"@id\":\"https:\\\/\\\/chromeclair.com\\\/product\\\/professional-cuticle-oil-20ml\\\/#breadcrumb\",\"itemListElement\":[{\"@type\":\"ListItem\",\"position\":1,\"name\":\"Home\",\"item\":\"https:\\\/\\\/chromeclair.com\\\/\"},{\"@type\":\"ListItem\",\"position\":2,\"name\":\"Shop\",\"item\":\"https:\\\/\\\/chromeclair.com\\\/shop\\\/\"},{\"@type\":\"ListItem\",\"position\":3,\"name\":\"Professional Cuticle Oil 20ml\"}]},{\"@type\":\"WebSite\",\"@id\":\"https:\\\/\\\/chromeclair.com\\\/#website\",\"url\":\"https:\\\/\\\/chromeclair.com\\\/\",\"name\":\"Cat Eye Gel Polish \u2013 HEMA-Free \uff06 TPO-Free\",\"description\":\"While others focus on having more colors, we focus on having safer ingredients.\",\"publisher\":{\"@id\":\"https:\\\/\\\/chromeclair.com\\\/#organization\"},\"potentialAction\":[{\"@type\":\"SearchAction\",\"target\":{\"@type\":\"EntryPoint\",\"urlTemplate\":\"https:\\\/\\\/chromeclair.com\\\/?s={search_term_string}\"},\"query-input\":{\"@type\":\"PropertyValueSpecification\",\"valueRequired\":true,\"valueName\":\"search_term_string\"}}],\"inLanguage\":\"fr-FR\"},{\"@type\":\"Organization\",\"@id\":\"https:\\\/\\\/chromeclair.com\\\/#organization\",\"name\":\"Cat Eye Gel Polish \u2013 HEMA-Free \uff06 TPO-Free\",\"url\":\"https:\\\/\\\/chromeclair.com\\\/\",\"logo\":{\"@type\":\"ImageObject\",\"inLanguage\":\"fr-FR\",\"@id\":\"https:\\\/\\\/chromeclair.com\\\/#\\\/schema\\\/logo\\\/image\\\/\",\"url\":\"https:\\\/\\\/chromeclair.com\\\/wp-content\\\/uploads\\\/2025\\\/06\\\/cropped-CHROMECLAIR-Logo-scaled-1.png\",\"contentUrl\":\"https:\\\/\\\/chromeclair.com\\\/wp-content\\\/uploads\\\/2025\\\/06\\\/cropped-CHROMECLAIR-Logo-scaled-1.png\",\"width\":2151,\"height\":429,\"caption\":\"Cat Eye Gel Polish \u2013 HEMA-Free \uff06 TPO-Free\"},\"image\":{\"@id\":\"https:\\\/\\\/chromeclair.com\\\/#\\\/schema\\\/logo\\\/image\\\/\"}}]}<\/script>\n<!-- \/ Yoast SEO plugin. -->","yoast_head_json":{"title":"Huile pour cuticules 20ml - Outil de soin pour la r\u00e9paration et la croissance des ongles - CHROM\u00c9CLAIR","description":"Nourrissez les cuticules s\u00e8ches et renforcez les ongles avec notre huile pour cuticules de 20 ml. Formul\u00e9 avec de l'huile de jojoba et de la vitamine E, cet outil essentiel pour le soin des ongles r\u00e9pare les ongles qui pendent et favorise une croissance saine. Un must pour l'entretien de la manucure.","robots":{"index":"index","follow":"follow","max-snippet":"max-snippet:-1","max-image-preview":"max-image-preview:large","max-video-preview":"max-video-preview:-1"},"canonical":"https:\/\/chromeclair.com\/fr\/produit\/professional-cuticle-oil-20ml\/","og_locale":"fr_FR","og_type":"article","og_title":"Cuticle Oil 20ml - Nail Care Tool for Repair & Growth- CHROM\u00c9CLAIR","og_description":"Nourish dry cuticles & strengthen nails with our 20ml cuticle oil. Formulated with Jojoba Oil & Vitamin E, this essential nail care tool repairs hangnails and promotes healthy growth. A must-have for manicure maintenance.","og_url":"https:\/\/chromeclair.com\/fr\/produit\/professional-cuticle-oil-20ml\/","og_site_name":"Cat Eye Gel Polish \u2013 HEMA-Free \uff06 TPO-Free","article_modified_time":"2026-04-13T05:58:14+00:00","og_image":[{"width":1000,"height":1000,"url":"https:\/\/chromeclair.com\/wp-content\/uploads\/2025\/10\/\u6307\u7f18\u6cb9\u573a\u666f\u56fe1.webp","type":"image\/webp"}],"twitter_card":"summary_large_image","twitter_misc":{"Dur\u00e9e de lecture estim\u00e9e":"1 minute"},"schema":{"@context":"https:\/\/schema.org","@graph":[{"@type":"WebPage","@id":"https:\/\/chromeclair.com\/product\/professional-cuticle-oil-20ml\/","url":"https:\/\/chromeclair.com\/product\/professional-cuticle-oil-20ml\/","name":"Huile pour cuticules 20ml - Outil de soin pour la r\u00e9paration et la croissance des ongles - CHROM\u00c9CLAIR","isPartOf":{"@id":"https:\/\/chromeclair.com\/#website"},"primaryImageOfPage":{"@id":"https:\/\/chromeclair.com\/product\/professional-cuticle-oil-20ml\/#primaryimage"},"image":{"@id":"https:\/\/chromeclair.com\/product\/professional-cuticle-oil-20ml\/#primaryimage"},"thumbnailUrl":"https:\/\/chromeclair.com\/wp-content\/uploads\/2025\/10\/\u6307\u7f18\u6cb9\u573a\u666f\u56fe1.webp","datePublished":"2025-10-31T09:54:19+00:00","dateModified":"2026-04-13T05:58:14+00:00","description":"Nourrissez les cuticules s\u00e8ches et renforcez les ongles avec notre huile pour cuticules de 20 ml. Formul\u00e9 avec de l'huile de jojoba et de la vitamine E, cet outil essentiel pour le soin des ongles r\u00e9pare les ongles qui pendent et favorise une croissance saine. Un must pour l'entretien de la manucure.","breadcrumb":{"@id":"https:\/\/chromeclair.com\/product\/professional-cuticle-oil-20ml\/#breadcrumb"},"inLanguage":"fr-FR","potentialAction":[{"@type":"ReadAction","target":["https:\/\/chromeclair.com\/product\/professional-cuticle-oil-20ml\/"]}]},{"@type":"ImageObject","inLanguage":"fr-FR","@id":"https:\/\/chromeclair.com\/product\/professional-cuticle-oil-20ml\/#primaryimage","url":"https:\/\/chromeclair.com\/wp-content\/uploads\/2025\/10\/\u6307\u7f18\u6cb9\u573a\u666f\u56fe1.webp","contentUrl":"https:\/\/chromeclair.com\/wp-content\/uploads\/2025\/10\/\u6307\u7f18\u6cb9\u573a\u666f\u56fe1.webp","width":1000,"height":1000,"caption":"cuticle oil 1- CHROM\u00c9CLAIR"},{"@type":"BreadcrumbList","@id":"https:\/\/chromeclair.com\/product\/professional-cuticle-oil-20ml\/#breadcrumb","itemListElement":[{"@type":"ListItem","position":1,"name":"Home","item":"https:\/\/chromeclair.com\/"},{"@type":"ListItem","position":2,"name":"Shop","item":"https:\/\/chromeclair.com\/shop\/"},{"@type":"ListItem","position":3,"name":"Professional Cuticle Oil 20ml"}]},{"@type":"WebSite","@id":"https:\/\/chromeclair.com\/#website","url":"https:\/\/chromeclair.com\/","name":"Vernis gel Cat Eye \u2013 Sans HEMA ni TPO","description":"Alors que d'autres se concentrent sur l'ajout de couleurs, nous nous concentrons sur l'utilisation d'ingr\u00e9dients plus s\u00fbrs.","publisher":{"@id":"https:\/\/chromeclair.com\/#organization"},"potentialAction":[{"@type":"SearchAction","target":{"@type":"EntryPoint","urlTemplate":"https:\/\/chromeclair.com\/?s={search_term_string}"},"query-input":{"@type":"PropertyValueSpecification","valueRequired":true,"valueName":"search_term_string"}}],"inLanguage":"fr-FR"},{"@type":"Organization","@id":"https:\/\/chromeclair.com\/#organization","name":"Vernis gel Cat Eye \u2013 Sans HEMA ni TPO","url":"https:\/\/chromeclair.com\/","logo":{"@type":"ImageObject","inLanguage":"fr-FR","@id":"https:\/\/chromeclair.com\/#\/schema\/logo\/image\/","url":"https:\/\/chromeclair.com\/wp-content\/uploads\/2025\/06\/cropped-CHROMECLAIR-Logo-scaled-1.png","contentUrl":"https:\/\/chromeclair.com\/wp-content\/uploads\/2025\/06\/cropped-CHROMECLAIR-Logo-scaled-1.png","width":2151,"height":429,"caption":"Cat Eye Gel Polish \u2013 HEMA-Free \uff06 TPO-Free"},"image":{"@id":"https:\/\/chromeclair.com\/#\/schema\/logo\/image\/"}}]}},"_links":{"self":[{"href":"https:\/\/chromeclair.com\/fr\/wp-json\/wp\/v2\/product\/9890","targetHints":{"allow":["GET"]}}],"collection":[{"href":"https:\/\/chromeclair.com\/fr\/wp-json\/wp\/v2\/product"}],"about":[{"href":"https:\/\/chromeclair.com\/fr\/wp-json\/wp\/v2\/types\/product"}],"replies":[{"embeddable":true,"href":"https:\/\/chromeclair.com\/fr\/wp-json\/wp\/v2\/comments?post=9890"}],"wp:featuredmedia":[{"embeddable":true,"href":"https:\/\/chromeclair.com\/fr\/wp-json\/wp\/v2\/media\/9891"}],"wp:attachment":[{"href":"https:\/\/chromeclair.com\/fr\/wp-json\/wp\/v2\/media?parent=9890"}],"wp:term":[{"taxonomy":"product_brand","embeddable":true,"href":"https:\/\/chromeclair.com\/fr\/wp-json\/wp\/v2\/product_brand?post=9890"},{"taxonomy":"product_cat","embeddable":true,"href":"https:\/\/chromeclair.com\/fr\/wp-json\/wp\/v2\/product_cat?post=9890"},{"taxonomy":"product_tag","embeddable":true,"href":"https:\/\/chromeclair.com\/fr\/wp-json\/wp\/v2\/product_tag?post=9890"}],"curies":[{"name":"wp","href":"https:\/\/api.w.org\/{rel}","templated":true}]}}