{"id":9996,"date":"2025-11-06T07:25:48","date_gmt":"2025-11-06T07:25:48","guid":{"rendered":"https:\/\/chromeclair.com\/?post_type=product&#038;p=9996"},"modified":"2026-04-13T05:57:49","modified_gmt":"2026-04-13T05:57:49","slug":"nail-art-brushes-set-15-pcs","status":"publish","type":"product","link":"https:\/\/chromeclair.com\/fr\/product\/nail-art-brushes-set-15-pcs\/","title":{"rendered":"Set de pinceaux professionnels pour le Nail Art 15 PCS"},"content":{"rendered":"<p><strong>Stylo \u00e0 dessin<\/strong>: Ligne facile \u00e0 dessiner, peut \u00eatre utilis\u00e9e pour la peinture, les motifs, les bordures ou les portraits.<\/p>\n\n\n\n<p><strong>Crayons de couleur<\/strong>: peut \u00eatre utilis\u00e9 pour dessiner des lignes et des feuilles, fa\u00e7onner des lignes, tracer des couleurs et dessiner des grilles.<\/p>\n\n\n\n<p><strong>Stylo \u00e0 enfiler<\/strong>: Utilis\u00e9 pour dessiner des p\u00e9tales et des feuilles, des motifs, des fissures, des lignes et remplir des couleurs.<\/p>\n\n\n\n<p><strong>Stylo fonctionnel<\/strong>: Largement utilis\u00e9, peut \u00eatre utilis\u00e9 pour la peinture.<\/p>\n\n\n\n<p><strong>Brosse \u00e0 chrysanth\u00e8mes<\/strong>: Convient pour dessiner des p\u00e9tales et des feuilles, cr\u00e9er des ondulations et remplir des couleurs.<\/p>\n\n\n\n<p><strong>Brosse \u00e0 grille<\/strong>: Convient pour l'application de gel d'extension, de paillettes et de sequins.<\/p>\n\n\n\n<p><strong>Pinceau \u00e0 bout plat<\/strong>: Le design de l'embout plat facilite la prise des mat\u00e9riaux et l'application du gel UV en douceur.<\/p>\n\n\n\n<p><strong>Pinceau \u00e0 bouts ronds<\/strong>: Convient aux pinceaux \u00e0 bouts arrondis et plats ; id\u00e9al pour les gels d'extension, les paillettes, les sequins.<\/p>\n\n\n\n<p><strong>Brosse angulaire<\/strong>: Convient pour le brossage, l'estompement et la peinture bicolores.<\/p>\n\n\n\n<p><strong>Stylo \u00e0 fleurs en dentelle<\/strong>: Convient pour les lignes d\u00e9grad\u00e9es et les lignes \u00e0 texture irr\u00e9guli\u00e8re<\/p>\n\n\n\n<p><strong>Pinceau estompeur angulaire<\/strong>: Convient pour le coloriage des ongles, les d\u00e9grad\u00e9s, le maculage et l'estompage.<\/p>\n\n\n\n<p><strong>Pinceau estompeur cylindrique<\/strong>: Convient pour les manucures fran\u00e7aises, utilis\u00e9 pour appliquer les paillettes, les sequins et le vernis en gel.<\/p>\n\n\n\n<p><strong>Pinceau de d\u00e9grad\u00e9 en forme d'\u00e9ventail<\/strong>: Convient pour cr\u00e9er des d\u00e9grad\u00e9s, appliquer des paillettes et dessiner des lignes irr\u00e9guli\u00e8res.<\/p>\n\n\n\n<p><strong>Stylo \u00e0 sculpter<\/strong>: Convient \u00e0 la sculpture en 3D et aux dessins.<\/p>\n\n\n\n<p><strong>Stylo en cristal<\/strong>: A utiliser avec du cristal liquide ou de la poudre de cristal.<\/p>","protected":false},"excerpt":{"rendered":"<p>Drawing pen: Easy-drawing line, can be used for painting, patterns, edging, or portraits. Coloring pens: can be used to draw lines and leaves, shape lines, outline colors, and draw grids. Threading pen: Used to draw petals and leaves, patterns, cracks, lines, and fill in colors. Functional pen: Widely used, can be used for painting. Chrysanthemum [&hellip;]<\/p>\n","protected":false},"featured_media":9997,"comment_status":"open","ping_status":"closed","template":"","meta":[],"product_brand":[162],"product_cat":[182],"product_tag":[],"class_list":{"0":"post-9996","1":"product","2":"type-product","3":"status-publish","4":"has-post-thumbnail","6":"product_brand-chromeclair","7":"product_cat-tools-accessories","9":"first","10":"instock","11":"shipping-taxable","12":"purchasable","13":"product-type-simple"},"yoast_head":"<!-- This site is optimized with the Yoast SEO plugin v27.4 - https:\/\/yoast.com\/product\/yoast-seo-wordpress\/ -->\n<title>Nail Art Brushes Set 15 PCS Professional &amp; Starter Kits -CHROM\u00c9CLAIR<\/title>\n<meta name=\"description\" content=\"Nail Art Brushes for Beginners - Easy to Use Starter Kit Professional Nail Art Brushes - Salon Quality Precision Tools Fine Liner &amp; Detail Brushes -CHROM\u00c9CLAIR\" \/>\n<meta name=\"robots\" content=\"index, follow, max-snippet:-1, max-image-preview:large, max-video-preview:-1\" \/>\n<link rel=\"canonical\" href=\"https:\/\/chromeclair.com\/fr\/produit\/nail-art-brushes-set-15-pcs\/\" \/>\n<meta property=\"og:locale\" content=\"fr_FR\" \/>\n<meta property=\"og:type\" content=\"article\" \/>\n<meta property=\"og:title\" content=\"Nail Art Brushes Set 15 PCS Professional &amp; Starter Kits -CHROM\u00c9CLAIR\" \/>\n<meta property=\"og:description\" content=\"Nail Art Brushes for Beginners - Easy to Use Starter Kit Professional Nail Art Brushes - Salon Quality Precision Tools Fine Liner &amp; Detail Brushes -CHROM\u00c9CLAIR\" \/>\n<meta property=\"og:url\" content=\"https:\/\/chromeclair.com\/fr\/produit\/nail-art-brushes-set-15-pcs\/\" \/>\n<meta property=\"og:site_name\" content=\"Cat Eye Gel Polish \u2013 HEMA-Free \uff06 TPO-Free\" \/>\n<meta property=\"article:modified_time\" content=\"2026-04-13T05:57:49+00:00\" \/>\n<meta property=\"og:image\" content=\"https:\/\/chromeclair.com\/wp-content\/uploads\/2025\/11\/3-\u62f7\u8d1d.webp\" \/>\n\t<meta property=\"og:image:width\" content=\"800\" \/>\n\t<meta property=\"og:image:height\" content=\"800\" \/>\n\t<meta property=\"og:image:type\" content=\"image\/webp\" \/>\n<meta name=\"twitter:card\" content=\"summary_large_image\" \/>\n<meta name=\"twitter:label1\" content=\"Dur\u00e9e de lecture estim\u00e9e\" \/>\n\t<meta name=\"twitter:data1\" content=\"2 minutes\" \/>\n<script type=\"application\/ld+json\" class=\"yoast-schema-graph\">{\"@context\":\"https:\\\/\\\/schema.org\",\"@graph\":[{\"@type\":\"WebPage\",\"@id\":\"https:\\\/\\\/chromeclair.com\\\/product\\\/nail-art-brushes-set-15-pcs\\\/\",\"url\":\"https:\\\/\\\/chromeclair.com\\\/product\\\/nail-art-brushes-set-15-pcs\\\/\",\"name\":\"Nail Art Brushes Set 15 PCS Professional & Starter Kits -CHROM\u00c9CLAIR\",\"isPartOf\":{\"@id\":\"https:\\\/\\\/chromeclair.com\\\/#website\"},\"primaryImageOfPage\":{\"@id\":\"https:\\\/\\\/chromeclair.com\\\/product\\\/nail-art-brushes-set-15-pcs\\\/#primaryimage\"},\"image\":{\"@id\":\"https:\\\/\\\/chromeclair.com\\\/product\\\/nail-art-brushes-set-15-pcs\\\/#primaryimage\"},\"thumbnailUrl\":\"https:\\\/\\\/chromeclair.com\\\/wp-content\\\/uploads\\\/2025\\\/11\\\/3-\u62f7\u8d1d.webp\",\"datePublished\":\"2025-11-06T07:25:48+00:00\",\"dateModified\":\"2026-04-13T05:57:49+00:00\",\"description\":\"Nail Art Brushes for Beginners - Easy to Use Starter Kit Professional Nail Art Brushes - Salon Quality Precision Tools Fine Liner & Detail Brushes -CHROM\u00c9CLAIR\",\"inLanguage\":\"fr-FR\",\"potentialAction\":[{\"@type\":\"ReadAction\",\"target\":[\"https:\\\/\\\/chromeclair.com\\\/product\\\/nail-art-brushes-set-15-pcs\\\/\"]}]},{\"@type\":\"ImageObject\",\"inLanguage\":\"fr-FR\",\"@id\":\"https:\\\/\\\/chromeclair.com\\\/product\\\/nail-art-brushes-set-15-pcs\\\/#primaryimage\",\"url\":\"https:\\\/\\\/chromeclair.com\\\/wp-content\\\/uploads\\\/2025\\\/11\\\/3-\u62f7\u8d1d.webp\",\"contentUrl\":\"https:\\\/\\\/chromeclair.com\\\/wp-content\\\/uploads\\\/2025\\\/11\\\/3-\u62f7\u8d1d.webp\",\"width\":800,\"height\":800},{\"@type\":\"WebSite\",\"@id\":\"https:\\\/\\\/chromeclair.com\\\/#website\",\"url\":\"https:\\\/\\\/chromeclair.com\\\/\",\"name\":\"Cat Eye Gel Polish \u2013 HEMA-Free \uff06 TPO-Free\",\"description\":\"While others focus on having more colors, we focus on having safer ingredients.\",\"publisher\":{\"@id\":\"https:\\\/\\\/chromeclair.com\\\/#organization\"},\"potentialAction\":[{\"@type\":\"SearchAction\",\"target\":{\"@type\":\"EntryPoint\",\"urlTemplate\":\"https:\\\/\\\/chromeclair.com\\\/?s={search_term_string}\"},\"query-input\":{\"@type\":\"PropertyValueSpecification\",\"valueRequired\":true,\"valueName\":\"search_term_string\"}}],\"inLanguage\":\"fr-FR\"},{\"@type\":\"Organization\",\"@id\":\"https:\\\/\\\/chromeclair.com\\\/#organization\",\"name\":\"Cat Eye Gel Polish \u2013 HEMA-Free \uff06 TPO-Free\",\"url\":\"https:\\\/\\\/chromeclair.com\\\/\",\"logo\":{\"@type\":\"ImageObject\",\"inLanguage\":\"fr-FR\",\"@id\":\"https:\\\/\\\/chromeclair.com\\\/#\\\/schema\\\/logo\\\/image\\\/\",\"url\":\"https:\\\/\\\/chromeclair.com\\\/wp-content\\\/uploads\\\/2025\\\/06\\\/cropped-CHROMECLAIR-Logo-scaled-1.png\",\"contentUrl\":\"https:\\\/\\\/chromeclair.com\\\/wp-content\\\/uploads\\\/2025\\\/06\\\/cropped-CHROMECLAIR-Logo-scaled-1.png\",\"width\":2151,\"height\":429,\"caption\":\"Cat Eye Gel Polish \u2013 HEMA-Free \uff06 TPO-Free\"},\"image\":{\"@id\":\"https:\\\/\\\/chromeclair.com\\\/#\\\/schema\\\/logo\\\/image\\\/\"}}]}<\/script>\n<!-- \/ Yoast SEO plugin. -->","yoast_head_json":{"title":"Set de pinceaux pour le Nail Art 15 PCS Professional &amp; Starter Kits -CHROM\u00c9CLAIR","description":"Pinceaux de Nail Art pour d\u00e9butantes - Kit de d\u00e9marrage facile \u00e0 utiliser Pinceaux de Nail Art professionnels - Outils de pr\u00e9cision de qualit\u00e9 salon Pinceaux de Liner fin et de d\u00e9tail -CHROM\u00c9CLAIR","robots":{"index":"index","follow":"follow","max-snippet":"max-snippet:-1","max-image-preview":"max-image-preview:large","max-video-preview":"max-video-preview:-1"},"canonical":"https:\/\/chromeclair.com\/fr\/produit\/nail-art-brushes-set-15-pcs\/","og_locale":"fr_FR","og_type":"article","og_title":"Nail Art Brushes Set 15 PCS Professional & Starter Kits -CHROM\u00c9CLAIR","og_description":"Nail Art Brushes for Beginners - Easy to Use Starter Kit Professional Nail Art Brushes - Salon Quality Precision Tools Fine Liner & Detail Brushes -CHROM\u00c9CLAIR","og_url":"https:\/\/chromeclair.com\/fr\/produit\/nail-art-brushes-set-15-pcs\/","og_site_name":"Cat Eye Gel Polish \u2013 HEMA-Free \uff06 TPO-Free","article_modified_time":"2026-04-13T05:57:49+00:00","og_image":[{"width":800,"height":800,"url":"https:\/\/chromeclair.com\/wp-content\/uploads\/2025\/11\/3-\u62f7\u8d1d.webp","type":"image\/webp"}],"twitter_card":"summary_large_image","twitter_misc":{"Dur\u00e9e de lecture estim\u00e9e":"2 minutes"},"schema":{"@context":"https:\/\/schema.org","@graph":[{"@type":"WebPage","@id":"https:\/\/chromeclair.com\/product\/nail-art-brushes-set-15-pcs\/","url":"https:\/\/chromeclair.com\/product\/nail-art-brushes-set-15-pcs\/","name":"Set de pinceaux pour le Nail Art 15 PCS Professional &amp; Starter Kits -CHROM\u00c9CLAIR","isPartOf":{"@id":"https:\/\/chromeclair.com\/#website"},"primaryImageOfPage":{"@id":"https:\/\/chromeclair.com\/product\/nail-art-brushes-set-15-pcs\/#primaryimage"},"image":{"@id":"https:\/\/chromeclair.com\/product\/nail-art-brushes-set-15-pcs\/#primaryimage"},"thumbnailUrl":"https:\/\/chromeclair.com\/wp-content\/uploads\/2025\/11\/3-\u62f7\u8d1d.webp","datePublished":"2025-11-06T07:25:48+00:00","dateModified":"2026-04-13T05:57:49+00:00","description":"Pinceaux de Nail Art pour d\u00e9butantes - Kit de d\u00e9marrage facile \u00e0 utiliser Pinceaux de Nail Art professionnels - Outils de pr\u00e9cision de qualit\u00e9 salon Pinceaux de Liner fin et de d\u00e9tail -CHROM\u00c9CLAIR","inLanguage":"fr-FR","potentialAction":[{"@type":"ReadAction","target":["https:\/\/chromeclair.com\/product\/nail-art-brushes-set-15-pcs\/"]}]},{"@type":"ImageObject","inLanguage":"fr-FR","@id":"https:\/\/chromeclair.com\/product\/nail-art-brushes-set-15-pcs\/#primaryimage","url":"https:\/\/chromeclair.com\/wp-content\/uploads\/2025\/11\/3-\u62f7\u8d1d.webp","contentUrl":"https:\/\/chromeclair.com\/wp-content\/uploads\/2025\/11\/3-\u62f7\u8d1d.webp","width":800,"height":800},{"@type":"WebSite","@id":"https:\/\/chromeclair.com\/#website","url":"https:\/\/chromeclair.com\/","name":"Vernis gel Cat Eye \u2013 Sans HEMA ni TPO","description":"Alors que d'autres se concentrent sur l'ajout de couleurs, nous nous concentrons sur l'utilisation d'ingr\u00e9dients plus s\u00fbrs.","publisher":{"@id":"https:\/\/chromeclair.com\/#organization"},"potentialAction":[{"@type":"SearchAction","target":{"@type":"EntryPoint","urlTemplate":"https:\/\/chromeclair.com\/?s={search_term_string}"},"query-input":{"@type":"PropertyValueSpecification","valueRequired":true,"valueName":"search_term_string"}}],"inLanguage":"fr-FR"},{"@type":"Organization","@id":"https:\/\/chromeclair.com\/#organization","name":"Vernis gel Cat Eye \u2013 Sans HEMA ni TPO","url":"https:\/\/chromeclair.com\/","logo":{"@type":"ImageObject","inLanguage":"fr-FR","@id":"https:\/\/chromeclair.com\/#\/schema\/logo\/image\/","url":"https:\/\/chromeclair.com\/wp-content\/uploads\/2025\/06\/cropped-CHROMECLAIR-Logo-scaled-1.png","contentUrl":"https:\/\/chromeclair.com\/wp-content\/uploads\/2025\/06\/cropped-CHROMECLAIR-Logo-scaled-1.png","width":2151,"height":429,"caption":"Cat Eye Gel Polish \u2013 HEMA-Free \uff06 TPO-Free"},"image":{"@id":"https:\/\/chromeclair.com\/#\/schema\/logo\/image\/"}}]}},"_links":{"self":[{"href":"https:\/\/chromeclair.com\/fr\/wp-json\/wp\/v2\/product\/9996","targetHints":{"allow":["GET"]}}],"collection":[{"href":"https:\/\/chromeclair.com\/fr\/wp-json\/wp\/v2\/product"}],"about":[{"href":"https:\/\/chromeclair.com\/fr\/wp-json\/wp\/v2\/types\/product"}],"replies":[{"embeddable":true,"href":"https:\/\/chromeclair.com\/fr\/wp-json\/wp\/v2\/comments?post=9996"}],"wp:featuredmedia":[{"embeddable":true,"href":"https:\/\/chromeclair.com\/fr\/wp-json\/wp\/v2\/media\/9997"}],"wp:attachment":[{"href":"https:\/\/chromeclair.com\/fr\/wp-json\/wp\/v2\/media?parent=9996"}],"wp:term":[{"taxonomy":"product_brand","embeddable":true,"href":"https:\/\/chromeclair.com\/fr\/wp-json\/wp\/v2\/product_brand?post=9996"},{"taxonomy":"product_cat","embeddable":true,"href":"https:\/\/chromeclair.com\/fr\/wp-json\/wp\/v2\/product_cat?post=9996"},{"taxonomy":"product_tag","embeddable":true,"href":"https:\/\/chromeclair.com\/fr\/wp-json\/wp\/v2\/product_tag?post=9996"}],"curies":[{"name":"wp","href":"https:\/\/api.w.org\/{rel}","templated":true}]}}