{"id":12,"date":"2025-06-04T09:07:32","date_gmt":"2025-06-04T09:07:32","guid":{"rendered":"https:\/\/chromeclair.com\/?page_id=12"},"modified":"2025-06-04T09:07:33","modified_gmt":"2025-06-04T09:07:33","slug":"refund_returns","status":"publish","type":"page","link":"https:\/\/chromeclair.com\/it\/refund_returns\/","title":{"rendered":"Politica di rimborso e restituzione"},"content":{"rendered":"<h1 class=\"wp-block-heading\">Politica di restituzione e rimborso<\/h1>\n\n\n\n<h1 class=\"wp-block-heading\"><\/h1>\n\n\n\n<p>Abbiamo una politica di restituzione di 30 giorni, il che significa che avete 30 giorni di tempo dopo aver ricevuto l'articolo per richiedere una restituzione.<br><br>Per poter effettuare un reso, l'articolo deve essere nelle stesse condizioni in cui \u00e8 stato ricevuto, non indossato o non utilizzato, con i cartellini e nella confezione originale. \u00c8 inoltre necessaria la ricevuta o la prova d'acquisto.<br><br>Per avviare un reso, potete contattarci all'indirizzo sales@chromeclair.com. Se il reso viene accettato, vi invieremo le istruzioni su come e dove spedire il pacco. Gli articoli rispediti a noi senza aver prima richiesto un reso non saranno accettati.<br><br>Potete sempre contattarci per qualsiasi domanda di restituzione all'indirizzo sales@chromeclair.com.<\/p>\n\n\n\n<p><strong>Spese di spedizione per la restituzione<\/strong><\/p>\n\n\n\n<p>Le spese di spedizione per la restituzione sono a carico degli acquirenti.<\/p>\n\n\n\n<p><strong>Danni e problemi<\/strong><br>Si prega di ispezionare l'ordine al momento della ricezione e di contattarci immediatamente se l'articolo \u00e8 difettoso, danneggiato o se si riceve l'articolo sbagliato, in modo da poter valutare il problema e porvi rimedio.<\/p>\n\n\n\n<p><strong>Scambi<\/strong><br>Il modo pi\u00f9 rapido per assicurarsi di ottenere ci\u00f2 che si desidera \u00e8 quello di restituire l'articolo in possesso e, una volta accettato il reso, effettuare un acquisto separato per il nuovo articolo.<\/p>\n\n\n\n<p><strong>Rimborsi<\/strong><br>Una volta ricevuto e ispezionato il reso, vi informeremo se il rimborso \u00e8 stato approvato o meno. Se approvato, il rimborso verr\u00e0 effettuato automaticamente con il metodo di pagamento originale. Si ricorda che pu\u00f2 essere necessario un po' di tempo perch\u00e9 la banca o la societ\u00e0 emittente della carta di credito elabori e pubblichi il rimborso.<\/p>","protected":false},"excerpt":{"rendered":"<p>Return &amp; Refund Policy We have a 30-day return policy, which means you have 30 days after receiving your item to request a return. To be eligible for a return, your item must be in the same condition that you received it, unworn or unused, with tags, and in its original packaging. You\u2019ll also need [&hellip;]<\/p>\n","protected":false},"author":1,"featured_media":0,"parent":0,"menu_order":0,"comment_status":"closed","ping_status":"closed","template":"","meta":{"footnotes":""},"class_list":["post-12","page","type-page","status-publish","hentry"],"yoast_head":"<!-- This site is optimized with the Yoast SEO plugin v27.4 - https:\/\/yoast.com\/product\/yoast-seo-wordpress\/ -->\n<title>Refund and Returns Policy - Cat Eye Gel Polish \u2013 HEMA-Free \uff06 TPO-Free<\/title>\n<meta name=\"robots\" content=\"index, follow, max-snippet:-1, max-image-preview:large, max-video-preview:-1\" \/>\n<link rel=\"canonical\" href=\"https:\/\/chromeclair.com\/it\/rimborso_rimborsi-2\/\" \/>\n<meta property=\"og:locale\" content=\"it_IT\" \/>\n<meta property=\"og:type\" content=\"article\" \/>\n<meta property=\"og:title\" content=\"Refund and Returns Policy - Cat Eye Gel Polish \u2013 HEMA-Free \uff06 TPO-Free\" \/>\n<meta property=\"og:description\" content=\"Return &amp; Refund Policy We have a 30-day return policy, which means you have 30 days after receiving your item to request a return. To be eligible for a return, your item must be in the same condition that you received it, unworn or unused, with tags, and in its original packaging. You\u2019ll also need [&hellip;]\" \/>\n<meta property=\"og:url\" content=\"https:\/\/chromeclair.com\/it\/rimborso_rimborsi-2\/\" \/>\n<meta property=\"og:site_name\" content=\"Cat Eye Gel Polish \u2013 HEMA-Free \uff06 TPO-Free\" \/>\n<meta property=\"article:modified_time\" content=\"2025-06-04T09:07:33+00:00\" \/>\n<meta name=\"twitter:card\" content=\"summary_large_image\" \/>\n<meta name=\"twitter:label1\" content=\"Tempo di lettura stimato\" \/>\n\t<meta name=\"twitter:data1\" content=\"2 minuti\" \/>\n<script type=\"application\/ld+json\" class=\"yoast-schema-graph\">{\"@context\":\"https:\\\/\\\/schema.org\",\"@graph\":[{\"@type\":\"WebPage\",\"@id\":\"https:\\\/\\\/chromeclair.com\\\/refund_returns\\\/\",\"url\":\"https:\\\/\\\/chromeclair.com\\\/refund_returns\\\/\",\"name\":\"Refund and Returns Policy - Cat Eye Gel Polish \u2013 HEMA-Free \uff06 TPO-Free\",\"isPartOf\":{\"@id\":\"https:\\\/\\\/chromeclair.com\\\/#website\"},\"datePublished\":\"2025-06-04T09:07:32+00:00\",\"dateModified\":\"2025-06-04T09:07:33+00:00\",\"inLanguage\":\"it-IT\",\"potentialAction\":[{\"@type\":\"ReadAction\",\"target\":[\"https:\\\/\\\/chromeclair.com\\\/refund_returns\\\/\"]}]},{\"@type\":\"WebSite\",\"@id\":\"https:\\\/\\\/chromeclair.com\\\/#website\",\"url\":\"https:\\\/\\\/chromeclair.com\\\/\",\"name\":\"Cat Eye Gel Polish \u2013 HEMA-Free \uff06 TPO-Free\",\"description\":\"While others focus on having more colors, we focus on having safer ingredients.\",\"publisher\":{\"@id\":\"https:\\\/\\\/chromeclair.com\\\/#organization\"},\"potentialAction\":[{\"@type\":\"SearchAction\",\"target\":{\"@type\":\"EntryPoint\",\"urlTemplate\":\"https:\\\/\\\/chromeclair.com\\\/?s={search_term_string}\"},\"query-input\":{\"@type\":\"PropertyValueSpecification\",\"valueRequired\":true,\"valueName\":\"search_term_string\"}}],\"inLanguage\":\"it-IT\"},{\"@type\":\"Organization\",\"@id\":\"https:\\\/\\\/chromeclair.com\\\/#organization\",\"name\":\"Cat Eye Gel Polish \u2013 HEMA-Free \uff06 TPO-Free\",\"url\":\"https:\\\/\\\/chromeclair.com\\\/\",\"logo\":{\"@type\":\"ImageObject\",\"inLanguage\":\"it-IT\",\"@id\":\"https:\\\/\\\/chromeclair.com\\\/#\\\/schema\\\/logo\\\/image\\\/\",\"url\":\"https:\\\/\\\/chromeclair.com\\\/wp-content\\\/uploads\\\/2025\\\/06\\\/cropped-CHROMECLAIR-Logo-scaled-1.png\",\"contentUrl\":\"https:\\\/\\\/chromeclair.com\\\/wp-content\\\/uploads\\\/2025\\\/06\\\/cropped-CHROMECLAIR-Logo-scaled-1.png\",\"width\":2151,\"height\":429,\"caption\":\"Cat Eye Gel Polish \u2013 HEMA-Free \uff06 TPO-Free\"},\"image\":{\"@id\":\"https:\\\/\\\/chromeclair.com\\\/#\\\/schema\\\/logo\\\/image\\\/\"}}]}<\/script>\n<!-- \/ Yoast SEO plugin. -->","yoast_head_json":{"title":"Politica di rimborso e restituzione - Smalto Gel Occhi di Gatto - Senza HEMA \uff06 Senza TPO","robots":{"index":"index","follow":"follow","max-snippet":"max-snippet:-1","max-image-preview":"max-image-preview:large","max-video-preview":"max-video-preview:-1"},"canonical":"https:\/\/chromeclair.com\/it\/rimborso_rimborsi-2\/","og_locale":"it_IT","og_type":"article","og_title":"Refund and Returns Policy - Cat Eye Gel Polish \u2013 HEMA-Free \uff06 TPO-Free","og_description":"Return &amp; Refund Policy We have a 30-day return policy, which means you have 30 days after receiving your item to request a return. To be eligible for a return, your item must be in the same condition that you received it, unworn or unused, with tags, and in its original packaging. You\u2019ll also need [&hellip;]","og_url":"https:\/\/chromeclair.com\/it\/rimborso_rimborsi-2\/","og_site_name":"Cat Eye Gel Polish \u2013 HEMA-Free \uff06 TPO-Free","article_modified_time":"2025-06-04T09:07:33+00:00","twitter_card":"summary_large_image","twitter_misc":{"Tempo di lettura stimato":"2 minuti"},"schema":{"@context":"https:\/\/schema.org","@graph":[{"@type":"WebPage","@id":"https:\/\/chromeclair.com\/refund_returns\/","url":"https:\/\/chromeclair.com\/refund_returns\/","name":"Politica di rimborso e restituzione - Smalto Gel Occhi di Gatto - Senza HEMA \uff06 Senza TPO","isPartOf":{"@id":"https:\/\/chromeclair.com\/#website"},"datePublished":"2025-06-04T09:07:32+00:00","dateModified":"2025-06-04T09:07:33+00:00","inLanguage":"it-IT","potentialAction":[{"@type":"ReadAction","target":["https:\/\/chromeclair.com\/refund_returns\/"]}]},{"@type":"WebSite","@id":"https:\/\/chromeclair.com\/#website","url":"https:\/\/chromeclair.com\/","name":"Smalto gel Cat Eye \u2013 Senza HEMA e senza TPO","description":"Mentre altri puntano su una maggiore variet\u00e0 di colori, noi puntiamo su ingredienti pi\u00f9 sicuri.","publisher":{"@id":"https:\/\/chromeclair.com\/#organization"},"potentialAction":[{"@type":"SearchAction","target":{"@type":"EntryPoint","urlTemplate":"https:\/\/chromeclair.com\/?s={search_term_string}"},"query-input":{"@type":"PropertyValueSpecification","valueRequired":true,"valueName":"search_term_string"}}],"inLanguage":"it-IT"},{"@type":"Organization","@id":"https:\/\/chromeclair.com\/#organization","name":"Smalto gel Cat Eye \u2013 Senza HEMA e senza TPO","url":"https:\/\/chromeclair.com\/","logo":{"@type":"ImageObject","inLanguage":"it-IT","@id":"https:\/\/chromeclair.com\/#\/schema\/logo\/image\/","url":"https:\/\/chromeclair.com\/wp-content\/uploads\/2025\/06\/cropped-CHROMECLAIR-Logo-scaled-1.png","contentUrl":"https:\/\/chromeclair.com\/wp-content\/uploads\/2025\/06\/cropped-CHROMECLAIR-Logo-scaled-1.png","width":2151,"height":429,"caption":"Cat Eye Gel Polish \u2013 HEMA-Free \uff06 TPO-Free"},"image":{"@id":"https:\/\/chromeclair.com\/#\/schema\/logo\/image\/"}}]}},"_links":{"self":[{"href":"https:\/\/chromeclair.com\/it\/wp-json\/wp\/v2\/pages\/12","targetHints":{"allow":["GET"]}}],"collection":[{"href":"https:\/\/chromeclair.com\/it\/wp-json\/wp\/v2\/pages"}],"about":[{"href":"https:\/\/chromeclair.com\/it\/wp-json\/wp\/v2\/types\/page"}],"author":[{"embeddable":true,"href":"https:\/\/chromeclair.com\/it\/wp-json\/wp\/v2\/users\/1"}],"replies":[{"embeddable":true,"href":"https:\/\/chromeclair.com\/it\/wp-json\/wp\/v2\/comments?post=12"}],"version-history":[{"count":1,"href":"https:\/\/chromeclair.com\/it\/wp-json\/wp\/v2\/pages\/12\/revisions"}],"predecessor-version":[{"id":7088,"href":"https:\/\/chromeclair.com\/it\/wp-json\/wp\/v2\/pages\/12\/revisions\/7088"}],"wp:attachment":[{"href":"https:\/\/chromeclair.com\/it\/wp-json\/wp\/v2\/media?parent=12"}],"curies":[{"name":"wp","href":"https:\/\/api.w.org\/{rel}","templated":true}]}}