{"id":10055,"date":"2025-11-06T09:36:36","date_gmt":"2025-11-06T09:36:36","guid":{"rendered":"https:\/\/chromeclair.com\/?post_type=product&#038;p=10055"},"modified":"2026-04-13T05:56:14","modified_gmt":"2026-04-13T05:56:14","slug":"cute-cat-paw-nail-art-magnet","status":"publish","type":"product","link":"https:\/\/chromeclair.com\/it\/product\/cute-cat-paw-nail-art-magnet\/","title":{"rendered":"Magnete per unghie con zampa di gatto"},"content":{"rendered":"<p><strong>I gatti invadono i vostri polpastrelli! <\/strong><\/p>\n\n\n\n<p>I nostri adorabili magneti per unghie a forma di zampa di gatto vi permettono di creare facilmente motivi a forma di zampa con lo smalto magnetico. <\/p>\n\n\n\n<p>Un must per ogni amante dei gatti e per le appassionate di nail art, che aggiunge un tocco di simpatia ad ogni gesto!<\/p>","protected":false},"excerpt":{"rendered":"<p>I gatti invadono le vostre dita! I nostri adorabili magneti per unghie a forma di zampa di gatto vi permettono di creare facilmente motivi a forma di zampa con lo smalto magnetico. Un must per ogni amante dei gatti e per le appassionate di nail art, per aggiungere un tocco di simpatia a ogni gesto!<\/p>","protected":false},"featured_media":10056,"comment_status":"open","ping_status":"closed","template":"","meta":[],"product_brand":[162],"product_cat":[182],"product_tag":[],"class_list":{"0":"post-10055","1":"product","2":"type-product","3":"status-publish","4":"has-post-thumbnail","6":"product_brand-chromeclair","7":"product_cat-tools-accessories","9":"first","10":"instock","11":"shipping-taxable","12":"purchasable","13":"product-type-simple"},"yoast_head":"<!-- This site is optimized with the Yoast SEO plugin v27.4 - https:\/\/yoast.com\/product\/yoast-seo-wordpress\/ -->\n<title>Cute Cat Paw Nail Art Magnet Gift for Nail Art Lovers Cat Nail Design Tool - CHROM\u00c9CLAIR<\/title>\n<meta name=\"description\" content=\"No drawing skills required, yet you can have exquisite cat paw nail art! Simply use this cat paw magnet with magnetic nail polish to create a 3D paw pattern. Super easy to use, incredibly cute effect\u2014unlock your own adorable nail art now! - CHROM\u00c9CLAIR\" \/>\n<meta name=\"robots\" content=\"index, follow, max-snippet:-1, max-image-preview:large, max-video-preview:-1\" \/>\n<link rel=\"canonical\" href=\"https:\/\/chromeclair.com\/it\/prodotto\/cute-cat-paw-nail-art-magnet\/\" \/>\n<meta property=\"og:locale\" content=\"it_IT\" \/>\n<meta property=\"og:type\" content=\"article\" \/>\n<meta property=\"og:title\" content=\"Cute Cat Paw Nail Art Magnet Gift for Nail Art Lovers Cat Nail Design Tool - CHROM\u00c9CLAIR\" \/>\n<meta property=\"og:description\" content=\"No drawing skills required, yet you can have exquisite cat paw nail art! Simply use this cat paw magnet with magnetic nail polish to create a 3D paw pattern. Super easy to use, incredibly cute effect\u2014unlock your own adorable nail art now! - CHROM\u00c9CLAIR\" \/>\n<meta property=\"og:url\" content=\"https:\/\/chromeclair.com\/it\/prodotto\/cute-cat-paw-nail-art-magnet\/\" \/>\n<meta property=\"og:site_name\" content=\"Cat Eye Gel Polish \u2013 HEMA-Free \uff06 TPO-Free\" \/>\n<meta property=\"article:modified_time\" content=\"2026-04-13T05:56:14+00:00\" \/>\n<meta property=\"og:image\" content=\"https:\/\/chromeclair.com\/wp-content\/uploads\/2025\/11\/cat-claw-magnet.webp\" \/>\n\t<meta property=\"og:image:width\" content=\"1500\" \/>\n\t<meta property=\"og:image:height\" content=\"1500\" \/>\n\t<meta property=\"og:image:type\" content=\"image\/webp\" \/>\n<meta name=\"twitter:card\" content=\"summary_large_image\" \/>\n<meta name=\"twitter:label1\" content=\"Tempo di lettura stimato\" \/>\n\t<meta name=\"twitter:data1\" content=\"1 minuto\" \/>\n<script type=\"application\/ld+json\" class=\"yoast-schema-graph\">{\"@context\":\"https:\\\/\\\/schema.org\",\"@graph\":[{\"@type\":\"WebPage\",\"@id\":\"https:\\\/\\\/chromeclair.com\\\/product\\\/cute-cat-paw-nail-art-magnet\\\/\",\"url\":\"https:\\\/\\\/chromeclair.com\\\/product\\\/cute-cat-paw-nail-art-magnet\\\/\",\"name\":\"Cute Cat Paw Nail Art Magnet Gift for Nail Art Lovers Cat Nail Design Tool - CHROM\u00c9CLAIR\",\"isPartOf\":{\"@id\":\"https:\\\/\\\/chromeclair.com\\\/#website\"},\"primaryImageOfPage\":{\"@id\":\"https:\\\/\\\/chromeclair.com\\\/product\\\/cute-cat-paw-nail-art-magnet\\\/#primaryimage\"},\"image\":{\"@id\":\"https:\\\/\\\/chromeclair.com\\\/product\\\/cute-cat-paw-nail-art-magnet\\\/#primaryimage\"},\"thumbnailUrl\":\"https:\\\/\\\/chromeclair.com\\\/wp-content\\\/uploads\\\/2025\\\/11\\\/cat-claw-magnet.webp\",\"datePublished\":\"2025-11-06T09:36:36+00:00\",\"dateModified\":\"2026-04-13T05:56:14+00:00\",\"description\":\"No drawing skills required, yet you can have exquisite cat paw nail art! Simply use this cat paw magnet with magnetic nail polish to create a 3D paw pattern. Super easy to use, incredibly cute effect\u2014unlock your own adorable nail art now! - CHROM\u00c9CLAIR\",\"inLanguage\":\"it-IT\",\"potentialAction\":[{\"@type\":\"ReadAction\",\"target\":[\"https:\\\/\\\/chromeclair.com\\\/product\\\/cute-cat-paw-nail-art-magnet\\\/\"]}]},{\"@type\":\"ImageObject\",\"inLanguage\":\"it-IT\",\"@id\":\"https:\\\/\\\/chromeclair.com\\\/product\\\/cute-cat-paw-nail-art-magnet\\\/#primaryimage\",\"url\":\"https:\\\/\\\/chromeclair.com\\\/wp-content\\\/uploads\\\/2025\\\/11\\\/cat-claw-magnet.webp\",\"contentUrl\":\"https:\\\/\\\/chromeclair.com\\\/wp-content\\\/uploads\\\/2025\\\/11\\\/cat-claw-magnet.webp\",\"width\":1500,\"height\":1500,\"caption\":\"Cute Cat Paw Nail Art Magnet - CHROM\u00c9CLAIR\"},{\"@type\":\"WebSite\",\"@id\":\"https:\\\/\\\/chromeclair.com\\\/#website\",\"url\":\"https:\\\/\\\/chromeclair.com\\\/\",\"name\":\"Cat Eye Gel Polish \u2013 HEMA-Free \uff06 TPO-Free\",\"description\":\"While others focus on having more colors, we focus on having safer ingredients.\",\"publisher\":{\"@id\":\"https:\\\/\\\/chromeclair.com\\\/#organization\"},\"potentialAction\":[{\"@type\":\"SearchAction\",\"target\":{\"@type\":\"EntryPoint\",\"urlTemplate\":\"https:\\\/\\\/chromeclair.com\\\/?s={search_term_string}\"},\"query-input\":{\"@type\":\"PropertyValueSpecification\",\"valueRequired\":true,\"valueName\":\"search_term_string\"}}],\"inLanguage\":\"it-IT\"},{\"@type\":\"Organization\",\"@id\":\"https:\\\/\\\/chromeclair.com\\\/#organization\",\"name\":\"Cat Eye Gel Polish \u2013 HEMA-Free \uff06 TPO-Free\",\"url\":\"https:\\\/\\\/chromeclair.com\\\/\",\"logo\":{\"@type\":\"ImageObject\",\"inLanguage\":\"it-IT\",\"@id\":\"https:\\\/\\\/chromeclair.com\\\/#\\\/schema\\\/logo\\\/image\\\/\",\"url\":\"https:\\\/\\\/chromeclair.com\\\/wp-content\\\/uploads\\\/2025\\\/06\\\/cropped-CHROMECLAIR-Logo-scaled-1.png\",\"contentUrl\":\"https:\\\/\\\/chromeclair.com\\\/wp-content\\\/uploads\\\/2025\\\/06\\\/cropped-CHROMECLAIR-Logo-scaled-1.png\",\"width\":2151,\"height\":429,\"caption\":\"Cat Eye Gel Polish \u2013 HEMA-Free \uff06 TPO-Free\"},\"image\":{\"@id\":\"https:\\\/\\\/chromeclair.com\\\/#\\\/schema\\\/logo\\\/image\\\/\"}}]}<\/script>\n<!-- \/ Yoast SEO plugin. -->","yoast_head_json":{"title":"Magnete per unghie con zampa di gatto per le appassionate di nail art. Strumento per la creazione di unghie di gatto - CHROM\u00c9CLAIR","description":"Non \u00e8 necessario saper disegnare, ma \u00e8 possibile ottenere una squisita nail art a forma di zampa di gatto! Basta usare questo magnete a forma di zampa di gatto con lo smalto magnetico per creare un motivo a zampa in 3D. Facilissimo da usare, con un effetto incredibilmente carino: sbloccate subito la vostra adorabile nail art! - CHROM\u00c9CLAIR","robots":{"index":"index","follow":"follow","max-snippet":"max-snippet:-1","max-image-preview":"max-image-preview:large","max-video-preview":"max-video-preview:-1"},"canonical":"https:\/\/chromeclair.com\/it\/prodotto\/cute-cat-paw-nail-art-magnet\/","og_locale":"it_IT","og_type":"article","og_title":"Cute Cat Paw Nail Art Magnet Gift for Nail Art Lovers Cat Nail Design Tool - CHROM\u00c9CLAIR","og_description":"No drawing skills required, yet you can have exquisite cat paw nail art! Simply use this cat paw magnet with magnetic nail polish to create a 3D paw pattern. Super easy to use, incredibly cute effect\u2014unlock your own adorable nail art now! - CHROM\u00c9CLAIR","og_url":"https:\/\/chromeclair.com\/it\/prodotto\/cute-cat-paw-nail-art-magnet\/","og_site_name":"Cat Eye Gel Polish \u2013 HEMA-Free \uff06 TPO-Free","article_modified_time":"2026-04-13T05:56:14+00:00","og_image":[{"width":1500,"height":1500,"url":"https:\/\/chromeclair.com\/wp-content\/uploads\/2025\/11\/cat-claw-magnet.webp","type":"image\/webp"}],"twitter_card":"summary_large_image","twitter_misc":{"Tempo di lettura stimato":"1 minuto"},"schema":{"@context":"https:\/\/schema.org","@graph":[{"@type":"WebPage","@id":"https:\/\/chromeclair.com\/product\/cute-cat-paw-nail-art-magnet\/","url":"https:\/\/chromeclair.com\/product\/cute-cat-paw-nail-art-magnet\/","name":"Magnete per unghie con zampa di gatto per le appassionate di nail art. Strumento per la creazione di unghie di gatto - CHROM\u00c9CLAIR","isPartOf":{"@id":"https:\/\/chromeclair.com\/#website"},"primaryImageOfPage":{"@id":"https:\/\/chromeclair.com\/product\/cute-cat-paw-nail-art-magnet\/#primaryimage"},"image":{"@id":"https:\/\/chromeclair.com\/product\/cute-cat-paw-nail-art-magnet\/#primaryimage"},"thumbnailUrl":"https:\/\/chromeclair.com\/wp-content\/uploads\/2025\/11\/cat-claw-magnet.webp","datePublished":"2025-11-06T09:36:36+00:00","dateModified":"2026-04-13T05:56:14+00:00","description":"Non \u00e8 necessario saper disegnare, ma \u00e8 possibile ottenere una squisita nail art a forma di zampa di gatto! Basta usare questo magnete a forma di zampa di gatto con lo smalto magnetico per creare un motivo a zampa in 3D. Facilissimo da usare, con un effetto incredibilmente carino: sbloccate subito la vostra adorabile nail art! - CHROM\u00c9CLAIR","inLanguage":"it-IT","potentialAction":[{"@type":"ReadAction","target":["https:\/\/chromeclair.com\/product\/cute-cat-paw-nail-art-magnet\/"]}]},{"@type":"ImageObject","inLanguage":"it-IT","@id":"https:\/\/chromeclair.com\/product\/cute-cat-paw-nail-art-magnet\/#primaryimage","url":"https:\/\/chromeclair.com\/wp-content\/uploads\/2025\/11\/cat-claw-magnet.webp","contentUrl":"https:\/\/chromeclair.com\/wp-content\/uploads\/2025\/11\/cat-claw-magnet.webp","width":1500,"height":1500,"caption":"Cute Cat Paw Nail Art Magnet - CHROM\u00c9CLAIR"},{"@type":"WebSite","@id":"https:\/\/chromeclair.com\/#website","url":"https:\/\/chromeclair.com\/","name":"Smalto gel Cat Eye \u2013 Senza HEMA e senza TPO","description":"Mentre altri puntano su una maggiore variet\u00e0 di colori, noi puntiamo su ingredienti pi\u00f9 sicuri.","publisher":{"@id":"https:\/\/chromeclair.com\/#organization"},"potentialAction":[{"@type":"SearchAction","target":{"@type":"EntryPoint","urlTemplate":"https:\/\/chromeclair.com\/?s={search_term_string}"},"query-input":{"@type":"PropertyValueSpecification","valueRequired":true,"valueName":"search_term_string"}}],"inLanguage":"it-IT"},{"@type":"Organization","@id":"https:\/\/chromeclair.com\/#organization","name":"Smalto gel Cat Eye \u2013 Senza HEMA e senza TPO","url":"https:\/\/chromeclair.com\/","logo":{"@type":"ImageObject","inLanguage":"it-IT","@id":"https:\/\/chromeclair.com\/#\/schema\/logo\/image\/","url":"https:\/\/chromeclair.com\/wp-content\/uploads\/2025\/06\/cropped-CHROMECLAIR-Logo-scaled-1.png","contentUrl":"https:\/\/chromeclair.com\/wp-content\/uploads\/2025\/06\/cropped-CHROMECLAIR-Logo-scaled-1.png","width":2151,"height":429,"caption":"Cat Eye Gel Polish \u2013 HEMA-Free \uff06 TPO-Free"},"image":{"@id":"https:\/\/chromeclair.com\/#\/schema\/logo\/image\/"}}]}},"_links":{"self":[{"href":"https:\/\/chromeclair.com\/it\/wp-json\/wp\/v2\/product\/10055","targetHints":{"allow":["GET"]}}],"collection":[{"href":"https:\/\/chromeclair.com\/it\/wp-json\/wp\/v2\/product"}],"about":[{"href":"https:\/\/chromeclair.com\/it\/wp-json\/wp\/v2\/types\/product"}],"replies":[{"embeddable":true,"href":"https:\/\/chromeclair.com\/it\/wp-json\/wp\/v2\/comments?post=10055"}],"wp:featuredmedia":[{"embeddable":true,"href":"https:\/\/chromeclair.com\/it\/wp-json\/wp\/v2\/media\/10056"}],"wp:attachment":[{"href":"https:\/\/chromeclair.com\/it\/wp-json\/wp\/v2\/media?parent=10055"}],"wp:term":[{"taxonomy":"product_brand","embeddable":true,"href":"https:\/\/chromeclair.com\/it\/wp-json\/wp\/v2\/product_brand?post=10055"},{"taxonomy":"product_cat","embeddable":true,"href":"https:\/\/chromeclair.com\/it\/wp-json\/wp\/v2\/product_cat?post=10055"},{"taxonomy":"product_tag","embeddable":true,"href":"https:\/\/chromeclair.com\/it\/wp-json\/wp\/v2\/product_tag?post=10055"}],"curies":[{"name":"wp","href":"https:\/\/api.w.org\/{rel}","templated":true}]}}