{"id":10066,"date":"2025-11-07T02:13:06","date_gmt":"2025-11-07T02:13:06","guid":{"rendered":"https:\/\/chromeclair.com\/?post_type=product&#038;p=10066"},"modified":"2026-04-13T05:55:39","modified_gmt":"2026-04-13T05:55:39","slug":"handheld-uv-nail-lamp","status":"publish","type":"product","link":"https:\/\/chromeclair.com\/it\/product\/handheld-uv-nail-lamp\/","title":{"rendered":"Lampada UV portatile per unghie"},"content":{"rendered":"<p><br><strong>Godetevi la nail art quando e dove volete!<\/strong><\/p>\n\n\n\n<p>La lampada UV portatile per unghie CHROM\u00c9CLAIR \u00e8 compatta, portatile e ricaricabile. <\/p>\n\n\n\n<p>Se <strong>Utilizzato a casa o in viaggio, polimerizza rapidamente lo smalto gel.<\/strong>La nail art non \u00e8 pi\u00f9 limitata dal luogo in cui si trova.<\/p>\n\n\n\n<p>Adatto per <strong>onicotecnica professionale e servizi di progettazione a domicilio<\/strong>. <\/p>\n\n\n\n<p>La nostra lampada per unghie professionale portatile vanta una potente efficienza di polimerizzazione e un'illuminazione uniforme, che la rendono particolarmente adatta per i ritocchi, le operazioni con un solo dito o per offrire alle clienti un'esperienza pi\u00f9 confortevole.<\/p>\n\n\n\n<p><\/p>","protected":false},"excerpt":{"rendered":"<p>Enjoy nail art anytime, anywhere! The CHROM\u00c9CLAIR handheld UV nail lamp is compact, portable, and rechargeable. Whether used at home or traveling, it quickly cures your gel nail polish, making nail art no longer limited by location. Suitable for professional nail technicians and in-home design services. Our handheld professional nail lamp boasts powerful curing efficiency [&hellip;]<\/p>\n","protected":false},"featured_media":10067,"comment_status":"open","ping_status":"closed","template":"","meta":[],"product_brand":[162],"product_cat":[182],"product_tag":[],"class_list":{"0":"post-10066","1":"product","2":"type-product","3":"status-publish","4":"has-post-thumbnail","6":"product_brand-chromeclair","7":"product_cat-tools-accessories","9":"first","10":"instock","11":"shipping-taxable","12":"purchasable","13":"product-type-simple"},"yoast_head":"<!-- This site is optimized with the Yoast SEO plugin v27.4 - https:\/\/yoast.com\/product\/yoast-seo-wordpress\/ -->\n<title>Handheld UV Nail Lamp Mini Nail Dryer DIY Gel Nail Kit with Lamp -CHROM\u00c9CLAIR<\/title>\n<meta name=\"description\" content=\"Enjoy nail art anytime, anywhere! The CHROM\u00c9CLAIR handheld UV nail lamp is compact, portable, and rechargeable. Whether used at home or traveling, it quickly cures your gel nail polish, making nail art no longer limited by location.\" \/>\n<meta name=\"robots\" content=\"index, follow, max-snippet:-1, max-image-preview:large, max-video-preview:-1\" \/>\n<link rel=\"canonical\" href=\"https:\/\/chromeclair.com\/it\/prodotto\/handheld-uv-nail-lamp\/\" \/>\n<meta property=\"og:locale\" content=\"it_IT\" \/>\n<meta property=\"og:type\" content=\"article\" \/>\n<meta property=\"og:title\" content=\"Handheld UV Nail Lamp Mini Nail Dryer DIY Gel Nail Kit with Lamp -CHROM\u00c9CLAIR\" \/>\n<meta property=\"og:description\" content=\"Enjoy nail art anytime, anywhere! The CHROM\u00c9CLAIR handheld UV nail lamp is compact, portable, and rechargeable. Whether used at home or traveling, it quickly cures your gel nail polish, making nail art no longer limited by location.\" \/>\n<meta property=\"og:url\" content=\"https:\/\/chromeclair.com\/it\/prodotto\/handheld-uv-nail-lamp\/\" \/>\n<meta property=\"og:site_name\" content=\"Cat Eye Gel Polish \u2013 HEMA-Free \uff06 TPO-Free\" \/>\n<meta property=\"article:modified_time\" content=\"2026-04-13T05:55:39+00:00\" \/>\n<meta property=\"og:image\" content=\"https:\/\/chromeclair.com\/wp-content\/uploads\/2025\/11\/2-10.webp\" \/>\n\t<meta property=\"og:image:width\" content=\"800\" \/>\n\t<meta property=\"og:image:height\" content=\"800\" \/>\n\t<meta property=\"og:image:type\" content=\"image\/webp\" \/>\n<meta name=\"twitter:card\" content=\"summary_large_image\" \/>\n<meta name=\"twitter:label1\" content=\"Tempo di lettura stimato\" \/>\n\t<meta name=\"twitter:data1\" content=\"1 minuto\" \/>\n<script type=\"application\/ld+json\" class=\"yoast-schema-graph\">{\"@context\":\"https:\\\/\\\/schema.org\",\"@graph\":[{\"@type\":\"WebPage\",\"@id\":\"https:\\\/\\\/chromeclair.com\\\/product\\\/handheld-uv-nail-lamp\\\/\",\"url\":\"https:\\\/\\\/chromeclair.com\\\/product\\\/handheld-uv-nail-lamp\\\/\",\"name\":\"Handheld UV Nail Lamp Mini Nail Dryer DIY Gel Nail Kit with Lamp -CHROM\u00c9CLAIR\",\"isPartOf\":{\"@id\":\"https:\\\/\\\/chromeclair.com\\\/#website\"},\"primaryImageOfPage\":{\"@id\":\"https:\\\/\\\/chromeclair.com\\\/product\\\/handheld-uv-nail-lamp\\\/#primaryimage\"},\"image\":{\"@id\":\"https:\\\/\\\/chromeclair.com\\\/product\\\/handheld-uv-nail-lamp\\\/#primaryimage\"},\"thumbnailUrl\":\"https:\\\/\\\/chromeclair.com\\\/wp-content\\\/uploads\\\/2025\\\/11\\\/2-10.webp\",\"datePublished\":\"2025-11-07T02:13:06+00:00\",\"dateModified\":\"2026-04-13T05:55:39+00:00\",\"description\":\"Enjoy nail art anytime, anywhere! The CHROM\u00c9CLAIR handheld UV nail lamp is compact, portable, and rechargeable. Whether used at home or traveling, it quickly cures your gel nail polish, making nail art no longer limited by location.\",\"inLanguage\":\"it-IT\",\"potentialAction\":[{\"@type\":\"ReadAction\",\"target\":[\"https:\\\/\\\/chromeclair.com\\\/product\\\/handheld-uv-nail-lamp\\\/\"]}]},{\"@type\":\"ImageObject\",\"inLanguage\":\"it-IT\",\"@id\":\"https:\\\/\\\/chromeclair.com\\\/product\\\/handheld-uv-nail-lamp\\\/#primaryimage\",\"url\":\"https:\\\/\\\/chromeclair.com\\\/wp-content\\\/uploads\\\/2025\\\/11\\\/2-10.webp\",\"contentUrl\":\"https:\\\/\\\/chromeclair.com\\\/wp-content\\\/uploads\\\/2025\\\/11\\\/2-10.webp\",\"width\":800,\"height\":800},{\"@type\":\"WebSite\",\"@id\":\"https:\\\/\\\/chromeclair.com\\\/#website\",\"url\":\"https:\\\/\\\/chromeclair.com\\\/\",\"name\":\"Cat Eye Gel Polish \u2013 HEMA-Free \uff06 TPO-Free\",\"description\":\"While others focus on having more colors, we focus on having safer ingredients.\",\"publisher\":{\"@id\":\"https:\\\/\\\/chromeclair.com\\\/#organization\"},\"potentialAction\":[{\"@type\":\"SearchAction\",\"target\":{\"@type\":\"EntryPoint\",\"urlTemplate\":\"https:\\\/\\\/chromeclair.com\\\/?s={search_term_string}\"},\"query-input\":{\"@type\":\"PropertyValueSpecification\",\"valueRequired\":true,\"valueName\":\"search_term_string\"}}],\"inLanguage\":\"it-IT\"},{\"@type\":\"Organization\",\"@id\":\"https:\\\/\\\/chromeclair.com\\\/#organization\",\"name\":\"Cat Eye Gel Polish \u2013 HEMA-Free \uff06 TPO-Free\",\"url\":\"https:\\\/\\\/chromeclair.com\\\/\",\"logo\":{\"@type\":\"ImageObject\",\"inLanguage\":\"it-IT\",\"@id\":\"https:\\\/\\\/chromeclair.com\\\/#\\\/schema\\\/logo\\\/image\\\/\",\"url\":\"https:\\\/\\\/chromeclair.com\\\/wp-content\\\/uploads\\\/2025\\\/06\\\/cropped-CHROMECLAIR-Logo-scaled-1.png\",\"contentUrl\":\"https:\\\/\\\/chromeclair.com\\\/wp-content\\\/uploads\\\/2025\\\/06\\\/cropped-CHROMECLAIR-Logo-scaled-1.png\",\"width\":2151,\"height\":429,\"caption\":\"Cat Eye Gel Polish \u2013 HEMA-Free \uff06 TPO-Free\"},\"image\":{\"@id\":\"https:\\\/\\\/chromeclair.com\\\/#\\\/schema\\\/logo\\\/image\\\/\"}}]}<\/script>\n<!-- \/ Yoast SEO plugin. -->","yoast_head_json":{"title":"Lampada UV portatile per unghie Mini Nail Dryer DIY Gel Nail Kit con lampada -CHROM\u00c9CLAIR","description":"Godetevi la nail art quando e dove volete! La lampada UV portatile per unghie CHROM\u00c9CLAIR \u00e8 compatta, portatile e ricaricabile. Utilizzata a casa o in viaggio, polimerizza rapidamente lo smalto gel, rendendo la nail art non pi\u00f9 limitata dal luogo.","robots":{"index":"index","follow":"follow","max-snippet":"max-snippet:-1","max-image-preview":"max-image-preview:large","max-video-preview":"max-video-preview:-1"},"canonical":"https:\/\/chromeclair.com\/it\/prodotto\/handheld-uv-nail-lamp\/","og_locale":"it_IT","og_type":"article","og_title":"Handheld UV Nail Lamp Mini Nail Dryer DIY Gel Nail Kit with Lamp -CHROM\u00c9CLAIR","og_description":"Enjoy nail art anytime, anywhere! The CHROM\u00c9CLAIR handheld UV nail lamp is compact, portable, and rechargeable. Whether used at home or traveling, it quickly cures your gel nail polish, making nail art no longer limited by location.","og_url":"https:\/\/chromeclair.com\/it\/prodotto\/handheld-uv-nail-lamp\/","og_site_name":"Cat Eye Gel Polish \u2013 HEMA-Free \uff06 TPO-Free","article_modified_time":"2026-04-13T05:55:39+00:00","og_image":[{"width":800,"height":800,"url":"https:\/\/chromeclair.com\/wp-content\/uploads\/2025\/11\/2-10.webp","type":"image\/webp"}],"twitter_card":"summary_large_image","twitter_misc":{"Tempo di lettura stimato":"1 minuto"},"schema":{"@context":"https:\/\/schema.org","@graph":[{"@type":"WebPage","@id":"https:\/\/chromeclair.com\/product\/handheld-uv-nail-lamp\/","url":"https:\/\/chromeclair.com\/product\/handheld-uv-nail-lamp\/","name":"Lampada UV portatile per unghie Mini Nail Dryer DIY Gel Nail Kit con lampada -CHROM\u00c9CLAIR","isPartOf":{"@id":"https:\/\/chromeclair.com\/#website"},"primaryImageOfPage":{"@id":"https:\/\/chromeclair.com\/product\/handheld-uv-nail-lamp\/#primaryimage"},"image":{"@id":"https:\/\/chromeclair.com\/product\/handheld-uv-nail-lamp\/#primaryimage"},"thumbnailUrl":"https:\/\/chromeclair.com\/wp-content\/uploads\/2025\/11\/2-10.webp","datePublished":"2025-11-07T02:13:06+00:00","dateModified":"2026-04-13T05:55:39+00:00","description":"Godetevi la nail art quando e dove volete! La lampada UV portatile per unghie CHROM\u00c9CLAIR \u00e8 compatta, portatile e ricaricabile. Utilizzata a casa o in viaggio, polimerizza rapidamente lo smalto gel, rendendo la nail art non pi\u00f9 limitata dal luogo.","inLanguage":"it-IT","potentialAction":[{"@type":"ReadAction","target":["https:\/\/chromeclair.com\/product\/handheld-uv-nail-lamp\/"]}]},{"@type":"ImageObject","inLanguage":"it-IT","@id":"https:\/\/chromeclair.com\/product\/handheld-uv-nail-lamp\/#primaryimage","url":"https:\/\/chromeclair.com\/wp-content\/uploads\/2025\/11\/2-10.webp","contentUrl":"https:\/\/chromeclair.com\/wp-content\/uploads\/2025\/11\/2-10.webp","width":800,"height":800},{"@type":"WebSite","@id":"https:\/\/chromeclair.com\/#website","url":"https:\/\/chromeclair.com\/","name":"Smalto gel Cat Eye \u2013 Senza HEMA e senza TPO","description":"Mentre altri puntano su una maggiore variet\u00e0 di colori, noi puntiamo su ingredienti pi\u00f9 sicuri.","publisher":{"@id":"https:\/\/chromeclair.com\/#organization"},"potentialAction":[{"@type":"SearchAction","target":{"@type":"EntryPoint","urlTemplate":"https:\/\/chromeclair.com\/?s={search_term_string}"},"query-input":{"@type":"PropertyValueSpecification","valueRequired":true,"valueName":"search_term_string"}}],"inLanguage":"it-IT"},{"@type":"Organization","@id":"https:\/\/chromeclair.com\/#organization","name":"Smalto gel Cat Eye \u2013 Senza HEMA e senza TPO","url":"https:\/\/chromeclair.com\/","logo":{"@type":"ImageObject","inLanguage":"it-IT","@id":"https:\/\/chromeclair.com\/#\/schema\/logo\/image\/","url":"https:\/\/chromeclair.com\/wp-content\/uploads\/2025\/06\/cropped-CHROMECLAIR-Logo-scaled-1.png","contentUrl":"https:\/\/chromeclair.com\/wp-content\/uploads\/2025\/06\/cropped-CHROMECLAIR-Logo-scaled-1.png","width":2151,"height":429,"caption":"Cat Eye Gel Polish \u2013 HEMA-Free \uff06 TPO-Free"},"image":{"@id":"https:\/\/chromeclair.com\/#\/schema\/logo\/image\/"}}]}},"_links":{"self":[{"href":"https:\/\/chromeclair.com\/it\/wp-json\/wp\/v2\/product\/10066","targetHints":{"allow":["GET"]}}],"collection":[{"href":"https:\/\/chromeclair.com\/it\/wp-json\/wp\/v2\/product"}],"about":[{"href":"https:\/\/chromeclair.com\/it\/wp-json\/wp\/v2\/types\/product"}],"replies":[{"embeddable":true,"href":"https:\/\/chromeclair.com\/it\/wp-json\/wp\/v2\/comments?post=10066"}],"wp:featuredmedia":[{"embeddable":true,"href":"https:\/\/chromeclair.com\/it\/wp-json\/wp\/v2\/media\/10067"}],"wp:attachment":[{"href":"https:\/\/chromeclair.com\/it\/wp-json\/wp\/v2\/media?parent=10066"}],"wp:term":[{"taxonomy":"product_brand","embeddable":true,"href":"https:\/\/chromeclair.com\/it\/wp-json\/wp\/v2\/product_brand?post=10066"},{"taxonomy":"product_cat","embeddable":true,"href":"https:\/\/chromeclair.com\/it\/wp-json\/wp\/v2\/product_cat?post=10066"},{"taxonomy":"product_tag","embeddable":true,"href":"https:\/\/chromeclair.com\/it\/wp-json\/wp\/v2\/product_tag?post=10066"}],"curies":[{"name":"wp","href":"https:\/\/api.w.org\/{rel}","templated":true}]}}