{"id":10148,"date":"2025-11-12T03:00:17","date_gmt":"2025-11-12T03:00:17","guid":{"rendered":"https:\/\/chromeclair.com\/?post_type=product&#038;p=10148"},"modified":"2026-04-13T05:51:39","modified_gmt":"2026-04-13T05:51:39","slug":"hematpo-free-solid-color-sr-09-17ml","status":"publish","type":"product","link":"https:\/\/chromeclair.com\/it\/prodotto\/hematpo-free-solid-color-sr-09-17ml\/","title":{"rendered":"COLORE SOLIDO HEMA&amp;TPO FREE SR-09 17ML"},"content":{"rendered":"<p>Freschezza acquatica alla menta, grazie a una formula per la quale la pelle vi ringrazier\u00e0.<\/p>\n\n\n\n<p>I gel pastello sembrano delicati, ma le loro formule raramente lo sono. Per ottenere una saturazione morbida e lattiginosa dei colori pastello spesso sono necessarie concentrazioni pi\u00f9 elevate di monomeri e fotoiniziatori, i composti pi\u00f9 associati all'allergia da contatto con i gel. Una ricerca medica pubblicata nel 2026 ha rilevato che 54% degli utilizzatori abituali di gel per uso domestico hanno riportato reazioni cutanee avverse. SR-09 \u00e8 stato realizzato per non farvi rientrare in questa statistica.<\/p>\n\n\n\n<p>SR-09 \u00e8 un morbido color menta-acqua - fresco, pulito e dai toni uniformi, senza la deriva gialla che pu\u00f2 far sembrare datati i colori pastello. Priva di HEMA e TPO, la formula da 17 ml offre una copertura omogenea e costruibile che si indurisce fino a raggiungere una finitura simile al vetro. Due strati sottili garantiscono un'opacit\u00e0 totale senza striature; uno strato leggero crea un effetto gelatinoso e trasparente, perfetto per la nail art sfumata.<\/p>\n\n\n\n<p>Popolare tra le nail artist per la sua versatilit\u00e0: utilizzabile come pastello a s\u00e9 stante, come base per lo stamping o miscelato con il blu polvere SR-11 per un'ombreggiatura senza soluzione di continuit\u00e0. Fiducia da parte di clienti con sensibilit\u00e0 note a cui \u00e8 stato detto di smettere completamente con il gel.<\/p>\n\n\n\n<p>Perfetto per i look primaverili ed estivi, per le nail art ispirate alla spiaggia, per gli effetti acquerello e per chiunque desideri un colore delicato al tatto quanto all'aspetto.<\/p>\n\n\n\n<p><strong>Vegano - Senza crudelt\u00e0 - Senza HEMA - Senza TPO - Conforme all'UE e al Regno Unito<\/strong><\/p>","protected":false},"excerpt":{"rendered":"<p>Richiede l'uso di una lampada UV o di una lampada LED<\/p>","protected":false},"featured_media":10149,"comment_status":"open","ping_status":"closed","template":"","meta":[],"product_brand":[162],"product_cat":[180],"product_tag":[],"class_list":{"0":"post-10148","1":"product","2":"type-product","3":"status-publish","4":"has-post-thumbnail","6":"product_brand-chromeclair","7":"product_cat-solid-color-gel-polish","9":"first","10":"instock","11":"shipping-taxable","12":"purchasable","13":"product-type-simple"},"yoast_head":"<!-- This site is optimized with the Yoast SEO plugin v26.4 - https:\/\/yoast.com\/wordpress\/plugins\/seo\/ -->\n<title>HEMA Free Pastel Turquoise Nail Polish Soft Seafoam SR-09, 17ML Professional -CHROM\u00c9CLAIR<\/title>\n<meta name=\"description\" content=\"Elevate your palette with CHROM\u00c9CLAIR SR-09, a refined pastel turquoise. This unique blue-green shade is HEMA Free and housed in a professional 17ML bottle. Delivering even, opaque coverage, it&#039;s ideal for creating serene nail designs, French manicure accents, and looks that radiate understated luxury.\" \/>\n<meta name=\"robots\" content=\"index, follow, max-snippet:-1, max-image-preview:large, max-video-preview:-1\" \/>\n<link rel=\"canonical\" href=\"https:\/\/chromeclair.com\/it\/prodotto\/hematpo-free-solid-color-sr-09-17ml\/\" \/>\n<meta property=\"og:locale\" content=\"it_IT\" \/>\n<meta property=\"og:type\" content=\"article\" \/>\n<meta property=\"og:title\" content=\"HEMA Free Pastel Turquoise Nail Polish Soft Seafoam SR-09, 17ML Professional -CHROM\u00c9CLAIR\" \/>\n<meta property=\"og:description\" content=\"Elevate your palette with CHROM\u00c9CLAIR SR-09, a refined pastel turquoise. This unique blue-green shade is HEMA Free and housed in a professional 17ML bottle. Delivering even, opaque coverage, it&#039;s ideal for creating serene nail designs, French manicure accents, and looks that radiate understated luxury.\" \/>\n<meta property=\"og:url\" content=\"https:\/\/chromeclair.com\/it\/prodotto\/hematpo-free-solid-color-sr-09-17ml\/\" \/>\n<meta property=\"og:site_name\" content=\"Cat Eye Gel Polish \u2013 HEMA-Free \uff06 TPO-Free\" \/>\n<meta property=\"article:modified_time\" content=\"2026-04-13T05:51:39+00:00\" \/>\n<meta property=\"og:image\" content=\"https:\/\/chromeclair.com\/wp-content\/uploads\/2025\/11\/SR-09.webp\" \/>\n\t<meta property=\"og:image:width\" content=\"1024\" \/>\n\t<meta property=\"og:image:height\" content=\"1024\" \/>\n\t<meta property=\"og:image:type\" content=\"image\/webp\" \/>\n<meta name=\"twitter:card\" content=\"summary_large_image\" \/>\n<meta name=\"twitter:label1\" content=\"Tempo di lettura stimato\" \/>\n\t<meta name=\"twitter:data1\" content=\"1 minuto\" \/>\n<script type=\"application\/ld+json\" class=\"yoast-schema-graph\">{\"@context\":\"https:\/\/schema.org\",\"@graph\":[{\"@type\":\"WebPage\",\"@id\":\"https:\/\/chromeclair.com\/product\/hematpo-free-solid-color-sr-09-17ml\/\",\"url\":\"https:\/\/chromeclair.com\/product\/hematpo-free-solid-color-sr-09-17ml\/\",\"name\":\"HEMA Free Pastel Turquoise Nail Polish Soft Seafoam SR-09, 17ML Professional -CHROM\u00c9CLAIR\",\"isPartOf\":{\"@id\":\"https:\/\/chromeclair.com\/#website\"},\"primaryImageOfPage\":{\"@id\":\"https:\/\/chromeclair.com\/product\/hematpo-free-solid-color-sr-09-17ml\/#primaryimage\"},\"image\":{\"@id\":\"https:\/\/chromeclair.com\/product\/hematpo-free-solid-color-sr-09-17ml\/#primaryimage\"},\"thumbnailUrl\":\"https:\/\/chromeclair.com\/wp-content\/uploads\/2025\/11\/SR-09.webp\",\"datePublished\":\"2025-11-12T03:00:17+00:00\",\"dateModified\":\"2026-04-13T05:51:39+00:00\",\"description\":\"Elevate your palette with CHROM\u00c9CLAIR SR-09, a refined pastel turquoise. This unique blue-green shade is HEMA Free and housed in a professional 17ML bottle. Delivering even, opaque coverage, it's ideal for creating serene nail designs, French manicure accents, and looks that radiate understated luxury.\",\"breadcrumb\":{\"@id\":\"https:\/\/chromeclair.com\/product\/hematpo-free-solid-color-sr-09-17ml\/#breadcrumb\"},\"inLanguage\":\"it-IT\",\"potentialAction\":[{\"@type\":\"ReadAction\",\"target\":[\"https:\/\/chromeclair.com\/product\/hematpo-free-solid-color-sr-09-17ml\/\"]}]},{\"@type\":\"ImageObject\",\"inLanguage\":\"it-IT\",\"@id\":\"https:\/\/chromeclair.com\/product\/hematpo-free-solid-color-sr-09-17ml\/#primaryimage\",\"url\":\"https:\/\/chromeclair.com\/wp-content\/uploads\/2025\/11\/SR-09.webp\",\"contentUrl\":\"https:\/\/chromeclair.com\/wp-content\/uploads\/2025\/11\/SR-09.webp\",\"width\":1024,\"height\":1024},{\"@type\":\"BreadcrumbList\",\"@id\":\"https:\/\/chromeclair.com\/product\/hematpo-free-solid-color-sr-09-17ml\/#breadcrumb\",\"itemListElement\":[{\"@type\":\"ListItem\",\"position\":1,\"name\":\"Home\",\"item\":\"https:\/\/chromeclair.com\/\"},{\"@type\":\"ListItem\",\"position\":2,\"name\":\"Shop\",\"item\":\"https:\/\/chromeclair.com\/shop\/\"},{\"@type\":\"ListItem\",\"position\":3,\"name\":\"HEMA&amp;TPO FREE SOLID COLOR SR-09 17ML\"}]},{\"@type\":\"WebSite\",\"@id\":\"https:\/\/chromeclair.com\/#website\",\"url\":\"https:\/\/chromeclair.com\/\",\"name\":\"Cat Eye Gel Polish \u2013 HEMA-Free \uff06 TPO-Free\",\"description\":\"While others focus on having more colors, we focus on having safer ingredients.\",\"publisher\":{\"@id\":\"https:\/\/chromeclair.com\/#organization\"},\"potentialAction\":[{\"@type\":\"SearchAction\",\"target\":{\"@type\":\"EntryPoint\",\"urlTemplate\":\"https:\/\/chromeclair.com\/?s={search_term_string}\"},\"query-input\":{\"@type\":\"PropertyValueSpecification\",\"valueRequired\":true,\"valueName\":\"search_term_string\"}}],\"inLanguage\":\"it-IT\"},{\"@type\":\"Organization\",\"@id\":\"https:\/\/chromeclair.com\/#organization\",\"name\":\"Cat Eye Gel Polish \u2013 HEMA-Free \uff06 TPO-Free\",\"url\":\"https:\/\/chromeclair.com\/\",\"logo\":{\"@type\":\"ImageObject\",\"inLanguage\":\"it-IT\",\"@id\":\"https:\/\/chromeclair.com\/#\/schema\/logo\/image\/\",\"url\":\"https:\/\/chromeclair.com\/wp-content\/uploads\/2025\/06\/cropped-CHROMECLAIR-Logo-scaled-1.png\",\"contentUrl\":\"https:\/\/chromeclair.com\/wp-content\/uploads\/2025\/06\/cropped-CHROMECLAIR-Logo-scaled-1.png\",\"width\":2151,\"height\":429,\"caption\":\"Cat Eye Gel Polish \u2013 HEMA-Free \uff06 TPO-Free\"},\"image\":{\"@id\":\"https:\/\/chromeclair.com\/#\/schema\/logo\/image\/\"}}]}<\/script>\n<!-- \/ Yoast SEO plugin. -->","yoast_head_json":{"title":"HEMA Free Smalto per unghie turchese pastello Soft Seafoam SR-09, 17ML Professionale -CHROM\u00c9CLAIR","description":"Elevate la vostra tavolozza con CHROM\u00c9CLAIR SR-09, un raffinato turchese pastello. Questa esclusiva tonalit\u00e0 blu-verde \u00e8 priva di HEMA e contenuta in un flacone professionale da 17ML. Con una copertura uniforme e coprente, \u00e8 ideale per creare unghie serene, accenti di french manicure e look che irradiano un lusso sobrio.","robots":{"index":"index","follow":"follow","max-snippet":"max-snippet:-1","max-image-preview":"max-image-preview:large","max-video-preview":"max-video-preview:-1"},"canonical":"https:\/\/chromeclair.com\/it\/prodotto\/hematpo-free-solid-color-sr-09-17ml\/","og_locale":"it_IT","og_type":"article","og_title":"HEMA Free Pastel Turquoise Nail Polish Soft Seafoam SR-09, 17ML Professional -CHROM\u00c9CLAIR","og_description":"Elevate your palette with CHROM\u00c9CLAIR SR-09, a refined pastel turquoise. This unique blue-green shade is HEMA Free and housed in a professional 17ML bottle. Delivering even, opaque coverage, it's ideal for creating serene nail designs, French manicure accents, and looks that radiate understated luxury.","og_url":"https:\/\/chromeclair.com\/it\/prodotto\/hematpo-free-solid-color-sr-09-17ml\/","og_site_name":"Cat Eye Gel Polish \u2013 HEMA-Free \uff06 TPO-Free","article_modified_time":"2026-04-13T05:51:39+00:00","og_image":[{"width":1024,"height":1024,"url":"https:\/\/chromeclair.com\/wp-content\/uploads\/2025\/11\/SR-09.webp","type":"image\/webp"}],"twitter_card":"summary_large_image","twitter_misc":{"Tempo di lettura stimato":"1 minuto"},"schema":{"@context":"https:\/\/schema.org","@graph":[{"@type":"WebPage","@id":"https:\/\/chromeclair.com\/product\/hematpo-free-solid-color-sr-09-17ml\/","url":"https:\/\/chromeclair.com\/product\/hematpo-free-solid-color-sr-09-17ml\/","name":"HEMA Free Smalto per unghie turchese pastello Soft Seafoam SR-09, 17ML Professionale -CHROM\u00c9CLAIR","isPartOf":{"@id":"https:\/\/chromeclair.com\/#website"},"primaryImageOfPage":{"@id":"https:\/\/chromeclair.com\/product\/hematpo-free-solid-color-sr-09-17ml\/#primaryimage"},"image":{"@id":"https:\/\/chromeclair.com\/product\/hematpo-free-solid-color-sr-09-17ml\/#primaryimage"},"thumbnailUrl":"https:\/\/chromeclair.com\/wp-content\/uploads\/2025\/11\/SR-09.webp","datePublished":"2025-11-12T03:00:17+00:00","dateModified":"2026-04-13T05:51:39+00:00","description":"Elevate la vostra tavolozza con CHROM\u00c9CLAIR SR-09, un raffinato turchese pastello. Questa esclusiva tonalit\u00e0 blu-verde \u00e8 priva di HEMA e contenuta in un flacone professionale da 17ML. Con una copertura uniforme e coprente, \u00e8 ideale per creare unghie serene, accenti di french manicure e look che irradiano un lusso sobrio.","breadcrumb":{"@id":"https:\/\/chromeclair.com\/product\/hematpo-free-solid-color-sr-09-17ml\/#breadcrumb"},"inLanguage":"it-IT","potentialAction":[{"@type":"ReadAction","target":["https:\/\/chromeclair.com\/product\/hematpo-free-solid-color-sr-09-17ml\/"]}]},{"@type":"ImageObject","inLanguage":"it-IT","@id":"https:\/\/chromeclair.com\/product\/hematpo-free-solid-color-sr-09-17ml\/#primaryimage","url":"https:\/\/chromeclair.com\/wp-content\/uploads\/2025\/11\/SR-09.webp","contentUrl":"https:\/\/chromeclair.com\/wp-content\/uploads\/2025\/11\/SR-09.webp","width":1024,"height":1024},{"@type":"BreadcrumbList","@id":"https:\/\/chromeclair.com\/product\/hematpo-free-solid-color-sr-09-17ml\/#breadcrumb","itemListElement":[{"@type":"ListItem","position":1,"name":"Home","item":"https:\/\/chromeclair.com\/"},{"@type":"ListItem","position":2,"name":"Shop","item":"https:\/\/chromeclair.com\/shop\/"},{"@type":"ListItem","position":3,"name":"HEMA&amp;TPO FREE SOLID COLOR SR-09 17ML"}]},{"@type":"WebSite","@id":"https:\/\/chromeclair.com\/#website","url":"https:\/\/chromeclair.com\/","name":"Smalto gel Cat Eye \u2013 Senza HEMA e senza TPO","description":"Mentre altri puntano su una maggiore variet\u00e0 di colori, noi puntiamo su ingredienti pi\u00f9 sicuri.","publisher":{"@id":"https:\/\/chromeclair.com\/#organization"},"potentialAction":[{"@type":"SearchAction","target":{"@type":"EntryPoint","urlTemplate":"https:\/\/chromeclair.com\/?s={search_term_string}"},"query-input":{"@type":"PropertyValueSpecification","valueRequired":true,"valueName":"search_term_string"}}],"inLanguage":"it-IT"},{"@type":"Organization","@id":"https:\/\/chromeclair.com\/#organization","name":"Smalto gel Cat Eye \u2013 Senza HEMA e senza TPO","url":"https:\/\/chromeclair.com\/","logo":{"@type":"ImageObject","inLanguage":"it-IT","@id":"https:\/\/chromeclair.com\/#\/schema\/logo\/image\/","url":"https:\/\/chromeclair.com\/wp-content\/uploads\/2025\/06\/cropped-CHROMECLAIR-Logo-scaled-1.png","contentUrl":"https:\/\/chromeclair.com\/wp-content\/uploads\/2025\/06\/cropped-CHROMECLAIR-Logo-scaled-1.png","width":2151,"height":429,"caption":"Cat Eye Gel Polish \u2013 HEMA-Free \uff06 TPO-Free"},"image":{"@id":"https:\/\/chromeclair.com\/#\/schema\/logo\/image\/"}}]}},"_links":{"self":[{"href":"https:\/\/chromeclair.com\/it\/wp-json\/wp\/v2\/product\/10148","targetHints":{"allow":["GET"]}}],"collection":[{"href":"https:\/\/chromeclair.com\/it\/wp-json\/wp\/v2\/product"}],"about":[{"href":"https:\/\/chromeclair.com\/it\/wp-json\/wp\/v2\/types\/product"}],"replies":[{"embeddable":true,"href":"https:\/\/chromeclair.com\/it\/wp-json\/wp\/v2\/comments?post=10148"}],"wp:featuredmedia":[{"embeddable":true,"href":"https:\/\/chromeclair.com\/it\/wp-json\/wp\/v2\/media\/10149"}],"wp:attachment":[{"href":"https:\/\/chromeclair.com\/it\/wp-json\/wp\/v2\/media?parent=10148"}],"wp:term":[{"taxonomy":"product_brand","embeddable":true,"href":"https:\/\/chromeclair.com\/it\/wp-json\/wp\/v2\/product_brand?post=10148"},{"taxonomy":"product_cat","embeddable":true,"href":"https:\/\/chromeclair.com\/it\/wp-json\/wp\/v2\/product_cat?post=10148"},{"taxonomy":"product_tag","embeddable":true,"href":"https:\/\/chromeclair.com\/it\/wp-json\/wp\/v2\/product_tag?post=10148"}],"curies":[{"name":"wp","href":"https:\/\/api.w.org\/{rel}","templated":true}]}}