{"id":10170,"date":"2025-11-12T04:20:34","date_gmt":"2025-11-12T04:20:34","guid":{"rendered":"https:\/\/chromeclair.com\/?post_type=product&#038;p=10170"},"modified":"2026-04-13T05:49:35","modified_gmt":"2026-04-13T05:49:35","slug":"hematpo-free-solid-color-sr-19-17ml","status":"publish","type":"product","link":"https:\/\/chromeclair.com\/it\/product\/hematpo-free-solid-color-sr-19-17ml\/","title":{"rendered":"COLORE SOLIDO SENZA EMA&amp;TPO SR-19 17ML"},"content":{"rendered":"<p>Verde militare per la donna che ha smesso di fingere che i neutri siano privi di rischi.<\/p>\n\n\n\n<p>Il verde terra \u00e8 associato a una bellezza naturale e organica, ma le formule in gel che ne sono alla base raramente sono cos\u00ec pulite come il colore suggerisce. Molte utilizzano concentrazioni elevate di monomeri per ottenere l'opacit\u00e0 attenuata che fa apparire il verde militare sofisticato anzich\u00e9 piatto. SR-19 ottiene lo stesso risultato grazie a una chimica migliore.<\/p>\n\n\n\n<p>SR-19 \u00e8 un verde salvia profondo e tenue - terroso, solido e abbastanza complesso da poter essere fotografato in modo diverso a seconda delle luci. Pi\u00f9 olivastro di un verde botanico, pi\u00f9 saturo di un grigio-verde tenue. Senza HEMA e senza TPO, la formula da 17 ml offre una copertura completa e uniforme in una sola mano e si indurisce in una finitura ricca e laccata che resiste per 2-3 settimane senza sollevarsi, scheggiarsi o sbiadire il colore.<\/p>\n\n\n\n<p>Uno dei preferiti nei saloni professionali per le collezioni autunno\/inverno, per i set di manicure capsule e per le clienti che desiderano un colore che sia al tempo stesso attuale e assolutamente senza tempo. Funziona come un colore a s\u00e9 stante o come base per dettagli di nail art dorati.<\/p>\n\n\n\n<p>Si abbina naturalmente a SR-30 oro antico, SR-17 espresso e SR-28 cioccolato fondente per un insieme di tonalit\u00e0 ricche e ispirate alla natura.<\/p>\n\n\n\n<p><strong>Vegano - Senza crudelt\u00e0 - Senza HEMA - Senza TPO - Conforme all'UE e al Regno Unito<\/strong><\/p>","protected":false},"excerpt":{"rendered":"<p>Richiede l'uso di una lampada UV o di una lampada LED<\/p>","protected":false},"featured_media":10171,"comment_status":"open","ping_status":"closed","template":"","meta":[],"product_brand":[162],"product_cat":[180],"product_tag":[],"class_list":{"0":"post-10170","1":"product","2":"type-product","3":"status-publish","4":"has-post-thumbnail","6":"product_brand-chromeclair","7":"product_cat-solid-color-gel-polish","9":"first","10":"instock","11":"shipping-taxable","12":"purchasable","13":"product-type-simple"},"yoast_head":"<!-- This site is optimized with the Yoast SEO plugin v27.4 - https:\/\/yoast.com\/product\/yoast-seo-wordpress\/ -->\n<title>HEMA Free TPO Free Olive Green Gel Polish SR-19 vintage green 17ML -CHROM\u00c9CLAIR<\/title>\n<meta name=\"description\" content=\"Anchor your collection with CHROM\u00c9CLAIR SR-19, an army green that exudes sophisticated earthiness. This HEMA Free deep sage shade is housed in a professional 17ML bottle. Providing full, even coverage, it&#039;s the perfect statement neutral for creating fashion-forward manicures, geometric designs, and a polished, nature-inspired look.\" \/>\n<meta name=\"robots\" content=\"index, follow, max-snippet:-1, max-image-preview:large, max-video-preview:-1\" \/>\n<link rel=\"canonical\" href=\"https:\/\/chromeclair.com\/it\/prodotto\/hematpo-free-solid-color-sr-19-17ml\/\" \/>\n<meta property=\"og:locale\" content=\"it_IT\" \/>\n<meta property=\"og:type\" content=\"article\" \/>\n<meta property=\"og:title\" content=\"HEMA Free TPO Free Olive Green Gel Polish SR-19 vintage green 17ML -CHROM\u00c9CLAIR\" \/>\n<meta property=\"og:description\" content=\"Anchor your collection with CHROM\u00c9CLAIR SR-19, an army green that exudes sophisticated earthiness. This HEMA Free deep sage shade is housed in a professional 17ML bottle. Providing full, even coverage, it&#039;s the perfect statement neutral for creating fashion-forward manicures, geometric designs, and a polished, nature-inspired look.\" \/>\n<meta property=\"og:url\" content=\"https:\/\/chromeclair.com\/it\/prodotto\/hematpo-free-solid-color-sr-19-17ml\/\" \/>\n<meta property=\"og:site_name\" content=\"Cat Eye Gel Polish \u2013 HEMA-Free \uff06 TPO-Free\" \/>\n<meta property=\"article:modified_time\" content=\"2026-04-13T05:49:35+00:00\" \/>\n<meta property=\"og:image\" content=\"https:\/\/chromeclair.com\/wp-content\/uploads\/2025\/11\/SR-19.webp\" \/>\n\t<meta property=\"og:image:width\" content=\"1024\" \/>\n\t<meta property=\"og:image:height\" content=\"1024\" \/>\n\t<meta property=\"og:image:type\" content=\"image\/webp\" \/>\n<meta name=\"twitter:card\" content=\"summary_large_image\" \/>\n<meta name=\"twitter:label1\" content=\"Tempo di lettura stimato\" \/>\n\t<meta name=\"twitter:data1\" content=\"1 minuto\" \/>\n<script type=\"application\/ld+json\" class=\"yoast-schema-graph\">{\"@context\":\"https:\\\/\\\/schema.org\",\"@graph\":[{\"@type\":\"WebPage\",\"@id\":\"https:\\\/\\\/chromeclair.com\\\/product\\\/hematpo-free-solid-color-sr-19-17ml\\\/\",\"url\":\"https:\\\/\\\/chromeclair.com\\\/product\\\/hematpo-free-solid-color-sr-19-17ml\\\/\",\"name\":\"HEMA Free TPO Free Olive Green Gel Polish SR-19 vintage green 17ML -CHROM\u00c9CLAIR\",\"isPartOf\":{\"@id\":\"https:\\\/\\\/chromeclair.com\\\/#website\"},\"primaryImageOfPage\":{\"@id\":\"https:\\\/\\\/chromeclair.com\\\/product\\\/hematpo-free-solid-color-sr-19-17ml\\\/#primaryimage\"},\"image\":{\"@id\":\"https:\\\/\\\/chromeclair.com\\\/product\\\/hematpo-free-solid-color-sr-19-17ml\\\/#primaryimage\"},\"thumbnailUrl\":\"https:\\\/\\\/chromeclair.com\\\/wp-content\\\/uploads\\\/2025\\\/11\\\/SR-19.webp\",\"datePublished\":\"2025-11-12T04:20:34+00:00\",\"dateModified\":\"2026-04-13T05:49:35+00:00\",\"description\":\"Anchor your collection with CHROM\u00c9CLAIR SR-19, an army green that exudes sophisticated earthiness. This HEMA Free deep sage shade is housed in a professional 17ML bottle. Providing full, even coverage, it's the perfect statement neutral for creating fashion-forward manicures, geometric designs, and a polished, nature-inspired look.\",\"inLanguage\":\"it-IT\",\"potentialAction\":[{\"@type\":\"ReadAction\",\"target\":[\"https:\\\/\\\/chromeclair.com\\\/product\\\/hematpo-free-solid-color-sr-19-17ml\\\/\"]}]},{\"@type\":\"ImageObject\",\"inLanguage\":\"it-IT\",\"@id\":\"https:\\\/\\\/chromeclair.com\\\/product\\\/hematpo-free-solid-color-sr-19-17ml\\\/#primaryimage\",\"url\":\"https:\\\/\\\/chromeclair.com\\\/wp-content\\\/uploads\\\/2025\\\/11\\\/SR-19.webp\",\"contentUrl\":\"https:\\\/\\\/chromeclair.com\\\/wp-content\\\/uploads\\\/2025\\\/11\\\/SR-19.webp\",\"width\":1024,\"height\":1024,\"caption\":\"Hema-Free and Tpo-free Solid Color SR-19 Green shade-CHROM\u00c9CLAIR\"},{\"@type\":\"WebSite\",\"@id\":\"https:\\\/\\\/chromeclair.com\\\/#website\",\"url\":\"https:\\\/\\\/chromeclair.com\\\/\",\"name\":\"Cat Eye Gel Polish \u2013 HEMA-Free \uff06 TPO-Free\",\"description\":\"While others focus on having more colors, we focus on having safer ingredients.\",\"publisher\":{\"@id\":\"https:\\\/\\\/chromeclair.com\\\/#organization\"},\"potentialAction\":[{\"@type\":\"SearchAction\",\"target\":{\"@type\":\"EntryPoint\",\"urlTemplate\":\"https:\\\/\\\/chromeclair.com\\\/?s={search_term_string}\"},\"query-input\":{\"@type\":\"PropertyValueSpecification\",\"valueRequired\":true,\"valueName\":\"search_term_string\"}}],\"inLanguage\":\"it-IT\"},{\"@type\":\"Organization\",\"@id\":\"https:\\\/\\\/chromeclair.com\\\/#organization\",\"name\":\"Cat Eye Gel Polish \u2013 HEMA-Free \uff06 TPO-Free\",\"url\":\"https:\\\/\\\/chromeclair.com\\\/\",\"logo\":{\"@type\":\"ImageObject\",\"inLanguage\":\"it-IT\",\"@id\":\"https:\\\/\\\/chromeclair.com\\\/#\\\/schema\\\/logo\\\/image\\\/\",\"url\":\"https:\\\/\\\/chromeclair.com\\\/wp-content\\\/uploads\\\/2025\\\/06\\\/cropped-CHROMECLAIR-Logo-scaled-1.png\",\"contentUrl\":\"https:\\\/\\\/chromeclair.com\\\/wp-content\\\/uploads\\\/2025\\\/06\\\/cropped-CHROMECLAIR-Logo-scaled-1.png\",\"width\":2151,\"height\":429,\"caption\":\"Cat Eye Gel Polish \u2013 HEMA-Free \uff06 TPO-Free\"},\"image\":{\"@id\":\"https:\\\/\\\/chromeclair.com\\\/#\\\/schema\\\/logo\\\/image\\\/\"}}]}<\/script>\n<!-- \/ Yoast SEO plugin. -->","yoast_head_json":{"title":"HEMA Free TPO Free Gel Polish verde oliva SR-19 verde vintage 17ML -CHROM\u00c9CLAIR","description":"Ancorate la vostra collezione con CHROM\u00c9CLAIR SR-19, un verde militare che emana una sofisticata terrosit\u00e0. Questa tonalit\u00e0 salvia profonda priva di HEMA \u00e8 contenuta in un flacone professionale da 17ML. Con una copertura completa e uniforme, \u00e8 il neutro perfetto per creare manicure alla moda, disegni geometrici e un look lucido ispirato alla natura.","robots":{"index":"index","follow":"follow","max-snippet":"max-snippet:-1","max-image-preview":"max-image-preview:large","max-video-preview":"max-video-preview:-1"},"canonical":"https:\/\/chromeclair.com\/it\/prodotto\/hematpo-free-solid-color-sr-19-17ml\/","og_locale":"it_IT","og_type":"article","og_title":"HEMA Free TPO Free Olive Green Gel Polish SR-19 vintage green 17ML -CHROM\u00c9CLAIR","og_description":"Anchor your collection with CHROM\u00c9CLAIR SR-19, an army green that exudes sophisticated earthiness. This HEMA Free deep sage shade is housed in a professional 17ML bottle. Providing full, even coverage, it's the perfect statement neutral for creating fashion-forward manicures, geometric designs, and a polished, nature-inspired look.","og_url":"https:\/\/chromeclair.com\/it\/prodotto\/hematpo-free-solid-color-sr-19-17ml\/","og_site_name":"Cat Eye Gel Polish \u2013 HEMA-Free \uff06 TPO-Free","article_modified_time":"2026-04-13T05:49:35+00:00","og_image":[{"width":1024,"height":1024,"url":"https:\/\/chromeclair.com\/wp-content\/uploads\/2025\/11\/SR-19.webp","type":"image\/webp"}],"twitter_card":"summary_large_image","twitter_misc":{"Tempo di lettura stimato":"1 minuto"},"schema":{"@context":"https:\/\/schema.org","@graph":[{"@type":"WebPage","@id":"https:\/\/chromeclair.com\/product\/hematpo-free-solid-color-sr-19-17ml\/","url":"https:\/\/chromeclair.com\/product\/hematpo-free-solid-color-sr-19-17ml\/","name":"HEMA Free TPO Free Gel Polish verde oliva SR-19 verde vintage 17ML -CHROM\u00c9CLAIR","isPartOf":{"@id":"https:\/\/chromeclair.com\/#website"},"primaryImageOfPage":{"@id":"https:\/\/chromeclair.com\/product\/hematpo-free-solid-color-sr-19-17ml\/#primaryimage"},"image":{"@id":"https:\/\/chromeclair.com\/product\/hematpo-free-solid-color-sr-19-17ml\/#primaryimage"},"thumbnailUrl":"https:\/\/chromeclair.com\/wp-content\/uploads\/2025\/11\/SR-19.webp","datePublished":"2025-11-12T04:20:34+00:00","dateModified":"2026-04-13T05:49:35+00:00","description":"Ancorate la vostra collezione con CHROM\u00c9CLAIR SR-19, un verde militare che emana una sofisticata terrosit\u00e0. Questa tonalit\u00e0 salvia profonda priva di HEMA \u00e8 contenuta in un flacone professionale da 17ML. Con una copertura completa e uniforme, \u00e8 il neutro perfetto per creare manicure alla moda, disegni geometrici e un look lucido ispirato alla natura.","inLanguage":"it-IT","potentialAction":[{"@type":"ReadAction","target":["https:\/\/chromeclair.com\/product\/hematpo-free-solid-color-sr-19-17ml\/"]}]},{"@type":"ImageObject","inLanguage":"it-IT","@id":"https:\/\/chromeclair.com\/product\/hematpo-free-solid-color-sr-19-17ml\/#primaryimage","url":"https:\/\/chromeclair.com\/wp-content\/uploads\/2025\/11\/SR-19.webp","contentUrl":"https:\/\/chromeclair.com\/wp-content\/uploads\/2025\/11\/SR-19.webp","width":1024,"height":1024,"caption":"Hema-Free and Tpo-free Solid Color SR-19 Green shade-CHROM\u00c9CLAIR"},{"@type":"WebSite","@id":"https:\/\/chromeclair.com\/#website","url":"https:\/\/chromeclair.com\/","name":"Smalto gel Cat Eye \u2013 Senza HEMA e senza TPO","description":"Mentre altri puntano su una maggiore variet\u00e0 di colori, noi puntiamo su ingredienti pi\u00f9 sicuri.","publisher":{"@id":"https:\/\/chromeclair.com\/#organization"},"potentialAction":[{"@type":"SearchAction","target":{"@type":"EntryPoint","urlTemplate":"https:\/\/chromeclair.com\/?s={search_term_string}"},"query-input":{"@type":"PropertyValueSpecification","valueRequired":true,"valueName":"search_term_string"}}],"inLanguage":"it-IT"},{"@type":"Organization","@id":"https:\/\/chromeclair.com\/#organization","name":"Smalto gel Cat Eye \u2013 Senza HEMA e senza TPO","url":"https:\/\/chromeclair.com\/","logo":{"@type":"ImageObject","inLanguage":"it-IT","@id":"https:\/\/chromeclair.com\/#\/schema\/logo\/image\/","url":"https:\/\/chromeclair.com\/wp-content\/uploads\/2025\/06\/cropped-CHROMECLAIR-Logo-scaled-1.png","contentUrl":"https:\/\/chromeclair.com\/wp-content\/uploads\/2025\/06\/cropped-CHROMECLAIR-Logo-scaled-1.png","width":2151,"height":429,"caption":"Cat Eye Gel Polish \u2013 HEMA-Free \uff06 TPO-Free"},"image":{"@id":"https:\/\/chromeclair.com\/#\/schema\/logo\/image\/"}}]}},"_links":{"self":[{"href":"https:\/\/chromeclair.com\/it\/wp-json\/wp\/v2\/product\/10170","targetHints":{"allow":["GET"]}}],"collection":[{"href":"https:\/\/chromeclair.com\/it\/wp-json\/wp\/v2\/product"}],"about":[{"href":"https:\/\/chromeclair.com\/it\/wp-json\/wp\/v2\/types\/product"}],"replies":[{"embeddable":true,"href":"https:\/\/chromeclair.com\/it\/wp-json\/wp\/v2\/comments?post=10170"}],"wp:featuredmedia":[{"embeddable":true,"href":"https:\/\/chromeclair.com\/it\/wp-json\/wp\/v2\/media\/10171"}],"wp:attachment":[{"href":"https:\/\/chromeclair.com\/it\/wp-json\/wp\/v2\/media?parent=10170"}],"wp:term":[{"taxonomy":"product_brand","embeddable":true,"href":"https:\/\/chromeclair.com\/it\/wp-json\/wp\/v2\/product_brand?post=10170"},{"taxonomy":"product_cat","embeddable":true,"href":"https:\/\/chromeclair.com\/it\/wp-json\/wp\/v2\/product_cat?post=10170"},{"taxonomy":"product_tag","embeddable":true,"href":"https:\/\/chromeclair.com\/it\/wp-json\/wp\/v2\/product_tag?post=10170"}],"curies":[{"name":"wp","href":"https:\/\/api.w.org\/{rel}","templated":true}]}}