{"id":10429,"date":"2025-11-28T03:48:41","date_gmt":"2025-11-28T03:48:41","guid":{"rendered":"https:\/\/chromeclair.com\/?post_type=product&#038;p=10429"},"modified":"2026-04-13T04:23:36","modified_gmt":"2026-04-13T04:23:36","slug":"10ml-cat-eye-gel-polish-hema-free-and-tpo-free-ce11","status":"publish","type":"product","link":"https:\/\/chromeclair.com\/it\/prodotto\/10ml-cat-eye-gel-polish-hema-free-and-tpo-free-ce11\/","title":{"rendered":"Smalto gel Cat Eye da 10 ml senza HEMA e senza TPO CE11"},"content":{"rendered":"<p><strong>La magia in una bottiglia. La sicurezza in una formula. \u2728<\/strong><br>Libera la tua creativit\u00e0 senza limiti. <\/p>\n\n\n\n<p>Il nostro gel per ciglia Cat Eye senza HEMA e TPO \u00e8 molto pi\u00f9 di un semplice smalto: \u00e8 uno strumento per esprimere se stessi, una dichiarazione di cura di s\u00e9 e una testimonianza di innovazione. <\/p>\n\n\n\n<p>Ogni flacone da 10 ml racchiude il potenziale per innumerevoli disegni abbaglianti. <\/p>\n\n\n\n<p>Dipingi la tua sicurezza. Indossa la tua integrit\u00e0. Brilla in tutta sicurezza.<\/p>","protected":false},"excerpt":{"rendered":"<p>Richiede l'uso di una lampada UV o di una lampada LED<\/p>","protected":false},"featured_media":10430,"comment_status":"open","ping_status":"closed","template":"","meta":[],"product_brand":[162],"product_cat":[209],"product_tag":[],"class_list":{"0":"post-10429","1":"product","2":"type-product","3":"status-publish","4":"has-post-thumbnail","6":"product_brand-chromeclair","7":"product_cat-cat-eye-gel-polish-10ml","9":"first","10":"instock","11":"shipping-taxable","12":"purchasable","13":"product-type-simple"},"yoast_head":"<!-- This site is optimized with the Yoast SEO plugin v26.4 - https:\/\/yoast.com\/wordpress\/plugins\/seo\/ -->\n<title>CHROM\u00c9CLAIR HEMA &amp; TPO Free Cat Eye Gel - 10ml | dermatologist-tested, Vegan, Magnetic<\/title>\n<meta name=\"description\" content=\"Trust in safer nail art. Our dermatologist-tested cat eye gel is HEMA &amp; TPO Free. 10ml of high-pigment, magnetic polish for a dazzling and safe manicure. Vegan. Learn more about our ethos.\" \/>\n<meta name=\"robots\" content=\"index, follow, max-snippet:-1, max-image-preview:large, max-video-preview:-1\" \/>\n<link rel=\"canonical\" href=\"https:\/\/chromeclair.com\/it\/prodotto\/10ml-cat-eye-gel-polish-hema-free-and-tpo-free-ce11\/\" \/>\n<meta property=\"og:locale\" content=\"it_IT\" \/>\n<meta property=\"og:type\" content=\"article\" \/>\n<meta property=\"og:title\" content=\"CHROM\u00c9CLAIR HEMA &amp; TPO Free Cat Eye Gel - 10ml | dermatologist-tested, Vegan, Magnetic\" \/>\n<meta property=\"og:description\" content=\"Trust in safer nail art. Our dermatologist-tested cat eye gel is HEMA &amp; TPO Free. 10ml of high-pigment, magnetic polish for a dazzling and safe manicure. Vegan. Learn more about our ethos.\" \/>\n<meta property=\"og:url\" content=\"https:\/\/chromeclair.com\/it\/prodotto\/10ml-cat-eye-gel-polish-hema-free-and-tpo-free-ce11\/\" \/>\n<meta property=\"og:site_name\" content=\"Cat Eye Gel Polish \u2013 HEMA-Free \uff06 TPO-Free\" \/>\n<meta property=\"article:modified_time\" content=\"2026-04-13T04:23:36+00:00\" \/>\n<meta property=\"og:image\" content=\"https:\/\/chromeclair.com\/wp-content\/uploads\/2025\/11\/CE-11-1.webp\" \/>\n\t<meta property=\"og:image:width\" content=\"1000\" \/>\n\t<meta property=\"og:image:height\" content=\"1000\" \/>\n\t<meta property=\"og:image:type\" content=\"image\/webp\" \/>\n<meta name=\"twitter:card\" content=\"summary_large_image\" \/>\n<meta name=\"twitter:label1\" content=\"Tempo di lettura stimato\" \/>\n\t<meta name=\"twitter:data1\" content=\"1 minuto\" \/>\n<script type=\"application\/ld+json\" class=\"yoast-schema-graph\">{\"@context\":\"https:\/\/schema.org\",\"@graph\":[{\"@type\":\"WebPage\",\"@id\":\"https:\/\/chromeclair.com\/product\/10ml-cat-eye-gel-polish-hema-free-and-tpo-free-ce11\/\",\"url\":\"https:\/\/chromeclair.com\/product\/10ml-cat-eye-gel-polish-hema-free-and-tpo-free-ce11\/\",\"name\":\"CHROM\u00c9CLAIR HEMA & TPO Free Cat Eye Gel - 10ml | dermatologist-tested, Vegan, Magnetic\",\"isPartOf\":{\"@id\":\"https:\/\/chromeclair.com\/#website\"},\"primaryImageOfPage\":{\"@id\":\"https:\/\/chromeclair.com\/product\/10ml-cat-eye-gel-polish-hema-free-and-tpo-free-ce11\/#primaryimage\"},\"image\":{\"@id\":\"https:\/\/chromeclair.com\/product\/10ml-cat-eye-gel-polish-hema-free-and-tpo-free-ce11\/#primaryimage\"},\"thumbnailUrl\":\"https:\/\/chromeclair.com\/wp-content\/uploads\/2025\/11\/CE-11-1.webp\",\"datePublished\":\"2025-11-28T03:48:41+00:00\",\"dateModified\":\"2026-04-13T04:23:36+00:00\",\"description\":\"Trust in safer nail art. Our dermatologist-tested cat eye gel is HEMA & TPO Free. 10ml of high-pigment, magnetic polish for a dazzling and safe manicure. Vegan. Learn more about our ethos.\",\"breadcrumb\":{\"@id\":\"https:\/\/chromeclair.com\/product\/10ml-cat-eye-gel-polish-hema-free-and-tpo-free-ce11\/#breadcrumb\"},\"inLanguage\":\"it-IT\",\"potentialAction\":[{\"@type\":\"ReadAction\",\"target\":[\"https:\/\/chromeclair.com\/product\/10ml-cat-eye-gel-polish-hema-free-and-tpo-free-ce11\/\"]}]},{\"@type\":\"ImageObject\",\"inLanguage\":\"it-IT\",\"@id\":\"https:\/\/chromeclair.com\/product\/10ml-cat-eye-gel-polish-hema-free-and-tpo-free-ce11\/#primaryimage\",\"url\":\"https:\/\/chromeclair.com\/wp-content\/uploads\/2025\/11\/CE-11-1.webp\",\"contentUrl\":\"https:\/\/chromeclair.com\/wp-content\/uploads\/2025\/11\/CE-11-1.webp\",\"width\":1000,\"height\":1000,\"caption\":\"Hema-Free Tpo-Free Cat Eye Gel Polish CE11 10ml CHROM\u00c9CLAIR\"},{\"@type\":\"BreadcrumbList\",\"@id\":\"https:\/\/chromeclair.com\/product\/10ml-cat-eye-gel-polish-hema-free-and-tpo-free-ce11\/#breadcrumb\",\"itemListElement\":[{\"@type\":\"ListItem\",\"position\":1,\"name\":\"Home\",\"item\":\"https:\/\/chromeclair.com\/\"},{\"@type\":\"ListItem\",\"position\":2,\"name\":\"Shop\",\"item\":\"https:\/\/chromeclair.com\/shop\/\"},{\"@type\":\"ListItem\",\"position\":3,\"name\":\"10ML Cat Eye Gel Polish HEMA-Free and TPO-Free CE11\"}]},{\"@type\":\"WebSite\",\"@id\":\"https:\/\/chromeclair.com\/#website\",\"url\":\"https:\/\/chromeclair.com\/\",\"name\":\"Cat Eye Gel Polish \u2013 HEMA-Free \uff06 TPO-Free\",\"description\":\"While others focus on having more colors, we focus on having safer ingredients.\",\"publisher\":{\"@id\":\"https:\/\/chromeclair.com\/#organization\"},\"potentialAction\":[{\"@type\":\"SearchAction\",\"target\":{\"@type\":\"EntryPoint\",\"urlTemplate\":\"https:\/\/chromeclair.com\/?s={search_term_string}\"},\"query-input\":{\"@type\":\"PropertyValueSpecification\",\"valueRequired\":true,\"valueName\":\"search_term_string\"}}],\"inLanguage\":\"it-IT\"},{\"@type\":\"Organization\",\"@id\":\"https:\/\/chromeclair.com\/#organization\",\"name\":\"Cat Eye Gel Polish \u2013 HEMA-Free \uff06 TPO-Free\",\"url\":\"https:\/\/chromeclair.com\/\",\"logo\":{\"@type\":\"ImageObject\",\"inLanguage\":\"it-IT\",\"@id\":\"https:\/\/chromeclair.com\/#\/schema\/logo\/image\/\",\"url\":\"https:\/\/chromeclair.com\/wp-content\/uploads\/2025\/06\/cropped-CHROMECLAIR-Logo-scaled-1.png\",\"contentUrl\":\"https:\/\/chromeclair.com\/wp-content\/uploads\/2025\/06\/cropped-CHROMECLAIR-Logo-scaled-1.png\",\"width\":2151,\"height\":429,\"caption\":\"Cat Eye Gel Polish \u2013 HEMA-Free \uff06 TPO-Free\"},\"image\":{\"@id\":\"https:\/\/chromeclair.com\/#\/schema\/logo\/image\/\"}}]}<\/script>\n<!-- \/ Yoast SEO plugin. -->","yoast_head_json":{"title":"CHROM\u00c9CLAIR Gel occhi di gatto senza HEMA e TPO - 10ml | dermatologicamente testato, Vegan, Magnetico","description":"Affidatevi a una nail art pi\u00f9 sicura. Il nostro gel per occhi di gatto, testato da un dermatologo, \u00e8 privo di HEMA e TPO. 10 ml di smalto magnetico ad alta pigmentazione per una manicure abbagliante e sicura. Vegano. Per saperne di pi\u00f9 sulla nostra etica.","robots":{"index":"index","follow":"follow","max-snippet":"max-snippet:-1","max-image-preview":"max-image-preview:large","max-video-preview":"max-video-preview:-1"},"canonical":"https:\/\/chromeclair.com\/it\/prodotto\/10ml-cat-eye-gel-polish-hema-free-and-tpo-free-ce11\/","og_locale":"it_IT","og_type":"article","og_title":"CHROM\u00c9CLAIR HEMA & TPO Free Cat Eye Gel - 10ml | dermatologist-tested, Vegan, Magnetic","og_description":"Trust in safer nail art. Our dermatologist-tested cat eye gel is HEMA & TPO Free. 10ml of high-pigment, magnetic polish for a dazzling and safe manicure. Vegan. Learn more about our ethos.","og_url":"https:\/\/chromeclair.com\/it\/prodotto\/10ml-cat-eye-gel-polish-hema-free-and-tpo-free-ce11\/","og_site_name":"Cat Eye Gel Polish \u2013 HEMA-Free \uff06 TPO-Free","article_modified_time":"2026-04-13T04:23:36+00:00","og_image":[{"width":1000,"height":1000,"url":"https:\/\/chromeclair.com\/wp-content\/uploads\/2025\/11\/CE-11-1.webp","type":"image\/webp"}],"twitter_card":"summary_large_image","twitter_misc":{"Tempo di lettura stimato":"1 minuto"},"schema":{"@context":"https:\/\/schema.org","@graph":[{"@type":"WebPage","@id":"https:\/\/chromeclair.com\/product\/10ml-cat-eye-gel-polish-hema-free-and-tpo-free-ce11\/","url":"https:\/\/chromeclair.com\/product\/10ml-cat-eye-gel-polish-hema-free-and-tpo-free-ce11\/","name":"CHROM\u00c9CLAIR Gel occhi di gatto senza HEMA e TPO - 10ml | dermatologicamente testato, Vegan, Magnetico","isPartOf":{"@id":"https:\/\/chromeclair.com\/#website"},"primaryImageOfPage":{"@id":"https:\/\/chromeclair.com\/product\/10ml-cat-eye-gel-polish-hema-free-and-tpo-free-ce11\/#primaryimage"},"image":{"@id":"https:\/\/chromeclair.com\/product\/10ml-cat-eye-gel-polish-hema-free-and-tpo-free-ce11\/#primaryimage"},"thumbnailUrl":"https:\/\/chromeclair.com\/wp-content\/uploads\/2025\/11\/CE-11-1.webp","datePublished":"2025-11-28T03:48:41+00:00","dateModified":"2026-04-13T04:23:36+00:00","description":"Affidatevi a una nail art pi\u00f9 sicura. Il nostro gel per occhi di gatto, testato da un dermatologo, \u00e8 privo di HEMA e TPO. 10 ml di smalto magnetico ad alta pigmentazione per una manicure abbagliante e sicura. Vegano. Per saperne di pi\u00f9 sulla nostra etica.","breadcrumb":{"@id":"https:\/\/chromeclair.com\/product\/10ml-cat-eye-gel-polish-hema-free-and-tpo-free-ce11\/#breadcrumb"},"inLanguage":"it-IT","potentialAction":[{"@type":"ReadAction","target":["https:\/\/chromeclair.com\/product\/10ml-cat-eye-gel-polish-hema-free-and-tpo-free-ce11\/"]}]},{"@type":"ImageObject","inLanguage":"it-IT","@id":"https:\/\/chromeclair.com\/product\/10ml-cat-eye-gel-polish-hema-free-and-tpo-free-ce11\/#primaryimage","url":"https:\/\/chromeclair.com\/wp-content\/uploads\/2025\/11\/CE-11-1.webp","contentUrl":"https:\/\/chromeclair.com\/wp-content\/uploads\/2025\/11\/CE-11-1.webp","width":1000,"height":1000,"caption":"Hema-Free Tpo-Free Cat Eye Gel Polish CE11 10ml CHROM\u00c9CLAIR"},{"@type":"BreadcrumbList","@id":"https:\/\/chromeclair.com\/product\/10ml-cat-eye-gel-polish-hema-free-and-tpo-free-ce11\/#breadcrumb","itemListElement":[{"@type":"ListItem","position":1,"name":"Home","item":"https:\/\/chromeclair.com\/"},{"@type":"ListItem","position":2,"name":"Shop","item":"https:\/\/chromeclair.com\/shop\/"},{"@type":"ListItem","position":3,"name":"10ML Cat Eye Gel Polish HEMA-Free and TPO-Free CE11"}]},{"@type":"WebSite","@id":"https:\/\/chromeclair.com\/#website","url":"https:\/\/chromeclair.com\/","name":"Smalto gel Cat Eye \u2013 Senza HEMA e senza TPO","description":"Mentre altri puntano su una maggiore variet\u00e0 di colori, noi puntiamo su ingredienti pi\u00f9 sicuri.","publisher":{"@id":"https:\/\/chromeclair.com\/#organization"},"potentialAction":[{"@type":"SearchAction","target":{"@type":"EntryPoint","urlTemplate":"https:\/\/chromeclair.com\/?s={search_term_string}"},"query-input":{"@type":"PropertyValueSpecification","valueRequired":true,"valueName":"search_term_string"}}],"inLanguage":"it-IT"},{"@type":"Organization","@id":"https:\/\/chromeclair.com\/#organization","name":"Smalto gel Cat Eye \u2013 Senza HEMA e senza TPO","url":"https:\/\/chromeclair.com\/","logo":{"@type":"ImageObject","inLanguage":"it-IT","@id":"https:\/\/chromeclair.com\/#\/schema\/logo\/image\/","url":"https:\/\/chromeclair.com\/wp-content\/uploads\/2025\/06\/cropped-CHROMECLAIR-Logo-scaled-1.png","contentUrl":"https:\/\/chromeclair.com\/wp-content\/uploads\/2025\/06\/cropped-CHROMECLAIR-Logo-scaled-1.png","width":2151,"height":429,"caption":"Cat Eye Gel Polish \u2013 HEMA-Free \uff06 TPO-Free"},"image":{"@id":"https:\/\/chromeclair.com\/#\/schema\/logo\/image\/"}}]}},"_links":{"self":[{"href":"https:\/\/chromeclair.com\/it\/wp-json\/wp\/v2\/product\/10429","targetHints":{"allow":["GET"]}}],"collection":[{"href":"https:\/\/chromeclair.com\/it\/wp-json\/wp\/v2\/product"}],"about":[{"href":"https:\/\/chromeclair.com\/it\/wp-json\/wp\/v2\/types\/product"}],"replies":[{"embeddable":true,"href":"https:\/\/chromeclair.com\/it\/wp-json\/wp\/v2\/comments?post=10429"}],"wp:featuredmedia":[{"embeddable":true,"href":"https:\/\/chromeclair.com\/it\/wp-json\/wp\/v2\/media\/10430"}],"wp:attachment":[{"href":"https:\/\/chromeclair.com\/it\/wp-json\/wp\/v2\/media?parent=10429"}],"wp:term":[{"taxonomy":"product_brand","embeddable":true,"href":"https:\/\/chromeclair.com\/it\/wp-json\/wp\/v2\/product_brand?post=10429"},{"taxonomy":"product_cat","embeddable":true,"href":"https:\/\/chromeclair.com\/it\/wp-json\/wp\/v2\/product_cat?post=10429"},{"taxonomy":"product_tag","embeddable":true,"href":"https:\/\/chromeclair.com\/it\/wp-json\/wp\/v2\/product_tag?post=10429"}],"curies":[{"name":"wp","href":"https:\/\/api.w.org\/{rel}","templated":true}]}}