{"id":10479,"date":"2025-12-01T06:02:08","date_gmt":"2025-12-01T06:02:08","guid":{"rendered":"https:\/\/chromeclair.com\/?post_type=product&#038;p=10479"},"modified":"2026-04-13T04:02:15","modified_gmt":"2026-04-13T04:02:15","slug":"hematpo-free-solid-color-sr-23-10ml","status":"publish","type":"product","link":"https:\/\/chromeclair.com\/it\/product\/hematpo-free-solid-color-sr-23-10ml\/","title":{"rendered":"HEMA&amp;TPO FREE COLORE UNITO SR-23 10 ML"},"content":{"rendered":"<p>Abbracciate il fascino rustico con SR-23.<\/p>\n\n\n\n<p>Questo color terra di Siena bruciata \u00e8 privo di HEMA e TPO e offre una finitura cremosa e opaca in un flacone sicuro da 10 ml.<\/p>\n\n\n\n<p>Le sue sfumature speziate di cannella creano un effetto confortante ma elegante, ideale per creare nail art di ispirazione vintage e manicure di carattere senza tempo.<\/p>","protected":false},"excerpt":{"rendered":"<p>Richiede l'uso di una lampada UV o di una lampada LED<\/p>","protected":false},"featured_media":10480,"comment_status":"open","ping_status":"closed","template":"","meta":[],"product_brand":[162],"product_cat":[208],"product_tag":[],"class_list":{"0":"post-10479","1":"product","2":"type-product","3":"status-publish","4":"has-post-thumbnail","6":"product_brand-chromeclair","7":"product_cat-solid-color-gel-polish-10ml","9":"first","10":"instock","11":"shipping-taxable","12":"purchasable","13":"product-type-simple"},"yoast_head":"<!-- This site is optimized with the Yoast SEO plugin v27.4 - https:\/\/yoast.com\/product\/yoast-seo-wordpress\/ -->\n<title>HEMA &amp; TPO Free SR-23 Cinnamon Nail Polish Spiced Brown 10ML -CHROM\u00c9CLAIR<\/title>\n<meta name=\"description\" content=\"Elevate your neutral palette with CHROM\u00c9CLAIR SR-23, a spiced brown that exudes modern warmth. This HEMA Free &amp; TPO Free terracotta shade is housed in a professional 10ML bottle. Providing full, even coverage, it&#039;s the perfect statement neutral for creating fashion-forward manicures and designs that feel both cozy and current.\" \/>\n<meta name=\"robots\" content=\"index, follow, max-snippet:-1, max-image-preview:large, max-video-preview:-1\" \/>\n<link rel=\"canonical\" href=\"https:\/\/chromeclair.com\/it\/prodotto\/hematpo-free-solid-color-sr-23-17ml\/\" \/>\n<meta property=\"og:locale\" content=\"it_IT\" \/>\n<meta property=\"og:type\" content=\"article\" \/>\n<meta property=\"og:title\" content=\"HEMA &amp; TPO Free SR-23 Cinnamon Nail Polish Spiced Brown 10ML -CHROM\u00c9CLAIR\" \/>\n<meta property=\"og:description\" content=\"Elevate your neutral palette with CHROM\u00c9CLAIR SR-23, a spiced brown that exudes modern warmth. This HEMA Free &amp; TPO Free terracotta shade is housed in a professional 10ML bottle. Providing full, even coverage, it&#039;s the perfect statement neutral for creating fashion-forward manicures and designs that feel both cozy and current.\" \/>\n<meta property=\"og:url\" content=\"https:\/\/chromeclair.com\/it\/prodotto\/hematpo-free-solid-color-sr-23-17ml\/\" \/>\n<meta property=\"og:site_name\" content=\"Cat Eye Gel Polish \u2013 HEMA-Free \uff06 TPO-Free\" \/>\n<meta property=\"article:modified_time\" content=\"2026-04-13T04:02:15+00:00\" \/>\n<meta property=\"og:image\" content=\"https:\/\/chromeclair.com\/wp-content\/uploads\/2025\/12\/SR-23.webp\" \/>\n\t<meta property=\"og:image:width\" content=\"1000\" \/>\n\t<meta property=\"og:image:height\" content=\"1000\" \/>\n\t<meta property=\"og:image:type\" content=\"image\/webp\" \/>\n<meta name=\"twitter:card\" content=\"summary_large_image\" \/>\n<meta name=\"twitter:label1\" content=\"Tempo di lettura stimato\" \/>\n\t<meta name=\"twitter:data1\" content=\"1 minuto\" \/>\n<script type=\"application\/ld+json\" class=\"yoast-schema-graph\">{\"@context\":\"https:\\\/\\\/schema.org\",\"@graph\":[{\"@type\":\"WebPage\",\"@id\":\"https:\\\/\\\/chromeclair.com\\\/product\\\/hematpo-free-solid-color-sr-23-10ml\\\/\",\"url\":\"https:\\\/\\\/chromeclair.com\\\/product\\\/hematpo-free-solid-color-sr-23-17ml\\\/\",\"name\":\"HEMA & TPO Free SR-23 Cinnamon Nail Polish Spiced Brown 10ML -CHROM\u00c9CLAIR\",\"isPartOf\":{\"@id\":\"https:\\\/\\\/chromeclair.com\\\/#website\"},\"primaryImageOfPage\":{\"@id\":\"https:\\\/\\\/chromeclair.com\\\/product\\\/hematpo-free-solid-color-sr-23-17ml\\\/#primaryimage\"},\"image\":{\"@id\":\"https:\\\/\\\/chromeclair.com\\\/product\\\/hematpo-free-solid-color-sr-23-17ml\\\/#primaryimage\"},\"thumbnailUrl\":\"https:\\\/\\\/chromeclair.com\\\/wp-content\\\/uploads\\\/2025\\\/12\\\/SR-23.webp\",\"datePublished\":\"2025-12-01T06:02:08+00:00\",\"dateModified\":\"2026-04-13T04:02:15+00:00\",\"description\":\"Elevate your neutral palette with CHROM\u00c9CLAIR SR-23, a spiced brown that exudes modern warmth. This HEMA Free & TPO Free terracotta shade is housed in a professional 10ML bottle. Providing full, even coverage, it's the perfect statement neutral for creating fashion-forward manicures and designs that feel both cozy and current.\",\"breadcrumb\":{\"@id\":\"https:\\\/\\\/chromeclair.com\\\/product\\\/hematpo-free-solid-color-sr-23-17ml\\\/#breadcrumb\"},\"inLanguage\":\"it-IT\",\"potentialAction\":[{\"@type\":\"ReadAction\",\"target\":[\"https:\\\/\\\/chromeclair.com\\\/product\\\/hematpo-free-solid-color-sr-23-17ml\\\/\"]}]},{\"@type\":\"ImageObject\",\"inLanguage\":\"it-IT\",\"@id\":\"https:\\\/\\\/chromeclair.com\\\/product\\\/hematpo-free-solid-color-sr-23-17ml\\\/#primaryimage\",\"url\":\"https:\\\/\\\/chromeclair.com\\\/wp-content\\\/uploads\\\/2025\\\/12\\\/SR-23.webp\",\"contentUrl\":\"https:\\\/\\\/chromeclair.com\\\/wp-content\\\/uploads\\\/2025\\\/12\\\/SR-23.webp\",\"width\":1000,\"height\":1000,\"caption\":\"HEMA&TPO FREE SOLID COLOR SR-23 10ML CHROM\u00c9CLAIR\"},{\"@type\":\"BreadcrumbList\",\"@id\":\"https:\\\/\\\/chromeclair.com\\\/product\\\/hematpo-free-solid-color-sr-23-17ml\\\/#breadcrumb\",\"itemListElement\":[{\"@type\":\"ListItem\",\"position\":1,\"name\":\"Home\",\"item\":\"https:\\\/\\\/chromeclair.com\\\/\"},{\"@type\":\"ListItem\",\"position\":2,\"name\":\"Shop\",\"item\":\"https:\\\/\\\/chromeclair.com\\\/shop\\\/\"},{\"@type\":\"ListItem\",\"position\":3,\"name\":\"HEMA&amp;TPO FREE SOLID COLOR SR-23 10ML\"}]},{\"@type\":\"WebSite\",\"@id\":\"https:\\\/\\\/chromeclair.com\\\/#website\",\"url\":\"https:\\\/\\\/chromeclair.com\\\/\",\"name\":\"Cat Eye Gel Polish \u2013 HEMA-Free \uff06 TPO-Free\",\"description\":\"While others focus on having more colors, we focus on having safer ingredients.\",\"publisher\":{\"@id\":\"https:\\\/\\\/chromeclair.com\\\/#organization\"},\"potentialAction\":[{\"@type\":\"SearchAction\",\"target\":{\"@type\":\"EntryPoint\",\"urlTemplate\":\"https:\\\/\\\/chromeclair.com\\\/?s={search_term_string}\"},\"query-input\":{\"@type\":\"PropertyValueSpecification\",\"valueRequired\":true,\"valueName\":\"search_term_string\"}}],\"inLanguage\":\"it-IT\"},{\"@type\":\"Organization\",\"@id\":\"https:\\\/\\\/chromeclair.com\\\/#organization\",\"name\":\"Cat Eye Gel Polish \u2013 HEMA-Free \uff06 TPO-Free\",\"url\":\"https:\\\/\\\/chromeclair.com\\\/\",\"logo\":{\"@type\":\"ImageObject\",\"inLanguage\":\"it-IT\",\"@id\":\"https:\\\/\\\/chromeclair.com\\\/#\\\/schema\\\/logo\\\/image\\\/\",\"url\":\"https:\\\/\\\/chromeclair.com\\\/wp-content\\\/uploads\\\/2025\\\/06\\\/cropped-CHROMECLAIR-Logo-scaled-1.png\",\"contentUrl\":\"https:\\\/\\\/chromeclair.com\\\/wp-content\\\/uploads\\\/2025\\\/06\\\/cropped-CHROMECLAIR-Logo-scaled-1.png\",\"width\":2151,\"height\":429,\"caption\":\"Cat Eye Gel Polish \u2013 HEMA-Free \uff06 TPO-Free\"},\"image\":{\"@id\":\"https:\\\/\\\/chromeclair.com\\\/#\\\/schema\\\/logo\\\/image\\\/\"}}]}<\/script>\n<!-- \/ Yoast SEO plugin. -->","yoast_head_json":{"title":"HEMA &amp; TPO Free SR-23 Smalto per unghie alla cannella Marrone speziato 10 ml - CHROM\u00c9CLAIR","description":"Esalta la tua palette neutra con CHROM\u00c9CLAIR SR-23, un marrone speziato che emana calore moderno. Questa tonalit\u00e0 terracotta senza HEMA e senza TPO \u00e8 contenuta in un flacone professionale da 10 ml. Con una copertura completa e uniforme, \u00e8 il neutro perfetto per creare manicure e design alla moda che risultano accoglienti e attuali.","robots":{"index":"index","follow":"follow","max-snippet":"max-snippet:-1","max-image-preview":"max-image-preview:large","max-video-preview":"max-video-preview:-1"},"canonical":"https:\/\/chromeclair.com\/it\/prodotto\/hematpo-free-solid-color-sr-23-17ml\/","og_locale":"it_IT","og_type":"article","og_title":"HEMA & TPO Free SR-23 Cinnamon Nail Polish Spiced Brown 10ML -CHROM\u00c9CLAIR","og_description":"Elevate your neutral palette with CHROM\u00c9CLAIR SR-23, a spiced brown that exudes modern warmth. This HEMA Free & TPO Free terracotta shade is housed in a professional 10ML bottle. Providing full, even coverage, it's the perfect statement neutral for creating fashion-forward manicures and designs that feel both cozy and current.","og_url":"https:\/\/chromeclair.com\/it\/prodotto\/hematpo-free-solid-color-sr-23-17ml\/","og_site_name":"Cat Eye Gel Polish \u2013 HEMA-Free \uff06 TPO-Free","article_modified_time":"2026-04-13T04:02:15+00:00","og_image":[{"width":1000,"height":1000,"url":"https:\/\/chromeclair.com\/wp-content\/uploads\/2025\/12\/SR-23.webp","type":"image\/webp"}],"twitter_card":"summary_large_image","twitter_misc":{"Tempo di lettura stimato":"1 minuto"},"schema":{"@context":"https:\/\/schema.org","@graph":[{"@type":"WebPage","@id":"https:\/\/chromeclair.com\/product\/hematpo-free-solid-color-sr-23-10ml\/","url":"https:\/\/chromeclair.com\/product\/hematpo-free-solid-color-sr-23-17ml\/","name":"HEMA &amp; TPO Free SR-23 Smalto per unghie alla cannella Marrone speziato 10 ml - CHROM\u00c9CLAIR","isPartOf":{"@id":"https:\/\/chromeclair.com\/#website"},"primaryImageOfPage":{"@id":"https:\/\/chromeclair.com\/product\/hematpo-free-solid-color-sr-23-17ml\/#primaryimage"},"image":{"@id":"https:\/\/chromeclair.com\/product\/hematpo-free-solid-color-sr-23-17ml\/#primaryimage"},"thumbnailUrl":"https:\/\/chromeclair.com\/wp-content\/uploads\/2025\/12\/SR-23.webp","datePublished":"2025-12-01T06:02:08+00:00","dateModified":"2026-04-13T04:02:15+00:00","description":"Esalta la tua palette neutra con CHROM\u00c9CLAIR SR-23, un marrone speziato che emana calore moderno. Questa tonalit\u00e0 terracotta senza HEMA e senza TPO \u00e8 contenuta in un flacone professionale da 10 ml. Con una copertura completa e uniforme, \u00e8 il neutro perfetto per creare manicure e design alla moda che risultano accoglienti e attuali.","breadcrumb":{"@id":"https:\/\/chromeclair.com\/product\/hematpo-free-solid-color-sr-23-17ml\/#breadcrumb"},"inLanguage":"it-IT","potentialAction":[{"@type":"ReadAction","target":["https:\/\/chromeclair.com\/product\/hematpo-free-solid-color-sr-23-17ml\/"]}]},{"@type":"ImageObject","inLanguage":"it-IT","@id":"https:\/\/chromeclair.com\/product\/hematpo-free-solid-color-sr-23-17ml\/#primaryimage","url":"https:\/\/chromeclair.com\/wp-content\/uploads\/2025\/12\/SR-23.webp","contentUrl":"https:\/\/chromeclair.com\/wp-content\/uploads\/2025\/12\/SR-23.webp","width":1000,"height":1000,"caption":"HEMA&TPO FREE SOLID COLOR SR-23 10ML CHROM\u00c9CLAIR"},{"@type":"BreadcrumbList","@id":"https:\/\/chromeclair.com\/product\/hematpo-free-solid-color-sr-23-17ml\/#breadcrumb","itemListElement":[{"@type":"ListItem","position":1,"name":"Home","item":"https:\/\/chromeclair.com\/"},{"@type":"ListItem","position":2,"name":"Shop","item":"https:\/\/chromeclair.com\/shop\/"},{"@type":"ListItem","position":3,"name":"HEMA&amp;TPO FREE SOLID COLOR SR-23 10ML"}]},{"@type":"WebSite","@id":"https:\/\/chromeclair.com\/#website","url":"https:\/\/chromeclair.com\/","name":"Smalto gel Cat Eye \u2013 Senza HEMA e senza TPO","description":"Mentre altri puntano su una maggiore variet\u00e0 di colori, noi puntiamo su ingredienti pi\u00f9 sicuri.","publisher":{"@id":"https:\/\/chromeclair.com\/#organization"},"potentialAction":[{"@type":"SearchAction","target":{"@type":"EntryPoint","urlTemplate":"https:\/\/chromeclair.com\/?s={search_term_string}"},"query-input":{"@type":"PropertyValueSpecification","valueRequired":true,"valueName":"search_term_string"}}],"inLanguage":"it-IT"},{"@type":"Organization","@id":"https:\/\/chromeclair.com\/#organization","name":"Smalto gel Cat Eye \u2013 Senza HEMA e senza TPO","url":"https:\/\/chromeclair.com\/","logo":{"@type":"ImageObject","inLanguage":"it-IT","@id":"https:\/\/chromeclair.com\/#\/schema\/logo\/image\/","url":"https:\/\/chromeclair.com\/wp-content\/uploads\/2025\/06\/cropped-CHROMECLAIR-Logo-scaled-1.png","contentUrl":"https:\/\/chromeclair.com\/wp-content\/uploads\/2025\/06\/cropped-CHROMECLAIR-Logo-scaled-1.png","width":2151,"height":429,"caption":"Cat Eye Gel Polish \u2013 HEMA-Free \uff06 TPO-Free"},"image":{"@id":"https:\/\/chromeclair.com\/#\/schema\/logo\/image\/"}}]}},"_links":{"self":[{"href":"https:\/\/chromeclair.com\/it\/wp-json\/wp\/v2\/product\/10479","targetHints":{"allow":["GET"]}}],"collection":[{"href":"https:\/\/chromeclair.com\/it\/wp-json\/wp\/v2\/product"}],"about":[{"href":"https:\/\/chromeclair.com\/it\/wp-json\/wp\/v2\/types\/product"}],"replies":[{"embeddable":true,"href":"https:\/\/chromeclair.com\/it\/wp-json\/wp\/v2\/comments?post=10479"}],"wp:featuredmedia":[{"embeddable":true,"href":"https:\/\/chromeclair.com\/it\/wp-json\/wp\/v2\/media\/10480"}],"wp:attachment":[{"href":"https:\/\/chromeclair.com\/it\/wp-json\/wp\/v2\/media?parent=10479"}],"wp:term":[{"taxonomy":"product_brand","embeddable":true,"href":"https:\/\/chromeclair.com\/it\/wp-json\/wp\/v2\/product_brand?post=10479"},{"taxonomy":"product_cat","embeddable":true,"href":"https:\/\/chromeclair.com\/it\/wp-json\/wp\/v2\/product_cat?post=10479"},{"taxonomy":"product_tag","embeddable":true,"href":"https:\/\/chromeclair.com\/it\/wp-json\/wp\/v2\/product_tag?post=10479"}],"curies":[{"name":"wp","href":"https:\/\/api.w.org\/{rel}","templated":true}]}}