{"id":7239,"date":"2025-06-19T08:46:07","date_gmt":"2025-06-19T08:46:07","guid":{"rendered":"https:\/\/chromeclair.com\/?post_type=product&#038;p=7239"},"modified":"2026-04-13T06:14:45","modified_gmt":"2026-04-13T06:14:45","slug":"hema-free-gel-polish-17ml-7pcs","status":"publish","type":"product","link":"https:\/\/chromeclair.com\/it\/product\/hema-free-gel-polish-17ml-7pcs\/","title":{"rendered":"UV1 Gel Polish Set 17ml 7PCS"},"content":{"rendered":"<p><strong>Ingredienti<\/strong>:<\/p>\n\n\n\n<p><br>monomero ACMO, fotoiniziatore TMO, olio di soia epossidato, nerofumo bianco, mica secca in polvere, pigmento blu 29, nano biossido di titanio, ossido di ferro, giallo ossido di ferro, nero ossido di ferro, violetto di manganese, copolimero acrilico (estere)<\/p>\n\n\n\n<p><strong>1 PCS di base (17ML) \uff06 5 PCS di gel colorato (17ML) \uff06 1 PCS di top coat (17ML).<\/strong><\/p>\n\n\n\n<p><strong>Ingredienti aggiornati:&nbsp;<\/strong>Senza HEMA, senza TPO, senza HPMA, conforme agli standard UE.<\/p>\n\n\n\n<p><strong>Design della bottiglia che cambia le carte in tavola:&nbsp;<\/strong>I colori visualizzati sul fondo e sui lati del flacone sono coerenti con il colore dello smalto contenuto nel flacone.<\/p>\n\n\n\n<p><strong>Capacit\u00e0 aggiornata:&nbsp;<\/strong>La grande capacit\u00e0 di 17ML \u00e8 adatta per l'uso in varie occasioni e per tutto l'anno.<\/p>\n\n\n\n<p><strong>Lunga durata:&nbsp;<\/strong>Lo smalto gel CHROM\u00c9CLAIR pu\u00f2 durare pi\u00f9 di 20 giorni.<\/p>\n\n\n\n<p><strong>Asciugatura rapida:&nbsp;<\/strong>polimerizzare per 30-60 secondi sotto lampade UV o LED.<\/p>\n\n\n\n<p><strong>Se desiderate acquistarne di pi\u00f9, contattateci via WhatsApp al numero +8615169027439 e vi forniremo uno sconto personalizzato.<\/strong><\/p>\n\n\n\n<p><\/p>","protected":false},"excerpt":{"rendered":"<p>Richiede l'uso di una lampada UV o di una lampada LED<\/p>","protected":false},"featured_media":7381,"comment_status":"open","ping_status":"closed","template":"","meta":[],"product_brand":[162],"product_cat":[50],"product_tag":[],"class_list":{"0":"post-7239","1":"product","2":"type-product","3":"status-publish","4":"has-post-thumbnail","6":"product_brand-chromeclair","7":"product_cat-gel-polish-sets","9":"first","10":"instock","11":"sale","12":"shipping-taxable","13":"purchasable","14":"product-type-simple"},"yoast_head":"<!-- This site is optimized with the Yoast SEO plugin v27.4 - https:\/\/yoast.com\/product\/yoast-seo-wordpress\/ -->\n<title>HEMA free Gel Polish and TPO-free Gel Polish - CHROM\u00c9CLAIR Gel Polish<\/title>\n<meta name=\"description\" content=\"CHROM\u00c9CLAIR Gel Nail Polish has updated its Hema\/HPMA\/TPO Free &amp; Vegan and Non-TOXIC formula to enjoy a safer, healthier and more environmentally friendly.\" \/>\n<meta name=\"robots\" content=\"index, follow, max-snippet:-1, max-image-preview:large, max-video-preview:-1\" \/>\n<link rel=\"canonical\" href=\"https:\/\/chromeclair.com\/it\/prodotto\/smalto-gel-hema-free-17ml-7pz\/\" \/>\n<meta property=\"og:locale\" content=\"it_IT\" \/>\n<meta property=\"og:type\" content=\"article\" \/>\n<meta property=\"og:title\" content=\"HEMA free Gel Polish and TPO-free Gel Polish - CHROM\u00c9CLAIR Gel Polish\" \/>\n<meta property=\"og:description\" content=\"CHROM\u00c9CLAIR Gel Nail Polish has updated its Hema\/HPMA\/TPO Free &amp; Vegan and Non-TOXIC formula to enjoy a safer, healthier and more environmentally friendly.\" \/>\n<meta property=\"og:url\" content=\"https:\/\/chromeclair.com\/it\/prodotto\/smalto-gel-hema-free-17ml-7pz\/\" \/>\n<meta property=\"og:site_name\" content=\"Cat Eye Gel Polish \u2013 HEMA-Free \uff06 TPO-Free\" \/>\n<meta property=\"article:modified_time\" content=\"2026-04-13T06:14:45+00:00\" \/>\n<meta property=\"og:image\" content=\"https:\/\/chromeclair.com\/wp-content\/uploads\/2025\/06\/CHROMECLAIR-Gel-polish-7PCS-SETS-UV1.jpg\" \/>\n\t<meta property=\"og:image:width\" content=\"1920\" \/>\n\t<meta property=\"og:image:height\" content=\"1788\" \/>\n\t<meta property=\"og:image:type\" content=\"image\/jpeg\" \/>\n<meta name=\"twitter:card\" content=\"summary_large_image\" \/>\n<meta name=\"twitter:label1\" content=\"Tempo di lettura stimato\" \/>\n\t<meta name=\"twitter:data1\" content=\"1 minuto\" \/>\n<script type=\"application\/ld+json\" class=\"yoast-schema-graph\">{\"@context\":\"https:\\\/\\\/schema.org\",\"@graph\":[{\"@type\":\"WebPage\",\"@id\":\"https:\\\/\\\/chromeclair.com\\\/product\\\/hema-free-gel-polish-17ml-7pcs\\\/\",\"url\":\"https:\\\/\\\/chromeclair.com\\\/product\\\/hema-free-gel-polish-17ml-7pcs\\\/\",\"name\":\"HEMA free Gel Polish and TPO-free Gel Polish - CHROM\u00c9CLAIR Gel Polish\",\"isPartOf\":{\"@id\":\"https:\\\/\\\/chromeclair.com\\\/#website\"},\"primaryImageOfPage\":{\"@id\":\"https:\\\/\\\/chromeclair.com\\\/product\\\/hema-free-gel-polish-17ml-7pcs\\\/#primaryimage\"},\"image\":{\"@id\":\"https:\\\/\\\/chromeclair.com\\\/product\\\/hema-free-gel-polish-17ml-7pcs\\\/#primaryimage\"},\"thumbnailUrl\":\"https:\\\/\\\/chromeclair.com\\\/wp-content\\\/uploads\\\/2025\\\/06\\\/CHROMECLAIR-Gel-polish-7PCS-SETS-UV1.jpg\",\"datePublished\":\"2025-06-19T08:46:07+00:00\",\"dateModified\":\"2026-04-13T06:14:45+00:00\",\"description\":\"CHROM\u00c9CLAIR Gel Nail Polish has updated its Hema\\\/HPMA\\\/TPO Free & Vegan and Non-TOXIC formula to enjoy a safer, healthier and more environmentally friendly.\",\"inLanguage\":\"it-IT\",\"potentialAction\":[{\"@type\":\"ReadAction\",\"target\":[\"https:\\\/\\\/chromeclair.com\\\/product\\\/hema-free-gel-polish-17ml-7pcs\\\/\"]}]},{\"@type\":\"ImageObject\",\"inLanguage\":\"it-IT\",\"@id\":\"https:\\\/\\\/chromeclair.com\\\/product\\\/hema-free-gel-polish-17ml-7pcs\\\/#primaryimage\",\"url\":\"https:\\\/\\\/chromeclair.com\\\/wp-content\\\/uploads\\\/2025\\\/06\\\/CHROMECLAIR-Gel-polish-7PCS-SETS-UV1.jpg\",\"contentUrl\":\"https:\\\/\\\/chromeclair.com\\\/wp-content\\\/uploads\\\/2025\\\/06\\\/CHROMECLAIR-Gel-polish-7PCS-SETS-UV1.jpg\",\"width\":1920,\"height\":1788,\"caption\":\"CHROM\u00c9CLAIR Gel polish 7PCS SETS UV1\"},{\"@type\":\"WebSite\",\"@id\":\"https:\\\/\\\/chromeclair.com\\\/#website\",\"url\":\"https:\\\/\\\/chromeclair.com\\\/\",\"name\":\"Cat Eye Gel Polish \u2013 HEMA-Free \uff06 TPO-Free\",\"description\":\"While others focus on having more colors, we focus on having safer ingredients.\",\"publisher\":{\"@id\":\"https:\\\/\\\/chromeclair.com\\\/#organization\"},\"potentialAction\":[{\"@type\":\"SearchAction\",\"target\":{\"@type\":\"EntryPoint\",\"urlTemplate\":\"https:\\\/\\\/chromeclair.com\\\/?s={search_term_string}\"},\"query-input\":{\"@type\":\"PropertyValueSpecification\",\"valueRequired\":true,\"valueName\":\"search_term_string\"}}],\"inLanguage\":\"it-IT\"},{\"@type\":\"Organization\",\"@id\":\"https:\\\/\\\/chromeclair.com\\\/#organization\",\"name\":\"Cat Eye Gel Polish \u2013 HEMA-Free \uff06 TPO-Free\",\"url\":\"https:\\\/\\\/chromeclair.com\\\/\",\"logo\":{\"@type\":\"ImageObject\",\"inLanguage\":\"it-IT\",\"@id\":\"https:\\\/\\\/chromeclair.com\\\/#\\\/schema\\\/logo\\\/image\\\/\",\"url\":\"https:\\\/\\\/chromeclair.com\\\/wp-content\\\/uploads\\\/2025\\\/06\\\/cropped-CHROMECLAIR-Logo-scaled-1.png\",\"contentUrl\":\"https:\\\/\\\/chromeclair.com\\\/wp-content\\\/uploads\\\/2025\\\/06\\\/cropped-CHROMECLAIR-Logo-scaled-1.png\",\"width\":2151,\"height\":429,\"caption\":\"Cat Eye Gel Polish \u2013 HEMA-Free \uff06 TPO-Free\"},\"image\":{\"@id\":\"https:\\\/\\\/chromeclair.com\\\/#\\\/schema\\\/logo\\\/image\\\/\"}}]}<\/script>\n<!-- \/ Yoast SEO plugin. -->","yoast_head_json":{"title":"Smalto gel senza HEMA e smalto gel senza TPO - Smalto gel CHROM\u00c9CLAIR","description":"CHROM\u00c9CLAIR Gel Nail Polish ha aggiornato la sua formula Hema\/HPMA\/TPO Free &amp; Vegan e Non-TOXIC per godere di uno smalto pi\u00f9 sicuro, pi\u00f9 sano e pi\u00f9 rispettoso dell'ambiente.","robots":{"index":"index","follow":"follow","max-snippet":"max-snippet:-1","max-image-preview":"max-image-preview:large","max-video-preview":"max-video-preview:-1"},"canonical":"https:\/\/chromeclair.com\/it\/prodotto\/smalto-gel-hema-free-17ml-7pz\/","og_locale":"it_IT","og_type":"article","og_title":"HEMA free Gel Polish and TPO-free Gel Polish - CHROM\u00c9CLAIR Gel Polish","og_description":"CHROM\u00c9CLAIR Gel Nail Polish has updated its Hema\/HPMA\/TPO Free & Vegan and Non-TOXIC formula to enjoy a safer, healthier and more environmentally friendly.","og_url":"https:\/\/chromeclair.com\/it\/prodotto\/smalto-gel-hema-free-17ml-7pz\/","og_site_name":"Cat Eye Gel Polish \u2013 HEMA-Free \uff06 TPO-Free","article_modified_time":"2026-04-13T06:14:45+00:00","og_image":[{"width":1920,"height":1788,"url":"https:\/\/chromeclair.com\/wp-content\/uploads\/2025\/06\/CHROMECLAIR-Gel-polish-7PCS-SETS-UV1.jpg","type":"image\/jpeg"}],"twitter_card":"summary_large_image","twitter_misc":{"Tempo di lettura stimato":"1 minuto"},"schema":{"@context":"https:\/\/schema.org","@graph":[{"@type":"WebPage","@id":"https:\/\/chromeclair.com\/product\/hema-free-gel-polish-17ml-7pcs\/","url":"https:\/\/chromeclair.com\/product\/hema-free-gel-polish-17ml-7pcs\/","name":"Smalto gel senza HEMA e smalto gel senza TPO - Smalto gel CHROM\u00c9CLAIR","isPartOf":{"@id":"https:\/\/chromeclair.com\/#website"},"primaryImageOfPage":{"@id":"https:\/\/chromeclair.com\/product\/hema-free-gel-polish-17ml-7pcs\/#primaryimage"},"image":{"@id":"https:\/\/chromeclair.com\/product\/hema-free-gel-polish-17ml-7pcs\/#primaryimage"},"thumbnailUrl":"https:\/\/chromeclair.com\/wp-content\/uploads\/2025\/06\/CHROMECLAIR-Gel-polish-7PCS-SETS-UV1.jpg","datePublished":"2025-06-19T08:46:07+00:00","dateModified":"2026-04-13T06:14:45+00:00","description":"CHROM\u00c9CLAIR Gel Nail Polish ha aggiornato la sua formula Hema\/HPMA\/TPO Free &amp; Vegan e Non-TOXIC per godere di uno smalto pi\u00f9 sicuro, pi\u00f9 sano e pi\u00f9 rispettoso dell'ambiente.","inLanguage":"it-IT","potentialAction":[{"@type":"ReadAction","target":["https:\/\/chromeclair.com\/product\/hema-free-gel-polish-17ml-7pcs\/"]}]},{"@type":"ImageObject","inLanguage":"it-IT","@id":"https:\/\/chromeclair.com\/product\/hema-free-gel-polish-17ml-7pcs\/#primaryimage","url":"https:\/\/chromeclair.com\/wp-content\/uploads\/2025\/06\/CHROMECLAIR-Gel-polish-7PCS-SETS-UV1.jpg","contentUrl":"https:\/\/chromeclair.com\/wp-content\/uploads\/2025\/06\/CHROMECLAIR-Gel-polish-7PCS-SETS-UV1.jpg","width":1920,"height":1788,"caption":"CHROM\u00c9CLAIR Gel polish 7PCS SETS UV1"},{"@type":"WebSite","@id":"https:\/\/chromeclair.com\/#website","url":"https:\/\/chromeclair.com\/","name":"Smalto gel Cat Eye \u2013 Senza HEMA e senza TPO","description":"Mentre altri puntano su una maggiore variet\u00e0 di colori, noi puntiamo su ingredienti pi\u00f9 sicuri.","publisher":{"@id":"https:\/\/chromeclair.com\/#organization"},"potentialAction":[{"@type":"SearchAction","target":{"@type":"EntryPoint","urlTemplate":"https:\/\/chromeclair.com\/?s={search_term_string}"},"query-input":{"@type":"PropertyValueSpecification","valueRequired":true,"valueName":"search_term_string"}}],"inLanguage":"it-IT"},{"@type":"Organization","@id":"https:\/\/chromeclair.com\/#organization","name":"Smalto gel Cat Eye \u2013 Senza HEMA e senza TPO","url":"https:\/\/chromeclair.com\/","logo":{"@type":"ImageObject","inLanguage":"it-IT","@id":"https:\/\/chromeclair.com\/#\/schema\/logo\/image\/","url":"https:\/\/chromeclair.com\/wp-content\/uploads\/2025\/06\/cropped-CHROMECLAIR-Logo-scaled-1.png","contentUrl":"https:\/\/chromeclair.com\/wp-content\/uploads\/2025\/06\/cropped-CHROMECLAIR-Logo-scaled-1.png","width":2151,"height":429,"caption":"Cat Eye Gel Polish \u2013 HEMA-Free \uff06 TPO-Free"},"image":{"@id":"https:\/\/chromeclair.com\/#\/schema\/logo\/image\/"}}]}},"_links":{"self":[{"href":"https:\/\/chromeclair.com\/it\/wp-json\/wp\/v2\/product\/7239","targetHints":{"allow":["GET"]}}],"collection":[{"href":"https:\/\/chromeclair.com\/it\/wp-json\/wp\/v2\/product"}],"about":[{"href":"https:\/\/chromeclair.com\/it\/wp-json\/wp\/v2\/types\/product"}],"replies":[{"embeddable":true,"href":"https:\/\/chromeclair.com\/it\/wp-json\/wp\/v2\/comments?post=7239"}],"wp:featuredmedia":[{"embeddable":true,"href":"https:\/\/chromeclair.com\/it\/wp-json\/wp\/v2\/media\/7381"}],"wp:attachment":[{"href":"https:\/\/chromeclair.com\/it\/wp-json\/wp\/v2\/media?parent=7239"}],"wp:term":[{"taxonomy":"product_brand","embeddable":true,"href":"https:\/\/chromeclair.com\/it\/wp-json\/wp\/v2\/product_brand?post=7239"},{"taxonomy":"product_cat","embeddable":true,"href":"https:\/\/chromeclair.com\/it\/wp-json\/wp\/v2\/product_cat?post=7239"},{"taxonomy":"product_tag","embeddable":true,"href":"https:\/\/chromeclair.com\/it\/wp-json\/wp\/v2\/product_tag?post=7239"}],"curies":[{"name":"wp","href":"https:\/\/api.w.org\/{rel}","templated":true}]}}