{"id":8439,"date":"2025-08-20T07:20:20","date_gmt":"2025-08-20T07:20:20","guid":{"rendered":"https:\/\/chromeclair.com\/?post_type=product&#038;p=8439"},"modified":"2026-04-13T06:07:43","modified_gmt":"2026-04-13T06:07:43","slug":"base-coat-10ml-hema-free-tpo-free","status":"publish","type":"product","link":"https:\/\/chromeclair.com\/it\/product\/base-coat-10ml-hema-free-tpo-free\/","title":{"rendered":"Base Coat 10ML Senza HEMA Senza TPO"},"content":{"rendered":"<p><strong>Caratteristiche principali del prodotto:<\/strong><\/p>\n\n\n\n<ul class=\"wp-block-list\">\n<li>Formula aggiornata: Senza HEMA e senza TPO, conforme agli standard UE.<\/li>\n\n\n\n<li>Capacit\u00e0 migliorata: Dispone di una generosa capacit\u00e0 di 10 ml per un uso prolungato.<\/li>\n\n\n\n<li>Prestazioni di qualit\u00e0 da salone: Il fondo CHROM\u00c9CLAIR previene efficacemente le sbeccature e le spellature per una finitura di lunga durata.<\/li>\n\n\n\n<li>Compatibilit\u00e0 con la polimerizzazione: Funziona con lampade UV e LED.<\/li>\n\n\n\n<li>Certificazioni: Include le certificazioni CE e MSDS.<\/li>\n<\/ul>\n\n\n\n<p><strong>Come si usa:<\/strong><\/p>\n\n\n\n<ol start=\"1\" class=\"wp-block-list\">\n<li>Preparare le unghie pulendo e lucidando leggermente la superficie come per una normale manicure.<\/li>\n\n\n\n<li>Agitare bene il flacone di smalto gel per garantire una consistenza uniforme del colore.&nbsp;<em>(Importante)<\/em><\/li>\n\n\n\n<li>Applicare un sottile strato di base per migliorare l'adesione e la durata dello smalto. Polimerizzare sotto una lampada UV\/LED per 60 secondi.&nbsp;<em>(Essenziale)<\/em><\/li>\n\n\n\n<li>Applicare il primo strato sottile di gel colorato e polimerizzare sotto una lampada UV\/LED per 60 secondi.<\/li>\n\n\n\n<li>Applicare un secondo strato sottile di gel colorato e polimerizzare immediatamente sotto la lampada per altri 60 secondi.<\/li>\n\n\n\n<li>Rifinire con uno strato di finitura e polimerizzare ancora una volta sotto una lampada UV o LED.<\/li>\n<\/ol>\n\n\n\n<p><\/p>\n\n\n\n<p>\ud83c\udf1f La soluzione definitiva per una manicure in gel sana e sorprendente<\/p>\n\n\n\n<p>Siete stanchi di preoccuparvi di allergie alle unghie, irritazioni o danni causati da sostanze chimiche aggressive? Il nostro primer per gel senza HEMA \u00e8 stato formulato appositamente per chi ha la pelle e le unghie sensibili, garantendo risultati perfetti senza compromessi.<\/p>\n\n\n\n<p>PERCH\u00c9 SCEGLIERE IL NOSTRO PRIMER SENZA EMA?<\/p>\n\n\n\n<p>\ud83d\udee1\ufe0f IPOALLERGENICO E SICURO: Completamente privo di HEMA, HPMA e altri comuni agenti irritanti. La nostra formula \"10-Free\" riduce significativamente il rischio di reazioni allergiche, rendendolo ideale sia per i professionisti che per gli utenti domestici.<\/p>\n\n\n\n<p>SUPERIOR BOND &amp; LONG-LASTING WEAR: crea una presa perfetta e non dannosa tra l'unghia naturale e lo smalto gel. Dite addio a sollevamenti, scheggiature o sbucciature. Godetevi una manicure impeccabile che dura oltre 3 settimane.<\/p>\n\n\n\n<p>\ud83c\udf3f UNGHIE TRASPIRANTI E PI\u00d9 SANE: La nostra innovativa formula traspirante consente il passaggio di umidit\u00e0 e ossigeno, favorendo la crescita di unghie pi\u00f9 forti e sane nel tempo. Niente pi\u00f9 ingiallimento o indebolimento.<\/p>\n\n\n\n<p>\ud83c\udfa8 PERFORMANCE DI GENERE PROFESSIONALE: \u00e8 apprezzato dai saloni per la facilit\u00e0 di applicazione, la texture autolivellante e la finitura cristallina. \u00c8 la base perfetta per qualsiasi colore di smalto gel, garantendo risultati vibranti e fedeli al colore.<\/p>\n\n\n\n<p>\ud83d\udc30 VEGAN E CRUELTY-FREE: Siamo orgogliosi di dire che non \u00e8 mai stato testato sugli animali.<\/p>","protected":false},"excerpt":{"rendered":"<p>Richiede l'uso di una lampada UV o di una lampada LED<\/p>","protected":false},"featured_media":8440,"comment_status":"open","ping_status":"closed","template":"","meta":[],"product_brand":[162],"product_cat":[178],"product_tag":[],"class_list":{"0":"post-8439","1":"product","2":"type-product","3":"status-publish","4":"has-post-thumbnail","6":"product_brand-chromeclair","7":"product_cat-base-top-coat","9":"first","10":"instock","11":"sale","12":"shipping-taxable","13":"purchasable","14":"product-type-simple"},"yoast_head":"<!-- This site is optimized with the Yoast SEO plugin v27.4 - https:\/\/yoast.com\/product\/yoast-seo-wordpress\/ -->\n<title>10-Free HEMA &amp; Allergy-Safe Gel Base Coat | Breathable Formula for Stronger, Healthier Nails | Odorless Primer - CHROM\u00c9CLAIR<\/title>\n<meta name=\"description\" content=\"HEMA Free Gel Base Coat and Nail Primer for Sensitive Nails - Professional Hypoallergenic, Acid-Free, Long Lasting Builder Gel for Gel Polish Kit, Manicure Supplies\" \/>\n<meta name=\"robots\" content=\"index, follow, max-snippet:-1, max-image-preview:large, max-video-preview:-1\" \/>\n<link rel=\"canonical\" href=\"https:\/\/chromeclair.com\/it\/prodotto\/base-coat-10ml-hema-free-tpo-free\/\" \/>\n<meta property=\"og:locale\" content=\"it_IT\" \/>\n<meta property=\"og:type\" content=\"article\" \/>\n<meta property=\"og:title\" content=\"10-Free HEMA &amp; Allergy-Safe Gel Base Coat | Breathable Formula for Stronger, Healthier Nails | Odorless Primer - CHROM\u00c9CLAIR\" \/>\n<meta property=\"og:description\" content=\"HEMA Free Gel Base Coat and Nail Primer for Sensitive Nails - Professional Hypoallergenic, Acid-Free, Long Lasting Builder Gel for Gel Polish Kit, Manicure Supplies\" \/>\n<meta property=\"og:url\" content=\"https:\/\/chromeclair.com\/it\/prodotto\/base-coat-10ml-hema-free-tpo-free\/\" \/>\n<meta property=\"og:site_name\" content=\"Cat Eye Gel Polish \u2013 HEMA-Free \uff06 TPO-Free\" \/>\n<meta property=\"article:modified_time\" content=\"2026-04-13T06:07:43+00:00\" \/>\n<meta property=\"og:image\" content=\"https:\/\/chromeclair.com\/wp-content\/uploads\/2025\/08\/BASE-COAT.jpg\" \/>\n\t<meta property=\"og:image:width\" content=\"800\" \/>\n\t<meta property=\"og:image:height\" content=\"800\" \/>\n\t<meta property=\"og:image:type\" content=\"image\/jpeg\" \/>\n<meta name=\"twitter:card\" content=\"summary_large_image\" \/>\n<meta name=\"twitter:label1\" content=\"Tempo di lettura stimato\" \/>\n\t<meta name=\"twitter:data1\" content=\"2 minuti\" \/>\n<script type=\"application\/ld+json\" class=\"yoast-schema-graph\">{\"@context\":\"https:\\\/\\\/schema.org\",\"@graph\":[{\"@type\":\"WebPage\",\"@id\":\"https:\\\/\\\/chromeclair.com\\\/product\\\/base-coat-10ml-hema-free-tpo-free\\\/\",\"url\":\"https:\\\/\\\/chromeclair.com\\\/product\\\/base-coat-10ml-hema-free-tpo-free\\\/\",\"name\":\"10-Free HEMA & Allergy-Safe Gel Base Coat | Breathable Formula for Stronger, Healthier Nails | Odorless Primer - CHROM\u00c9CLAIR\",\"isPartOf\":{\"@id\":\"https:\\\/\\\/chromeclair.com\\\/#website\"},\"primaryImageOfPage\":{\"@id\":\"https:\\\/\\\/chromeclair.com\\\/product\\\/base-coat-10ml-hema-free-tpo-free\\\/#primaryimage\"},\"image\":{\"@id\":\"https:\\\/\\\/chromeclair.com\\\/product\\\/base-coat-10ml-hema-free-tpo-free\\\/#primaryimage\"},\"thumbnailUrl\":\"https:\\\/\\\/chromeclair.com\\\/wp-content\\\/uploads\\\/2025\\\/08\\\/BASE-COAT.jpg\",\"datePublished\":\"2025-08-20T07:20:20+00:00\",\"dateModified\":\"2026-04-13T06:07:43+00:00\",\"description\":\"HEMA Free Gel Base Coat and Nail Primer for Sensitive Nails - Professional Hypoallergenic, Acid-Free, Long Lasting Builder Gel for Gel Polish Kit, Manicure Supplies\",\"breadcrumb\":{\"@id\":\"https:\\\/\\\/chromeclair.com\\\/product\\\/base-coat-10ml-hema-free-tpo-free\\\/#breadcrumb\"},\"inLanguage\":\"it-IT\",\"potentialAction\":[{\"@type\":\"ReadAction\",\"target\":[\"https:\\\/\\\/chromeclair.com\\\/product\\\/base-coat-10ml-hema-free-tpo-free\\\/\"]}]},{\"@type\":\"ImageObject\",\"inLanguage\":\"it-IT\",\"@id\":\"https:\\\/\\\/chromeclair.com\\\/product\\\/base-coat-10ml-hema-free-tpo-free\\\/#primaryimage\",\"url\":\"https:\\\/\\\/chromeclair.com\\\/wp-content\\\/uploads\\\/2025\\\/08\\\/BASE-COAT.jpg\",\"contentUrl\":\"https:\\\/\\\/chromeclair.com\\\/wp-content\\\/uploads\\\/2025\\\/08\\\/BASE-COAT.jpg\",\"width\":800,\"height\":800,\"caption\":\"BASE COAT\"},{\"@type\":\"BreadcrumbList\",\"@id\":\"https:\\\/\\\/chromeclair.com\\\/product\\\/base-coat-10ml-hema-free-tpo-free\\\/#breadcrumb\",\"itemListElement\":[{\"@type\":\"ListItem\",\"position\":1,\"name\":\"Home\",\"item\":\"https:\\\/\\\/chromeclair.com\\\/\"},{\"@type\":\"ListItem\",\"position\":2,\"name\":\"Shop\",\"item\":\"https:\\\/\\\/chromeclair.com\\\/shop\\\/\"},{\"@type\":\"ListItem\",\"position\":3,\"name\":\"Base Coat 10ML HEMA Free TPO Free\"}]},{\"@type\":\"WebSite\",\"@id\":\"https:\\\/\\\/chromeclair.com\\\/#website\",\"url\":\"https:\\\/\\\/chromeclair.com\\\/\",\"name\":\"Cat Eye Gel Polish \u2013 HEMA-Free \uff06 TPO-Free\",\"description\":\"While others focus on having more colors, we focus on having safer ingredients.\",\"publisher\":{\"@id\":\"https:\\\/\\\/chromeclair.com\\\/#organization\"},\"potentialAction\":[{\"@type\":\"SearchAction\",\"target\":{\"@type\":\"EntryPoint\",\"urlTemplate\":\"https:\\\/\\\/chromeclair.com\\\/?s={search_term_string}\"},\"query-input\":{\"@type\":\"PropertyValueSpecification\",\"valueRequired\":true,\"valueName\":\"search_term_string\"}}],\"inLanguage\":\"it-IT\"},{\"@type\":\"Organization\",\"@id\":\"https:\\\/\\\/chromeclair.com\\\/#organization\",\"name\":\"Cat Eye Gel Polish \u2013 HEMA-Free \uff06 TPO-Free\",\"url\":\"https:\\\/\\\/chromeclair.com\\\/\",\"logo\":{\"@type\":\"ImageObject\",\"inLanguage\":\"it-IT\",\"@id\":\"https:\\\/\\\/chromeclair.com\\\/#\\\/schema\\\/logo\\\/image\\\/\",\"url\":\"https:\\\/\\\/chromeclair.com\\\/wp-content\\\/uploads\\\/2025\\\/06\\\/cropped-CHROMECLAIR-Logo-scaled-1.png\",\"contentUrl\":\"https:\\\/\\\/chromeclair.com\\\/wp-content\\\/uploads\\\/2025\\\/06\\\/cropped-CHROMECLAIR-Logo-scaled-1.png\",\"width\":2151,\"height\":429,\"caption\":\"Cat Eye Gel Polish \u2013 HEMA-Free \uff06 TPO-Free\"},\"image\":{\"@id\":\"https:\\\/\\\/chromeclair.com\\\/#\\\/schema\\\/logo\\\/image\\\/\"}}]}<\/script>\n<!-- \/ Yoast SEO plugin. -->","yoast_head_json":{"title":"Gel Base Coat 10-Free HEMA &amp; Allergy-Safe | Formula traspirante per unghie pi\u00f9 forti e sane | Primer inodore - CHROM\u00c9CLAIR","description":"Base gel e primer per unghie senza HEMA per unghie sensibili - Gel costruttore professionale ipoallergenico, privo di acidi e a lunga durata per kit di smalti gel, forniture per manicure","robots":{"index":"index","follow":"follow","max-snippet":"max-snippet:-1","max-image-preview":"max-image-preview:large","max-video-preview":"max-video-preview:-1"},"canonical":"https:\/\/chromeclair.com\/it\/prodotto\/base-coat-10ml-hema-free-tpo-free\/","og_locale":"it_IT","og_type":"article","og_title":"10-Free HEMA & Allergy-Safe Gel Base Coat | Breathable Formula for Stronger, Healthier Nails | Odorless Primer - CHROM\u00c9CLAIR","og_description":"HEMA Free Gel Base Coat and Nail Primer for Sensitive Nails - Professional Hypoallergenic, Acid-Free, Long Lasting Builder Gel for Gel Polish Kit, Manicure Supplies","og_url":"https:\/\/chromeclair.com\/it\/prodotto\/base-coat-10ml-hema-free-tpo-free\/","og_site_name":"Cat Eye Gel Polish \u2013 HEMA-Free \uff06 TPO-Free","article_modified_time":"2026-04-13T06:07:43+00:00","og_image":[{"width":800,"height":800,"url":"https:\/\/chromeclair.com\/wp-content\/uploads\/2025\/08\/BASE-COAT.jpg","type":"image\/jpeg"}],"twitter_card":"summary_large_image","twitter_misc":{"Tempo di lettura stimato":"2 minuti"},"schema":{"@context":"https:\/\/schema.org","@graph":[{"@type":"WebPage","@id":"https:\/\/chromeclair.com\/product\/base-coat-10ml-hema-free-tpo-free\/","url":"https:\/\/chromeclair.com\/product\/base-coat-10ml-hema-free-tpo-free\/","name":"Gel Base Coat 10-Free HEMA &amp; Allergy-Safe | Formula traspirante per unghie pi\u00f9 forti e sane | Primer inodore - CHROM\u00c9CLAIR","isPartOf":{"@id":"https:\/\/chromeclair.com\/#website"},"primaryImageOfPage":{"@id":"https:\/\/chromeclair.com\/product\/base-coat-10ml-hema-free-tpo-free\/#primaryimage"},"image":{"@id":"https:\/\/chromeclair.com\/product\/base-coat-10ml-hema-free-tpo-free\/#primaryimage"},"thumbnailUrl":"https:\/\/chromeclair.com\/wp-content\/uploads\/2025\/08\/BASE-COAT.jpg","datePublished":"2025-08-20T07:20:20+00:00","dateModified":"2026-04-13T06:07:43+00:00","description":"Base gel e primer per unghie senza HEMA per unghie sensibili - Gel costruttore professionale ipoallergenico, privo di acidi e a lunga durata per kit di smalti gel, forniture per manicure","breadcrumb":{"@id":"https:\/\/chromeclair.com\/product\/base-coat-10ml-hema-free-tpo-free\/#breadcrumb"},"inLanguage":"it-IT","potentialAction":[{"@type":"ReadAction","target":["https:\/\/chromeclair.com\/product\/base-coat-10ml-hema-free-tpo-free\/"]}]},{"@type":"ImageObject","inLanguage":"it-IT","@id":"https:\/\/chromeclair.com\/product\/base-coat-10ml-hema-free-tpo-free\/#primaryimage","url":"https:\/\/chromeclair.com\/wp-content\/uploads\/2025\/08\/BASE-COAT.jpg","contentUrl":"https:\/\/chromeclair.com\/wp-content\/uploads\/2025\/08\/BASE-COAT.jpg","width":800,"height":800,"caption":"BASE COAT"},{"@type":"BreadcrumbList","@id":"https:\/\/chromeclair.com\/product\/base-coat-10ml-hema-free-tpo-free\/#breadcrumb","itemListElement":[{"@type":"ListItem","position":1,"name":"Home","item":"https:\/\/chromeclair.com\/"},{"@type":"ListItem","position":2,"name":"Shop","item":"https:\/\/chromeclair.com\/shop\/"},{"@type":"ListItem","position":3,"name":"Base Coat 10ML HEMA Free TPO Free"}]},{"@type":"WebSite","@id":"https:\/\/chromeclair.com\/#website","url":"https:\/\/chromeclair.com\/","name":"Smalto gel Cat Eye \u2013 Senza HEMA e senza TPO","description":"Mentre altri puntano su una maggiore variet\u00e0 di colori, noi puntiamo su ingredienti pi\u00f9 sicuri.","publisher":{"@id":"https:\/\/chromeclair.com\/#organization"},"potentialAction":[{"@type":"SearchAction","target":{"@type":"EntryPoint","urlTemplate":"https:\/\/chromeclair.com\/?s={search_term_string}"},"query-input":{"@type":"PropertyValueSpecification","valueRequired":true,"valueName":"search_term_string"}}],"inLanguage":"it-IT"},{"@type":"Organization","@id":"https:\/\/chromeclair.com\/#organization","name":"Smalto gel Cat Eye \u2013 Senza HEMA e senza TPO","url":"https:\/\/chromeclair.com\/","logo":{"@type":"ImageObject","inLanguage":"it-IT","@id":"https:\/\/chromeclair.com\/#\/schema\/logo\/image\/","url":"https:\/\/chromeclair.com\/wp-content\/uploads\/2025\/06\/cropped-CHROMECLAIR-Logo-scaled-1.png","contentUrl":"https:\/\/chromeclair.com\/wp-content\/uploads\/2025\/06\/cropped-CHROMECLAIR-Logo-scaled-1.png","width":2151,"height":429,"caption":"Cat Eye Gel Polish \u2013 HEMA-Free \uff06 TPO-Free"},"image":{"@id":"https:\/\/chromeclair.com\/#\/schema\/logo\/image\/"}}]}},"_links":{"self":[{"href":"https:\/\/chromeclair.com\/it\/wp-json\/wp\/v2\/product\/8439","targetHints":{"allow":["GET"]}}],"collection":[{"href":"https:\/\/chromeclair.com\/it\/wp-json\/wp\/v2\/product"}],"about":[{"href":"https:\/\/chromeclair.com\/it\/wp-json\/wp\/v2\/types\/product"}],"replies":[{"embeddable":true,"href":"https:\/\/chromeclair.com\/it\/wp-json\/wp\/v2\/comments?post=8439"}],"wp:featuredmedia":[{"embeddable":true,"href":"https:\/\/chromeclair.com\/it\/wp-json\/wp\/v2\/media\/8440"}],"wp:attachment":[{"href":"https:\/\/chromeclair.com\/it\/wp-json\/wp\/v2\/media?parent=8439"}],"wp:term":[{"taxonomy":"product_brand","embeddable":true,"href":"https:\/\/chromeclair.com\/it\/wp-json\/wp\/v2\/product_brand?post=8439"},{"taxonomy":"product_cat","embeddable":true,"href":"https:\/\/chromeclair.com\/it\/wp-json\/wp\/v2\/product_cat?post=8439"},{"taxonomy":"product_tag","embeddable":true,"href":"https:\/\/chromeclair.com\/it\/wp-json\/wp\/v2\/product_tag?post=8439"}],"curies":[{"name":"wp","href":"https:\/\/api.w.org\/{rel}","templated":true}]}}