{"id":9245,"date":"2025-09-17T04:10:17","date_gmt":"2025-09-17T04:10:17","guid":{"rendered":"https:\/\/chromeclair.com\/?post_type=product&#038;p=9245"},"modified":"2026-04-13T06:00:22","modified_gmt":"2026-04-13T06:00:22","slug":"10ml-cat-eye-gel-polish-ce08","status":"publish","type":"product","link":"https:\/\/chromeclair.com\/it\/product\/10ml-cat-eye-gel-polish-ce08\/","title":{"rendered":"10ML Smalto gel occhi di gatto senza HEMA e senza TPO CE08"},"content":{"rendered":"<p><strong>\u2764\ufe0f In CHROMECLAIR crediamo che la bellezza non debba mai avere un costo.<\/strong><br>Ecco perch\u00e9 abbiamo creato lo smalto per occhi di gatto senza HEMA e TPO, leader del settore. Questo flacone da 10 ml rappresenta la nostra costante dedizione a prodotti per unghie etici, sicuri e ad alte prestazioni. Quando scegliete noi, scegliete una comunit\u00e0 che d\u00e0 valore alla salute, alla creativit\u00e0 e al pianeta. Grazie per sostenere uno standard di bellezza migliore.<\/p>","protected":false},"excerpt":{"rendered":"<p>Richiede l'uso di una lampada UV o di una lampada LED<\/p>","protected":false},"featured_media":10428,"comment_status":"open","ping_status":"closed","template":"","meta":[],"product_brand":[162],"product_cat":[209],"product_tag":[],"class_list":{"0":"post-9245","1":"product","2":"type-product","3":"status-publish","4":"has-post-thumbnail","6":"product_brand-chromeclair","7":"product_cat-cat-eye-gel-polish-10ml","9":"first","10":"instock","11":"shipping-taxable","12":"purchasable","13":"product-type-simple"},"yoast_head":"<!-- This site is optimized with the Yoast SEO plugin v27.4 - https:\/\/yoast.com\/product\/yoast-seo-wordpress\/ -->\n<title>10ml HEMA &amp; TPO Free Cat Eye Gel | Strong Magnet, Hypoallergenic, Vegan Nail Polish - CHROM\u00c9CLAIR<\/title>\n<meta name=\"description\" content=\"Safe, stunning, and simple. Our 10ml cat eye gel is HEMA\/TPO Free for sensitive nails. Features a strong magnet for an easy 3D effect. Vegan. Cruelty-free. Shop the safe magnetic polish.\" \/>\n<meta name=\"robots\" content=\"index, follow, max-snippet:-1, max-image-preview:large, max-video-preview:-1\" \/>\n<link rel=\"canonical\" href=\"https:\/\/chromeclair.com\/it\/prodotto\/10ml-cat-eye-gel-polish-ce08\/\" \/>\n<meta property=\"og:locale\" content=\"it_IT\" \/>\n<meta property=\"og:type\" content=\"article\" \/>\n<meta property=\"og:title\" content=\"10ml HEMA &amp; TPO Free Cat Eye Gel | Strong Magnet, Hypoallergenic, Vegan Nail Polish - CHROM\u00c9CLAIR\" \/>\n<meta property=\"og:description\" content=\"Safe, stunning, and simple. Our 10ml cat eye gel is HEMA\/TPO Free for sensitive nails. Features a strong magnet for an easy 3D effect. Vegan. Cruelty-free. Shop the safe magnetic polish.\" \/>\n<meta property=\"og:url\" content=\"https:\/\/chromeclair.com\/it\/prodotto\/10ml-cat-eye-gel-polish-ce08\/\" \/>\n<meta property=\"og:site_name\" content=\"Cat Eye Gel Polish \u2013 HEMA-Free \uff06 TPO-Free\" \/>\n<meta property=\"article:modified_time\" content=\"2026-04-13T06:00:22+00:00\" \/>\n<meta property=\"og:image\" content=\"https:\/\/chromeclair.com\/wp-content\/uploads\/2025\/09\/CE-8.webp\" \/>\n\t<meta property=\"og:image:width\" content=\"1000\" \/>\n\t<meta property=\"og:image:height\" content=\"1000\" \/>\n\t<meta property=\"og:image:type\" content=\"image\/webp\" \/>\n<meta name=\"twitter:card\" content=\"summary_large_image\" \/>\n<meta name=\"twitter:label1\" content=\"Tempo di lettura stimato\" \/>\n\t<meta name=\"twitter:data1\" content=\"1 minuto\" \/>\n<script type=\"application\/ld+json\" class=\"yoast-schema-graph\">{\"@context\":\"https:\\\/\\\/schema.org\",\"@graph\":[{\"@type\":\"WebPage\",\"@id\":\"https:\\\/\\\/chromeclair.com\\\/product\\\/10ml-cat-eye-gel-polish-ce08\\\/\",\"url\":\"https:\\\/\\\/chromeclair.com\\\/product\\\/10ml-cat-eye-gel-polish-ce08\\\/\",\"name\":\"10ml HEMA & TPO Free Cat Eye Gel | Strong Magnet, Hypoallergenic, Vegan Nail Polish - CHROM\u00c9CLAIR\",\"isPartOf\":{\"@id\":\"https:\\\/\\\/chromeclair.com\\\/#website\"},\"primaryImageOfPage\":{\"@id\":\"https:\\\/\\\/chromeclair.com\\\/product\\\/10ml-cat-eye-gel-polish-ce08\\\/#primaryimage\"},\"image\":{\"@id\":\"https:\\\/\\\/chromeclair.com\\\/product\\\/10ml-cat-eye-gel-polish-ce08\\\/#primaryimage\"},\"thumbnailUrl\":\"https:\\\/\\\/chromeclair.com\\\/wp-content\\\/uploads\\\/2025\\\/09\\\/CE-8.webp\",\"datePublished\":\"2025-09-17T04:10:17+00:00\",\"dateModified\":\"2026-04-13T06:00:22+00:00\",\"description\":\"Safe, stunning, and simple. Our 10ml cat eye gel is HEMA\\\/TPO Free for sensitive nails. Features a strong magnet for an easy 3D effect. Vegan. Cruelty-free. Shop the safe magnetic polish.\",\"breadcrumb\":{\"@id\":\"https:\\\/\\\/chromeclair.com\\\/product\\\/10ml-cat-eye-gel-polish-ce08\\\/#breadcrumb\"},\"inLanguage\":\"it-IT\",\"potentialAction\":[{\"@type\":\"ReadAction\",\"target\":[\"https:\\\/\\\/chromeclair.com\\\/product\\\/10ml-cat-eye-gel-polish-ce08\\\/\"]}]},{\"@type\":\"ImageObject\",\"inLanguage\":\"it-IT\",\"@id\":\"https:\\\/\\\/chromeclair.com\\\/product\\\/10ml-cat-eye-gel-polish-ce08\\\/#primaryimage\",\"url\":\"https:\\\/\\\/chromeclair.com\\\/wp-content\\\/uploads\\\/2025\\\/09\\\/CE-8.webp\",\"contentUrl\":\"https:\\\/\\\/chromeclair.com\\\/wp-content\\\/uploads\\\/2025\\\/09\\\/CE-8.webp\",\"width\":1000,\"height\":1000,\"caption\":\"Hema-Free Tpo-Free Cat Eye Gel Polish CE08 10ml CHROM\u00c9CLAIR\"},{\"@type\":\"BreadcrumbList\",\"@id\":\"https:\\\/\\\/chromeclair.com\\\/product\\\/10ml-cat-eye-gel-polish-ce08\\\/#breadcrumb\",\"itemListElement\":[{\"@type\":\"ListItem\",\"position\":1,\"name\":\"Home\",\"item\":\"https:\\\/\\\/chromeclair.com\\\/\"},{\"@type\":\"ListItem\",\"position\":2,\"name\":\"Shop\",\"item\":\"https:\\\/\\\/chromeclair.com\\\/shop\\\/\"},{\"@type\":\"ListItem\",\"position\":3,\"name\":\"10ML Cat Eye Gel Polish HEMA-Free and TPO-Free CE08\"}]},{\"@type\":\"WebSite\",\"@id\":\"https:\\\/\\\/chromeclair.com\\\/#website\",\"url\":\"https:\\\/\\\/chromeclair.com\\\/\",\"name\":\"Cat Eye Gel Polish \u2013 HEMA-Free \uff06 TPO-Free\",\"description\":\"While others focus on having more colors, we focus on having safer ingredients.\",\"publisher\":{\"@id\":\"https:\\\/\\\/chromeclair.com\\\/#organization\"},\"potentialAction\":[{\"@type\":\"SearchAction\",\"target\":{\"@type\":\"EntryPoint\",\"urlTemplate\":\"https:\\\/\\\/chromeclair.com\\\/?s={search_term_string}\"},\"query-input\":{\"@type\":\"PropertyValueSpecification\",\"valueRequired\":true,\"valueName\":\"search_term_string\"}}],\"inLanguage\":\"it-IT\"},{\"@type\":\"Organization\",\"@id\":\"https:\\\/\\\/chromeclair.com\\\/#organization\",\"name\":\"Cat Eye Gel Polish \u2013 HEMA-Free \uff06 TPO-Free\",\"url\":\"https:\\\/\\\/chromeclair.com\\\/\",\"logo\":{\"@type\":\"ImageObject\",\"inLanguage\":\"it-IT\",\"@id\":\"https:\\\/\\\/chromeclair.com\\\/#\\\/schema\\\/logo\\\/image\\\/\",\"url\":\"https:\\\/\\\/chromeclair.com\\\/wp-content\\\/uploads\\\/2025\\\/06\\\/cropped-CHROMECLAIR-Logo-scaled-1.png\",\"contentUrl\":\"https:\\\/\\\/chromeclair.com\\\/wp-content\\\/uploads\\\/2025\\\/06\\\/cropped-CHROMECLAIR-Logo-scaled-1.png\",\"width\":2151,\"height\":429,\"caption\":\"Cat Eye Gel Polish \u2013 HEMA-Free \uff06 TPO-Free\"},\"image\":{\"@id\":\"https:\\\/\\\/chromeclair.com\\\/#\\\/schema\\\/logo\\\/image\\\/\"}}]}<\/script>\n<!-- \/ Yoast SEO plugin. -->","yoast_head_json":{"title":"10ml Gel per occhi di gatto senza HEMA e TPO, con forte magnete, ipoallergenico, smalto vegano - CHROM\u00c9CLAIR","description":"Sicuro, sorprendente e semplice. Il nostro gel per occhi di gatto da 10 ml \u00e8 privo di HEMA\/TPO per unghie sensibili. Presenta un forte magnete per un facile effetto 3D. Vegano. Senza crudelt\u00e0. Acquista lo smalto magnetico sicuro.","robots":{"index":"index","follow":"follow","max-snippet":"max-snippet:-1","max-image-preview":"max-image-preview:large","max-video-preview":"max-video-preview:-1"},"canonical":"https:\/\/chromeclair.com\/it\/prodotto\/10ml-cat-eye-gel-polish-ce08\/","og_locale":"it_IT","og_type":"article","og_title":"10ml HEMA & TPO Free Cat Eye Gel | Strong Magnet, Hypoallergenic, Vegan Nail Polish - CHROM\u00c9CLAIR","og_description":"Safe, stunning, and simple. Our 10ml cat eye gel is HEMA\/TPO Free for sensitive nails. Features a strong magnet for an easy 3D effect. Vegan. Cruelty-free. Shop the safe magnetic polish.","og_url":"https:\/\/chromeclair.com\/it\/prodotto\/10ml-cat-eye-gel-polish-ce08\/","og_site_name":"Cat Eye Gel Polish \u2013 HEMA-Free \uff06 TPO-Free","article_modified_time":"2026-04-13T06:00:22+00:00","og_image":[{"width":1000,"height":1000,"url":"https:\/\/chromeclair.com\/wp-content\/uploads\/2025\/09\/CE-8.webp","type":"image\/webp"}],"twitter_card":"summary_large_image","twitter_misc":{"Tempo di lettura stimato":"1 minuto"},"schema":{"@context":"https:\/\/schema.org","@graph":[{"@type":"WebPage","@id":"https:\/\/chromeclair.com\/product\/10ml-cat-eye-gel-polish-ce08\/","url":"https:\/\/chromeclair.com\/product\/10ml-cat-eye-gel-polish-ce08\/","name":"10ml Gel per occhi di gatto senza HEMA e TPO, con forte magnete, ipoallergenico, smalto vegano - CHROM\u00c9CLAIR","isPartOf":{"@id":"https:\/\/chromeclair.com\/#website"},"primaryImageOfPage":{"@id":"https:\/\/chromeclair.com\/product\/10ml-cat-eye-gel-polish-ce08\/#primaryimage"},"image":{"@id":"https:\/\/chromeclair.com\/product\/10ml-cat-eye-gel-polish-ce08\/#primaryimage"},"thumbnailUrl":"https:\/\/chromeclair.com\/wp-content\/uploads\/2025\/09\/CE-8.webp","datePublished":"2025-09-17T04:10:17+00:00","dateModified":"2026-04-13T06:00:22+00:00","description":"Sicuro, sorprendente e semplice. Il nostro gel per occhi di gatto da 10 ml \u00e8 privo di HEMA\/TPO per unghie sensibili. Presenta un forte magnete per un facile effetto 3D. Vegano. Senza crudelt\u00e0. Acquista lo smalto magnetico sicuro.","breadcrumb":{"@id":"https:\/\/chromeclair.com\/product\/10ml-cat-eye-gel-polish-ce08\/#breadcrumb"},"inLanguage":"it-IT","potentialAction":[{"@type":"ReadAction","target":["https:\/\/chromeclair.com\/product\/10ml-cat-eye-gel-polish-ce08\/"]}]},{"@type":"ImageObject","inLanguage":"it-IT","@id":"https:\/\/chromeclair.com\/product\/10ml-cat-eye-gel-polish-ce08\/#primaryimage","url":"https:\/\/chromeclair.com\/wp-content\/uploads\/2025\/09\/CE-8.webp","contentUrl":"https:\/\/chromeclair.com\/wp-content\/uploads\/2025\/09\/CE-8.webp","width":1000,"height":1000,"caption":"Hema-Free Tpo-Free Cat Eye Gel Polish CE08 10ml CHROM\u00c9CLAIR"},{"@type":"BreadcrumbList","@id":"https:\/\/chromeclair.com\/product\/10ml-cat-eye-gel-polish-ce08\/#breadcrumb","itemListElement":[{"@type":"ListItem","position":1,"name":"Home","item":"https:\/\/chromeclair.com\/"},{"@type":"ListItem","position":2,"name":"Shop","item":"https:\/\/chromeclair.com\/shop\/"},{"@type":"ListItem","position":3,"name":"10ML Cat Eye Gel Polish HEMA-Free and TPO-Free CE08"}]},{"@type":"WebSite","@id":"https:\/\/chromeclair.com\/#website","url":"https:\/\/chromeclair.com\/","name":"Smalto gel Cat Eye \u2013 Senza HEMA e senza TPO","description":"Mentre altri puntano su una maggiore variet\u00e0 di colori, noi puntiamo su ingredienti pi\u00f9 sicuri.","publisher":{"@id":"https:\/\/chromeclair.com\/#organization"},"potentialAction":[{"@type":"SearchAction","target":{"@type":"EntryPoint","urlTemplate":"https:\/\/chromeclair.com\/?s={search_term_string}"},"query-input":{"@type":"PropertyValueSpecification","valueRequired":true,"valueName":"search_term_string"}}],"inLanguage":"it-IT"},{"@type":"Organization","@id":"https:\/\/chromeclair.com\/#organization","name":"Smalto gel Cat Eye \u2013 Senza HEMA e senza TPO","url":"https:\/\/chromeclair.com\/","logo":{"@type":"ImageObject","inLanguage":"it-IT","@id":"https:\/\/chromeclair.com\/#\/schema\/logo\/image\/","url":"https:\/\/chromeclair.com\/wp-content\/uploads\/2025\/06\/cropped-CHROMECLAIR-Logo-scaled-1.png","contentUrl":"https:\/\/chromeclair.com\/wp-content\/uploads\/2025\/06\/cropped-CHROMECLAIR-Logo-scaled-1.png","width":2151,"height":429,"caption":"Cat Eye Gel Polish \u2013 HEMA-Free \uff06 TPO-Free"},"image":{"@id":"https:\/\/chromeclair.com\/#\/schema\/logo\/image\/"}}]}},"_links":{"self":[{"href":"https:\/\/chromeclair.com\/it\/wp-json\/wp\/v2\/product\/9245","targetHints":{"allow":["GET"]}}],"collection":[{"href":"https:\/\/chromeclair.com\/it\/wp-json\/wp\/v2\/product"}],"about":[{"href":"https:\/\/chromeclair.com\/it\/wp-json\/wp\/v2\/types\/product"}],"replies":[{"embeddable":true,"href":"https:\/\/chromeclair.com\/it\/wp-json\/wp\/v2\/comments?post=9245"}],"wp:featuredmedia":[{"embeddable":true,"href":"https:\/\/chromeclair.com\/it\/wp-json\/wp\/v2\/media\/10428"}],"wp:attachment":[{"href":"https:\/\/chromeclair.com\/it\/wp-json\/wp\/v2\/media?parent=9245"}],"wp:term":[{"taxonomy":"product_brand","embeddable":true,"href":"https:\/\/chromeclair.com\/it\/wp-json\/wp\/v2\/product_brand?post=9245"},{"taxonomy":"product_cat","embeddable":true,"href":"https:\/\/chromeclair.com\/it\/wp-json\/wp\/v2\/product_cat?post=9245"},{"taxonomy":"product_tag","embeddable":true,"href":"https:\/\/chromeclair.com\/it\/wp-json\/wp\/v2\/product_tag?post=9245"}],"curies":[{"name":"wp","href":"https:\/\/api.w.org\/{rel}","templated":true}]}}