{"id":7089,"date":"2025-06-04T09:15:23","date_gmt":"2025-06-04T09:15:23","guid":{"rendered":"https:\/\/chromeclair.com\/?page_id=7089"},"modified":"2026-04-27T07:57:37","modified_gmt":"2026-04-27T07:57:37","slug":"shipping-policy","status":"publish","type":"page","link":"https:\/\/chromeclair.com\/nl\/shipping-policy\/","title":{"rendered":"Verzendbeleid"},"content":{"rendered":"<h1 class=\"wp-block-heading\"><\/h1>\n\n\n\n<p><\/p>\n\n\n\n<ol class=\"wp-block-list\">\n<li>Voor bestellingen van meer dan $40 verzenden we met Yanwen Express. De verzendtijd is ongeveer 7-15 dagen, inclusief invoerrechten en btw.<\/li>\n<\/ol>\n\n\n\n<p>(Yanwen Express beschikbaar in de volgende landen: Verenigde Staten, Canada, Mexico, Verenigd Koninkrijk, Frankrijk, Duitsland, Itali\u00eb, Spanje, Nederland, Oostenrijk, Belgi\u00eb, Bulgarije, Zwitserland, Cyprus, Tsjechi\u00eb, Denemarken, Estland, Finland, Griekenland, Kroati\u00eb, Hongarije, Ierland, Litouwen, Luxemburg, Letland, Malta, Noorwegen, Polen, Portugal, Roemeni\u00eb, Zweden, Sloveni\u00eb, Slowakije, Nieuw-Zeeland, Zuid-Korea, Singapore, Verenigde Arabische Emiraten, Isra\u00ebl, Zuid-Afrika, Australi\u00eb)<\/p>\n\n\n\n<p>Verzending en levering<\/p>\n\n\n\n<ol class=\"wp-block-list\">\n<li>Algemene informatie<\/li>\n<\/ol>\n\n\n\n<p>Alle bestellingen zijn afhankelijk van de beschikbaarheid van het product. Als een artikel niet op voorraad is op het moment dat je je bestelling plaatst, brengen we je hiervan per e-mail op de hoogte en betalen we je het totale bedrag van je bestelling terug via de oorspronkelijke betalingsmethode.<\/p>\n\n\n\n<ol start=\"2\" class=\"wp-block-list\">\n<li>Leveringslocatie<\/li>\n<\/ol>\n\n\n\n<p>Artikelen die op onze website worden aangeboden, worden verzonden vanuit ons magazijn in China. We accepteren bestellingen van internationale klanten die alleen naar de volgende landen verzenden (verzendingen buiten deze gebieden zijn op dit moment niet beschikbaar):<\/p>\n\n\n\n<p>Verenigde Staten, Verenigd Koninkrijk, Isra\u00ebl, Australi\u00eb, Oostenrijk, Belgi\u00eb, Bulgarije, Canada, Tsjechi\u00eb, Denemarken, Finland, Frankrijk, Duitsland, Griekenland, Hongarije, Indonesi\u00eb, Ierland, Itali\u00eb, Japan, Letland, Litouwen, Luxemburg, Maleisi\u00eb, Nederland, Noorwegen, Polen, Portugal, Roemeni\u00eb, Singapore, Slowakije, Sloveni\u00eb, Zuid-Korea, Spanje, Zwitserland, Vietnam, Thailand, Verenigd Koninkrijk, Kroati\u00eb, Cyprus, Estland, Verenigde Arabische Emiraten, Zweden, Mauritius, Bahrein, Costa Rica, Algerije, Servi\u00eb, Qatar, Filippijnen, Seychellen, Colombia, Kenia, Zuid-Afrika, Ghana, Nigeria, Mexico, Nieuw-Zeeland.<\/p>\n\n\n\n<ol start=\"3\" class=\"wp-block-list\">\n<li>Levertijd<\/li>\n<\/ol>\n\n\n\n<p>Zodra je bestelling is geplaatst, ontvang je een geschatte levertijd. Levertijden zijn schattingen en gaan in op de verzenddatum en niet op de besteldatum. Levertijden dienen alleen als richtlijn en zijn afhankelijk van de acceptatie en goedkeuring van je bestelling.<\/p>\n\n\n\n<p>De leveringsdatum kan vari\u00ebren afhankelijk van de verzendpraktijken van de vervoerder, de leveringslocatie, de leveringsmethode en de bestelde artikelen. Producten kunnen ook in afzonderlijke zendingen worden geleverd vanwege het maximale gewicht per pakket.<\/p>\n\n\n\n<ol start=\"4\" class=\"wp-block-list\">\n<li>Leveringsinstructies<\/li>\n<\/ol>\n\n\n\n<p>Je kunt speciale bezorginstructies doorgeven op de afrekenpagina van onze website.<\/p>\n\n\n\n<ol start=\"5\" class=\"wp-block-list\">\n<li>Verzendkosten<\/li>\n<\/ol>\n\n\n\n<p>We bieden gratis verzending voor bestellingen van meer dan $40 op onze website.<\/p>\n\n\n\n<p>Voor bestellingen onder $40 bedragen de verzendkosten $5.<\/p>\n\n\n\n<p>De verzendkosten zijn gebaseerd op het gewicht van je bestelling en de verzendmethode. Om te weten te komen hoeveel je bestelling zal kosten, hoef je alleen maar de artikelen die je wilt kopen aan je winkelwagentje toe te voegen en naar de afrekenpagina te gaan. Op het afrekenscherm worden de verzendkosten weergegeven. Voor afgelegen gebieden of voor grote of zware artikelen kunnen extra verzendkosten in rekening worden gebracht. Je wordt op de afrekenpagina ge\u00efnformeerd over eventuele kosten.<\/p>\n\n\n\n<p>Importbelasting wordt in rekening gebracht volgens de douaneregels van het gebied waar het artikel wordt verzonden.<\/p>\n\n\n\n<ol start=\"6\" class=\"wp-block-list\">\n<li>Scheepvaartmaatschappij<\/li>\n<\/ol>\n\n\n\n<p>Voor de meeste bestellingen verzenden we per aangetekende post, zoals Yanwen Express. <\/p>\n\n\n\n<ol start=\"7\" class=\"wp-block-list\">\n<li>Beschadigde artikelen tijdens transport<\/li>\n<\/ol>\n\n\n\n<p>Als de verpakking bij levering beschadigd is, neem dan onmiddellijk contact met ons op via <a href=\"mailto:sales@chromeclair.com\"><strong><mark class=\"has-inline-color has-vivid-cyan-blue-color\">sales@chromeclair.com<\/mark><\/strong><\/a><\/p>\n\n\n\n<ol start=\"8\" class=\"wp-block-list\">\n<li>Vragen<\/li>\n<\/ol>\n\n\n\n<p>Als je vragen hebt over de levering en verzending of over je bestelling, kun je contact met ons opnemen via <a href=\"mailto:sales@chromeclair.com\"><strong><mark class=\"has-inline-color has-vivid-cyan-blue-color\">sales@chromeclair.com<\/mark><\/strong><\/a><\/p>","protected":false},"excerpt":{"rendered":"<p>(Yanwen Express availble countries as follows: United States, Canada, Mexico, United Kingdom, France, Germany, Italy, Spain, Netherlands, Austria, Belgium, Bulgaria, Switzerland, Cyprus, Czech Republic, Denmark, Estonia, Finland, Greece, Croatia, Hungary, Ireland, Lithuania, Luxembourg, Latvia, Malta, Norway, Poland, Portugal, Romania, Sweden, Slovenia, Slovakia, New Zealand, South Korea, Singapore, United Arab Emirates, Israel, South Africa, Australia) Shipping [&hellip;]<\/p>\n","protected":false},"author":1,"featured_media":0,"parent":0,"menu_order":0,"comment_status":"closed","ping_status":"closed","template":"","meta":{"footnotes":""},"class_list":["post-7089","page","type-page","status-publish","hentry"],"yoast_head":"<!-- This site is optimized with the Yoast SEO plugin v27.4 - https:\/\/yoast.com\/product\/yoast-seo-wordpress\/ -->\n<title>Shipping Policy - Cat Eye Gel Polish \u2013 HEMA-Free \uff06 TPO-Free<\/title>\n<meta name=\"robots\" content=\"index, follow, max-snippet:-1, max-image-preview:large, max-video-preview:-1\" \/>\n<link rel=\"canonical\" href=\"https:\/\/chromeclair.com\/nl\/scheepvaartbeleid\/\" \/>\n<meta property=\"og:locale\" content=\"nl_NL\" \/>\n<meta property=\"og:type\" content=\"article\" \/>\n<meta property=\"og:title\" content=\"Shipping Policy - Cat Eye Gel Polish \u2013 HEMA-Free \uff06 TPO-Free\" \/>\n<meta property=\"og:description\" content=\"(Yanwen Express availble countries as follows: United States, Canada, Mexico, United Kingdom, France, Germany, Italy, Spain, Netherlands, Austria, Belgium, Bulgaria, Switzerland, Cyprus, Czech Republic, Denmark, Estonia, Finland, Greece, Croatia, Hungary, Ireland, Lithuania, Luxembourg, Latvia, Malta, Norway, Poland, Portugal, Romania, Sweden, Slovenia, Slovakia, New Zealand, South Korea, Singapore, United Arab Emirates, Israel, South Africa, Australia) Shipping [&hellip;]\" \/>\n<meta property=\"og:url\" content=\"https:\/\/chromeclair.com\/nl\/scheepvaartbeleid\/\" \/>\n<meta property=\"og:site_name\" content=\"Cat Eye Gel Polish \u2013 HEMA-Free \uff06 TPO-Free\" \/>\n<meta property=\"article:modified_time\" content=\"2026-04-27T07:57:37+00:00\" \/>\n<meta name=\"twitter:card\" content=\"summary_large_image\" \/>\n<meta name=\"twitter:label1\" content=\"Geschatte leestijd\" \/>\n\t<meta name=\"twitter:data1\" content=\"3 minuten\" \/>\n<script type=\"application\/ld+json\" class=\"yoast-schema-graph\">{\"@context\":\"https:\\\/\\\/schema.org\",\"@graph\":[{\"@type\":\"WebPage\",\"@id\":\"https:\\\/\\\/chromeclair.com\\\/shipping-policy\\\/\",\"url\":\"https:\\\/\\\/chromeclair.com\\\/shipping-policy\\\/\",\"name\":\"Shipping Policy - Cat Eye Gel Polish \u2013 HEMA-Free \uff06 TPO-Free\",\"isPartOf\":{\"@id\":\"https:\\\/\\\/chromeclair.com\\\/#website\"},\"datePublished\":\"2025-06-04T09:15:23+00:00\",\"dateModified\":\"2026-04-27T07:57:37+00:00\",\"inLanguage\":\"nl-NL\",\"potentialAction\":[{\"@type\":\"ReadAction\",\"target\":[\"https:\\\/\\\/chromeclair.com\\\/shipping-policy\\\/\"]}]},{\"@type\":\"WebSite\",\"@id\":\"https:\\\/\\\/chromeclair.com\\\/#website\",\"url\":\"https:\\\/\\\/chromeclair.com\\\/\",\"name\":\"Cat Eye Gel Polish \u2013 HEMA-Free \uff06 TPO-Free\",\"description\":\"While others focus on having more colors, we focus on having safer ingredients.\",\"publisher\":{\"@id\":\"https:\\\/\\\/chromeclair.com\\\/#organization\"},\"potentialAction\":[{\"@type\":\"SearchAction\",\"target\":{\"@type\":\"EntryPoint\",\"urlTemplate\":\"https:\\\/\\\/chromeclair.com\\\/?s={search_term_string}\"},\"query-input\":{\"@type\":\"PropertyValueSpecification\",\"valueRequired\":true,\"valueName\":\"search_term_string\"}}],\"inLanguage\":\"nl-NL\"},{\"@type\":\"Organization\",\"@id\":\"https:\\\/\\\/chromeclair.com\\\/#organization\",\"name\":\"Cat Eye Gel Polish \u2013 HEMA-Free \uff06 TPO-Free\",\"url\":\"https:\\\/\\\/chromeclair.com\\\/\",\"logo\":{\"@type\":\"ImageObject\",\"inLanguage\":\"nl-NL\",\"@id\":\"https:\\\/\\\/chromeclair.com\\\/#\\\/schema\\\/logo\\\/image\\\/\",\"url\":\"https:\\\/\\\/chromeclair.com\\\/wp-content\\\/uploads\\\/2025\\\/06\\\/cropped-CHROMECLAIR-Logo-scaled-1.png\",\"contentUrl\":\"https:\\\/\\\/chromeclair.com\\\/wp-content\\\/uploads\\\/2025\\\/06\\\/cropped-CHROMECLAIR-Logo-scaled-1.png\",\"width\":2151,\"height\":429,\"caption\":\"Cat Eye Gel Polish \u2013 HEMA-Free \uff06 TPO-Free\"},\"image\":{\"@id\":\"https:\\\/\\\/chromeclair.com\\\/#\\\/schema\\\/logo\\\/image\\\/\"}}]}<\/script>\n<!-- \/ Yoast SEO plugin. -->","yoast_head_json":{"title":"Verzendingsvoorwaarden - Cat Eye Gel Polish - HEMA-vrij \uff06 TPO-vrij","robots":{"index":"index","follow":"follow","max-snippet":"max-snippet:-1","max-image-preview":"max-image-preview:large","max-video-preview":"max-video-preview:-1"},"canonical":"https:\/\/chromeclair.com\/nl\/scheepvaartbeleid\/","og_locale":"nl_NL","og_type":"article","og_title":"Shipping Policy - Cat Eye Gel Polish \u2013 HEMA-Free \uff06 TPO-Free","og_description":"(Yanwen Express availble countries as follows: United States, Canada, Mexico, United Kingdom, France, Germany, Italy, Spain, Netherlands, Austria, Belgium, Bulgaria, Switzerland, Cyprus, Czech Republic, Denmark, Estonia, Finland, Greece, Croatia, Hungary, Ireland, Lithuania, Luxembourg, Latvia, Malta, Norway, Poland, Portugal, Romania, Sweden, Slovenia, Slovakia, New Zealand, South Korea, Singapore, United Arab Emirates, Israel, South Africa, Australia) Shipping [&hellip;]","og_url":"https:\/\/chromeclair.com\/nl\/scheepvaartbeleid\/","og_site_name":"Cat Eye Gel Polish \u2013 HEMA-Free \uff06 TPO-Free","article_modified_time":"2026-04-27T07:57:37+00:00","twitter_card":"summary_large_image","twitter_misc":{"Geschatte leestijd":"3 minuten"},"schema":{"@context":"https:\/\/schema.org","@graph":[{"@type":"WebPage","@id":"https:\/\/chromeclair.com\/shipping-policy\/","url":"https:\/\/chromeclair.com\/shipping-policy\/","name":"Verzendingsvoorwaarden - Cat Eye Gel Polish - HEMA-vrij \uff06 TPO-vrij","isPartOf":{"@id":"https:\/\/chromeclair.com\/#website"},"datePublished":"2025-06-04T09:15:23+00:00","dateModified":"2026-04-27T07:57:37+00:00","inLanguage":"nl-NL","potentialAction":[{"@type":"ReadAction","target":["https:\/\/chromeclair.com\/shipping-policy\/"]}]},{"@type":"WebSite","@id":"https:\/\/chromeclair.com\/#website","url":"https:\/\/chromeclair.com\/","name":"Cat Eye Gel Polish \u2013 HEMA-vrij en TPO-vrij","description":"Terwijl anderen zich richten op meer kleuren, richten wij ons op veiligere ingredi\u00ebnten.","publisher":{"@id":"https:\/\/chromeclair.com\/#organization"},"potentialAction":[{"@type":"SearchAction","target":{"@type":"EntryPoint","urlTemplate":"https:\/\/chromeclair.com\/?s={search_term_string}"},"query-input":{"@type":"PropertyValueSpecification","valueRequired":true,"valueName":"search_term_string"}}],"inLanguage":"nl-NL"},{"@type":"Organization","@id":"https:\/\/chromeclair.com\/#organization","name":"Cat Eye Gel Polish \u2013 HEMA-vrij en TPO-vrij","url":"https:\/\/chromeclair.com\/","logo":{"@type":"ImageObject","inLanguage":"nl-NL","@id":"https:\/\/chromeclair.com\/#\/schema\/logo\/image\/","url":"https:\/\/chromeclair.com\/wp-content\/uploads\/2025\/06\/cropped-CHROMECLAIR-Logo-scaled-1.png","contentUrl":"https:\/\/chromeclair.com\/wp-content\/uploads\/2025\/06\/cropped-CHROMECLAIR-Logo-scaled-1.png","width":2151,"height":429,"caption":"Cat Eye Gel Polish \u2013 HEMA-Free \uff06 TPO-Free"},"image":{"@id":"https:\/\/chromeclair.com\/#\/schema\/logo\/image\/"}}]}},"_links":{"self":[{"href":"https:\/\/chromeclair.com\/nl\/wp-json\/wp\/v2\/pages\/7089","targetHints":{"allow":["GET"]}}],"collection":[{"href":"https:\/\/chromeclair.com\/nl\/wp-json\/wp\/v2\/pages"}],"about":[{"href":"https:\/\/chromeclair.com\/nl\/wp-json\/wp\/v2\/types\/page"}],"author":[{"embeddable":true,"href":"https:\/\/chromeclair.com\/nl\/wp-json\/wp\/v2\/users\/1"}],"replies":[{"embeddable":true,"href":"https:\/\/chromeclair.com\/nl\/wp-json\/wp\/v2\/comments?post=7089"}],"version-history":[{"count":5,"href":"https:\/\/chromeclair.com\/nl\/wp-json\/wp\/v2\/pages\/7089\/revisions"}],"predecessor-version":[{"id":11534,"href":"https:\/\/chromeclair.com\/nl\/wp-json\/wp\/v2\/pages\/7089\/revisions\/11534"}],"wp:attachment":[{"href":"https:\/\/chromeclair.com\/nl\/wp-json\/wp\/v2\/media?parent=7089"}],"curies":[{"name":"wp","href":"https:\/\/api.w.org\/{rel}","templated":true}]}}