{"id":10049,"date":"2025-11-06T09:29:18","date_gmt":"2025-11-06T09:29:18","guid":{"rendered":"https:\/\/chromeclair.com\/?post_type=product&#038;p=10049"},"modified":"2026-04-13T05:56:28","modified_gmt":"2026-04-13T05:56:28","slug":"triple-effect-nail-art-magnet","status":"publish","type":"product","link":"https:\/\/chromeclair.com\/nl\/product\/triple-effect-nail-art-magnet\/","title":{"rendered":"Nagelkunstmagneet met drievoudig effect"},"content":{"rendered":"<p>Onze nagelmagneten met drievoudig effect zijn makkelijk te gebruiken en je leert het in een mum van tijd. <\/p>\n\n\n\n<p>Met slechts \u00e9\u00e9n magneet kun je drie of meer prachtige ontwerpen maken om je vingertoppen sprankelend te houden.<\/p>\n\n\n\n<p>In combinatie met CHROM\u00c9CLAIR Cat Eye Gel Polish is het een onmisbaar hulpmiddel voor nagelstylisten en liefhebbers van nail art.<\/p>","protected":false},"excerpt":{"rendered":"<p>Onze nagelmagneten met drievoudig effect zijn makkelijk te gebruiken en je leert het in een mum van tijd. Met slechts \u00e9\u00e9n magneet kun je drie of meer prachtige designs maken om je vingertoppen te laten schitteren. In combinatie met CHROM\u00c9CLAIR Cat Eye Gel Polish is het een onmisbaar hulpmiddel voor nagelstylisten en liefhebbers van nail art.<\/p>","protected":false},"featured_media":10050,"comment_status":"open","ping_status":"closed","template":"","meta":[],"product_brand":[],"product_cat":[182],"product_tag":[],"class_list":{"0":"post-10049","1":"product","2":"type-product","3":"status-publish","4":"has-post-thumbnail","6":"product_cat-tools-accessories","8":"first","9":"instock","10":"shipping-taxable","11":"purchasable","12":"product-type-simple"},"yoast_head":"<!-- This site is optimized with the Yoast SEO plugin v27.4 - https:\/\/yoast.com\/product\/yoast-seo-wordpress\/ -->\n<title>Nail Art Magnet Triple Effect Nail Magnet Magnetic Nail Polish Magnet -CHROM\u00c9CLAIR<\/title>\n<meta name=\"description\" content=\"One magnet, three effects! Our professional nail magnets easily create classic cat-eye, dynamic waves, and dazzling ray effects. Used with magnetic nail polish, it&#039;s an essential tool for nail technicians and nail art enthusiasts. -CHROM\u00c9CLAIR\" \/>\n<meta name=\"robots\" content=\"index, follow, max-snippet:-1, max-image-preview:large, max-video-preview:-1\" \/>\n<link rel=\"canonical\" href=\"https:\/\/chromeclair.com\/nl\/product\/triple-effect-nail-art-magnet\/\" \/>\n<meta property=\"og:locale\" content=\"nl_NL\" \/>\n<meta property=\"og:type\" content=\"article\" \/>\n<meta property=\"og:title\" content=\"Nail Art Magnet Triple Effect Nail Magnet Magnetic Nail Polish Magnet -CHROM\u00c9CLAIR\" \/>\n<meta property=\"og:description\" content=\"One magnet, three effects! Our professional nail magnets easily create classic cat-eye, dynamic waves, and dazzling ray effects. Used with magnetic nail polish, it&#039;s an essential tool for nail technicians and nail art enthusiasts. -CHROM\u00c9CLAIR\" \/>\n<meta property=\"og:url\" content=\"https:\/\/chromeclair.com\/nl\/product\/triple-effect-nail-art-magnet\/\" \/>\n<meta property=\"og:site_name\" content=\"Cat Eye Gel Polish \u2013 HEMA-Free \uff06 TPO-Free\" \/>\n<meta property=\"article:modified_time\" content=\"2026-04-13T05:56:28+00:00\" \/>\n<meta property=\"og:image\" content=\"https:\/\/chromeclair.com\/wp-content\/uploads\/2025\/11\/3-IN-1-cat-eye-magnet.webp\" \/>\n\t<meta property=\"og:image:width\" content=\"800\" \/>\n\t<meta property=\"og:image:height\" content=\"800\" \/>\n\t<meta property=\"og:image:type\" content=\"image\/webp\" \/>\n<meta name=\"twitter:card\" content=\"summary_large_image\" \/>\n<meta name=\"twitter:label1\" content=\"Geschatte leestijd\" \/>\n\t<meta name=\"twitter:data1\" content=\"1 minuut\" \/>\n<script type=\"application\/ld+json\" class=\"yoast-schema-graph\">{\"@context\":\"https:\\\/\\\/schema.org\",\"@graph\":[{\"@type\":\"WebPage\",\"@id\":\"https:\\\/\\\/chromeclair.com\\\/product\\\/triple-effect-nail-art-magnet\\\/\",\"url\":\"https:\\\/\\\/chromeclair.com\\\/product\\\/triple-effect-nail-art-magnet\\\/\",\"name\":\"Nail Art Magnet Triple Effect Nail Magnet Magnetic Nail Polish Magnet -CHROM\u00c9CLAIR\",\"isPartOf\":{\"@id\":\"https:\\\/\\\/chromeclair.com\\\/#website\"},\"primaryImageOfPage\":{\"@id\":\"https:\\\/\\\/chromeclair.com\\\/product\\\/triple-effect-nail-art-magnet\\\/#primaryimage\"},\"image\":{\"@id\":\"https:\\\/\\\/chromeclair.com\\\/product\\\/triple-effect-nail-art-magnet\\\/#primaryimage\"},\"thumbnailUrl\":\"https:\\\/\\\/chromeclair.com\\\/wp-content\\\/uploads\\\/2025\\\/11\\\/3-IN-1-cat-eye-magnet.webp\",\"datePublished\":\"2025-11-06T09:29:18+00:00\",\"dateModified\":\"2026-04-13T05:56:28+00:00\",\"description\":\"One magnet, three effects! Our professional nail magnets easily create classic cat-eye, dynamic waves, and dazzling ray effects. Used with magnetic nail polish, it's an essential tool for nail technicians and nail art enthusiasts. -CHROM\u00c9CLAIR\",\"inLanguage\":\"nl-NL\",\"potentialAction\":[{\"@type\":\"ReadAction\",\"target\":[\"https:\\\/\\\/chromeclair.com\\\/product\\\/triple-effect-nail-art-magnet\\\/\"]}]},{\"@type\":\"ImageObject\",\"inLanguage\":\"nl-NL\",\"@id\":\"https:\\\/\\\/chromeclair.com\\\/product\\\/triple-effect-nail-art-magnet\\\/#primaryimage\",\"url\":\"https:\\\/\\\/chromeclair.com\\\/wp-content\\\/uploads\\\/2025\\\/11\\\/3-IN-1-cat-eye-magnet.webp\",\"contentUrl\":\"https:\\\/\\\/chromeclair.com\\\/wp-content\\\/uploads\\\/2025\\\/11\\\/3-IN-1-cat-eye-magnet.webp\",\"width\":800,\"height\":800,\"caption\":\"Triple effect nail art magnet\"},{\"@type\":\"WebSite\",\"@id\":\"https:\\\/\\\/chromeclair.com\\\/#website\",\"url\":\"https:\\\/\\\/chromeclair.com\\\/\",\"name\":\"Cat Eye Gel Polish \u2013 HEMA-Free \uff06 TPO-Free\",\"description\":\"While others focus on having more colors, we focus on having safer ingredients.\",\"publisher\":{\"@id\":\"https:\\\/\\\/chromeclair.com\\\/#organization\"},\"potentialAction\":[{\"@type\":\"SearchAction\",\"target\":{\"@type\":\"EntryPoint\",\"urlTemplate\":\"https:\\\/\\\/chromeclair.com\\\/?s={search_term_string}\"},\"query-input\":{\"@type\":\"PropertyValueSpecification\",\"valueRequired\":true,\"valueName\":\"search_term_string\"}}],\"inLanguage\":\"nl-NL\"},{\"@type\":\"Organization\",\"@id\":\"https:\\\/\\\/chromeclair.com\\\/#organization\",\"name\":\"Cat Eye Gel Polish \u2013 HEMA-Free \uff06 TPO-Free\",\"url\":\"https:\\\/\\\/chromeclair.com\\\/\",\"logo\":{\"@type\":\"ImageObject\",\"inLanguage\":\"nl-NL\",\"@id\":\"https:\\\/\\\/chromeclair.com\\\/#\\\/schema\\\/logo\\\/image\\\/\",\"url\":\"https:\\\/\\\/chromeclair.com\\\/wp-content\\\/uploads\\\/2025\\\/06\\\/cropped-CHROMECLAIR-Logo-scaled-1.png\",\"contentUrl\":\"https:\\\/\\\/chromeclair.com\\\/wp-content\\\/uploads\\\/2025\\\/06\\\/cropped-CHROMECLAIR-Logo-scaled-1.png\",\"width\":2151,\"height\":429,\"caption\":\"Cat Eye Gel Polish \u2013 HEMA-Free \uff06 TPO-Free\"},\"image\":{\"@id\":\"https:\\\/\\\/chromeclair.com\\\/#\\\/schema\\\/logo\\\/image\\\/\"}}]}<\/script>\n<!-- \/ Yoast SEO plugin. -->","yoast_head_json":{"title":"Nagelkunst Magneet Drievoudig Effect Nagellak Magneet -CHROM\u00c9CLAIR","description":"E\u00e9n magneet, drie effecten! Onze professionele nagelmagneten cre\u00ebren gemakkelijk klassieke cat-eye, dynamische golven en oogverblindende straaleffecten. In combinatie met magnetische nagellak is het een onmisbaar hulpmiddel voor nageltechnici en liefhebbers van nail art. -CHROM\u00c9CLAIR","robots":{"index":"index","follow":"follow","max-snippet":"max-snippet:-1","max-image-preview":"max-image-preview:large","max-video-preview":"max-video-preview:-1"},"canonical":"https:\/\/chromeclair.com\/nl\/product\/triple-effect-nail-art-magnet\/","og_locale":"nl_NL","og_type":"article","og_title":"Nail Art Magnet Triple Effect Nail Magnet Magnetic Nail Polish Magnet -CHROM\u00c9CLAIR","og_description":"One magnet, three effects! Our professional nail magnets easily create classic cat-eye, dynamic waves, and dazzling ray effects. Used with magnetic nail polish, it's an essential tool for nail technicians and nail art enthusiasts. -CHROM\u00c9CLAIR","og_url":"https:\/\/chromeclair.com\/nl\/product\/triple-effect-nail-art-magnet\/","og_site_name":"Cat Eye Gel Polish \u2013 HEMA-Free \uff06 TPO-Free","article_modified_time":"2026-04-13T05:56:28+00:00","og_image":[{"width":800,"height":800,"url":"https:\/\/chromeclair.com\/wp-content\/uploads\/2025\/11\/3-IN-1-cat-eye-magnet.webp","type":"image\/webp"}],"twitter_card":"summary_large_image","twitter_misc":{"Geschatte leestijd":"1 minuut"},"schema":{"@context":"https:\/\/schema.org","@graph":[{"@type":"WebPage","@id":"https:\/\/chromeclair.com\/product\/triple-effect-nail-art-magnet\/","url":"https:\/\/chromeclair.com\/product\/triple-effect-nail-art-magnet\/","name":"Nagelkunst Magneet Drievoudig Effect Nagellak Magneet -CHROM\u00c9CLAIR","isPartOf":{"@id":"https:\/\/chromeclair.com\/#website"},"primaryImageOfPage":{"@id":"https:\/\/chromeclair.com\/product\/triple-effect-nail-art-magnet\/#primaryimage"},"image":{"@id":"https:\/\/chromeclair.com\/product\/triple-effect-nail-art-magnet\/#primaryimage"},"thumbnailUrl":"https:\/\/chromeclair.com\/wp-content\/uploads\/2025\/11\/3-IN-1-cat-eye-magnet.webp","datePublished":"2025-11-06T09:29:18+00:00","dateModified":"2026-04-13T05:56:28+00:00","description":"E\u00e9n magneet, drie effecten! Onze professionele nagelmagneten cre\u00ebren gemakkelijk klassieke cat-eye, dynamische golven en oogverblindende straaleffecten. In combinatie met magnetische nagellak is het een onmisbaar hulpmiddel voor nageltechnici en liefhebbers van nail art. -CHROM\u00c9CLAIR","inLanguage":"nl-NL","potentialAction":[{"@type":"ReadAction","target":["https:\/\/chromeclair.com\/product\/triple-effect-nail-art-magnet\/"]}]},{"@type":"ImageObject","inLanguage":"nl-NL","@id":"https:\/\/chromeclair.com\/product\/triple-effect-nail-art-magnet\/#primaryimage","url":"https:\/\/chromeclair.com\/wp-content\/uploads\/2025\/11\/3-IN-1-cat-eye-magnet.webp","contentUrl":"https:\/\/chromeclair.com\/wp-content\/uploads\/2025\/11\/3-IN-1-cat-eye-magnet.webp","width":800,"height":800,"caption":"Triple effect nail art magnet"},{"@type":"WebSite","@id":"https:\/\/chromeclair.com\/#website","url":"https:\/\/chromeclair.com\/","name":"Cat Eye Gel Polish \u2013 HEMA-vrij en TPO-vrij","description":"Terwijl anderen zich richten op meer kleuren, richten wij ons op veiligere ingredi\u00ebnten.","publisher":{"@id":"https:\/\/chromeclair.com\/#organization"},"potentialAction":[{"@type":"SearchAction","target":{"@type":"EntryPoint","urlTemplate":"https:\/\/chromeclair.com\/?s={search_term_string}"},"query-input":{"@type":"PropertyValueSpecification","valueRequired":true,"valueName":"search_term_string"}}],"inLanguage":"nl-NL"},{"@type":"Organization","@id":"https:\/\/chromeclair.com\/#organization","name":"Cat Eye Gel Polish \u2013 HEMA-vrij en TPO-vrij","url":"https:\/\/chromeclair.com\/","logo":{"@type":"ImageObject","inLanguage":"nl-NL","@id":"https:\/\/chromeclair.com\/#\/schema\/logo\/image\/","url":"https:\/\/chromeclair.com\/wp-content\/uploads\/2025\/06\/cropped-CHROMECLAIR-Logo-scaled-1.png","contentUrl":"https:\/\/chromeclair.com\/wp-content\/uploads\/2025\/06\/cropped-CHROMECLAIR-Logo-scaled-1.png","width":2151,"height":429,"caption":"Cat Eye Gel Polish \u2013 HEMA-Free \uff06 TPO-Free"},"image":{"@id":"https:\/\/chromeclair.com\/#\/schema\/logo\/image\/"}}]}},"_links":{"self":[{"href":"https:\/\/chromeclair.com\/nl\/wp-json\/wp\/v2\/product\/10049","targetHints":{"allow":["GET"]}}],"collection":[{"href":"https:\/\/chromeclair.com\/nl\/wp-json\/wp\/v2\/product"}],"about":[{"href":"https:\/\/chromeclair.com\/nl\/wp-json\/wp\/v2\/types\/product"}],"replies":[{"embeddable":true,"href":"https:\/\/chromeclair.com\/nl\/wp-json\/wp\/v2\/comments?post=10049"}],"wp:featuredmedia":[{"embeddable":true,"href":"https:\/\/chromeclair.com\/nl\/wp-json\/wp\/v2\/media\/10050"}],"wp:attachment":[{"href":"https:\/\/chromeclair.com\/nl\/wp-json\/wp\/v2\/media?parent=10049"}],"wp:term":[{"taxonomy":"product_brand","embeddable":true,"href":"https:\/\/chromeclair.com\/nl\/wp-json\/wp\/v2\/product_brand?post=10049"},{"taxonomy":"product_cat","embeddable":true,"href":"https:\/\/chromeclair.com\/nl\/wp-json\/wp\/v2\/product_cat?post=10049"},{"taxonomy":"product_tag","embeddable":true,"href":"https:\/\/chromeclair.com\/nl\/wp-json\/wp\/v2\/product_tag?post=10049"}],"curies":[{"name":"wp","href":"https:\/\/api.w.org\/{rel}","templated":true}]}}